{"id":20880,"date":"2024-04-01T16:09:44","date_gmt":"2024-04-01T22:09:44","guid":{"rendered":"https:\/\/boma-usa.org\/product\/3-02-the-cervix-form-and-function\/"},"modified":"2024-05-14T14:37:45","modified_gmt":"2024-05-14T20:37:45","slug":"the-cervix-form-and-function","status":"publish","type":"product","link":"https:\/\/boma-usa.org\/es\/producto\/the-cervix-form-and-function\/","title":{"rendered":"3.02 El cuello uterino: Forma y funci\u00f3n"},"content":{"rendered":"<p>Presentado por el Dr. Craig Turczynski. Esta presentaci\u00f3n detalla la anatom\u00eda y la funci\u00f3n del cuello uterino, utilizando la asombrosa investigaci\u00f3n del Prof. Erik Odeblad y luego se sumerge en algunas de las publicaciones cient\u00edficas m\u00e1s recientes. El alumno aprende lo importante que es el epitelio cervical para prevenir enfermedades, mantener el embarazo e iniciar el parto.<\/p>","protected":false},"excerpt":{"rendered":"<p>Tiempo total 52 minutos<\/p>","protected":false},"featured_media":17384,"template":"","meta":{"_acf_changed":false},"product_brand":[],"product_cat":[197],"product_tag":[],"class_list":{"0":"post-20880","1":"product","2":"type-product","3":"status-publish","4":"has-post-thumbnail","6":"product_cat-health-professional-series","8":"first","9":"instock","10":"virtual","11":"sold-individually","12":"purchasable","13":"product-type-course"},"acf":[],"_links":{"self":[{"href":"https:\/\/boma-usa.org\/es\/wp-json\/wp\/v2\/product\/20880","targetHints":{"allow":["GET"]}}],"collection":[{"href":"https:\/\/boma-usa.org\/es\/wp-json\/wp\/v2\/product"}],"about":[{"href":"https:\/\/boma-usa.org\/es\/wp-json\/wp\/v2\/types\/product"}],"version-history":[{"count":3,"href":"https:\/\/boma-usa.org\/es\/wp-json\/wp\/v2\/product\/20880\/revisions"}],"predecessor-version":[{"id":21649,"href":"https:\/\/boma-usa.org\/es\/wp-json\/wp\/v2\/product\/20880\/revisions\/21649"}],"wp:featuredmedia":[{"embeddable":true,"href":"https:\/\/boma-usa.org\/es\/wp-json\/wp\/v2\/media\/17384"}],"wp:attachment":[{"href":"https:\/\/boma-usa.org\/es\/wp-json\/wp\/v2\/media?parent=20880"}],"wp:term":[{"taxonomy":"product_brand","embeddable":true,"href":"https:\/\/boma-usa.org\/es\/wp-json\/wp\/v2\/product_brand?post=20880"},{"taxonomy":"product_cat","embeddable":true,"href":"https:\/\/boma-usa.org\/es\/wp-json\/wp\/v2\/product_cat?post=20880"},{"taxonomy":"product_tag","embeddable":true,"href":"https:\/\/boma-usa.org\/es\/wp-json\/wp\/v2\/product_tag?post=20880"}],"curies":[{"name":"wp","href":"https:\/\/api.w.org\/{rel}","templated":true}]}}