{"id":20879,"date":"2024-04-01T16:09:44","date_gmt":"2024-04-01T22:09:44","guid":{"rendered":"https:\/\/boma-usa.org\/product\/3-01-hypothalamic-pituitary-ovarian-function\/"},"modified":"2024-05-14T14:28:39","modified_gmt":"2024-05-14T20:28:39","slug":"hypothalamic-pituitary-ovarian-function","status":"publish","type":"product","link":"https:\/\/boma-usa.org\/es\/producto\/hypothalamic-pituitary-ovarian-function\/","title":{"rendered":"3.01 Funci\u00f3n hipotal\u00e1mica-hipofisaria-ov\u00e1rica"},"content":{"rendered":"<p>Se trata de una inmersi\u00f3n profunda en el eje hipot\u00e1lamo-hipofisario-gonadal ense\u00f1\u00e1ndolo desde una mentalidad restauradora y utilizando el trabajo fundacional del Prof. James Brown. Craig Turczynski, Ph.D. toma este tema muy complicado y lo hace f\u00e1cil de entender.<\/p>","protected":false},"excerpt":{"rendered":"<p>Tiempo total de 54 minutos<\/p>","protected":false},"featured_media":18264,"template":"","meta":{"_acf_changed":false},"product_brand":[],"product_cat":[197],"product_tag":[],"class_list":{"0":"post-20879","1":"product","2":"type-product","3":"status-publish","4":"has-post-thumbnail","6":"product_cat-health-professional-series","8":"first","9":"instock","10":"virtual","11":"sold-individually","12":"purchasable","13":"product-type-course"},"acf":[],"_links":{"self":[{"href":"https:\/\/boma-usa.org\/es\/wp-json\/wp\/v2\/product\/20879","targetHints":{"allow":["GET"]}}],"collection":[{"href":"https:\/\/boma-usa.org\/es\/wp-json\/wp\/v2\/product"}],"about":[{"href":"https:\/\/boma-usa.org\/es\/wp-json\/wp\/v2\/types\/product"}],"version-history":[{"count":3,"href":"https:\/\/boma-usa.org\/es\/wp-json\/wp\/v2\/product\/20879\/revisions"}],"predecessor-version":[{"id":21647,"href":"https:\/\/boma-usa.org\/es\/wp-json\/wp\/v2\/product\/20879\/revisions\/21647"}],"wp:featuredmedia":[{"embeddable":true,"href":"https:\/\/boma-usa.org\/es\/wp-json\/wp\/v2\/media\/18264"}],"wp:attachment":[{"href":"https:\/\/boma-usa.org\/es\/wp-json\/wp\/v2\/media?parent=20879"}],"wp:term":[{"taxonomy":"product_brand","embeddable":true,"href":"https:\/\/boma-usa.org\/es\/wp-json\/wp\/v2\/product_brand?post=20879"},{"taxonomy":"product_cat","embeddable":true,"href":"https:\/\/boma-usa.org\/es\/wp-json\/wp\/v2\/product_cat?post=20879"},{"taxonomy":"product_tag","embeddable":true,"href":"https:\/\/boma-usa.org\/es\/wp-json\/wp\/v2\/product_tag?post=20879"}],"curies":[{"name":"wp","href":"https:\/\/api.w.org\/{rel}","templated":true}]}}