{"id":20877,"date":"2024-04-01T16:09:43","date_gmt":"2024-04-01T22:09:43","guid":{"rendered":"https:\/\/boma-usa.org\/product\/2-12-discussion-with-theresa-notare\/"},"modified":"2024-05-14T13:08:34","modified_gmt":"2024-05-14T19:08:34","slug":"discussion-with-theresa-notare","status":"publish","type":"product","link":"https:\/\/boma-usa.org\/es\/producto\/discussion-with-theresa-notare\/","title":{"rendered":"2.12 Debate con Theresa Notare"},"content":{"rendered":"<p>Dra. Theresa Notare<strong>, <\/strong>Director Adjunto del Programa de PFN del Secretariado de Laicos, Matrimonio, Vida Familiar y Juventud de la Conferencia Episcopal de Estados Unidos analiza el estado de implantaci\u00f3n de la PFN en las di\u00f3cesis cat\u00f3licas de todo el pa\u00eds y la mejor manera de colaborar con ellas.<\/p>","protected":false},"excerpt":{"rendered":"<p>Tiempo total 1 hora y 37 minutos.<\/p>","protected":false},"featured_media":18149,"template":"","meta":{"_acf_changed":false},"product_brand":[],"product_cat":[194],"product_tag":[],"class_list":{"0":"post-20877","1":"product","2":"type-product","3":"status-publish","4":"has-post-thumbnail","6":"product_cat-webinars-for-the-billings-ovulation-method-teacher","8":"first","9":"instock","10":"virtual","11":"sold-individually","12":"purchasable","13":"product-type-course"},"acf":[],"_links":{"self":[{"href":"https:\/\/boma-usa.org\/es\/wp-json\/wp\/v2\/product\/20877","targetHints":{"allow":["GET"]}}],"collection":[{"href":"https:\/\/boma-usa.org\/es\/wp-json\/wp\/v2\/product"}],"about":[{"href":"https:\/\/boma-usa.org\/es\/wp-json\/wp\/v2\/types\/product"}],"version-history":[{"count":3,"href":"https:\/\/boma-usa.org\/es\/wp-json\/wp\/v2\/product\/20877\/revisions"}],"predecessor-version":[{"id":21640,"href":"https:\/\/boma-usa.org\/es\/wp-json\/wp\/v2\/product\/20877\/revisions\/21640"}],"wp:featuredmedia":[{"embeddable":true,"href":"https:\/\/boma-usa.org\/es\/wp-json\/wp\/v2\/media\/18149"}],"wp:attachment":[{"href":"https:\/\/boma-usa.org\/es\/wp-json\/wp\/v2\/media?parent=20877"}],"wp:term":[{"taxonomy":"product_brand","embeddable":true,"href":"https:\/\/boma-usa.org\/es\/wp-json\/wp\/v2\/product_brand?post=20877"},{"taxonomy":"product_cat","embeddable":true,"href":"https:\/\/boma-usa.org\/es\/wp-json\/wp\/v2\/product_cat?post=20877"},{"taxonomy":"product_tag","embeddable":true,"href":"https:\/\/boma-usa.org\/es\/wp-json\/wp\/v2\/product_tag?post=20877"}],"curies":[{"name":"wp","href":"https:\/\/api.w.org\/{rel}","templated":true}]}}