{"id":20876,"date":"2024-04-01T16:09:43","date_gmt":"2024-04-01T22:09:43","guid":{"rendered":"https:\/\/boma-usa.org\/product\/2-11-aspire-to-new-heights-within-marriage\/"},"modified":"2024-05-14T12:57:37","modified_gmt":"2024-05-14T18:57:37","slug":"aspire-to-new-heights-within-marriage","status":"publish","type":"product","link":"https:\/\/boma-usa.org\/es\/producto\/aspire-to-new-heights-within-marriage\/","title":{"rendered":"2.11 ASPIRAR a nuevas alturas dentro del Matrimonio"},"content":{"rendered":"<p>Eileen Wood, profesora durante muchos a\u00f1os del M\u00e9todo de la Ovulaci\u00f3n Billings\u00ae y ex presidenta de la junta de BOMA-USA explica un enfoque para llegar a las generaciones m\u00e1s j\u00f3venes y despertar el inter\u00e9s por aprender la PFN.<\/p>","protected":false},"excerpt":{"rendered":"<p>El tiempo total es de 31 minutos<\/p>","protected":false},"featured_media":20331,"template":"","meta":{"_acf_changed":false},"product_brand":[],"product_cat":[194],"product_tag":[],"class_list":{"0":"post-20876","1":"product","2":"type-product","3":"status-publish","4":"has-post-thumbnail","6":"product_cat-webinars-for-the-billings-ovulation-method-teacher","8":"first","9":"instock","10":"virtual","11":"sold-individually","12":"purchasable","13":"product-type-course"},"acf":[],"_links":{"self":[{"href":"https:\/\/boma-usa.org\/es\/wp-json\/wp\/v2\/product\/20876","targetHints":{"allow":["GET"]}}],"collection":[{"href":"https:\/\/boma-usa.org\/es\/wp-json\/wp\/v2\/product"}],"about":[{"href":"https:\/\/boma-usa.org\/es\/wp-json\/wp\/v2\/types\/product"}],"version-history":[{"count":3,"href":"https:\/\/boma-usa.org\/es\/wp-json\/wp\/v2\/product\/20876\/revisions"}],"predecessor-version":[{"id":21637,"href":"https:\/\/boma-usa.org\/es\/wp-json\/wp\/v2\/product\/20876\/revisions\/21637"}],"wp:featuredmedia":[{"embeddable":true,"href":"https:\/\/boma-usa.org\/es\/wp-json\/wp\/v2\/media\/20331"}],"wp:attachment":[{"href":"https:\/\/boma-usa.org\/es\/wp-json\/wp\/v2\/media?parent=20876"}],"wp:term":[{"taxonomy":"product_brand","embeddable":true,"href":"https:\/\/boma-usa.org\/es\/wp-json\/wp\/v2\/product_brand?post=20876"},{"taxonomy":"product_cat","embeddable":true,"href":"https:\/\/boma-usa.org\/es\/wp-json\/wp\/v2\/product_cat?post=20876"},{"taxonomy":"product_tag","embeddable":true,"href":"https:\/\/boma-usa.org\/es\/wp-json\/wp\/v2\/product_tag?post=20876"}],"curies":[{"name":"wp","href":"https:\/\/api.w.org\/{rel}","templated":true}]}}