{"id":20873,"date":"2024-04-01T16:09:42","date_gmt":"2024-04-01T22:09:42","guid":{"rendered":"https:\/\/boma-usa.org\/product\/2-08-welcome-and-introductions-by-woomb-international\/"},"modified":"2024-05-14T12:42:06","modified_gmt":"2024-05-14T18:42:06","slug":"welcome-and-introductions-by-woomb-international","status":"publish","type":"product","link":"https:\/\/boma-usa.org\/es\/producto\/welcome-and-introductions-by-woomb-international\/","title":{"rendered":"2.08 Bienvenida y presentaciones a cargo de WOOMB Internacional"},"content":{"rendered":"<p>\u00bfQui\u00e9nes son las directoras internacionales de WOOMB? Conoce a las mujeres que gu\u00edan la estrategia general de ense\u00f1anza y supervisan las filiales del M\u00e9todo de la Ovulaci\u00f3n Billings\u00ae en todo el mundo.<\/p>","protected":false},"excerpt":{"rendered":"<p>Tiempo total 15 minutos.<\/p>","protected":false},"featured_media":20238,"template":"","meta":{"_acf_changed":false},"product_brand":[],"product_cat":[194],"product_tag":[],"class_list":{"0":"post-20873","1":"product","2":"type-product","3":"status-publish","4":"has-post-thumbnail","6":"product_cat-webinars-for-the-billings-ovulation-method-teacher","8":"first","9":"instock","10":"virtual","11":"sold-individually","12":"purchasable","13":"product-type-course"},"acf":[],"_links":{"self":[{"href":"https:\/\/boma-usa.org\/es\/wp-json\/wp\/v2\/product\/20873","targetHints":{"allow":["GET"]}}],"collection":[{"href":"https:\/\/boma-usa.org\/es\/wp-json\/wp\/v2\/product"}],"about":[{"href":"https:\/\/boma-usa.org\/es\/wp-json\/wp\/v2\/types\/product"}],"version-history":[{"count":4,"href":"https:\/\/boma-usa.org\/es\/wp-json\/wp\/v2\/product\/20873\/revisions"}],"predecessor-version":[{"id":21629,"href":"https:\/\/boma-usa.org\/es\/wp-json\/wp\/v2\/product\/20873\/revisions\/21629"}],"wp:featuredmedia":[{"embeddable":true,"href":"https:\/\/boma-usa.org\/es\/wp-json\/wp\/v2\/media\/20238"}],"wp:attachment":[{"href":"https:\/\/boma-usa.org\/es\/wp-json\/wp\/v2\/media?parent=20873"}],"wp:term":[{"taxonomy":"product_brand","embeddable":true,"href":"https:\/\/boma-usa.org\/es\/wp-json\/wp\/v2\/product_brand?post=20873"},{"taxonomy":"product_cat","embeddable":true,"href":"https:\/\/boma-usa.org\/es\/wp-json\/wp\/v2\/product_cat?post=20873"},{"taxonomy":"product_tag","embeddable":true,"href":"https:\/\/boma-usa.org\/es\/wp-json\/wp\/v2\/product_tag?post=20873"}],"curies":[{"name":"wp","href":"https:\/\/api.w.org\/{rel}","templated":true}]}}