{"id":20871,"date":"2024-04-01T16:09:41","date_gmt":"2024-04-01T22:09:41","guid":{"rendered":"https:\/\/boma-usa.org\/product\/2-06-personal-charting-apps\/"},"modified":"2024-05-14T12:32:42","modified_gmt":"2024-05-14T18:32:42","slug":"personal-charting-apps","status":"publish","type":"product","link":"https:\/\/boma-usa.org\/es\/producto\/personal-charting-apps\/","title":{"rendered":"2.06 Aplicaciones de gr\u00e1ficos personales"},"content":{"rendered":"<p>\u00bfQu\u00e9 aplicaciones est\u00e1n disponibles y aprobadas para su uso con el M\u00e9todo de la Ovulaci\u00f3n Billings\u00ae? \u00bfC\u00f3mo funcionan y d\u00f3nde encontrarlas? Mira c\u00f3mo los administradores de las 3 aplicaciones actualmente aprobadas explican los beneficios de sus programas.<\/p>","protected":false},"excerpt":{"rendered":"<p>Tiempo total 1 hora y 24 minutos.<\/p>","protected":false},"featured_media":18147,"template":"","meta":{"_acf_changed":false},"product_brand":[],"product_cat":[194],"product_tag":[],"class_list":{"0":"post-20871","1":"product","2":"type-product","3":"status-publish","4":"has-post-thumbnail","6":"product_cat-webinars-for-the-billings-ovulation-method-teacher","8":"first","9":"instock","10":"virtual","11":"sold-individually","12":"purchasable","13":"product-type-course"},"acf":[],"_links":{"self":[{"href":"https:\/\/boma-usa.org\/es\/wp-json\/wp\/v2\/product\/20871","targetHints":{"allow":["GET"]}}],"collection":[{"href":"https:\/\/boma-usa.org\/es\/wp-json\/wp\/v2\/product"}],"about":[{"href":"https:\/\/boma-usa.org\/es\/wp-json\/wp\/v2\/types\/product"}],"version-history":[{"count":3,"href":"https:\/\/boma-usa.org\/es\/wp-json\/wp\/v2\/product\/20871\/revisions"}],"predecessor-version":[{"id":21625,"href":"https:\/\/boma-usa.org\/es\/wp-json\/wp\/v2\/product\/20871\/revisions\/21625"}],"wp:featuredmedia":[{"embeddable":true,"href":"https:\/\/boma-usa.org\/es\/wp-json\/wp\/v2\/media\/18147"}],"wp:attachment":[{"href":"https:\/\/boma-usa.org\/es\/wp-json\/wp\/v2\/media?parent=20871"}],"wp:term":[{"taxonomy":"product_brand","embeddable":true,"href":"https:\/\/boma-usa.org\/es\/wp-json\/wp\/v2\/product_brand?post=20871"},{"taxonomy":"product_cat","embeddable":true,"href":"https:\/\/boma-usa.org\/es\/wp-json\/wp\/v2\/product_cat?post=20871"},{"taxonomy":"product_tag","embeddable":true,"href":"https:\/\/boma-usa.org\/es\/wp-json\/wp\/v2\/product_tag?post=20871"}],"curies":[{"name":"wp","href":"https:\/\/api.w.org\/{rel}","templated":true}]}}