{"id":20870,"date":"2024-04-01T16:09:41","date_gmt":"2024-04-01T22:09:41","guid":{"rendered":"https:\/\/boma-usa.org\/product\/2-05-when-where-and-how-to-refer-your-clients-for-medical-workup\/"},"modified":"2024-05-14T12:25:39","modified_gmt":"2024-05-14T18:25:39","slug":"when-where-and-how-to-refer-your-clients-for-medical-workup","status":"publish","type":"product","link":"https:\/\/boma-usa.org\/es\/producto\/when-where-and-how-to-refer-your-clients-for-medical-workup\/","title":{"rendered":"2.05 Cu\u00e1ndo, d\u00f3nde y c\u00f3mo remitir a sus clientes a un reconocimiento m\u00e9dico"},"content":{"rendered":"<p>La profesora del M\u00e9todo de la Ovulaci\u00f3n Billings\u00ae tendr\u00e1 con frecuencia clientas que presentan observaciones irregulares en la gr\u00e1fica que no se explican por su etapa vital. Cuando esto ocurre, es importante aconsejar a la mujer que acuda a un m\u00e9dico. Lamentablemente, si el m\u00e9dico de la mujer no est\u00e1 formado en m\u00e9todos de conocimiento de la fertilidad, es posible que no fomente ni utilice estos datos para interpretar su salud reproductiva. La Dra. Danielle Koestner explica el proceso de b\u00fasqueda y asistencia para esta derivaci\u00f3n a un m\u00e9dico especialista en medicina reproductiva reparadora.<\/p>","protected":false},"excerpt":{"rendered":"<p>Tiempo total 24 minutos<\/p>","protected":false},"featured_media":20256,"template":"","meta":{"_acf_changed":false},"product_brand":[],"product_cat":[194],"product_tag":[],"class_list":{"0":"post-20870","1":"product","2":"type-product","3":"status-publish","4":"has-post-thumbnail","6":"product_cat-webinars-for-the-billings-ovulation-method-teacher","8":"first","9":"instock","10":"virtual","11":"sold-individually","12":"purchasable","13":"product-type-course"},"acf":[],"_links":{"self":[{"href":"https:\/\/boma-usa.org\/es\/wp-json\/wp\/v2\/product\/20870","targetHints":{"allow":["GET"]}}],"collection":[{"href":"https:\/\/boma-usa.org\/es\/wp-json\/wp\/v2\/product"}],"about":[{"href":"https:\/\/boma-usa.org\/es\/wp-json\/wp\/v2\/types\/product"}],"version-history":[{"count":3,"href":"https:\/\/boma-usa.org\/es\/wp-json\/wp\/v2\/product\/20870\/revisions"}],"predecessor-version":[{"id":21622,"href":"https:\/\/boma-usa.org\/es\/wp-json\/wp\/v2\/product\/20870\/revisions\/21622"}],"wp:featuredmedia":[{"embeddable":true,"href":"https:\/\/boma-usa.org\/es\/wp-json\/wp\/v2\/media\/20256"}],"wp:attachment":[{"href":"https:\/\/boma-usa.org\/es\/wp-json\/wp\/v2\/media?parent=20870"}],"wp:term":[{"taxonomy":"product_brand","embeddable":true,"href":"https:\/\/boma-usa.org\/es\/wp-json\/wp\/v2\/product_brand?post=20870"},{"taxonomy":"product_cat","embeddable":true,"href":"https:\/\/boma-usa.org\/es\/wp-json\/wp\/v2\/product_cat?post=20870"},{"taxonomy":"product_tag","embeddable":true,"href":"https:\/\/boma-usa.org\/es\/wp-json\/wp\/v2\/product_tag?post=20870"}],"curies":[{"name":"wp","href":"https:\/\/api.w.org\/{rel}","templated":true}]}}