{"id":20869,"date":"2024-04-01T16:09:41","date_gmt":"2024-04-01T22:09:41","guid":{"rendered":"https:\/\/boma-usa.org\/product\/2-04-the-male-factor\/"},"modified":"2024-05-14T12:18:53","modified_gmt":"2024-05-14T18:18:53","slug":"the-male-factor","status":"publish","type":"product","link":"https:\/\/boma-usa.org\/es\/producto\/the-male-factor\/","title":{"rendered":"2.04 El factor masculino"},"content":{"rendered":"<p>A menudo, los maridos piensan que esto de los gr\u00e1ficos es algo de lo que s\u00f3lo debe preocuparse su mujer. Mira a 4 hombres que son profesores del M\u00e9todo de la Ovulaci\u00f3n Billings\u00ae explicar la importancia de involucrar al hombre en el aprendizaje y la aplicaci\u00f3n del m\u00e9todo.<\/p>","protected":false},"excerpt":{"rendered":"<p>Tiempo total 1 hora y 31 minutos.<\/p>","protected":false},"featured_media":18148,"template":"","meta":{"_acf_changed":false},"product_brand":[],"product_cat":[196,194],"product_tag":[],"class_list":{"0":"post-20869","1":"product","2":"type-product","3":"status-publish","4":"has-post-thumbnail","6":"product_cat-male-fertility-bundle","7":"product_cat-webinars-for-the-billings-ovulation-method-teacher","9":"first","10":"instock","11":"virtual","12":"sold-individually","13":"purchasable","14":"product-type-course"},"acf":[],"_links":{"self":[{"href":"https:\/\/boma-usa.org\/es\/wp-json\/wp\/v2\/product\/20869","targetHints":{"allow":["GET"]}}],"collection":[{"href":"https:\/\/boma-usa.org\/es\/wp-json\/wp\/v2\/product"}],"about":[{"href":"https:\/\/boma-usa.org\/es\/wp-json\/wp\/v2\/types\/product"}],"version-history":[{"count":4,"href":"https:\/\/boma-usa.org\/es\/wp-json\/wp\/v2\/product\/20869\/revisions"}],"predecessor-version":[{"id":21619,"href":"https:\/\/boma-usa.org\/es\/wp-json\/wp\/v2\/product\/20869\/revisions\/21619"}],"wp:featuredmedia":[{"embeddable":true,"href":"https:\/\/boma-usa.org\/es\/wp-json\/wp\/v2\/media\/18148"}],"wp:attachment":[{"href":"https:\/\/boma-usa.org\/es\/wp-json\/wp\/v2\/media?parent=20869"}],"wp:term":[{"taxonomy":"product_brand","embeddable":true,"href":"https:\/\/boma-usa.org\/es\/wp-json\/wp\/v2\/product_brand?post=20869"},{"taxonomy":"product_cat","embeddable":true,"href":"https:\/\/boma-usa.org\/es\/wp-json\/wp\/v2\/product_cat?post=20869"},{"taxonomy":"product_tag","embeddable":true,"href":"https:\/\/boma-usa.org\/es\/wp-json\/wp\/v2\/product_tag?post=20869"}],"curies":[{"name":"wp","href":"https:\/\/api.w.org\/{rel}","templated":true}]}}