{"id":20868,"date":"2024-04-01T16:09:40","date_gmt":"2024-04-01T22:09:40","guid":{"rendered":"https:\/\/boma-usa.org\/product\/2-03-fantastic-follow-ups\/"},"modified":"2024-05-14T12:10:34","modified_gmt":"2024-05-14T18:10:34","slug":"fantastic-follow-ups","status":"publish","type":"product","link":"https:\/\/boma-usa.org\/es\/producto\/fantastic-follow-ups\/","title":{"rendered":"2.03 Seguimientos fant\u00e1sticos"},"content":{"rendered":"<p>Cuando las mujeres est\u00e1n aprendiendo el M\u00e9todo de la ovulaci\u00f3n Billings\u00ae, una parte fundamental del proceso de aprendizaje son los seguimientos que se realizan cada dos semanas durante los dos primeros meses de registro. Vea c\u00f3mo Martha Winn, enfermera titulada, y Kim Cole explican c\u00f3mo maximizar la eficacia de estas importantes reuniones.<\/p>","protected":false},"excerpt":{"rendered":"<p>Tiempo total 1 hora<\/p>","protected":false},"featured_media":18146,"template":"","meta":{"_acf_changed":false},"product_brand":[],"product_cat":[195,194],"product_tag":[],"class_list":{"0":"post-20868","1":"product","2":"type-product","3":"status-publish","4":"has-post-thumbnail","6":"product_cat-charting-bundle","7":"product_cat-webinars-for-the-billings-ovulation-method-teacher","9":"first","10":"instock","11":"virtual","12":"sold-individually","13":"purchasable","14":"product-type-course"},"acf":[],"_links":{"self":[{"href":"https:\/\/boma-usa.org\/es\/wp-json\/wp\/v2\/product\/20868","targetHints":{"allow":["GET"]}}],"collection":[{"href":"https:\/\/boma-usa.org\/es\/wp-json\/wp\/v2\/product"}],"about":[{"href":"https:\/\/boma-usa.org\/es\/wp-json\/wp\/v2\/types\/product"}],"version-history":[{"count":3,"href":"https:\/\/boma-usa.org\/es\/wp-json\/wp\/v2\/product\/20868\/revisions"}],"predecessor-version":[{"id":21616,"href":"https:\/\/boma-usa.org\/es\/wp-json\/wp\/v2\/product\/20868\/revisions\/21616"}],"wp:featuredmedia":[{"embeddable":true,"href":"https:\/\/boma-usa.org\/es\/wp-json\/wp\/v2\/media\/18146"}],"wp:attachment":[{"href":"https:\/\/boma-usa.org\/es\/wp-json\/wp\/v2\/media?parent=20868"}],"wp:term":[{"taxonomy":"product_brand","embeddable":true,"href":"https:\/\/boma-usa.org\/es\/wp-json\/wp\/v2\/product_brand?post=20868"},{"taxonomy":"product_cat","embeddable":true,"href":"https:\/\/boma-usa.org\/es\/wp-json\/wp\/v2\/product_cat?post=20868"},{"taxonomy":"product_tag","embeddable":true,"href":"https:\/\/boma-usa.org\/es\/wp-json\/wp\/v2\/product_tag?post=20868"}],"curies":[{"name":"wp","href":"https:\/\/api.w.org\/{rel}","templated":true}]}}