{"id":20866,"date":"2024-04-01T16:09:40","date_gmt":"2024-04-01T22:09:40","guid":{"rendered":"https:\/\/boma-usa.org\/product\/2-01-does-the-womans-life-stage-affect-our-interpretation-of-the-charted-record\/"},"modified":"2024-05-14T11:50:26","modified_gmt":"2024-05-14T17:50:26","slug":"does-the-womans-life-stage-affect-our-interpretation-of-the-charted-record","status":"publish","type":"product","link":"https:\/\/boma-usa.org\/es\/producto\/does-the-womans-life-stage-affect-our-interpretation-of-the-charted-record\/","title":{"rendered":"2.01 \u00bfAfecta la etapa de la vida de la mujer a nuestra interpretaci\u00f3n del registro cartogr\u00e1fico?"},"content":{"rendered":"<p>Gillian Barker y Marian Corkill, directoras de WOOMB international, con sede en Australia, explican c\u00f3mo interpretar las observaciones del registro cartogr\u00e1fico y c\u00f3mo afecta a esta interpretaci\u00f3n la etapa vital de la mujer.<\/p>","protected":false},"excerpt":{"rendered":"<p>Tiempo total 44 minutos<\/p>","protected":false},"featured_media":20281,"template":"","meta":{"_acf_changed":false},"product_brand":[],"product_cat":[195,194],"product_tag":[],"class_list":{"0":"post-20866","1":"product","2":"type-product","3":"status-publish","4":"has-post-thumbnail","6":"product_cat-charting-bundle","7":"product_cat-webinars-for-the-billings-ovulation-method-teacher","9":"first","10":"instock","11":"virtual","12":"sold-individually","13":"purchasable","14":"product-type-course"},"acf":[],"_links":{"self":[{"href":"https:\/\/boma-usa.org\/es\/wp-json\/wp\/v2\/product\/20866","targetHints":{"allow":["GET"]}}],"collection":[{"href":"https:\/\/boma-usa.org\/es\/wp-json\/wp\/v2\/product"}],"about":[{"href":"https:\/\/boma-usa.org\/es\/wp-json\/wp\/v2\/types\/product"}],"version-history":[{"count":3,"href":"https:\/\/boma-usa.org\/es\/wp-json\/wp\/v2\/product\/20866\/revisions"}],"predecessor-version":[{"id":21610,"href":"https:\/\/boma-usa.org\/es\/wp-json\/wp\/v2\/product\/20866\/revisions\/21610"}],"wp:featuredmedia":[{"embeddable":true,"href":"https:\/\/boma-usa.org\/es\/wp-json\/wp\/v2\/media\/20281"}],"wp:attachment":[{"href":"https:\/\/boma-usa.org\/es\/wp-json\/wp\/v2\/media?parent=20866"}],"wp:term":[{"taxonomy":"product_brand","embeddable":true,"href":"https:\/\/boma-usa.org\/es\/wp-json\/wp\/v2\/product_brand?post=20866"},{"taxonomy":"product_cat","embeddable":true,"href":"https:\/\/boma-usa.org\/es\/wp-json\/wp\/v2\/product_cat?post=20866"},{"taxonomy":"product_tag","embeddable":true,"href":"https:\/\/boma-usa.org\/es\/wp-json\/wp\/v2\/product_tag?post=20866"}],"curies":[{"name":"wp","href":"https:\/\/api.w.org\/{rel}","templated":true}]}}