{"id":20857,"date":"2024-04-01T15:30:05","date_gmt":"2024-04-01T21:30:05","guid":{"rendered":"https:\/\/boma-usa.org\/?post_type=product&#038;p=20857"},"modified":"2024-04-11T19:37:21","modified_gmt":"2024-04-12T01:37:21","slug":"faith-and-inspiration-in-natural-family-planning-bundle","status":"publish","type":"product","link":"https:\/\/boma-usa.org\/es\/producto\/faith-and-inspiration-in-natural-family-planning-bundle\/","title":{"rendered":"*Bundle - Fe e inspiraci\u00f3n en la planificaci\u00f3n familiar natural"},"content":{"rendered":"<p>Los nueve cursos por $100 (un ahorro de $125 sobre la compra de estos cursos individualmente)<\/p>\n<p>Incluye:<\/p>\n<p>1.01 Un encuentro de mentes y corazones - John y Evelyn Billings<br \/>\n1.02 Salud reproductiva cat\u00f3lica: Fomentar el matrimonio, los hijos y la castidad<br \/>\n1.03 Bases teol\u00f3gicas de la planificaci\u00f3n familiar natural<br \/>\n1.04 Las tecnolog\u00edas reproductivas y el don de los hijos<br \/>\n1.05 Anticoncepci\u00f3n hormonal y efectos secundarios - Mi testimonio personal<br \/>\n1.06 Enfoque de Teen Star dirigido a j\u00f3venes adultos y adolescentes<br \/>\n1.07 Misi\u00f3n Imposible<br \/>\n1.08 Una mirada evang\u00e9lica al control de la natalidad<br \/>\n1.09 Misi\u00f3n de los PFN por mar en el Caribe y por tierra en Tanzania<\/p>","protected":false},"excerpt":{"rendered":"<p>Los nueve cursos por $100 (un ahorro de $125 sobre la compra de estos cursos individualmente) Incluye: 1.01 Un encuentro de mentes y corazones - John y Evelyn Billings 1.02 Salud reproductiva cat\u00f3lica: Fomentar el matrimonio, los hijos y la castidad 1.03 La base teol\u00f3gica de la planificaci\u00f3n familiar natural 1.04 Las tecnolog\u00edas reproductivas y el don de los hijos 1.05 La [...]<\/p>","protected":false},"featured_media":21288,"template":"","meta":{"_acf_changed":false},"product_brand":[],"product_cat":[202,191],"product_tag":[],"class_list":{"0":"post-20857","1":"product","2":"type-product","3":"status-publish","4":"has-post-thumbnail","6":"product_cat-bundles","7":"product_cat-faith-and-inspiration","9":"first","10":"instock","11":"sale","12":"virtual","13":"sold-individually","14":"purchasable","15":"product-type-course"},"acf":[],"_links":{"self":[{"href":"https:\/\/boma-usa.org\/es\/wp-json\/wp\/v2\/product\/20857","targetHints":{"allow":["GET"]}}],"collection":[{"href":"https:\/\/boma-usa.org\/es\/wp-json\/wp\/v2\/product"}],"about":[{"href":"https:\/\/boma-usa.org\/es\/wp-json\/wp\/v2\/types\/product"}],"version-history":[{"count":7,"href":"https:\/\/boma-usa.org\/es\/wp-json\/wp\/v2\/product\/20857\/revisions"}],"predecessor-version":[{"id":21354,"href":"https:\/\/boma-usa.org\/es\/wp-json\/wp\/v2\/product\/20857\/revisions\/21354"}],"wp:featuredmedia":[{"embeddable":true,"href":"https:\/\/boma-usa.org\/es\/wp-json\/wp\/v2\/media\/21288"}],"wp:attachment":[{"href":"https:\/\/boma-usa.org\/es\/wp-json\/wp\/v2\/media?parent=20857"}],"wp:term":[{"taxonomy":"product_brand","embeddable":true,"href":"https:\/\/boma-usa.org\/es\/wp-json\/wp\/v2\/product_brand?post=20857"},{"taxonomy":"product_cat","embeddable":true,"href":"https:\/\/boma-usa.org\/es\/wp-json\/wp\/v2\/product_cat?post=20857"},{"taxonomy":"product_tag","embeddable":true,"href":"https:\/\/boma-usa.org\/es\/wp-json\/wp\/v2\/product_tag?post=20857"}],"curies":[{"name":"wp","href":"https:\/\/api.w.org\/{rel}","templated":true}]}}