{"id":20847,"date":"2024-04-01T14:54:11","date_gmt":"2024-04-01T20:54:11","guid":{"rendered":"https:\/\/boma-usa.org\/product\/1-10-nfp-mission-work-by-sea-in-the-caribbean-and-by-land-in-tanzania\/"},"modified":"2024-05-14T11:43:15","modified_gmt":"2024-05-14T17:43:15","slug":"nfp-mission-work-by-sea-in-the-caribbean-and-by-land-in-tanzania","status":"publish","type":"product","link":"https:\/\/boma-usa.org\/es\/producto\/nfp-mission-work-by-sea-in-the-caribbean-and-by-land-in-tanzania\/","title":{"rendered":"1.09 Misi\u00f3n de los PFN por mar en el Caribe y por tierra en Tanzania"},"content":{"rendered":"<p>La Dra. Danielle y Kyle Koestner comparten su incre\u00edble historia de promoci\u00f3n y ense\u00f1anza de la planificaci\u00f3n familiar natural mientras navegan por el Caribe con su familia y realizan una misi\u00f3n en una cl\u00ednica de Tanzania.<\/p>","protected":false},"excerpt":{"rendered":"<p>Tiempo total 50 minutos<\/p>","protected":false},"featured_media":20312,"template":"","meta":{"_acf_changed":false},"product_brand":[],"product_cat":[191,199],"product_tag":[],"class_list":{"0":"post-20847","1":"product","2":"type-product","3":"status-publish","4":"has-post-thumbnail","6":"product_cat-faith-and-inspiration","7":"product_cat-inspiration-bundle","9":"first","10":"instock","11":"virtual","12":"sold-individually","13":"purchasable","14":"product-type-course"},"acf":[],"_links":{"self":[{"href":"https:\/\/boma-usa.org\/es\/wp-json\/wp\/v2\/product\/20847","targetHints":{"allow":["GET"]}}],"collection":[{"href":"https:\/\/boma-usa.org\/es\/wp-json\/wp\/v2\/product"}],"about":[{"href":"https:\/\/boma-usa.org\/es\/wp-json\/wp\/v2\/types\/product"}],"version-history":[{"count":8,"href":"https:\/\/boma-usa.org\/es\/wp-json\/wp\/v2\/product\/20847\/revisions"}],"predecessor-version":[{"id":21607,"href":"https:\/\/boma-usa.org\/es\/wp-json\/wp\/v2\/product\/20847\/revisions\/21607"}],"wp:featuredmedia":[{"embeddable":true,"href":"https:\/\/boma-usa.org\/es\/wp-json\/wp\/v2\/media\/20312"}],"wp:attachment":[{"href":"https:\/\/boma-usa.org\/es\/wp-json\/wp\/v2\/media?parent=20847"}],"wp:term":[{"taxonomy":"product_brand","embeddable":true,"href":"https:\/\/boma-usa.org\/es\/wp-json\/wp\/v2\/product_brand?post=20847"},{"taxonomy":"product_cat","embeddable":true,"href":"https:\/\/boma-usa.org\/es\/wp-json\/wp\/v2\/product_cat?post=20847"},{"taxonomy":"product_tag","embeddable":true,"href":"https:\/\/boma-usa.org\/es\/wp-json\/wp\/v2\/product_tag?post=20847"}],"curies":[{"name":"wp","href":"https:\/\/api.w.org\/{rel}","templated":true}]}}