{"id":20846,"date":"2024-04-01T14:54:11","date_gmt":"2024-04-01T20:54:11","guid":{"rendered":"https:\/\/boma-usa.org\/product\/1-09-an-evangelical-look-at-birth-control\/"},"modified":"2024-05-14T11:41:09","modified_gmt":"2024-05-14T17:41:09","slug":"an-evangelical-look-at-birth-control","status":"publish","type":"product","link":"https:\/\/boma-usa.org\/es\/producto\/an-evangelical-look-at-birth-control\/","title":{"rendered":"1.08 Una mirada evang\u00e9lica al control de la natalidad"},"content":{"rendered":"<p>Sharon Pearce, directora ejecutiva de un centro de recursos para el embarazo en California y profesora del M\u00e9todo de la Ovulaci\u00f3n Billings, habla de su descubrimiento de la naturaleza abortiva de los anticonceptivos hormonales y de c\u00f3mo esto entraba en conflicto con su fe cristiana. Entonces conoci\u00f3 la belleza de la planificaci\u00f3n familiar natural.<\/p>","protected":false},"excerpt":{"rendered":"<p>Tiempo total 17 minutos<\/p>","protected":false},"featured_media":18163,"template":"","meta":{"_acf_changed":false},"product_brand":[],"product_cat":[191,199],"product_tag":[],"class_list":{"0":"post-20846","1":"product","2":"type-product","3":"status-publish","4":"has-post-thumbnail","6":"product_cat-faith-and-inspiration","7":"product_cat-inspiration-bundle","9":"first","10":"instock","11":"virtual","12":"sold-individually","13":"purchasable","14":"product-type-course"},"acf":[],"_links":{"self":[{"href":"https:\/\/boma-usa.org\/es\/wp-json\/wp\/v2\/product\/20846","targetHints":{"allow":["GET"]}}],"collection":[{"href":"https:\/\/boma-usa.org\/es\/wp-json\/wp\/v2\/product"}],"about":[{"href":"https:\/\/boma-usa.org\/es\/wp-json\/wp\/v2\/types\/product"}],"version-history":[{"count":3,"href":"https:\/\/boma-usa.org\/es\/wp-json\/wp\/v2\/product\/20846\/revisions"}],"predecessor-version":[{"id":21606,"href":"https:\/\/boma-usa.org\/es\/wp-json\/wp\/v2\/product\/20846\/revisions\/21606"}],"wp:featuredmedia":[{"embeddable":true,"href":"https:\/\/boma-usa.org\/es\/wp-json\/wp\/v2\/media\/18163"}],"wp:attachment":[{"href":"https:\/\/boma-usa.org\/es\/wp-json\/wp\/v2\/media?parent=20846"}],"wp:term":[{"taxonomy":"product_brand","embeddable":true,"href":"https:\/\/boma-usa.org\/es\/wp-json\/wp\/v2\/product_brand?post=20846"},{"taxonomy":"product_cat","embeddable":true,"href":"https:\/\/boma-usa.org\/es\/wp-json\/wp\/v2\/product_cat?post=20846"},{"taxonomy":"product_tag","embeddable":true,"href":"https:\/\/boma-usa.org\/es\/wp-json\/wp\/v2\/product_tag?post=20846"}],"curies":[{"name":"wp","href":"https:\/\/api.w.org\/{rel}","templated":true}]}}