{"id":20843,"date":"2024-04-01T14:54:10","date_gmt":"2024-04-01T20:54:10","guid":{"rendered":"https:\/\/boma-usa.org\/product\/1-06-teen-stars-approach-targeting-young-adults-and-adolescents\/"},"modified":"2024-05-14T11:36:12","modified_gmt":"2024-05-14T17:36:12","slug":"teen-stars-approach-targeting-young-adults-and-adolescents","status":"publish","type":"product","link":"https:\/\/boma-usa.org\/es\/producto\/teen-stars-approach-targeting-young-adults-and-adolescents\/","title":{"rendered":"1.06 Enfoque de Teen Star dirigido a j\u00f3venes adultos y adolescentes"},"content":{"rendered":"<p>Santiago Molina es di\u00e1cono, profesor de biolog\u00eda y director ejecutivo de Teen Star. Una organizaci\u00f3n que ayuda a ense\u00f1ar a adolescentes y j\u00f3venes sobre su cuerpo y su sexualidad. Habla del enfoque para ense\u00f1arles y de la raz\u00f3n fisiol\u00f3gica de este enfoque.<\/p>","protected":false},"excerpt":{"rendered":"<p>El tiempo total es de 18 minutos<\/p>","protected":false},"featured_media":20324,"template":"","meta":{"_acf_changed":false},"product_brand":[],"product_cat":[191],"product_tag":[],"class_list":{"0":"post-20843","1":"product","2":"type-product","3":"status-publish","4":"has-post-thumbnail","6":"product_cat-faith-and-inspiration","8":"first","9":"instock","10":"virtual","11":"sold-individually","12":"purchasable","13":"product-type-course"},"acf":[],"_links":{"self":[{"href":"https:\/\/boma-usa.org\/es\/wp-json\/wp\/v2\/product\/20843","targetHints":{"allow":["GET"]}}],"collection":[{"href":"https:\/\/boma-usa.org\/es\/wp-json\/wp\/v2\/product"}],"about":[{"href":"https:\/\/boma-usa.org\/es\/wp-json\/wp\/v2\/types\/product"}],"version-history":[{"count":2,"href":"https:\/\/boma-usa.org\/es\/wp-json\/wp\/v2\/product\/20843\/revisions"}],"predecessor-version":[{"id":21603,"href":"https:\/\/boma-usa.org\/es\/wp-json\/wp\/v2\/product\/20843\/revisions\/21603"}],"wp:featuredmedia":[{"embeddable":true,"href":"https:\/\/boma-usa.org\/es\/wp-json\/wp\/v2\/media\/20324"}],"wp:attachment":[{"href":"https:\/\/boma-usa.org\/es\/wp-json\/wp\/v2\/media?parent=20843"}],"wp:term":[{"taxonomy":"product_brand","embeddable":true,"href":"https:\/\/boma-usa.org\/es\/wp-json\/wp\/v2\/product_brand?post=20843"},{"taxonomy":"product_cat","embeddable":true,"href":"https:\/\/boma-usa.org\/es\/wp-json\/wp\/v2\/product_cat?post=20843"},{"taxonomy":"product_tag","embeddable":true,"href":"https:\/\/boma-usa.org\/es\/wp-json\/wp\/v2\/product_tag?post=20843"}],"curies":[{"name":"wp","href":"https:\/\/api.w.org\/{rel}","templated":true}]}}