{"id":20842,"date":"2024-04-01T14:54:10","date_gmt":"2024-04-01T20:54:10","guid":{"rendered":"https:\/\/boma-usa.org\/product\/1-05-hormonal-contraception-and-side-effects-my-personal-testimony\/"},"modified":"2024-05-14T11:33:26","modified_gmt":"2024-05-14T17:33:26","slug":"hormonal-contraception-and-side-effects-my-personal-testimony","status":"publish","type":"product","link":"https:\/\/boma-usa.org\/es\/producto\/hormonal-contraception-and-side-effects-my-personal-testimony\/","title":{"rendered":"1.05 Anticoncepci\u00f3n hormonal y efectos secundarios - Mi testimonio personal"},"content":{"rendered":"<p>Ferely Correa es ingeniera y usuaria del M\u00e9todo de la Ovulaci\u00f3n Billings. Cuenta su experiencia personal con los anticonceptivos hormonales, as\u00ed como historias de otras mujeres. Comenta c\u00f3mo lleg\u00f3 a apreciar el uso de la planificaci\u00f3n familiar natural.<\/p>","protected":false},"excerpt":{"rendered":"<p>Tiempo total 30 minutos<\/p>","protected":false},"featured_media":20337,"template":"","meta":{"_acf_changed":false},"product_brand":[],"product_cat":[191],"product_tag":[],"class_list":{"0":"post-20842","1":"product","2":"type-product","3":"status-publish","4":"has-post-thumbnail","6":"product_cat-faith-and-inspiration","8":"first","9":"instock","10":"virtual","11":"sold-individually","12":"purchasable","13":"product-type-course"},"acf":[],"_links":{"self":[{"href":"https:\/\/boma-usa.org\/es\/wp-json\/wp\/v2\/product\/20842","targetHints":{"allow":["GET"]}}],"collection":[{"href":"https:\/\/boma-usa.org\/es\/wp-json\/wp\/v2\/product"}],"about":[{"href":"https:\/\/boma-usa.org\/es\/wp-json\/wp\/v2\/types\/product"}],"version-history":[{"count":2,"href":"https:\/\/boma-usa.org\/es\/wp-json\/wp\/v2\/product\/20842\/revisions"}],"predecessor-version":[{"id":21602,"href":"https:\/\/boma-usa.org\/es\/wp-json\/wp\/v2\/product\/20842\/revisions\/21602"}],"wp:featuredmedia":[{"embeddable":true,"href":"https:\/\/boma-usa.org\/es\/wp-json\/wp\/v2\/media\/20337"}],"wp:attachment":[{"href":"https:\/\/boma-usa.org\/es\/wp-json\/wp\/v2\/media?parent=20842"}],"wp:term":[{"taxonomy":"product_brand","embeddable":true,"href":"https:\/\/boma-usa.org\/es\/wp-json\/wp\/v2\/product_brand?post=20842"},{"taxonomy":"product_cat","embeddable":true,"href":"https:\/\/boma-usa.org\/es\/wp-json\/wp\/v2\/product_cat?post=20842"},{"taxonomy":"product_tag","embeddable":true,"href":"https:\/\/boma-usa.org\/es\/wp-json\/wp\/v2\/product_tag?post=20842"}],"curies":[{"name":"wp","href":"https:\/\/api.w.org\/{rel}","templated":true}]}}