{"id":20841,"date":"2024-04-01T14:54:09","date_gmt":"2024-04-01T20:54:09","guid":{"rendered":"https:\/\/boma-usa.org\/product\/1-04-reproductive-technologies-and-the-gift-of-children\/"},"modified":"2024-05-14T11:30:22","modified_gmt":"2024-05-14T17:30:22","slug":"reproductive-technologies-and-the-gift-of-children","status":"publish","type":"product","link":"https:\/\/boma-usa.org\/es\/producto\/reproductive-technologies-and-the-gift-of-children\/","title":{"rendered":"1.04 Las tecnolog\u00edas reproductivas y el don de los hijos"},"content":{"rendered":"<p>La Dra. DiAnn Ecret es enfermera y especialista en bio\u00e9tica. Explora las complicadas cuestiones morales y \u00e9ticas que rodean a la tecnolog\u00eda de reproducci\u00f3n asistida. Se sumerge en las Escrituras y la doctrina cat\u00f3lica para dilucidar las cuestiones bio\u00e9ticas que afectan a las parejas que luchan contra la infertilidad y el uso de esta tecnolog\u00eda.<\/p>","protected":false},"excerpt":{"rendered":"<p>Tiempo total 50 minutos<\/p>","protected":false},"featured_media":20303,"template":"","meta":{"_acf_changed":false},"product_brand":[],"product_cat":[191],"product_tag":[],"class_list":{"0":"post-20841","1":"product","2":"type-product","3":"status-publish","4":"has-post-thumbnail","6":"product_cat-faith-and-inspiration","8":"first","9":"instock","10":"virtual","11":"sold-individually","12":"purchasable","13":"product-type-course"},"acf":[],"_links":{"self":[{"href":"https:\/\/boma-usa.org\/es\/wp-json\/wp\/v2\/product\/20841","targetHints":{"allow":["GET"]}}],"collection":[{"href":"https:\/\/boma-usa.org\/es\/wp-json\/wp\/v2\/product"}],"about":[{"href":"https:\/\/boma-usa.org\/es\/wp-json\/wp\/v2\/types\/product"}],"version-history":[{"count":3,"href":"https:\/\/boma-usa.org\/es\/wp-json\/wp\/v2\/product\/20841\/revisions"}],"predecessor-version":[{"id":21601,"href":"https:\/\/boma-usa.org\/es\/wp-json\/wp\/v2\/product\/20841\/revisions\/21601"}],"wp:featuredmedia":[{"embeddable":true,"href":"https:\/\/boma-usa.org\/es\/wp-json\/wp\/v2\/media\/20303"}],"wp:attachment":[{"href":"https:\/\/boma-usa.org\/es\/wp-json\/wp\/v2\/media?parent=20841"}],"wp:term":[{"taxonomy":"product_brand","embeddable":true,"href":"https:\/\/boma-usa.org\/es\/wp-json\/wp\/v2\/product_brand?post=20841"},{"taxonomy":"product_cat","embeddable":true,"href":"https:\/\/boma-usa.org\/es\/wp-json\/wp\/v2\/product_cat?post=20841"},{"taxonomy":"product_tag","embeddable":true,"href":"https:\/\/boma-usa.org\/es\/wp-json\/wp\/v2\/product_tag?post=20841"}],"curies":[{"name":"wp","href":"https:\/\/api.w.org\/{rel}","templated":true}]}}