{"id":20840,"date":"2024-04-01T14:54:09","date_gmt":"2024-04-01T20:54:09","guid":{"rendered":"https:\/\/boma-usa.org\/product\/1-03-the-theological-basis-for-natural-family-planning\/"},"modified":"2024-04-12T12:32:40","modified_gmt":"2024-04-12T18:32:40","slug":"the-theological-basis-for-natural-family-planning","status":"publish","type":"product","link":"https:\/\/boma-usa.org\/es\/producto\/the-theological-basis-for-natural-family-planning\/","title":{"rendered":"1.03 Bases teol\u00f3gicas de la planificaci\u00f3n familiar natural"},"content":{"rendered":"<p>Esta es una presentaci\u00f3n de Allison Dreher, profesora del M\u00e9todo de la Ovulaci\u00f3n Billings con un m\u00e1ster en Teolog\u00eda. Ella discute la teolog\u00eda detr\u00e1s del don de la procreaci\u00f3n y el prop\u00f3sito teol\u00f3gico de la planificaci\u00f3n familiar natural.<\/p>","protected":false},"excerpt":{"rendered":"<p>La presentaci\u00f3n dura unos 24 minutos.<\/p>","protected":false},"featured_media":18153,"template":"","meta":{"_acf_changed":false},"product_brand":[],"product_cat":[191],"product_tag":[],"class_list":{"0":"post-20840","1":"product","2":"type-product","3":"status-publish","4":"has-post-thumbnail","6":"product_cat-faith-and-inspiration","8":"first","9":"instock","10":"virtual","11":"sold-individually","12":"purchasable","13":"product-type-course"},"acf":[],"_links":{"self":[{"href":"https:\/\/boma-usa.org\/es\/wp-json\/wp\/v2\/product\/20840","targetHints":{"allow":["GET"]}}],"collection":[{"href":"https:\/\/boma-usa.org\/es\/wp-json\/wp\/v2\/product"}],"about":[{"href":"https:\/\/boma-usa.org\/es\/wp-json\/wp\/v2\/types\/product"}],"version-history":[{"count":3,"href":"https:\/\/boma-usa.org\/es\/wp-json\/wp\/v2\/product\/20840\/revisions"}],"predecessor-version":[{"id":21403,"href":"https:\/\/boma-usa.org\/es\/wp-json\/wp\/v2\/product\/20840\/revisions\/21403"}],"wp:featuredmedia":[{"embeddable":true,"href":"https:\/\/boma-usa.org\/es\/wp-json\/wp\/v2\/media\/18153"}],"wp:attachment":[{"href":"https:\/\/boma-usa.org\/es\/wp-json\/wp\/v2\/media?parent=20840"}],"wp:term":[{"taxonomy":"product_brand","embeddable":true,"href":"https:\/\/boma-usa.org\/es\/wp-json\/wp\/v2\/product_brand?post=20840"},{"taxonomy":"product_cat","embeddable":true,"href":"https:\/\/boma-usa.org\/es\/wp-json\/wp\/v2\/product_cat?post=20840"},{"taxonomy":"product_tag","embeddable":true,"href":"https:\/\/boma-usa.org\/es\/wp-json\/wp\/v2\/product_tag?post=20840"}],"curies":[{"name":"wp","href":"https:\/\/api.w.org\/{rel}","templated":true}]}}