{"id":20837,"date":"2024-04-01T14:45:15","date_gmt":"2024-04-01T20:45:15","guid":{"rendered":"https:\/\/boma-usa.org\/?post_type=product&#038;p=20837"},"modified":"2024-04-12T11:53:17","modified_gmt":"2024-04-12T17:53:17","slug":"catholic_reproductive_health_encouraging_marriage_children_and_chastity_in_a_time_of_turmoil","status":"publish","type":"product","link":"https:\/\/boma-usa.org\/es\/producto\/catholic_reproductive_health_encouraging_marriage_children_and_chastity_in_a_time_of_turmoil\/","title":{"rendered":"1.02 Salud reproductiva cat\u00f3lica: Fomentar el matrimonio, los hijos y la castidad en tiempos revueltos"},"content":{"rendered":"<p>Se trata de una presentaci\u00f3n realizada en 2022 por el reverend\u00edsimo Joseph Strickland cuando era obispo de la di\u00f3cesis de Tyler, Texas. Fue en la Gala de la conferencia de BOMA-USA. Habla sobre nuestra cultura y la necesidad de fomentar el matrimonio, la familia y la castidad.<\/p>","protected":false},"excerpt":{"rendered":"<p>La duraci\u00f3n total, incluida la introducci\u00f3n, es de 37 minutos.<\/p>","protected":false},"featured_media":20318,"template":"","meta":{"_acf_changed":false},"product_brand":[],"product_cat":[191],"product_tag":[],"class_list":{"0":"post-20837","1":"product","2":"type-product","3":"status-publish","4":"has-post-thumbnail","6":"product_cat-faith-and-inspiration","8":"first","9":"instock","10":"virtual","11":"sold-individually","12":"purchasable","13":"product-type-course"},"acf":[],"_links":{"self":[{"href":"https:\/\/boma-usa.org\/es\/wp-json\/wp\/v2\/product\/20837","targetHints":{"allow":["GET"]}}],"collection":[{"href":"https:\/\/boma-usa.org\/es\/wp-json\/wp\/v2\/product"}],"about":[{"href":"https:\/\/boma-usa.org\/es\/wp-json\/wp\/v2\/types\/product"}],"version-history":[{"count":4,"href":"https:\/\/boma-usa.org\/es\/wp-json\/wp\/v2\/product\/20837\/revisions"}],"predecessor-version":[{"id":21400,"href":"https:\/\/boma-usa.org\/es\/wp-json\/wp\/v2\/product\/20837\/revisions\/21400"}],"wp:featuredmedia":[{"embeddable":true,"href":"https:\/\/boma-usa.org\/es\/wp-json\/wp\/v2\/media\/20318"}],"wp:attachment":[{"href":"https:\/\/boma-usa.org\/es\/wp-json\/wp\/v2\/media?parent=20837"}],"wp:term":[{"taxonomy":"product_brand","embeddable":true,"href":"https:\/\/boma-usa.org\/es\/wp-json\/wp\/v2\/product_brand?post=20837"},{"taxonomy":"product_cat","embeddable":true,"href":"https:\/\/boma-usa.org\/es\/wp-json\/wp\/v2\/product_cat?post=20837"},{"taxonomy":"product_tag","embeddable":true,"href":"https:\/\/boma-usa.org\/es\/wp-json\/wp\/v2\/product_tag?post=20837"}],"curies":[{"name":"wp","href":"https:\/\/api.w.org\/{rel}","templated":true}]}}