{"id":20831,"date":"2024-04-01T14:35:58","date_gmt":"2024-04-01T20:35:58","guid":{"rendered":"https:\/\/boma-usa.org\/?post_type=product&#038;p=20831"},"modified":"2024-05-14T11:16:25","modified_gmt":"2024-05-14T17:16:25","slug":"an_introduction_to_the_ambassador_program","status":"publish","type":"product","link":"https:\/\/boma-usa.org\/es\/producto\/an_introduction_to_the_ambassador_program\/","title":{"rendered":"0.03 Introducci\u00f3n al programa de Embajadores"},"content":{"rendered":"<p>Emily habla de c\u00f3mo la gente puede apoyar la misi\u00f3n de la Asociaci\u00f3n del M\u00e9todo de la Ovulaci\u00f3n Billings sin ser un profesor certificado. Muchas manos aligeran el trabajo.<\/p>","protected":false},"excerpt":{"rendered":"<p>Emily habla de c\u00f3mo la gente puede apoyar la misi\u00f3n de la Asociaci\u00f3n del M\u00e9todo de la Ovulaci\u00f3n Billings sin ser un profesor certificado. Muchas manos aligeran el trabajo.<\/p>","protected":false},"featured_media":20250,"template":"","meta":{"_acf_changed":false},"product_brand":[],"product_cat":[192],"product_tag":[],"class_list":{"0":"post-20831","1":"product","2":"type-product","3":"status-publish","4":"has-post-thumbnail","6":"product_cat-free-courses","8":"first","9":"instock","10":"virtual","11":"sold-individually","12":"purchasable","13":"product-type-course"},"acf":[],"_links":{"self":[{"href":"https:\/\/boma-usa.org\/es\/wp-json\/wp\/v2\/product\/20831","targetHints":{"allow":["GET"]}}],"collection":[{"href":"https:\/\/boma-usa.org\/es\/wp-json\/wp\/v2\/product"}],"about":[{"href":"https:\/\/boma-usa.org\/es\/wp-json\/wp\/v2\/types\/product"}],"version-history":[{"count":3,"href":"https:\/\/boma-usa.org\/es\/wp-json\/wp\/v2\/product\/20831\/revisions"}],"predecessor-version":[{"id":21599,"href":"https:\/\/boma-usa.org\/es\/wp-json\/wp\/v2\/product\/20831\/revisions\/21599"}],"wp:featuredmedia":[{"embeddable":true,"href":"https:\/\/boma-usa.org\/es\/wp-json\/wp\/v2\/media\/20250"}],"wp:attachment":[{"href":"https:\/\/boma-usa.org\/es\/wp-json\/wp\/v2\/media?parent=20831"}],"wp:term":[{"taxonomy":"product_brand","embeddable":true,"href":"https:\/\/boma-usa.org\/es\/wp-json\/wp\/v2\/product_brand?post=20831"},{"taxonomy":"product_cat","embeddable":true,"href":"https:\/\/boma-usa.org\/es\/wp-json\/wp\/v2\/product_cat?post=20831"},{"taxonomy":"product_tag","embeddable":true,"href":"https:\/\/boma-usa.org\/es\/wp-json\/wp\/v2\/product_tag?post=20831"}],"curies":[{"name":"wp","href":"https:\/\/api.w.org\/{rel}","templated":true}]}}