{"id":20829,"date":"2024-04-01T14:33:02","date_gmt":"2024-04-01T20:33:02","guid":{"rendered":"https:\/\/boma-usa.org\/?post_type=product&#038;p=20829"},"modified":"2024-04-12T10:53:12","modified_gmt":"2024-04-12T16:53:12","slug":"danielle_koestner_testimonial","status":"publish","type":"product","link":"https:\/\/boma-usa.org\/es\/producto\/danielle_koestner_testimonial\/","title":{"rendered":"0.02 Dr. Danielle Koestner - Testimonio - Completo"},"content":{"rendered":"<p>La Dra. Koestner comparte una historia muy personal sobre su propio embarazo no planificado, que la llev\u00f3 a convertirse en m\u00e9dico. Al principio pens\u00f3 que la soluci\u00f3n era la educaci\u00f3n y el acceso a m\u00e9todos anticonceptivos, pero tras comprobar los efectos secundarios y la falta de eficacia, aprendi\u00f3 a utilizar m\u00e9todos naturales y empez\u00f3 a ense\u00f1arlos en su cl\u00ednica. Ahora es una de las principales m\u00e9dicas en medicina reproductiva reparadora y atiende a pacientes en la plataforma de telesalud de la FEMM.<\/p>","protected":false},"excerpt":{"rendered":"<p>El tiempo total es de unos 20 minutos.<\/p>","protected":false},"featured_media":18156,"template":"","meta":{"_acf_changed":false},"product_brand":[],"product_cat":[192],"product_tag":[],"class_list":{"0":"post-20829","1":"product","2":"type-product","3":"status-publish","4":"has-post-thumbnail","6":"product_cat-free-courses","8":"first","9":"instock","10":"virtual","11":"sold-individually","12":"purchasable","13":"product-type-course"},"acf":[],"_links":{"self":[{"href":"https:\/\/boma-usa.org\/es\/wp-json\/wp\/v2\/product\/20829","targetHints":{"allow":["GET"]}}],"collection":[{"href":"https:\/\/boma-usa.org\/es\/wp-json\/wp\/v2\/product"}],"about":[{"href":"https:\/\/boma-usa.org\/es\/wp-json\/wp\/v2\/types\/product"}],"version-history":[{"count":3,"href":"https:\/\/boma-usa.org\/es\/wp-json\/wp\/v2\/product\/20829\/revisions"}],"predecessor-version":[{"id":21393,"href":"https:\/\/boma-usa.org\/es\/wp-json\/wp\/v2\/product\/20829\/revisions\/21393"}],"wp:featuredmedia":[{"embeddable":true,"href":"https:\/\/boma-usa.org\/es\/wp-json\/wp\/v2\/media\/18156"}],"wp:attachment":[{"href":"https:\/\/boma-usa.org\/es\/wp-json\/wp\/v2\/media?parent=20829"}],"wp:term":[{"taxonomy":"product_brand","embeddable":true,"href":"https:\/\/boma-usa.org\/es\/wp-json\/wp\/v2\/product_brand?post=20829"},{"taxonomy":"product_cat","embeddable":true,"href":"https:\/\/boma-usa.org\/es\/wp-json\/wp\/v2\/product_cat?post=20829"},{"taxonomy":"product_tag","embeddable":true,"href":"https:\/\/boma-usa.org\/es\/wp-json\/wp\/v2\/product_tag?post=20829"}],"curies":[{"name":"wp","href":"https:\/\/api.w.org\/{rel}","templated":true}]}}