{"id":20782,"date":"2024-03-27T17:44:46","date_gmt":"2024-03-27T23:44:46","guid":{"rendered":"https:\/\/boma-usa.org\/?post_type=product&#038;p=20782"},"modified":"2024-04-12T10:41:45","modified_gmt":"2024-04-12T16:41:45","slug":"the-amazing-advancements-and-great-blunders-of-reproductive-science","status":"publish","type":"product","link":"https:\/\/boma-usa.org\/es\/producto\/the-amazing-advancements-and-great-blunders-of-reproductive-science\/","title":{"rendered":"0.01 Los asombrosos avances y los grandes errores de la ciencia de la reproducci\u00f3n"},"content":{"rendered":"<p>Esta conferencia es una historia muy detallada de la ciencia reproductiva y se centra en algunos de los principales hitos. Incluye el desarrollo de la planificaci\u00f3n familiar natural y la medicina reproductiva reparadora, pero tambi\u00e9n algunas de las principales tecnolog\u00edas reproductivas. Ver\u00e1 descubrimientos asombrosos y grandes meteduras de pata. El alumno es capaz de comparar y contrastar la b\u00fasqueda de la ciencia dise\u00f1ada para el conocimiento y los tratamientos terap\u00e9uticos frente al enfoque tecnol\u00f3gico que pasa por alto el proceso procreativo normal.<\/p>","protected":false},"excerpt":{"rendered":"<p>El tiempo total es de aproximadamente 1 hora, dividido en 4 secciones.<\/p>","protected":false},"featured_media":18155,"template":"","meta":{"_acf_changed":false},"product_brand":[],"product_cat":[192],"product_tag":[],"class_list":{"0":"post-20782","1":"product","2":"type-product","3":"status-publish","4":"has-post-thumbnail","6":"product_cat-free-courses","8":"first","9":"instock","10":"virtual","11":"sold-individually","12":"purchasable","13":"product-type-course"},"acf":[],"_links":{"self":[{"href":"https:\/\/boma-usa.org\/es\/wp-json\/wp\/v2\/product\/20782","targetHints":{"allow":["GET"]}}],"collection":[{"href":"https:\/\/boma-usa.org\/es\/wp-json\/wp\/v2\/product"}],"about":[{"href":"https:\/\/boma-usa.org\/es\/wp-json\/wp\/v2\/types\/product"}],"version-history":[{"count":6,"href":"https:\/\/boma-usa.org\/es\/wp-json\/wp\/v2\/product\/20782\/revisions"}],"predecessor-version":[{"id":21391,"href":"https:\/\/boma-usa.org\/es\/wp-json\/wp\/v2\/product\/20782\/revisions\/21391"}],"wp:featuredmedia":[{"embeddable":true,"href":"https:\/\/boma-usa.org\/es\/wp-json\/wp\/v2\/media\/18155"}],"wp:attachment":[{"href":"https:\/\/boma-usa.org\/es\/wp-json\/wp\/v2\/media?parent=20782"}],"wp:term":[{"taxonomy":"product_brand","embeddable":true,"href":"https:\/\/boma-usa.org\/es\/wp-json\/wp\/v2\/product_brand?post=20782"},{"taxonomy":"product_cat","embeddable":true,"href":"https:\/\/boma-usa.org\/es\/wp-json\/wp\/v2\/product_cat?post=20782"},{"taxonomy":"product_tag","embeddable":true,"href":"https:\/\/boma-usa.org\/es\/wp-json\/wp\/v2\/product_tag?post=20782"}],"curies":[{"name":"wp","href":"https:\/\/api.w.org\/{rel}","templated":true}]}}