{"id":17304,"date":"2023-11-14T16:40:00","date_gmt":"2023-11-14T22:40:00","guid":{"rendered":"https:\/\/boma-usa.org\/?post_type=product&#038;p=17304"},"modified":"2025-10-30T11:21:22","modified_gmt":"2025-10-30T17:21:22","slug":"charting-support","status":"publish","type":"product","link":"https:\/\/boma-usa.org\/es\/producto\/charting-support\/","title":{"rendered":"Fertilidad 101: Apoyo a la elaboraci\u00f3n de gr\u00e1ficos"},"content":{"rendered":"<p><u>Soporte gr\u00e1fico<\/u> es un paquete de 4 revisiones de cartas personales (para la persona que s\u00f3lo se inscribi\u00f3 en la clase inicial, pero ahora quiere el curso completo o apoyo adicional de cartas).<\/p>\n<p>Todo el apoyo de Charting se lleva a cabo a trav\u00e9s de discusiones privadas, uno-a-uno con un instructor certificado de Billings en Zoom.<\/p>","protected":false},"excerpt":{"rendered":"<p>El apoyo de gr\u00e1ficos es un paquete de 4 revisiones de gr\u00e1ficos personales (para la persona que s\u00f3lo se inscribi\u00f3 en la clase inicial, pero ahora quiere el curso completo o apoyo adicional de gr\u00e1ficos). Todo el apoyo se lleva a cabo a trav\u00e9s de discusiones privadas, uno-a-uno con un instructor certificado de Billings en Zoom.<\/p>","protected":false},"featured_media":23374,"template":"","meta":{"_acf_changed":false},"product_brand":[],"product_cat":[212,69],"product_tag":[210],"class_list":{"0":"post-17304","1":"product","2":"type-product","3":"status-publish","4":"has-post-thumbnail","6":"product_cat-fertility-101","7":"product_cat-resources-for-nfp-users","8":"product_tag-fertility-101","10":"first","11":"instock","12":"virtual","13":"purchasable","14":"product-type-simple"},"acf":[],"_links":{"self":[{"href":"https:\/\/boma-usa.org\/es\/wp-json\/wp\/v2\/product\/17304","targetHints":{"allow":["GET"]}}],"collection":[{"href":"https:\/\/boma-usa.org\/es\/wp-json\/wp\/v2\/product"}],"about":[{"href":"https:\/\/boma-usa.org\/es\/wp-json\/wp\/v2\/types\/product"}],"version-history":[{"count":5,"href":"https:\/\/boma-usa.org\/es\/wp-json\/wp\/v2\/product\/17304\/revisions"}],"predecessor-version":[{"id":23682,"href":"https:\/\/boma-usa.org\/es\/wp-json\/wp\/v2\/product\/17304\/revisions\/23682"}],"wp:featuredmedia":[{"embeddable":true,"href":"https:\/\/boma-usa.org\/es\/wp-json\/wp\/v2\/media\/23374"}],"wp:attachment":[{"href":"https:\/\/boma-usa.org\/es\/wp-json\/wp\/v2\/media?parent=17304"}],"wp:term":[{"taxonomy":"product_brand","embeddable":true,"href":"https:\/\/boma-usa.org\/es\/wp-json\/wp\/v2\/product_brand?post=17304"},{"taxonomy":"product_cat","embeddable":true,"href":"https:\/\/boma-usa.org\/es\/wp-json\/wp\/v2\/product_cat?post=17304"},{"taxonomy":"product_tag","embeddable":true,"href":"https:\/\/boma-usa.org\/es\/wp-json\/wp\/v2\/product_tag?post=17304"}],"curies":[{"name":"wp","href":"https:\/\/api.w.org\/{rel}","templated":true}]}}