{"id":17207,"date":"2023-10-08T19:53:29","date_gmt":"2023-10-09T01:53:29","guid":{"rendered":"https:\/\/boma-usa.org\/?post_type=product&#038;p=17207"},"modified":"2024-10-22T15:58:17","modified_gmt":"2024-10-22T21:58:17","slug":"boma-usa-t-shirts","status":"publish","type":"product","link":"https:\/\/boma-usa.org\/es\/producto\/boma-usa-t-shirts\/","title":{"rendered":"Camisetas BOMA-USA"},"content":{"rendered":"<p>\u00bfTe apasiona la Planificaci\u00f3n Familiar Natural y, en concreto, el M\u00e9todo de la Ovulaci\u00f3n Billings\u00ae? \u00a1Nuestras nuevas camisetas son la forma perfecta de compartir tu pasi\u00f3n y cont\u00e1rsela a los dem\u00e1s!<\/p>\n<p>Piensa en todas las camisetas que ves que llevan tus amigos o incluso desconocidos. Cu\u00e1ntas veces les has preguntado d\u00f3nde la han comprado (o cu\u00e1ntas te lo han preguntado a ti)?<\/p>\n<p>La mercanc\u00eda que se puede llevar puesta es la mayor forma de publicidad. Consigue el tuyo hoy y ay\u00fadanos a \"vender\" la Planificaci\u00f3n Familiar Natural y el M\u00e9todo de la Ovulaci\u00f3n Billings\u00ae.<\/p>","protected":false},"excerpt":{"rendered":"<p>\u00bfTe apasiona la Planificaci\u00f3n Familiar Natural y, en concreto, el M\u00e9todo de la Ovulaci\u00f3n Billings\u00ae? Nuestras nuevas camisetas son la forma perfecta de compartir tu pasi\u00f3n y cont\u00e1rsela a los dem\u00e1s. Piensa en todas las camisetas que ves que llevan tus amigos o incluso desconocidos. Cu\u00e1ntas veces les has preguntado d\u00f3nde la han conseguido (o cu\u00e1ntas [...]<\/p>","protected":false},"featured_media":17213,"template":"","meta":{"_acf_changed":false},"product_brand":[],"product_cat":[205],"product_tag":[],"class_list":{"0":"post-17207","1":"product","2":"type-product","3":"status-publish","4":"has-post-thumbnail","6":"product_cat-merchandise","7":"product_shipping_class-standard","9":"first","10":"instock","11":"sale","12":"shipping-taxable","13":"purchasable","14":"product-type-variable"},"acf":[],"_links":{"self":[{"href":"https:\/\/boma-usa.org\/es\/wp-json\/wp\/v2\/product\/17207","targetHints":{"allow":["GET"]}}],"collection":[{"href":"https:\/\/boma-usa.org\/es\/wp-json\/wp\/v2\/product"}],"about":[{"href":"https:\/\/boma-usa.org\/es\/wp-json\/wp\/v2\/types\/product"}],"version-history":[{"count":1,"href":"https:\/\/boma-usa.org\/es\/wp-json\/wp\/v2\/product\/17207\/revisions"}],"predecessor-version":[{"id":22202,"href":"https:\/\/boma-usa.org\/es\/wp-json\/wp\/v2\/product\/17207\/revisions\/22202"}],"wp:featuredmedia":[{"embeddable":true,"href":"https:\/\/boma-usa.org\/es\/wp-json\/wp\/v2\/media\/17213"}],"wp:attachment":[{"href":"https:\/\/boma-usa.org\/es\/wp-json\/wp\/v2\/media?parent=17207"}],"wp:term":[{"taxonomy":"product_brand","embeddable":true,"href":"https:\/\/boma-usa.org\/es\/wp-json\/wp\/v2\/product_brand?post=17207"},{"taxonomy":"product_cat","embeddable":true,"href":"https:\/\/boma-usa.org\/es\/wp-json\/wp\/v2\/product_cat?post=17207"},{"taxonomy":"product_tag","embeddable":true,"href":"https:\/\/boma-usa.org\/es\/wp-json\/wp\/v2\/product_tag?post=17207"}],"curies":[{"name":"wp","href":"https:\/\/api.w.org\/{rel}","templated":true}]}}