{"id":17123,"date":"2023-08-07T13:59:34","date_gmt":"2023-08-07T19:59:34","guid":{"rendered":"https:\/\/boma-usa.org\/?post_type=product&#038;p=17123"},"modified":"2023-09-29T21:12:09","modified_gmt":"2023-09-30T03:12:09","slug":"ebook-a-review-of-the-billings-ovulation-method","status":"publish","type":"product","link":"https:\/\/boma-usa.org\/es\/producto\/ebook-a-review-of-the-billings-ovulation-method\/","title":{"rendered":"eBook: Una revisi\u00f3n del m\u00e9todo de ovulaci\u00f3n Billings"},"content":{"rendered":"<p>Este libro electr\u00f3nico s\u00f3lo est\u00e1 a la venta para quienes hayan completado el curso de Introducci\u00f3n.<\/p>","protected":false},"excerpt":{"rendered":"<p>Este libro electr\u00f3nico s\u00f3lo est\u00e1 a la venta para quienes hayan completado el curso de Introducci\u00f3n.<\/p>","protected":false},"featured_media":17127,"template":"","meta":{"_acf_changed":false},"product_brand":[],"product_cat":[70],"product_tag":[],"class_list":{"0":"post-17123","1":"product","2":"type-product","3":"status-publish","4":"has-post-thumbnail","6":"product_cat-books-and-media","8":"first","9":"instock","10":"downloadable","11":"shipping-taxable","12":"purchasable","13":"product-type-simple"},"acf":[],"_links":{"self":[{"href":"https:\/\/boma-usa.org\/es\/wp-json\/wp\/v2\/product\/17123","targetHints":{"allow":["GET"]}}],"collection":[{"href":"https:\/\/boma-usa.org\/es\/wp-json\/wp\/v2\/product"}],"about":[{"href":"https:\/\/boma-usa.org\/es\/wp-json\/wp\/v2\/types\/product"}],"version-history":[{"count":0,"href":"https:\/\/boma-usa.org\/es\/wp-json\/wp\/v2\/product\/17123\/revisions"}],"wp:featuredmedia":[{"embeddable":true,"href":"https:\/\/boma-usa.org\/es\/wp-json\/wp\/v2\/media\/17127"}],"wp:attachment":[{"href":"https:\/\/boma-usa.org\/es\/wp-json\/wp\/v2\/media?parent=17123"}],"wp:term":[{"taxonomy":"product_brand","embeddable":true,"href":"https:\/\/boma-usa.org\/es\/wp-json\/wp\/v2\/product_brand?post=17123"},{"taxonomy":"product_cat","embeddable":true,"href":"https:\/\/boma-usa.org\/es\/wp-json\/wp\/v2\/product_cat?post=17123"},{"taxonomy":"product_tag","embeddable":true,"href":"https:\/\/boma-usa.org\/es\/wp-json\/wp\/v2\/product_tag?post=17123"}],"curies":[{"name":"wp","href":"https:\/\/api.w.org\/{rel}","templated":true}]}}