{"id":8908,"date":"2023-02-01T12:38:05","date_gmt":"2023-02-01T18:38:05","guid":{"rendered":"https:\/\/events.boma-usa.org\/?page_id=8908"},"modified":"2023-06-20T13:24:10","modified_gmt":"2023-06-20T19:24:10","slug":"renewal-of-boma-usa-teacher-certification","status":"publish","type":"page","link":"https:\/\/boma-usa.org\/es\/renewal-of-boma-usa-teacher-certification\/","title":{"rendered":"Renovaci\u00f3n de la certificaci\u00f3n de profesor de BOMA-USA"},"content":{"rendered":"<div data-elementor-type=\"wp-page\" data-elementor-id=\"8908\" class=\"elementor elementor-8908\" data-elementor-post-type=\"page\">\n\t\t\t\t\t\t<section class=\"elementor-section elementor-top-section elementor-element elementor-element-5c1fef9 elementor-section-height-min-height elementor-section-stretched elementor-section-boxed elementor-section-height-default elementor-section-items-middle\" data-id=\"5c1fef9\" data-element_type=\"section\" data-e-type=\"section\" data-settings=\"{&quot;stretch_section&quot;:&quot;section-stretched&quot;,&quot;jet_parallax_layout_list&quot;:[],&quot;background_background&quot;:&quot;classic&quot;}\">\n\t\t\t\t\t\t<div class=\"elementor-container elementor-column-gap-default\">\n\t\t\t\t\t<div class=\"elementor-column elementor-col-100 elementor-top-column elementor-element elementor-element-c549b3f\" data-id=\"c549b3f\" data-element_type=\"column\" data-e-type=\"column\">\n\t\t\t<div class=\"elementor-widget-wrap elementor-element-populated\">\n\t\t\t\t\t\t<div class=\"elementor-element elementor-element-6fcbdbc elementor-hidden-desktop elementor-hidden-tablet elementor-hidden-mobile elementor-widget elementor-widget-global elementor-global-10700 elementor-widget-eael-creative-button\" data-id=\"6fcbdbc\" data-element_type=\"widget\" data-e-type=\"widget\" data-widget_type=\"eael-creative-button.default\">\n\t\t\t\t<div class=\"elementor-widget-container\">\n\t\t\t\t\t        <div class=\"eael-creative-button-wrapper\">\n\n            <a class=\"eael-creative-button eael-creative-button--default\" href=\"https:\/\/boma-usa.org\/es\/donate\/\" data-text=\"Go!\">\n            \t    \n                <div class=\"creative-button-inner\">\n\n                    \n                    <span class=\"cretive-button-text\">Apoye a BOMA<\/span>\n\n                                    <\/div>\n\t                        <\/a>\n        <\/div>\n        \t\t\t\t<\/div>\n\t\t\t\t<\/div>\n\t\t\t\t\t<\/div>\n\t\t<\/div>\n\t\t\t\t\t<\/div>\n\t\t<\/section>\n\t\t\t\t<section class=\"elementor-section elementor-top-section elementor-element elementor-element-bba8234 elementor-section-boxed elementor-section-height-default elementor-section-height-default\" data-id=\"bba8234\" data-element_type=\"section\" data-e-type=\"section\" data-settings=\"{&quot;jet_parallax_layout_list&quot;:[]}\">\n\t\t\t\t\t\t<div class=\"elementor-container elementor-column-gap-default\">\n\t\t\t\t\t<div class=\"elementor-column elementor-col-100 elementor-top-column elementor-element elementor-element-2720808\" data-id=\"2720808\" data-element_type=\"column\" data-e-type=\"column\">\n\t\t\t<div class=\"elementor-widget-wrap elementor-element-populated\">\n\t\t\t\t\t\t<div class=\"elementor-element elementor-element-778c93d elementor-widget elementor-widget-heading\" data-id=\"778c93d\" data-element_type=\"widget\" data-e-type=\"widget\" data-widget_type=\"heading.default\">\n\t\t\t\t<div class=\"elementor-widget-container\">\n\t\t\t\t\t<h1 class=\"elementor-heading-title elementor-size-default\">Solicitud o renovaci\u00f3n de la certificaci\u00f3n de profesor de BOMA-USA\n\n<\/h1>\t\t\t\t<\/div>\n\t\t\t\t<\/div>\n\t\t\t\t<section class=\"elementor-section elementor-inner-section elementor-element elementor-element-0df7316 elementor-section-boxed elementor-section-height-default elementor-section-height-default\" data-id=\"0df7316\" data-element_type=\"section\" data-e-type=\"section\" data-settings=\"{&quot;jet_parallax_layout_list&quot;:[]}\">\n\t\t\t\t\t\t<div class=\"elementor-container elementor-column-gap-default\">\n\t\t\t\t\t<div class=\"elementor-column elementor-col-50 elementor-inner-column elementor-element elementor-element-f177f79\" data-id=\"f177f79\" data-element_type=\"column\" data-e-type=\"column\">\n\t\t\t<div class=\"elementor-widget-wrap elementor-element-populated\">\n\t\t\t\t\t\t<div class=\"elementor-element elementor-element-c4ca8a8 elementor-widget elementor-widget-text-editor\" data-id=\"c4ca8a8\" data-element_type=\"widget\" data-e-type=\"widget\" data-widget_type=\"text-editor.default\">\n\t\t\t\t<div class=\"elementor-widget-container\">\n\t\t\t\t\t\t\t\t\t<div class=\"paragraph\">Hay un nuevo proceso para renovar la certificaci\u00f3n. Los profesores de BOMA-USA deben actualizar su certificaci\u00f3n cada a\u00f1o cuando renuevan su afiliaci\u00f3n a BOMA-USA. Una vez que est\u00e9s registrado en el sistema, recibir\u00e1s un correo electr\u00f3nico recordatorio para renovar tu membres\u00eda y actualizar tu certificaci\u00f3n antes de que expire en tu aniversario anual.  El costo de la certificaci\u00f3n est\u00e1 incluido en tu membres\u00eda.<\/div><div class=\"paragraph\">\u00a0<\/div><div class=\"paragraph\">NOTA: HAGA CLIC EN EL BOT\u00d3N CORRESPONDIENTE DE LA DERECHA.  SI A\u00daN NO ES MIEMBRO, HAGA CLIC EN EL BOT\u00d3N \"SOLICITAR\". DESPU\u00c9S DE SER REDIRIGIDO, DEBER\u00c1 HACER CLIC EN \"REGISTRARSE\" PARA CONVERTIRSE EN MIEMBRO.<\/div>\t\t\t\t\t\t\t\t<\/div>\n\t\t\t\t<\/div>\n\t\t\t\t\t<\/div>\n\t\t<\/div>\n\t\t\t\t<div class=\"elementor-column elementor-col-50 elementor-inner-column elementor-element elementor-element-c2fbf0c\" data-id=\"c2fbf0c\" data-element_type=\"column\" data-e-type=\"column\">\n\t\t\t<div class=\"elementor-widget-wrap elementor-element-populated\">\n\t\t\t\t\t\t<div class=\"elementor-element elementor-element-12de494 elementor-widget-mobile__width-inherit elementor-widget elementor-widget-eael-creative-button\" data-id=\"12de494\" data-element_type=\"widget\" data-e-type=\"widget\" data-widget_type=\"eael-creative-button.default\">\n\t\t\t\t<div class=\"elementor-widget-container\">\n\t\t\t\t\t        <div class=\"eael-creative-button-wrapper\">\n\n            <a class=\"eael-creative-button eael-creative-button--default\" href=\"https:\/\/boma-usa.org\/es\/register\/\" target=\"_blank\" data-text=\"Go!\">\n            \t    \n                <div class=\"creative-button-inner\">\n\n                    \n                    <span class=\"cretive-button-text\">SOLICITAR LA CERTIFICACI\u00d3N<\/span>\n\n                                    <\/div>\n\t                        <\/a>\n        <\/div>\n        \t\t\t\t<\/div>\n\t\t\t\t<\/div>\n\t\t\t\t<div class=\"elementor-element elementor-element-24155fb elementor-widget elementor-widget-spacer\" data-id=\"24155fb\" data-element_type=\"widget\" data-e-type=\"widget\" data-widget_type=\"spacer.default\">\n\t\t\t\t<div class=\"elementor-widget-container\">\n\t\t\t\t\t\t\t<div class=\"elementor-spacer\">\n\t\t\t<div class=\"elementor-spacer-inner\"><\/div>\n\t\t<\/div>\n\t\t\t\t\t\t<\/div>\n\t\t\t\t<\/div>\n\t\t\t\t<div class=\"elementor-element elementor-element-b3bd421 elementor-widget-mobile__width-inherit elementor-widget elementor-widget-eael-creative-button\" data-id=\"b3bd421\" data-element_type=\"widget\" data-e-type=\"widget\" data-widget_type=\"eael-creative-button.default\">\n\t\t\t\t<div class=\"elementor-widget-container\">\n\t\t\t\t\t        <div class=\"eael-creative-button-wrapper\">\n\n            <a class=\"eael-creative-button eael-creative-button--default\" href=\"https:\/\/boma-usa.org\/es\/subscribe\/\" target=\"_blank\" data-text=\"Go!\">\n            \t    \n                <div class=\"creative-button-inner\">\n\n                    \n                    <span class=\"cretive-button-text\">RENOVAR O ACTUALIZAR LA CERTIFICACI\u00d3N<\/span>\n\n                                    <\/div>\n\t                        <\/a>\n        <\/div>\n        \t\t\t\t<\/div>\n\t\t\t\t<\/div>\n\t\t\t\t\t<\/div>\n\t\t<\/div>\n\t\t\t\t\t<\/div>\n\t\t<\/section>\n\t\t\t\t\t<\/div>\n\t\t<\/div>\n\t\t\t\t\t<\/div>\n\t\t<\/section>\n\t\t\t\t<section class=\"elementor-section elementor-top-section elementor-element elementor-element-8e9f491 elementor-section-boxed elementor-section-height-default elementor-section-height-default\" data-id=\"8e9f491\" data-element_type=\"section\" data-e-type=\"section\" data-settings=\"{&quot;jet_parallax_layout_list&quot;:[]}\">\n\t\t\t\t\t\t<div class=\"elementor-container elementor-column-gap-default\">\n\t\t\t\t\t<div class=\"elementor-column elementor-col-100 elementor-top-column elementor-element elementor-element-ee1036e\" data-id=\"ee1036e\" data-element_type=\"column\" data-e-type=\"column\">\n\t\t\t<div class=\"elementor-widget-wrap elementor-element-populated\">\n\t\t\t\t\t\t<div class=\"elementor-element elementor-element-c0f4993 elementor-widget elementor-widget-text-editor\" data-id=\"c0f4993\" data-element_type=\"widget\" data-e-type=\"widget\" data-widget_type=\"text-editor.default\">\n\t\t\t\t<div class=\"elementor-widget-container\">\n\t\t\t\t\t\t\t\t\t<div class=\"paragraph\"><p><b>Para la Renovaci\u00f3n de la Certificaci\u00f3n, el Profesor debe: <br \/><\/b><\/p><ul><li>Ser miembro de BOMA-USA<\/li><li>Solicitar una suscripci\u00f3n de profesor certificado despu\u00e9s de renovar la afiliaci\u00f3n y, a continuaci\u00f3n, rellenar la encuesta para la Renovaci\u00f3n de la Certificaci\u00f3n de Profesor<\/li><li>Haber ense\u00f1ado y realizado el seguimiento de al menos 10 clientes\/parejas durante los \u00faltimos 3 a\u00f1os.<\/li><li>Cumplir con una de las siguientes opciones en los \u00faltimos 3 a\u00f1os: (El Curso de Extensi\u00f3n BOMA es la opci\u00f3n preferida para todos los Profesores).<\/li><\/ul><ol><li>Asista a un curso de extensi\u00f3n de BOMA-USA<\/li><li>Asistir a un curso de formaci\u00f3n de profesores de BOMA-USA<\/li><li>Asistir a una conferencia de BOMA-USA o WOOMB<\/li><li>Asistir a un Programa de Educaci\u00f3n Continua\/Webinar aprobado por BOMA-USA (M\u00ednimo 10 Horas de Contacto)<\/li><li>Impartir una Formaci\u00f3n de Profesores, Supervisar a Profesores en Pr\u00e1cticas o ense\u00f1ar de cualquier otro modo contenidos aprobados del M\u00e9todo de la Ovulaci\u00f3n Billings. <\/li><\/ol><\/div>\t\t\t\t\t\t\t\t<\/div>\n\t\t\t\t<\/div>\n\t\t\t\t\t<\/div>\n\t\t<\/div>\n\t\t\t\t\t<\/div>\n\t\t<\/section>\n\t\t\t\t<\/div>","protected":false},"excerpt":{"rendered":"<p>Apoye a BOMA Solicitud o Renovaci\u00f3n de la Certificaci\u00f3n de Profesor de BOMA-USA Hay un nuevo proceso para renovar la certificaci\u00f3n. Los Profesores de BOMA-USA deben actualizar su Certificaci\u00f3n cada a\u00f1o cuando renuevan su afiliaci\u00f3n a BOMA-USA. Una vez que est\u00e9s registrado en el sistema, recibir\u00e1s un correo electr\u00f3nico recordatorio para renovar tu membres\u00eda y actualizar tu certificaci\u00f3n antes de que expire el [...]<\/p>","protected":false},"author":197,"featured_media":0,"parent":0,"menu_order":0,"comment_status":"closed","ping_status":"closed","template":"","meta":{"_acf_changed":false,"footnotes":""},"class_list":["post-8908","page","type-page","status-publish","hentry"],"acf":[],"_links":{"self":[{"href":"https:\/\/boma-usa.org\/es\/wp-json\/wp\/v2\/pages\/8908","targetHints":{"allow":["GET"]}}],"collection":[{"href":"https:\/\/boma-usa.org\/es\/wp-json\/wp\/v2\/pages"}],"about":[{"href":"https:\/\/boma-usa.org\/es\/wp-json\/wp\/v2\/types\/page"}],"author":[{"embeddable":true,"href":"https:\/\/boma-usa.org\/es\/wp-json\/wp\/v2\/users\/197"}],"replies":[{"embeddable":true,"href":"https:\/\/boma-usa.org\/es\/wp-json\/wp\/v2\/comments?post=8908"}],"version-history":[{"count":0,"href":"https:\/\/boma-usa.org\/es\/wp-json\/wp\/v2\/pages\/8908\/revisions"}],"wp:attachment":[{"href":"https:\/\/boma-usa.org\/es\/wp-json\/wp\/v2\/media?parent=8908"}],"curies":[{"name":"wp","href":"https:\/\/api.w.org\/{rel}","templated":true}]}}