{"id":8881,"date":"2023-02-01T12:21:42","date_gmt":"2023-02-01T18:21:42","guid":{"rendered":"https:\/\/events.boma-usa.org\/?page_id=8881"},"modified":"2025-01-02T13:16:23","modified_gmt":"2025-01-02T19:16:23","slug":"extension-course","status":"publish","type":"page","link":"https:\/\/boma-usa.org\/es\/extension-course\/","title":{"rendered":"Curso de extensi\u00f3n"},"content":{"rendered":"<div data-elementor-type=\"wp-page\" data-elementor-id=\"8881\" class=\"elementor elementor-8881\" data-elementor-post-type=\"page\">\n\t\t\t\t\t\t<section class=\"elementor-section elementor-top-section elementor-element elementor-element-5c1fef9 elementor-section-height-min-height elementor-section-stretched elementor-section-boxed elementor-section-height-default elementor-section-items-middle\" data-id=\"5c1fef9\" data-element_type=\"section\" data-e-type=\"section\" data-settings=\"{&quot;stretch_section&quot;:&quot;section-stretched&quot;,&quot;jet_parallax_layout_list&quot;:[],&quot;background_background&quot;:&quot;classic&quot;}\">\n\t\t\t\t\t\t<div class=\"elementor-container elementor-column-gap-default\">\n\t\t\t\t\t<div class=\"elementor-column elementor-col-100 elementor-top-column elementor-element elementor-element-c549b3f\" data-id=\"c549b3f\" data-element_type=\"column\" data-e-type=\"column\">\n\t\t\t<div class=\"elementor-widget-wrap elementor-element-populated\">\n\t\t\t\t\t\t<div class=\"elementor-element elementor-element-a0aa0c1 elementor-hidden-desktop elementor-hidden-tablet elementor-hidden-mobile elementor-widget elementor-widget-global elementor-global-10700 elementor-widget-eael-creative-button\" data-id=\"a0aa0c1\" data-element_type=\"widget\" data-e-type=\"widget\" data-widget_type=\"eael-creative-button.default\">\n\t\t\t\t<div class=\"elementor-widget-container\">\n\t\t\t\t\t        <div class=\"eael-creative-button-wrapper\">\n\n            <a class=\"eael-creative-button eael-creative-button--default\" href=\"https:\/\/boma-usa.org\/es\/donate\/\" data-text=\"Go!\">\n            \t    \n                <div class=\"creative-button-inner\">\n\n                    \n                    <span class=\"cretive-button-text\">Apoye a BOMA<\/span>\n\n                                    <\/div>\n\t                        <\/a>\n        <\/div>\n        \t\t\t\t<\/div>\n\t\t\t\t<\/div>\n\t\t\t\t\t<\/div>\n\t\t<\/div>\n\t\t\t\t\t<\/div>\n\t\t<\/section>\n\t\t\t\t<section class=\"elementor-section elementor-top-section elementor-element elementor-element-bba8234 elementor-section-boxed elementor-section-height-default elementor-section-height-default\" data-id=\"bba8234\" data-element_type=\"section\" data-e-type=\"section\" data-settings=\"{&quot;jet_parallax_layout_list&quot;:[]}\">\n\t\t\t\t\t\t<div class=\"elementor-container elementor-column-gap-default\">\n\t\t\t\t\t<div class=\"elementor-column elementor-col-100 elementor-top-column elementor-element elementor-element-2720808\" data-id=\"2720808\" data-element_type=\"column\" data-e-type=\"column\">\n\t\t\t<div class=\"elementor-widget-wrap elementor-element-populated\">\n\t\t\t\t\t\t<div class=\"elementor-element elementor-element-778c93d elementor-widget elementor-widget-heading\" data-id=\"778c93d\" data-element_type=\"widget\" data-e-type=\"widget\" data-widget_type=\"heading.default\">\n\t\t\t\t<div class=\"elementor-widget-container\">\n\t\t\t\t\t<h1 class=\"elementor-heading-title elementor-size-default\">Curso de extensi\u00f3n\n<\/h1>\t\t\t\t<\/div>\n\t\t\t\t<\/div>\n\t\t\t\t<div class=\"elementor-element elementor-element-12de494 elementor-widget-mobile__width-inherit elementor-widget elementor-widget-eael-creative-button\" data-id=\"12de494\" data-element_type=\"widget\" data-e-type=\"widget\" data-widget_type=\"eael-creative-button.default\">\n\t\t\t\t<div class=\"elementor-widget-container\">\n\t\t\t\t\t        <div class=\"eael-creative-button-wrapper\">\n\n            <a class=\"eael-creative-button eael-creative-button--default\" href=\"\/es\/spanish-extension-course\/\" target=\"_blank\" data-text=\"Go!\">\n            \t    \n                <div class=\"creative-button-inner\">\n\n                    \n                    <span class=\"cretive-button-text\">VERSI\u00d3N EN ESPA\u00d1OL DE ESTA P\u00c1GINA<\/span>\n\n                                    <\/div>\n\t                        <\/a>\n        <\/div>\n        \t\t\t\t<\/div>\n\t\t\t\t<\/div>\n\t\t\t\t<div class=\"elementor-element elementor-element-0aad2ab elementor-widget elementor-widget-heading\" data-id=\"0aad2ab\" data-element_type=\"widget\" data-e-type=\"widget\" data-widget_type=\"heading.default\">\n\t\t\t\t<div class=\"elementor-widget-container\">\n\t\t\t\t\t<h1 class=\"elementor-heading-title elementor-size-default\">Nuestro Curso de Extensi\u00f3n del M\u00e9todo de la Ovulaci\u00f3n Billings\u00ae ofrece a los profesores la oportunidad de ampliar sus conocimientos aprovechando su experiencia docente para identificar lo que revela cada gr\u00e1fico.<\/h1>\t\t\t\t<\/div>\n\t\t\t\t<\/div>\n\t\t\t\t<div class=\"elementor-element elementor-element-de26f14 elementor-widget__width-initial elementor-widget elementor-widget-text-editor\" data-id=\"de26f14\" data-element_type=\"widget\" data-e-type=\"widget\" data-widget_type=\"text-editor.default\">\n\t\t\t\t<div class=\"elementor-widget-container\">\n\t\t\t\t\t\t\t\t\t<div class=\"paragraph\"><p>Nuestro pr\u00f3ximo Curso de Extensi\u00f3n en Ingl\u00e9s:<br \/>Por determinar<\/p><p><strong>Coste: $500 por persona, $350 por persona si se repite el curso. <br \/><\/strong><\/p><p>\u00a0<\/p><\/div>\t\t\t\t\t\t\t\t<\/div>\n\t\t\t\t<\/div>\n\t\t\t\t<div class=\"elementor-element elementor-element-f5dbf81 elementor-widget-mobile__width-inherit elementor-widget elementor-widget-eael-creative-button\" data-id=\"f5dbf81\" data-element_type=\"widget\" data-e-type=\"widget\" data-widget_type=\"eael-creative-button.default\">\n\t\t\t\t<div class=\"elementor-widget-container\">\n\t\t\t\t\t        <div class=\"eael-creative-button-wrapper\">\n\n            <a class=\"eael-creative-button eael-creative-button--default\" href=\"https:\/\/boma-usa.org\/es\/boma-usabo-in-person-trainings-november-2022-conference\/\" target=\"_blank\" data-text=\"Go!\">\n            \t    \n                <div class=\"creative-button-inner\">\n\n                    \n                    <span class=\"cretive-button-text\">PARA INSCRIBIRSE<\/span>\n\n                                    <\/div>\n\t                        <\/a>\n        <\/div>\n        \t\t\t\t<\/div>\n\t\t\t\t<\/div>\n\t\t\t\t\t<\/div>\n\t\t<\/div>\n\t\t\t\t\t<\/div>\n\t\t<\/section>\n\t\t\t\t<section class=\"elementor-section elementor-top-section elementor-element elementor-element-8e9f491 elementor-section-boxed elementor-section-height-default elementor-section-height-default\" data-id=\"8e9f491\" data-element_type=\"section\" data-e-type=\"section\" data-settings=\"{&quot;jet_parallax_layout_list&quot;:[]}\">\n\t\t\t\t\t\t<div class=\"elementor-container elementor-column-gap-default\">\n\t\t\t\t\t<div class=\"elementor-column elementor-col-100 elementor-top-column elementor-element elementor-element-ee1036e\" data-id=\"ee1036e\" data-element_type=\"column\" data-e-type=\"column\">\n\t\t\t<div class=\"elementor-widget-wrap elementor-element-populated\">\n\t\t\t\t\t\t<div class=\"elementor-element elementor-element-c0f4993 elementor-widget elementor-widget-text-editor\" data-id=\"c0f4993\" data-element_type=\"widget\" data-e-type=\"widget\" data-widget_type=\"text-editor.default\">\n\t\t\t\t<div class=\"elementor-widget-container\">\n\t\t\t\t\t\t\t\t\t<div class=\"paragraph\"><p><b>Requisitos previos:<\/b><\/p><p>Haber completado el curso de formaci\u00f3n de profesores y la certificaci\u00f3n o haber completado el curso de formaci\u00f3n de profesores y una gran parte de las pr\u00e1cticas supervisadas.<\/p><p>Este curso cumple el requisito de formaci\u00f3n continua para la recertificaci\u00f3n (obligatoria cada 3 a\u00f1os).<\/p><p><b>Objetivos:<\/b><\/p><p>Los profesores aprender\u00e1n:<\/p><ul><li>Nunca hacer suposiciones<\/li><li>Formular las preguntas adecuadas durante la revisi\u00f3n de los historiales<\/li><li>Identificar los niveles hormonales probables y la respuesta cervical al revisar los historiales.<\/li><li>Identificar un Patr\u00f3n B\u00e1sico Inf\u00e9rtil (PBI) en los gr\u00e1ficos, especialmente cuando se retrasa la ovulaci\u00f3n y cuando no hay respuesta cervical al aumento de los niveles hormonales.<\/li><li>Identificar un Pico s\u00f3lo cuando se den los criterios necesarios<\/li><li>Comprender el continuo de la actividad ov\u00e1rica<\/li><li>Identificar la necesidad de derivaci\u00f3n para investigaci\u00f3n m\u00e9dica cuando se observen anomal\u00edas en la gr\u00e1fica del M\u00e9todo de la Ovulaci\u00f3n Billings\u00ae.<\/li><\/ul><p><b>Este programa se divide en cuatro \u00e1reas espec\u00edficas.<br \/><\/b>Comienza con una revisi\u00f3n de la ciencia y la metodolog\u00eda para asegurar que se comprenden claramente los fundamentos del M\u00e9todo de la Ovulaci\u00f3n Billings\u00ae. Todos los profesores experimentados se han enfrentado a gr\u00e1ficos que presentan desaf\u00edos. Este programa pretende identificar las razones por las que esto puede ser as\u00ed:<\/p><ul><li>\u00bfRefleja su historial lo que ocurre realmente con su fertilidad e infertilidad?<\/li><li>\u00bfEs su gr\u00e1fico un reflejo exacto de su etapa vital?<\/li><li>\u00bfRefleja su historial alg\u00fan problema m\u00e9dico subyacente?<\/li><\/ul><\/div>\t\t\t\t\t\t\t\t<\/div>\n\t\t\t\t<\/div>\n\t\t\t\t\t<\/div>\n\t\t<\/div>\n\t\t\t\t\t<\/div>\n\t\t<\/section>\n\t\t\t\t<section class=\"elementor-section elementor-top-section elementor-element elementor-element-de23418 elementor-section-boxed elementor-section-height-default elementor-section-height-default\" data-id=\"de23418\" data-element_type=\"section\" data-e-type=\"section\" data-settings=\"{&quot;jet_parallax_layout_list&quot;:[]}\">\n\t\t\t\t\t\t<div class=\"elementor-container elementor-column-gap-default\">\n\t\t\t\t\t<div class=\"elementor-column elementor-col-100 elementor-top-column elementor-element elementor-element-ca69502\" data-id=\"ca69502\" data-element_type=\"column\" data-e-type=\"column\">\n\t\t\t<div class=\"elementor-widget-wrap elementor-element-populated\">\n\t\t\t\t\t\t<div class=\"elementor-element elementor-element-97bd962 elementor-widget-divider--view-line elementor-widget elementor-widget-divider\" data-id=\"97bd962\" data-element_type=\"widget\" data-e-type=\"widget\" data-widget_type=\"divider.default\">\n\t\t\t\t<div class=\"elementor-widget-container\">\n\t\t\t\t\t\t\t<div class=\"elementor-divider\">\n\t\t\t<span class=\"elementor-divider-separator\">\n\t\t\t\t\t\t<\/span>\n\t\t<\/div>\n\t\t\t\t\t\t<\/div>\n\t\t\t\t<\/div>\n\t\t\t\t<div class=\"elementor-element elementor-element-8440103 elementor-widget elementor-widget-heading\" data-id=\"8440103\" data-element_type=\"widget\" data-e-type=\"widget\" data-widget_type=\"heading.default\">\n\t\t\t\t<div class=\"elementor-widget-container\">\n\t\t\t\t\t<h1 class=\"elementor-heading-title elementor-size-default\">La base de este curso es el Continuo de la Actividad Ov\u00e1rica desde la Menarquia hasta la Menopausia\nel trabajo de toda una vida del Profesor Em\u00e9rito James B Brown <\/h1>\t\t\t\t<\/div>\n\t\t\t\t<\/div>\n\t\t\t\t<div class=\"elementor-element elementor-element-d0f3f6a elementor-widget-mobile__width-inherit elementor-widget elementor-widget-eael-creative-button\" data-id=\"d0f3f6a\" data-element_type=\"widget\" data-e-type=\"widget\" data-widget_type=\"eael-creative-button.default\">\n\t\t\t\t<div class=\"elementor-widget-container\">\n\t\t\t\t\t        <div class=\"eael-creative-button-wrapper\">\n\n            <a class=\"eael-creative-button eael-creative-button--default\" href=\"http:\/\/humupd.oxfordjournals.org\/content\/early\/2010\/10\/05\/humupd.dmq040.full\" target=\"_blank\" data-text=\"Go!\">\n            \t    \n                <div class=\"creative-button-inner\">\n\n                    \n                    <span class=\"cretive-button-text\">LEER M\u00c1S.....<\/span>\n\n                                    <\/div>\n\t                        <\/a>\n        <\/div>\n        \t\t\t\t<\/div>\n\t\t\t\t<\/div>\n\t\t\t\t\t<\/div>\n\t\t<\/div>\n\t\t\t\t\t<\/div>\n\t\t<\/section>\n\t\t\t\t<\/div>","protected":false},"excerpt":{"rendered":"<p>Apoyo al Curso de Extensi\u00f3n del BOMA VERSION EN ESPA\u00d1OL DE ESTA PAGINA Nuestro Curso de Extensi\u00f3n del M\u00e9todo de la Ovulaci\u00f3n Billings\u00ae ofrece a los profesores la oportunidad de ampliar sus conocimientos aprovechando su experiencia docente para identificar lo que cada gr\u00e1fico est\u00e1 revelando. Nuestro pr\u00f3ximo Curso de Extensi\u00f3n en Ingl\u00e9s:Por determinar Costo: $500 por persona, $350 por persona si repite el curso. [...]<\/p>","protected":false},"author":197,"featured_media":0,"parent":0,"menu_order":0,"comment_status":"closed","ping_status":"closed","template":"","meta":{"_acf_changed":false,"footnotes":""},"class_list":["post-8881","page","type-page","status-publish","hentry"],"acf":[],"_links":{"self":[{"href":"https:\/\/boma-usa.org\/es\/wp-json\/wp\/v2\/pages\/8881","targetHints":{"allow":["GET"]}}],"collection":[{"href":"https:\/\/boma-usa.org\/es\/wp-json\/wp\/v2\/pages"}],"about":[{"href":"https:\/\/boma-usa.org\/es\/wp-json\/wp\/v2\/types\/page"}],"author":[{"embeddable":true,"href":"https:\/\/boma-usa.org\/es\/wp-json\/wp\/v2\/users\/197"}],"replies":[{"embeddable":true,"href":"https:\/\/boma-usa.org\/es\/wp-json\/wp\/v2\/comments?post=8881"}],"version-history":[{"count":6,"href":"https:\/\/boma-usa.org\/es\/wp-json\/wp\/v2\/pages\/8881\/revisions"}],"predecessor-version":[{"id":22566,"href":"https:\/\/boma-usa.org\/es\/wp-json\/wp\/v2\/pages\/8881\/revisions\/22566"}],"wp:attachment":[{"href":"https:\/\/boma-usa.org\/es\/wp-json\/wp\/v2\/media?parent=8881"}],"curies":[{"name":"wp","href":"https:\/\/api.w.org\/{rel}","templated":true}]}}