{"id":8820,"date":"2023-02-01T10:46:22","date_gmt":"2023-02-01T16:46:22","guid":{"rendered":"https:\/\/events.boma-usa.org\/?page_id=8820"},"modified":"2025-11-23T20:32:20","modified_gmt":"2025-11-24T02:32:20","slug":"charting-apps","status":"publish","type":"page","link":"https:\/\/boma-usa.org\/es\/charting-apps\/","title":{"rendered":"APPS de gr\u00e1ficos"},"content":{"rendered":"<div data-elementor-type=\"wp-page\" data-elementor-id=\"8820\" class=\"elementor elementor-8820\" data-elementor-post-type=\"page\">\n\t\t\t\t\t\t<section class=\"elementor-section elementor-top-section elementor-element elementor-element-a448b2b elementor-section-height-min-height elementor-section-stretched elementor-section-boxed elementor-section-height-default elementor-section-items-middle\" data-id=\"a448b2b\" data-element_type=\"section\" data-e-type=\"section\" data-settings=\"{&quot;stretch_section&quot;:&quot;section-stretched&quot;,&quot;jet_parallax_layout_list&quot;:[],&quot;background_background&quot;:&quot;classic&quot;}\">\n\t\t\t\t\t\t<div class=\"elementor-container elementor-column-gap-default\">\n\t\t\t\t\t<div class=\"elementor-column elementor-col-100 elementor-top-column elementor-element elementor-element-32c06ca\" data-id=\"32c06ca\" data-element_type=\"column\" data-e-type=\"column\">\n\t\t\t<div class=\"elementor-widget-wrap elementor-element-populated\">\n\t\t\t\t\t\t<div class=\"elementor-element elementor-element-f93fe57 elementor-hidden-desktop elementor-hidden-tablet elementor-hidden-mobile elementor-widget elementor-widget-global elementor-global-10700 elementor-widget-eael-creative-button\" data-id=\"f93fe57\" data-element_type=\"widget\" data-e-type=\"widget\" data-widget_type=\"eael-creative-button.default\">\n\t\t\t\t<div class=\"elementor-widget-container\">\n\t\t\t\t\t        <div class=\"eael-creative-button-wrapper\">\n\n            <a class=\"eael-creative-button eael-creative-button--default\" href=\"https:\/\/boma-usa.org\/es\/donate\/\" data-text=\"Go!\">\n            \t    \n                <div class=\"creative-button-inner\">\n\n                    \n                    <span class=\"cretive-button-text\">Apoye a BOMA<\/span>\n\n                                    <\/div>\n\t                        <\/a>\n        <\/div>\n        \t\t\t\t<\/div>\n\t\t\t\t<\/div>\n\t\t\t\t\t<\/div>\n\t\t<\/div>\n\t\t\t\t\t<\/div>\n\t\t<\/section>\n\t\t\t\t<section class=\"elementor-section elementor-top-section elementor-element elementor-element-162f703 elementor-section-boxed elementor-section-height-default elementor-section-height-default\" data-id=\"162f703\" data-element_type=\"section\" data-e-type=\"section\" data-settings=\"{&quot;jet_parallax_layout_list&quot;:[]}\">\n\t\t\t\t\t\t<div class=\"elementor-container elementor-column-gap-default\">\n\t\t\t\t\t<div class=\"elementor-column elementor-col-100 elementor-top-column elementor-element elementor-element-fd44768\" data-id=\"fd44768\" data-element_type=\"column\" data-e-type=\"column\">\n\t\t\t<div class=\"elementor-widget-wrap elementor-element-populated\">\n\t\t\t\t\t\t<div class=\"elementor-element elementor-element-cecaba4 elementor-widget elementor-widget-heading\" data-id=\"cecaba4\" data-element_type=\"widget\" data-e-type=\"widget\" data-widget_type=\"heading.default\">\n\t\t\t\t<div class=\"elementor-widget-container\">\n\t\t\t\t\t<h1 class=\"elementor-heading-title elementor-size-default\">APPS de gr\u00e1ficos\n<\/h1>\t\t\t\t<\/div>\n\t\t\t\t<\/div>\n\t\t\t\t<div class=\"elementor-element elementor-element-e6b9e9c elementor-widget__width-initial elementor-widget elementor-widget-heading\" data-id=\"e6b9e9c\" data-element_type=\"widget\" data-e-type=\"widget\" data-widget_type=\"heading.default\">\n\t\t\t\t<div class=\"elementor-widget-container\">\n\t\t\t\t\t<h1 class=\"elementor-heading-title elementor-size-default\">Para las parejas que prefieren utilizar APPS para su uso en un iPhone, Android o iPad,\n\u00a1aqu\u00ed ten\u00e9is algunas opciones!<\/h1>\t\t\t\t<\/div>\n\t\t\t\t<\/div>\n\t\t\t\t<div class=\"elementor-element elementor-element-7de0d89 elementor-widget__width-initial elementor-widget elementor-widget-text-editor\" data-id=\"7de0d89\" data-element_type=\"widget\" data-e-type=\"widget\" data-widget_type=\"text-editor.default\">\n\t\t\t\t<div class=\"elementor-widget-container\">\n\t\t\t\t\t\t\t\t\t<div class=\"paragraph\">BOMA-USA recomienda las siguientes Apps aprobadas por Woomb international para su uso con el M\u00e9todo de la Ovulaci\u00f3n Billings\u00ae.<\/div>\t\t\t\t\t\t\t\t<\/div>\n\t\t\t\t<\/div>\n\t\t\t\t\t<\/div>\n\t\t<\/div>\n\t\t\t\t\t<\/div>\n\t\t<\/section>\n\t\t\t\t<section class=\"elementor-section elementor-top-section elementor-element elementor-element-be4f66d elementor-section-boxed elementor-section-height-default elementor-section-height-default\" data-id=\"be4f66d\" data-element_type=\"section\" data-e-type=\"section\" data-settings=\"{&quot;jet_parallax_layout_list&quot;:[]}\">\n\t\t\t\t\t\t<div class=\"elementor-container elementor-column-gap-default\">\n\t\t\t\t\t<div class=\"elementor-column elementor-col-50 elementor-top-column elementor-element elementor-element-4f576a2\" data-id=\"4f576a2\" data-element_type=\"column\" data-e-type=\"column\">\n\t\t\t<div class=\"elementor-widget-wrap elementor-element-populated\">\n\t\t\t\t\t\t<div class=\"elementor-element elementor-element-74fe71b elementor-widget elementor-widget-image\" data-id=\"74fe71b\" data-element_type=\"widget\" data-e-type=\"widget\" data-widget_type=\"image.default\">\n\t\t\t\t<div class=\"elementor-widget-container\">\n\t\t\t\t\t\t\t\t\t\t\t\t\t\t\t\t<a href=\"https:\/\/www.nfpcharting.com\/index.php\" target=\"_blank\">\n\t\t\t\t\t\t\t<img fetchpriority=\"high\" decoding=\"async\" width=\"500\" height=\"103\" src=\"https:\/\/boma-usa.org\/wp-content\/uploads\/2023\/02\/nfpcharting_orig.png\" class=\"attachment-large size-large wp-image-8822\" alt=\"\" srcset=\"https:\/\/boma-usa.org\/wp-content\/uploads\/2023\/02\/nfpcharting_orig.png 500w, https:\/\/boma-usa.org\/wp-content\/uploads\/2023\/02\/nfpcharting_orig-447x92.png 447w, https:\/\/boma-usa.org\/wp-content\/uploads\/2023\/02\/nfpcharting_orig-300x62.png 300w\" sizes=\"(max-width: 500px) 100vw, 500px\" \/>\t\t\t\t\t\t\t\t<\/a>\n\t\t\t\t\t\t\t\t\t\t\t\t\t\t\t<\/div>\n\t\t\t\t<\/div>\n\t\t\t\t\t<\/div>\n\t\t<\/div>\n\t\t\t\t<div class=\"elementor-column elementor-col-50 elementor-top-column elementor-element elementor-element-9d8b82a\" data-id=\"9d8b82a\" data-element_type=\"column\" data-e-type=\"column\">\n\t\t\t<div class=\"elementor-widget-wrap elementor-element-populated\">\n\t\t\t\t\t\t<div class=\"elementor-element elementor-element-e16ae34 elementor-widget elementor-widget-text-editor\" data-id=\"e16ae34\" data-element_type=\"widget\" data-e-type=\"widget\" data-widget_type=\"text-editor.default\">\n\t\t\t\t<div class=\"elementor-widget-container\">\n\t\t\t\t\t\t\t\t\t<div class=\"paragraph\"><p><b> BOMA-USA recomienda www.nfpcharting.com<\/b><\/p><div class=\"paragraph\"><p>Esta aplicaci\u00f3n permite acceder a tu profesor para que lo vea con un sistema de mensajer\u00eda para facilitar la tutor\u00eda en l\u00ednea.<\/p><p>El gr\u00e1fico NFP tambi\u00e9n est\u00e1 disponible en espa\u00f1ol y otros idiomas.<\/p><\/div><\/div>\t\t\t\t\t\t\t\t<\/div>\n\t\t\t\t<\/div>\n\t\t\t\t<div class=\"elementor-element elementor-element-fae00f9 elementor-widget-mobile__width-inherit elementor-widget elementor-widget-eael-creative-button\" data-id=\"fae00f9\" data-element_type=\"widget\" data-e-type=\"widget\" data-widget_type=\"eael-creative-button.default\">\n\t\t\t\t<div class=\"elementor-widget-container\">\n\t\t\t\t\t        <div class=\"eael-creative-button-wrapper\">\n\n            <a class=\"eael-creative-button eael-creative-button--default\" href=\"https:\/\/www.nfpcharting.com\/index.php\" target=\"_blank\" data-text=\"Go!\">\n            \t    \n                <div class=\"creative-button-inner\">\n\n                    \n                    <span class=\"cretive-button-text\">VISITE WWW.NFPCHARTING.COM<\/span>\n\n                                    <\/div>\n\t                        <\/a>\n        <\/div>\n        \t\t\t\t<\/div>\n\t\t\t\t<\/div>\n\t\t\t\t\t<\/div>\n\t\t<\/div>\n\t\t\t\t\t<\/div>\n\t\t<\/section>\n\t\t\t\t<section class=\"elementor-section elementor-top-section elementor-element elementor-element-9b2c89d elementor-section-boxed elementor-section-height-default elementor-section-height-default\" data-id=\"9b2c89d\" data-element_type=\"section\" data-e-type=\"section\" data-settings=\"{&quot;jet_parallax_layout_list&quot;:[]}\">\n\t\t\t\t\t\t<div class=\"elementor-container elementor-column-gap-default\">\n\t\t\t\t\t<div class=\"elementor-column elementor-col-100 elementor-top-column elementor-element elementor-element-eafbad9\" data-id=\"eafbad9\" data-element_type=\"column\" data-e-type=\"column\">\n\t\t\t<div class=\"elementor-widget-wrap elementor-element-populated\">\n\t\t\t\t\t\t<div class=\"elementor-element elementor-element-11de2c0 elementor-widget elementor-widget-text-editor\" data-id=\"11de2c0\" data-element_type=\"widget\" data-e-type=\"widget\" data-widget_type=\"text-editor.default\">\n\t\t\t\t<div class=\"elementor-widget-container\">\n\t\t\t\t\t\t\t\t\t<div class=\"paragraph\">Para aquellas parejas que prefieran registrar la fertilidad de la mujer mediante una aplicaci\u00f3n, BOMA-USA recomienda nfpcharting.com, que puede utilizarse en un iPhone, Android, iPad u ordenador personal. En un art\u00edculo publicado por la Junta Estadounidense de Medicina de Familia se la considera la aplicaci\u00f3n de gr\u00e1ficos n\u00famero uno. \u00a0\u00a0<a href=\"https:\/\/www.jabfm.org\/content\/jabfp\/29\/4\/508.full.pdf\" target=\"_blank\" rel=\"noopener\">Ver art\u00edculo<\/a>\u00a0<\/div><div>\u00a0<\/div>\t\t\t\t\t\t\t\t<\/div>\n\t\t\t\t<\/div>\n\t\t\t\t\t<\/div>\n\t\t<\/div>\n\t\t\t\t\t<\/div>\n\t\t<\/section>\n\t\t\t\t<section class=\"elementor-section elementor-top-section elementor-element elementor-element-2e7f4fc elementor-section-boxed elementor-section-height-default elementor-section-height-default\" data-id=\"2e7f4fc\" data-element_type=\"section\" data-e-type=\"section\" data-settings=\"{&quot;jet_parallax_layout_list&quot;:[]}\">\n\t\t\t\t\t\t<div class=\"elementor-container elementor-column-gap-default\">\n\t\t\t\t\t<div class=\"elementor-column elementor-col-50 elementor-top-column elementor-element elementor-element-96731ac\" data-id=\"96731ac\" data-element_type=\"column\" data-e-type=\"column\">\n\t\t\t<div class=\"elementor-widget-wrap elementor-element-populated\">\n\t\t\t\t\t\t<div class=\"elementor-element elementor-element-f43d42b elementor-widget elementor-widget-image\" data-id=\"f43d42b\" data-element_type=\"widget\" data-e-type=\"widget\" data-widget_type=\"image.default\">\n\t\t\t\t<div class=\"elementor-widget-container\">\n\t\t\t\t\t\t\t\t\t\t\t\t\t\t\t\t<a href=\"https:\/\/apps.apple.com\/us\/app\/billingsapptm\/id1435246315\" target=\"_blank\">\n\t\t\t\t\t\t\t<img decoding=\"async\" width=\"800\" height=\"213\" src=\"https:\/\/boma-usa.org\/wp-content\/uploads\/2023\/02\/billings-app_orig.jpg\" class=\"attachment-large size-large wp-image-8823\" alt=\"\" srcset=\"https:\/\/boma-usa.org\/wp-content\/uploads\/2023\/02\/billings-app_orig.jpg 900w, https:\/\/boma-usa.org\/wp-content\/uploads\/2023\/02\/billings-app_orig-600x160.jpg 600w, https:\/\/boma-usa.org\/wp-content\/uploads\/2023\/02\/billings-app_orig-300x80.jpg 300w, https:\/\/boma-usa.org\/wp-content\/uploads\/2023\/02\/billings-app_orig-768x205.jpg 768w\" sizes=\"(max-width: 800px) 100vw, 800px\" \/>\t\t\t\t\t\t\t\t<\/a>\n\t\t\t\t\t\t\t\t\t\t\t\t\t\t\t<\/div>\n\t\t\t\t<\/div>\n\t\t\t\t\t<\/div>\n\t\t<\/div>\n\t\t\t\t<div class=\"elementor-column elementor-col-50 elementor-top-column elementor-element elementor-element-9457451\" data-id=\"9457451\" data-element_type=\"column\" data-e-type=\"column\">\n\t\t\t<div class=\"elementor-widget-wrap elementor-element-populated\">\n\t\t\t\t\t\t<div class=\"elementor-element elementor-element-256f5a7 elementor-widget elementor-widget-text-editor\" data-id=\"256f5a7\" data-element_type=\"widget\" data-e-type=\"widget\" data-widget_type=\"text-editor.default\">\n\t\t\t\t<div class=\"elementor-widget-container\">\n\t\t\t\t\t\t\t\t\t<div class=\"paragraph\"><p><strong>BOMA-USA tambi\u00e9n recomienda la nueva Billings App.<br \/><\/strong><\/p><div class=\"paragraph\"><div class=\"paragraph\"><strong>\u200b<\/strong>Disponible en 5 idiomas y tiene una versi\u00f3n gratuita para que puedas empezar a utilizarla f\u00e1cilmente.  Comparte tu gr\u00e1fico con un Profesor Acreditado o haz que un profesor se ponga en contacto contigo. Haz clic en la imagen de la izquierda para probarlo hoy mismo.<\/div><div>\u00a0<\/div><\/div><\/div>\t\t\t\t\t\t\t\t<\/div>\n\t\t\t\t<\/div>\n\t\t\t\t<div class=\"elementor-element elementor-element-518251c elementor-widget-mobile__width-inherit elementor-widget elementor-widget-eael-creative-button\" data-id=\"518251c\" data-element_type=\"widget\" data-e-type=\"widget\" data-widget_type=\"eael-creative-button.default\">\n\t\t\t\t<div class=\"elementor-widget-container\">\n\t\t\t\t\t        <div class=\"eael-creative-button-wrapper\">\n\n            <a class=\"eael-creative-button eael-creative-button--default\" href=\"https:\/\/apps.apple.com\/us\/app\/billingsapptm\/id1435246315\" target=\"_blank\" data-text=\"Go!\">\n            \t    \n                <div class=\"creative-button-inner\">\n\n                    \n                    <span class=\"cretive-button-text\">APP BILLINGS<\/span>\n\n                                    <\/div>\n\t                        <\/a>\n        <\/div>\n        \t\t\t\t<\/div>\n\t\t\t\t<\/div>\n\t\t\t\t\t<\/div>\n\t\t<\/div>\n\t\t\t\t\t<\/div>\n\t\t<\/section>\n\t\t\t\t<section class=\"elementor-section elementor-top-section elementor-element elementor-element-766fb14 elementor-section-boxed elementor-section-height-default elementor-section-height-default\" data-id=\"766fb14\" data-element_type=\"section\" data-e-type=\"section\" data-settings=\"{&quot;jet_parallax_layout_list&quot;:[]}\">\n\t\t\t\t\t\t<div class=\"elementor-container elementor-column-gap-default\">\n\t\t\t\t\t<div class=\"elementor-column elementor-col-50 elementor-top-column elementor-element elementor-element-0fccc0c\" data-id=\"0fccc0c\" data-element_type=\"column\" data-e-type=\"column\">\n\t\t\t<div class=\"elementor-widget-wrap elementor-element-populated\">\n\t\t\t\t\t\t<div class=\"elementor-element elementor-element-e308f92 elementor-widget elementor-widget-image\" data-id=\"e308f92\" data-element_type=\"widget\" data-e-type=\"widget\" data-widget_type=\"image.default\">\n\t\t\t\t<div class=\"elementor-widget-container\">\n\t\t\t\t\t\t\t\t\t\t\t\t\t\t\t<img decoding=\"async\" width=\"400\" height=\"153\" src=\"https:\/\/boma-usa.org\/wp-content\/uploads\/2023\/02\/fertilitypinpoint_1_orig.png\" class=\"attachment-large size-large wp-image-8827\" alt=\"\" srcset=\"https:\/\/boma-usa.org\/wp-content\/uploads\/2023\/02\/fertilitypinpoint_1_orig.png 400w, https:\/\/boma-usa.org\/wp-content\/uploads\/2023\/02\/fertilitypinpoint_1_orig-300x115.png 300w\" sizes=\"(max-width: 400px) 100vw, 400px\" \/>\t\t\t\t\t\t\t\t\t\t\t\t\t\t\t<\/div>\n\t\t\t\t<\/div>\n\t\t\t\t\t<\/div>\n\t\t<\/div>\n\t\t\t\t<div class=\"elementor-column elementor-col-50 elementor-top-column elementor-element elementor-element-cd2aefd\" data-id=\"cd2aefd\" data-element_type=\"column\" data-e-type=\"column\">\n\t\t\t<div class=\"elementor-widget-wrap elementor-element-populated\">\n\t\t\t\t\t\t<div class=\"elementor-element elementor-element-09abac0 elementor-widget elementor-widget-text-editor\" data-id=\"09abac0\" data-element_type=\"widget\" data-e-type=\"widget\" data-widget_type=\"text-editor.default\">\n\t\t\t\t<div class=\"elementor-widget-container\">\n\t\t\t\t\t\t\t\t\t<div class=\"paragraph\"><p><strong>Otro sistema de gr\u00e1ficos en l\u00ednea muy valorado desarrollado por WOOMB es Fertility Pinpoint\u2122.<br \/><\/strong><\/p><div class=\"paragraph\"><div class=\"paragraph\">Otro sistema de gr\u00e1ficos en l\u00ednea muy valorado desarrollado por WOOMB es Fertility Pinpoint\u2122.<\/div><div>\u00a0<\/div><\/div><\/div>\t\t\t\t\t\t\t\t<\/div>\n\t\t\t\t<\/div>\n\t\t\t\t<div class=\"elementor-element elementor-element-9a5fa2e elementor-widget-mobile__width-inherit elementor-widget elementor-widget-eael-creative-button\" data-id=\"9a5fa2e\" data-element_type=\"widget\" data-e-type=\"widget\" data-widget_type=\"eael-creative-button.default\">\n\t\t\t\t<div class=\"elementor-widget-container\">\n\t\t\t\t\t        <div class=\"eael-creative-button-wrapper\">\n\n            <a class=\"eael-creative-button eael-creative-button--default\" href=\"https:\/\/www.fertilitypinpoint.com\/\" target=\"_blank\" data-text=\"Go!\">\n            \t    \n                <div class=\"creative-button-inner\">\n\n                    \n                    <span class=\"cretive-button-text\">VISITE WWW.FERTILITYPINPOINT.COM<\/span>\n\n                                    <\/div>\n\t                        <\/a>\n        <\/div>\n        \t\t\t\t<\/div>\n\t\t\t\t<\/div>\n\t\t\t\t\t<\/div>\n\t\t<\/div>\n\t\t\t\t\t<\/div>\n\t\t<\/section>\n\t\t\t\t<section class=\"elementor-section elementor-top-section elementor-element elementor-element-8c7a636 elementor-section-boxed elementor-section-height-default elementor-section-height-default\" data-id=\"8c7a636\" data-element_type=\"section\" data-e-type=\"section\" data-settings=\"{&quot;jet_parallax_layout_list&quot;:[]}\">\n\t\t\t\t\t\t<div class=\"elementor-container elementor-column-gap-default\">\n\t\t\t\t\t<div class=\"elementor-column elementor-col-100 elementor-top-column elementor-element elementor-element-9ba8e2f\" data-id=\"9ba8e2f\" data-element_type=\"column\" data-e-type=\"column\">\n\t\t\t<div class=\"elementor-widget-wrap elementor-element-populated\">\n\t\t\t\t\t\t<div class=\"elementor-element elementor-element-75cedcc elementor-widget elementor-widget-text-editor\" data-id=\"75cedcc\" data-element_type=\"widget\" data-e-type=\"widget\" data-widget_type=\"text-editor.default\">\n\t\t\t\t<div class=\"elementor-widget-container\">\n\t\t\t\t\t\t\t\t\t<div class=\"paragraph\"><b>Una advertencia sobre los sitios y aplicaciones de gr\u00e1ficos de fertilidad:<br \/><\/b>Existe una gran variedad de sitios web y aplicaciones de gr\u00e1ficos, y cada vez aparecen nuevos. Muchas de ellas no pueden utilizarse para llevar un gr\u00e1fico preciso del M\u00e9todo de la ovulaci\u00f3n Billings\u00ae. El sitio web o la aplicaci\u00f3n pueden restringir a los usuarios a un n\u00famero limitado de descripciones predeterminadas de sensaciones y\/o mucosidad. Algunas aplicaciones clasifican el moco como f\u00e9rtil o inf\u00e9rtil de una manera que contradice la investigaci\u00f3n sobre el moco cervical que es la base del M\u00e9todo de la Ovulaci\u00f3n Billings\u00ae.<\/div>\t\t\t\t\t\t\t\t<\/div>\n\t\t\t\t<\/div>\n\t\t\t\t\t<\/div>\n\t\t<\/div>\n\t\t\t\t\t<\/div>\n\t\t<\/section>\n\t\t\t\t<\/div>","protected":false},"excerpt":{"rendered":"<p>Apoya BOMA Charting APPS Para parejas que prefieren usar APPS para iPhone, Android o iPad, \u00a1aqu\u00ed hay algunas opciones para ti! BOMA-USA recomienda las siguientes Apps que est\u00e1n aprobadas por Woomb international para su uso con el M\u00e9todo de la Ovulaci\u00f3n Billings\u00ae BOMA-USA recomienda www.nfpcharting.com Esta app permite acceder a tu maestro para [...]<\/p>","protected":false},"author":197,"featured_media":0,"parent":0,"menu_order":0,"comment_status":"closed","ping_status":"closed","template":"","meta":{"_acf_changed":false,"footnotes":""},"class_list":["post-8820","page","type-page","status-publish","hentry"],"acf":[],"_links":{"self":[{"href":"https:\/\/boma-usa.org\/es\/wp-json\/wp\/v2\/pages\/8820","targetHints":{"allow":["GET"]}}],"collection":[{"href":"https:\/\/boma-usa.org\/es\/wp-json\/wp\/v2\/pages"}],"about":[{"href":"https:\/\/boma-usa.org\/es\/wp-json\/wp\/v2\/types\/page"}],"author":[{"embeddable":true,"href":"https:\/\/boma-usa.org\/es\/wp-json\/wp\/v2\/users\/197"}],"replies":[{"embeddable":true,"href":"https:\/\/boma-usa.org\/es\/wp-json\/wp\/v2\/comments?post=8820"}],"version-history":[{"count":3,"href":"https:\/\/boma-usa.org\/es\/wp-json\/wp\/v2\/pages\/8820\/revisions"}],"predecessor-version":[{"id":24040,"href":"https:\/\/boma-usa.org\/es\/wp-json\/wp\/v2\/pages\/8820\/revisions\/24040"}],"wp:attachment":[{"href":"https:\/\/boma-usa.org\/es\/wp-json\/wp\/v2\/media?parent=8820"}],"curies":[{"name":"wp","href":"https:\/\/api.w.org\/{rel}","templated":true}]}}