{"id":8745,"date":"2023-02-01T09:50:55","date_gmt":"2023-02-01T15:50:55","guid":{"rendered":"https:\/\/events.boma-usa.org\/?page_id=8745"},"modified":"2024-02-19T18:40:47","modified_gmt":"2024-02-20T00:40:47","slug":"infertility-cycle-health","status":"publish","type":"page","link":"https:\/\/boma-usa.org\/es\/infertility-cycle-health\/","title":{"rendered":"Infertilidad y salud del ciclo"},"content":{"rendered":"<div data-elementor-type=\"wp-page\" data-elementor-id=\"8745\" class=\"elementor elementor-8745\" data-elementor-post-type=\"page\">\n\t\t\t\t\t\t<section class=\"elementor-section elementor-top-section elementor-element elementor-element-5a1f6c5 elementor-section-height-min-height elementor-section-stretched elementor-section-boxed elementor-section-height-default elementor-section-items-middle\" data-id=\"5a1f6c5\" data-element_type=\"section\" data-e-type=\"section\" data-settings=\"{&quot;stretch_section&quot;:&quot;section-stretched&quot;,&quot;jet_parallax_layout_list&quot;:[],&quot;background_background&quot;:&quot;classic&quot;}\">\n\t\t\t\t\t\t<div class=\"elementor-container elementor-column-gap-default\">\n\t\t\t\t\t<div class=\"elementor-column elementor-col-100 elementor-top-column elementor-element elementor-element-a7f1ff4\" data-id=\"a7f1ff4\" data-element_type=\"column\" data-e-type=\"column\">\n\t\t\t<div class=\"elementor-widget-wrap elementor-element-populated\">\n\t\t\t\t\t\t<div class=\"elementor-element elementor-element-a26867c elementor-hidden-desktop elementor-hidden-tablet elementor-hidden-mobile elementor-widget elementor-widget-global elementor-global-10700 elementor-widget-eael-creative-button\" data-id=\"a26867c\" data-element_type=\"widget\" data-e-type=\"widget\" data-widget_type=\"eael-creative-button.default\">\n\t\t\t\t<div class=\"elementor-widget-container\">\n\t\t\t\t\t        <div class=\"eael-creative-button-wrapper\">\n\n            <a class=\"eael-creative-button eael-creative-button--default\" href=\"https:\/\/boma-usa.org\/es\/donate\/\" data-text=\"Go!\">\n            \t    \n                <div class=\"creative-button-inner\">\n\n                    \n                    <span class=\"cretive-button-text\">Apoye a BOMA<\/span>\n\n                                    <\/div>\n\t                        <\/a>\n        <\/div>\n        \t\t\t\t<\/div>\n\t\t\t\t<\/div>\n\t\t\t\t\t<\/div>\n\t\t<\/div>\n\t\t\t\t\t<\/div>\n\t\t<\/section>\n\t\t\t\t<section class=\"elementor-section elementor-top-section elementor-element elementor-element-ffbc44a elementor-section-boxed elementor-section-height-default elementor-section-height-default\" data-id=\"ffbc44a\" data-element_type=\"section\" data-e-type=\"section\" data-settings=\"{&quot;jet_parallax_layout_list&quot;:[]}\">\n\t\t\t\t\t\t<div class=\"elementor-container elementor-column-gap-default\">\n\t\t\t\t\t<div class=\"elementor-column elementor-col-100 elementor-top-column elementor-element elementor-element-ad72acf\" data-id=\"ad72acf\" data-element_type=\"column\" data-e-type=\"column\">\n\t\t\t<div class=\"elementor-widget-wrap elementor-element-populated\">\n\t\t\t\t\t\t<div class=\"elementor-element elementor-element-fb1beb5 elementor-widget elementor-widget-heading\" data-id=\"fb1beb5\" data-element_type=\"widget\" data-e-type=\"widget\" data-widget_type=\"heading.default\">\n\t\t\t\t<div class=\"elementor-widget-container\">\n\t\t\t\t\t<h1 class=\"elementor-heading-title elementor-size-default\">Infertilidad y salud del ciclo\n\n<\/h1>\t\t\t\t<\/div>\n\t\t\t\t<\/div>\n\t\t\t\t<div class=\"elementor-element elementor-element-bc8550b elementor-widget__width-initial elementor-widget elementor-widget-heading\" data-id=\"bc8550b\" data-element_type=\"widget\" data-e-type=\"widget\" data-widget_type=\"heading.default\">\n\t\t\t\t<div class=\"elementor-widget-container\">\n\t\t\t\t\t<h1 class=\"elementor-heading-title elementor-size-default\">Las dificultades para concebir son cada vez m\u00e1s frecuentes.\nAproximadamente 1 de cada 6 parejas tiene dificultades. \n\n<\/h1>\t\t\t\t<\/div>\n\t\t\t\t<\/div>\n\t\t\t\t\t<\/div>\n\t\t<\/div>\n\t\t\t\t\t<\/div>\n\t\t<\/section>\n\t\t\t\t<section class=\"elementor-section elementor-top-section elementor-element elementor-element-d36cd67 elementor-section-boxed elementor-section-height-default elementor-section-height-default\" data-id=\"d36cd67\" data-element_type=\"section\" data-e-type=\"section\" data-settings=\"{&quot;jet_parallax_layout_list&quot;:[]}\">\n\t\t\t\t\t\t<div class=\"elementor-container elementor-column-gap-default\">\n\t\t\t\t\t<div class=\"elementor-column elementor-col-100 elementor-top-column elementor-element elementor-element-b8abff1\" data-id=\"b8abff1\" data-element_type=\"column\" data-e-type=\"column\">\n\t\t\t<div class=\"elementor-widget-wrap elementor-element-populated\">\n\t\t\t\t\t\t<div class=\"elementor-element elementor-element-2a80169 elementor-widget elementor-widget-text-editor\" data-id=\"2a80169\" data-element_type=\"widget\" data-e-type=\"widget\" data-widget_type=\"text-editor.default\">\n\t\t\t\t<div class=\"elementor-widget-container\">\n\t\t\t\t\t\t\t\t\t<div class=\"paragraph\"><div class=\"paragraph\"><p><span style=\"font-size: large;\"><strong>Infertilidad y salud del ciclo<\/strong><\/span><br \/>Las dificultades para concebir son cada vez m\u00e1s frecuentes.  Aproximadamente 1 de cada 6 parejas tiene dificultades.   Los consejos sobre la sincronizaci\u00f3n de las relaciones sexuales con la ovulaci\u00f3n pueden marcar la diferencia.  El M\u00e9todo de la Ovulaci\u00f3n Billings\u00ae ense\u00f1a a las parejas a reconocer el momento de m\u00e1xima fertilidad en el que es m\u00e1s probable que se produzca la concepci\u00f3n.   Esta sencilla informaci\u00f3n ha ayudado a muchas parejas a concebir de forma natural.<br \/>A veces, los problemas reproductivos dificultan la concepci\u00f3n.  La tabla de fertilidad del M\u00e9todo de la Ovulaci\u00f3n Billings\u00ae puede utilizarse como herramienta de diagn\u00f3stico para ayudar a identificar y corregir dichos problemas, con el fin de restablecer y mejorar la fertilidad.<\/p><p><span style=\"font-size: large;\"><strong>La disfunci\u00f3n ovulatoria es<\/strong>\u00a0<strong>ausencia de ovulaci\u00f3n o actividad ov\u00e1rica anormal.<\/strong>\u00a0<\/span>\u00a0\u00a0Esta es una de las principales causas de infertilidad, abortos de repetici\u00f3n y otros s\u00edntomas ginecol\u00f3gicos preocupantes.  A las mujeres con anomal\u00edas reproductivas se les suelen recetar anticonceptivos hormonales como forma de regular las hormonas y los ciclos. Los anticonceptivos hormonales pueden aliviar algunos de los s\u00edntomas, pero no corrigen el problema subyacente.   La Dra. Mary Martin, M.D., F.A.C.O.G esboza las cinco causas subyacentes m\u00e1s comunes de una interferencia con la ovulaci\u00f3n saludable, \u00a1as\u00ed que sigue leyendo!<br \/>\u200b<br \/><strong><span style=\"font-size: large;\">Llevar un registro de tus ciclos y de tus patrones de moco cervical te ayudar\u00e1 a<\/span><\/strong>\u00a0en el diagn\u00f3stico de tu enfermedad y en la planificaci\u00f3n de tu tratamiento. Y si est\u00e1s intentando concebir, tu gr\u00e1fico te ayudar\u00e1 a determinar qu\u00e9 ciclos pueden ser f\u00e9rtiles y cu\u00e1les no.  Un profesor acreditado del M\u00e9todo de la Ovulaci\u00f3n Billings\u00ae te ayudar\u00e1 a dar sentido a tu gr\u00e1fico y te apoyar\u00e1 en la b\u00fasqueda de la asistencia m\u00e9dica adecuada para restablecer la salud hormonal y la fertilidad.<\/p><p><strong><span style=\"font-size: large;\">Las hemorragias abundantes, dolorosas o prolongadas pueden indicar la presencia de fibromas o p\u00f3lipos.\u00a0<\/span>\u00a0<\/strong>\u00a0\u00c9stas pueden crecer por ser hiperestrog\u00e9nicas, que es el resultado de una alteraci\u00f3n continua del proceso de ovulaci\u00f3n.   Identificar y tratar la causa subyacente de la alteraci\u00f3n ayuda a restablecer la ovulaci\u00f3n normal, lo que mejora los ciclos y las hemorragias.<\/p><p><strong><span style=\"font-size: large;\">Un nivel bajo de progesterona es s\u00edntoma de una alteraci\u00f3n del desarrollo folicular.<\/span>\u00a0\u00a0<\/strong>Al identificar y tratar la causa ra\u00edz de la alteraci\u00f3n, los niveles naturales de progesterona pueden autocorregirse. Los suplementos de progesterona pueden ayudar a controlar los s\u00edntomas, pero no corrigen la alteraci\u00f3n subyacente que los provoca.  El desequilibrio hormonal subyacente puede continuar inhibiendo una salud \u00f3ptima, incluso cuando se controlan los s\u00edntomas de la progesterona baja.   Una vez interrumpida la suplementaci\u00f3n, los s\u00edntomas pueden reaparecer si el desequilibrio hormonal subyacente sigue existiendo.<\/p><p><strong><span style=\"font-size: large;\">Endometriosis<\/span><\/strong><br \/>Se trata de una enfermedad en la que el endometrio se desarrolla y crece fuera del \u00fatero. Pueden verse afectados las trompas de Falopio, los ovarios, los \u00f3rganos urinarios o los \u00f3rganos intestinales.  Puede producirse, por ser hiperestrog\u00e9nica durante un periodo prolongado, debido a una interferencia con la ovulaci\u00f3n saludable.<\/p><p>Entre el 30% y el 40% de las mujeres que padecen esta enfermedad pueden sufrir infertilidad debido a la cicatrizaci\u00f3n de sus \u00f3rganos reproductores. Los s\u00edntomas var\u00edan, pero pueden incluir menstruaciones irregulares y abundantes, dolor durante las relaciones sexuales y dolor p\u00e9lvico durante unos d\u00edas antes y durante la menstruaci\u00f3n. Si est\u00e1 familiarizada con sus patrones normales de moco cervical, es probable que detecte este problema en una fase temprana, ya que el patr\u00f3n puede no desarrollarse con normalidad.<\/p><p><span style=\"font-size: large;\"><strong>S\u00edndrome de ovario poliqu\u00edstico (SOP)<\/strong>\u00a0<\/span><br \/>Las anomal\u00edas hormonales suprarrenales y ov\u00e1ricas son la causa m\u00e1s frecuente de disfunci\u00f3n ov\u00e1rica, y el ejemplo m\u00e1s com\u00fan es el s\u00edndrome de ovario poliqu\u00edstico o SOP.  Esta afecci\u00f3n puede presentarse con una variedad de s\u00edntomas en una variedad de combinaciones.  El SOP suele estar relacionado con la resistencia a la insulina, que provoca niveles elevados de insulina. Sus ovarios y gl\u00e1ndulas suprarrenales tambi\u00e9n pueden estar produciendo demasiada testosterona. Estos desequilibrios hormonales hacen que el fol\u00edculo que contiene el \u00f3vulo en desarrollo no pueda madurar correctamente. A menudo, el \u00f3vulo no se libera del ovario, por lo que no hay ovulaci\u00f3n. El fol\u00edculo en dificultades sigue produciendo m\u00e1s testosterona, y esto interfiere en el proceso ovulatorio. No pasa mucho tiempo antes de que muchos de estos peque\u00f1os quistes cubran los ovarios.<\/p><p>Si padeces SOP, es posible que hayas tenido ciclos irregulares desde que empezaste a menstruar.  Otros s\u00edntomas pueden ser acn\u00e9, hirsutismo y aumento de peso, pero algunas mujeres no presentan ninguno de estos s\u00edntomas. Al llevar tu gr\u00e1fica puedes notar un patr\u00f3n de moco de tipo f\u00e9rtil continuo, o d\u00edas de moco pegajoso o resbaladizo que no forman un patr\u00f3n progresivo hacia un Pico de fertilidad.<\/p><\/div><\/div>\t\t\t\t\t\t\t\t<\/div>\n\t\t\t\t<\/div>\n\t\t\t\t\t<\/div>\n\t\t<\/div>\n\t\t\t\t\t<\/div>\n\t\t<\/section>\n\t\t\t\t<section class=\"elementor-section elementor-top-section elementor-element elementor-element-e6cbeb6 elementor-section-boxed elementor-section-height-default elementor-section-height-default\" data-id=\"e6cbeb6\" data-element_type=\"section\" data-e-type=\"section\" data-settings=\"{&quot;jet_parallax_layout_list&quot;:[],&quot;background_background&quot;:&quot;classic&quot;}\">\n\t\t\t\t\t\t<div class=\"elementor-container elementor-column-gap-default\">\n\t\t\t\t\t<div class=\"elementor-column elementor-col-50 elementor-top-column elementor-element elementor-element-d52b192\" data-id=\"d52b192\" data-element_type=\"column\" data-e-type=\"column\">\n\t\t\t<div class=\"elementor-widget-wrap elementor-element-populated\">\n\t\t\t\t\t\t<div class=\"elementor-element elementor-element-5857f56 elementor-widget elementor-widget-text-editor\" data-id=\"5857f56\" data-element_type=\"widget\" data-e-type=\"widget\" data-widget_type=\"text-editor.default\">\n\t\t\t\t<div class=\"elementor-widget-container\">\n\t\t\t\t\t\t\t\t\t<p><strong><span style=\"font-size: large;\">Todos estos tipos de afecciones pueden apuntar a la presencia de un desequilibrio hormonal subyacente, que puede ser bastante sencillo de tratar.<\/span><br \/><span style=\"font-size: large;\">A continuaci\u00f3n se exponen los cinco desequilibrios subyacentes m\u00e1s comunes,<\/span><br \/><span style=\"font-size: large;\">tal y como lo describe la Dra. Mary Martin, M.D.,F.A.C.O.G.<\/span><br \/><span style=\"font-size: large;\">\u00a0<\/span><br \/><span style=\"font-size: large;\">\u200b<\/span><span style=\"font-size: large;\"><br \/>Nuestro folleto\u00a0<em>Desvelar el misterio de\u00a0<\/em><\/span><\/strong><strong><span style=\"font-size: large;\">SOP<br \/>le dar\u00e1 m\u00e1s informaci\u00f3n \u00fatil del Dr. Martin<\/span><\/strong><\/p>\t\t\t\t\t\t\t\t<\/div>\n\t\t\t\t<\/div>\n\t\t\t\t\t<\/div>\n\t\t<\/div>\n\t\t\t\t<div class=\"elementor-column elementor-col-50 elementor-top-column elementor-element elementor-element-f412958\" data-id=\"f412958\" data-element_type=\"column\" data-e-type=\"column\">\n\t\t\t<div class=\"elementor-widget-wrap elementor-element-populated\">\n\t\t\t\t\t\t<div class=\"elementor-element elementor-element-f44445e elementor-widget elementor-widget-image\" data-id=\"f44445e\" data-element_type=\"widget\" data-e-type=\"widget\" data-widget_type=\"image.default\">\n\t\t\t\t<div class=\"elementor-widget-container\">\n\t\t\t\t\t\t\t\t\t\t\t\t\t\t\t<img fetchpriority=\"high\" decoding=\"async\" width=\"316\" height=\"387\" src=\"https:\/\/boma-usa.org\/wp-content\/uploads\/2023\/02\/dr-mary-martin_orig.jpg\" class=\"attachment-large size-large wp-image-8758\" alt=\"\" srcset=\"https:\/\/boma-usa.org\/wp-content\/uploads\/2023\/02\/dr-mary-martin_orig.jpg 316w, https:\/\/boma-usa.org\/wp-content\/uploads\/2023\/02\/dr-mary-martin_orig-245x300.jpg 245w\" sizes=\"(max-width: 316px) 100vw, 316px\" \/>\t\t\t\t\t\t\t\t\t\t\t\t\t\t\t<\/div>\n\t\t\t\t<\/div>\n\t\t\t\t\t<\/div>\n\t\t<\/div>\n\t\t\t\t\t<\/div>\n\t\t<\/section>\n\t\t\t\t<section class=\"elementor-section elementor-top-section elementor-element elementor-element-38bfd28 elementor-section-boxed elementor-section-height-default elementor-section-height-default\" data-id=\"38bfd28\" data-element_type=\"section\" data-e-type=\"section\" data-settings=\"{&quot;jet_parallax_layout_list&quot;:[],&quot;background_background&quot;:&quot;classic&quot;}\">\n\t\t\t\t\t\t<div class=\"elementor-container elementor-column-gap-default\">\n\t\t\t\t\t<div class=\"elementor-column elementor-col-50 elementor-top-column elementor-element elementor-element-3d03770\" data-id=\"3d03770\" data-element_type=\"column\" data-e-type=\"column\">\n\t\t\t<div class=\"elementor-widget-wrap elementor-element-populated\">\n\t\t\t\t\t\t<div class=\"elementor-element elementor-element-3a5dca8 elementor-widget elementor-widget-image\" data-id=\"3a5dca8\" data-element_type=\"widget\" data-e-type=\"widget\" data-widget_type=\"image.default\">\n\t\t\t\t<div class=\"elementor-widget-container\">\n\t\t\t\t\t\t\t\t\t\t\t\t\t\t\t<img decoding=\"async\" width=\"740\" height=\"1024\" src=\"https:\/\/boma-usa.org\/wp-content\/uploads\/2023\/02\/infertility-and-cycle-health_orig.jpg\" class=\"attachment-large size-large wp-image-8759\" alt=\"\" srcset=\"https:\/\/boma-usa.org\/wp-content\/uploads\/2023\/02\/infertility-and-cycle-health_orig.jpg 740w, https:\/\/boma-usa.org\/wp-content\/uploads\/2023\/02\/infertility-and-cycle-health_orig-600x830.jpg 600w, https:\/\/boma-usa.org\/wp-content\/uploads\/2023\/02\/infertility-and-cycle-health_orig-217x300.jpg 217w\" sizes=\"(max-width: 740px) 100vw, 740px\" \/>\t\t\t\t\t\t\t\t\t\t\t\t\t\t\t<\/div>\n\t\t\t\t<\/div>\n\t\t\t\t\t<\/div>\n\t\t<\/div>\n\t\t\t\t<div class=\"elementor-column elementor-col-50 elementor-top-column elementor-element elementor-element-fd05b96\" data-id=\"fd05b96\" data-element_type=\"column\" data-e-type=\"column\">\n\t\t\t<div class=\"elementor-widget-wrap elementor-element-populated\">\n\t\t\t\t\t\t<div class=\"elementor-element elementor-element-ad9a540 elementor-widget elementor-widget-heading\" data-id=\"ad9a540\" data-element_type=\"widget\" data-e-type=\"widget\" data-widget_type=\"heading.default\">\n\t\t\t\t<div class=\"elementor-widget-container\">\n\t\t\t\t\t<h1 class=\"elementor-heading-title elementor-size-default\">Los 5 factores subyacentes m\u00e1s comunes que contribuyen a los problemas reproductivos\n<\/h1>\t\t\t\t<\/div>\n\t\t\t\t<\/div>\n\t\t\t\t<div class=\"elementor-element elementor-element-4533f30 elementor-widget__width-initial elementor-widget elementor-widget-text-editor\" data-id=\"4533f30\" data-element_type=\"widget\" data-e-type=\"widget\" data-widget_type=\"text-editor.default\">\n\t\t\t\t<div class=\"elementor-widget-container\">\n\t\t\t\t\t\t\t\t\t<h2 class=\"wsite-content-title\"><em><span style=\"font-size: xx-large;\">1. Resistencia a la insulina<\/span><\/em><br \/><em><span style=\"font-size: xx-large;\">2. Desequilibrio tiroideo<br \/>3. Cortisol elevado<br \/>4. Prolactina elevada<br \/>5. Inflamaci\u00f3n<\/span><\/em><\/h2>\t\t\t\t\t\t\t\t<\/div>\n\t\t\t\t<\/div>\n\t\t\t\t\t<\/div>\n\t\t<\/div>\n\t\t\t\t\t<\/div>\n\t\t<\/section>\n\t\t\t\t<section class=\"elementor-section elementor-top-section elementor-element elementor-element-e5f76d1 elementor-section-boxed elementor-section-height-default elementor-section-height-default\" data-id=\"e5f76d1\" data-element_type=\"section\" data-e-type=\"section\" data-settings=\"{&quot;jet_parallax_layout_list&quot;:[]}\">\n\t\t\t\t\t\t<div class=\"elementor-container elementor-column-gap-default\">\n\t\t\t\t\t<div class=\"elementor-column elementor-col-100 elementor-top-column elementor-element elementor-element-94c82b4\" data-id=\"94c82b4\" data-element_type=\"column\" data-e-type=\"column\">\n\t\t\t<div class=\"elementor-widget-wrap elementor-element-populated\">\n\t\t\t\t\t\t<div class=\"elementor-element elementor-element-e78455b elementor-widget elementor-widget-text-editor\" data-id=\"e78455b\" data-element_type=\"widget\" data-e-type=\"widget\" data-widget_type=\"text-editor.default\">\n\t\t\t\t<div class=\"elementor-widget-container\">\n\t\t\t\t\t\t\t\t\t<div class=\"paragraph\"><div class=\"paragraph\"><h2 class=\"wsite-content-title\"><strong><span style=\"font-size: xx-large;\">Las famosas 5 descripciones de Martin<\/span><\/strong><\/h2><div class=\"paragraph\"><strong><span style=\"font-size: x-large;\">1. Resistencia a la insulina<\/span><\/strong><br \/>La resistencia a la insulina interfiere en la ovulaci\u00f3n y aumenta el riesgo de desarrollar diabetes. Deben medirse los niveles de insulina y glucosa, y puede prescribirse medicaci\u00f3n, dieta y ejercicio para tratar la resistencia a la insulina. Regular los niveles de insulina y restablecer el equilibrio de la glucosa puede ayudar a controlar tambi\u00e9n la producci\u00f3n de testosterona. Esto ayudar\u00e1 a restablecer la ovulaci\u00f3n normal y los ciclos regulares.<br \/>\u00a0\u00a0<br \/><strong><span style=\"font-size: x-large;\">2. Hiperprolactinemia<\/span><\/strong><br \/>La prolactina es una hormona asociada a la lactancia, pero a veces se desarrollan niveles elevados de esta hormona despu\u00e9s de tomar ciertos medicamentos o debido a afecciones como un tumor hipofisario o un desequilibrio hormonal como el hipotiroidismo. El exceso de prolactina interfiere con las hormonas que controlan el crecimiento de los fol\u00edculos. Las mujeres con este trastorno hormonal pueden no menstruar en absoluto, tener sangrados irregulares o ciclos cortos con manchado premenstrual. La hiperprolactinemia puede tratarse con medicaci\u00f3n. \u00a0\u00a0<br \/><br \/><strong><span style=\"font-size: x-large;\">3. Hipertiroidismo e hipotiroidismo<\/span><\/strong><br \/>Las mujeres con desequilibrios hormonales tiroideos pueden tener ciclos menstruales irregulares con largos intervalos entre menstruaciones, que pueden ser abundantes y prolongadas o inusualmente ligeras.  El manchado pre y posmenstrual tambi\u00e9n puede ser un s\u00edntoma.  Los patrones anormales del moco cervical pueden ayudar a identificar una anomal\u00eda tiroidea.\u00a0<br \/><br \/><strong><span style=\"font-size: x-large;\">4. Inflamaci\u00f3n<\/span><\/strong><br \/>La inflamaci\u00f3n produce un l\u00edquido inflamatorio que forma una c\u00e1psula viscosa alrededor del ovario.   Esto impide e interfiere en una ovulaci\u00f3n saludable.  Los procesos inflamatorios del aparato reproductor son la segunda causa m\u00e1s frecuente de infertilidad.   Algunos ejemplos de afecciones que pueden producir esta respuesta inflamatoria: endometriosis, intolerancias alimentarias, s\u00edndrome del intestino irritable, ITS.\u00a0<br \/>\u200b<br \/><strong><span style=\"font-size: x-large;\">5. Cortisol elevado<\/span><\/strong><br \/>El cortisol es conocido como la hormona del estr\u00e9s.  Uno de los principales efectos del cortisol elevado es frustrar el efecto de la insulina, haciendo que las c\u00e9lulas del cuerpo sean resistentes a la insulina.   El cortisol se fabrica a partir de la progesterona y \u00e9stas compiten por los receptores comunes de la c\u00e9lula.  El cortisol alto perjudica a la progesterona, lo que conduce a la dominancia del estr\u00f3geno.  El cortisol elevado tambi\u00e9n puede provocar resistencia tiroidea.<\/div><\/div><\/div>\t\t\t\t\t\t\t\t<\/div>\n\t\t\t\t<\/div>\n\t\t\t\t<div class=\"elementor-element elementor-element-c341f5c elementor-widget elementor-widget-image\" data-id=\"c341f5c\" data-element_type=\"widget\" data-e-type=\"widget\" data-widget_type=\"image.default\">\n\t\t\t\t<div class=\"elementor-widget-container\">\n\t\t\t\t\t\t\t\t\t\t\t\t\t\t\t<img decoding=\"async\" width=\"800\" height=\"549\" src=\"https:\/\/boma-usa.org\/wp-content\/uploads\/2023\/02\/hormones-and-the-cycle_orig.jpg\" class=\"attachment-large size-large wp-image-8760\" alt=\"\" srcset=\"https:\/\/boma-usa.org\/wp-content\/uploads\/2023\/02\/hormones-and-the-cycle_orig.jpg 925w, https:\/\/boma-usa.org\/wp-content\/uploads\/2023\/02\/hormones-and-the-cycle_orig-600x412.jpg 600w, https:\/\/boma-usa.org\/wp-content\/uploads\/2023\/02\/hormones-and-the-cycle_orig-300x206.jpg 300w, https:\/\/boma-usa.org\/wp-content\/uploads\/2023\/02\/hormones-and-the-cycle_orig-768x527.jpg 768w\" sizes=\"(max-width: 800px) 100vw, 800px\" \/>\t\t\t\t\t\t\t\t\t\t\t\t\t\t\t<\/div>\n\t\t\t\t<\/div>\n\t\t\t\t\t<\/div>\n\t\t<\/div>\n\t\t\t\t\t<\/div>\n\t\t<\/section>\n\t\t\t\t<\/div>","protected":false},"excerpt":{"rendered":"<p>Apoyo BOMA Infertilidad y salud c\u00edclica Las dificultades para concebir son cada vez m\u00e1s frecuentes. Aproximadamente 1 de cada 6 parejas tiene dificultades. Infertilidad y salud del cicloLa dificultad para concebir es cada vez m\u00e1s frecuente.  Aproximadamente 1 de cada 6 parejas tiene dificultades.   Los consejos para sincronizar las relaciones sexuales con la ovulaci\u00f3n pueden marcar la diferencia.  El M\u00e9todo de la Ovulaci\u00f3n Billings\u00ae ense\u00f1a a las parejas a [...]<\/p>","protected":false},"author":197,"featured_media":0,"parent":0,"menu_order":0,"comment_status":"closed","ping_status":"closed","template":"","meta":{"_acf_changed":false,"footnotes":""},"class_list":["post-8745","page","type-page","status-publish","hentry"],"acf":[],"_links":{"self":[{"href":"https:\/\/boma-usa.org\/es\/wp-json\/wp\/v2\/pages\/8745","targetHints":{"allow":["GET"]}}],"collection":[{"href":"https:\/\/boma-usa.org\/es\/wp-json\/wp\/v2\/pages"}],"about":[{"href":"https:\/\/boma-usa.org\/es\/wp-json\/wp\/v2\/types\/page"}],"author":[{"embeddable":true,"href":"https:\/\/boma-usa.org\/es\/wp-json\/wp\/v2\/users\/197"}],"replies":[{"embeddable":true,"href":"https:\/\/boma-usa.org\/es\/wp-json\/wp\/v2\/comments?post=8745"}],"version-history":[{"count":0,"href":"https:\/\/boma-usa.org\/es\/wp-json\/wp\/v2\/pages\/8745\/revisions"}],"wp:attachment":[{"href":"https:\/\/boma-usa.org\/es\/wp-json\/wp\/v2\/media?parent=8745"}],"curies":[{"name":"wp","href":"https:\/\/api.w.org\/{rel}","templated":true}]}}