{"id":8644,"date":"2023-01-27T12:00:19","date_gmt":"2023-01-27T18:00:19","guid":{"rendered":"https:\/\/events.boma-usa.org\/?page_id=8644"},"modified":"2023-04-01T10:31:38","modified_gmt":"2023-04-01T16:31:38","slug":"physician-testimonials","status":"publish","type":"page","link":"https:\/\/boma-usa.org\/es\/physician-testimonials\/","title":{"rendered":"Testimonios de m\u00e9dicos"},"content":{"rendered":"<div data-elementor-type=\"wp-page\" data-elementor-id=\"8644\" class=\"elementor elementor-8644\" data-elementor-post-type=\"page\">\n\t\t\t\t\t\t<section class=\"elementor-section elementor-top-section elementor-element elementor-element-6948f2f elementor-section-height-min-height elementor-section-stretched elementor-section-boxed elementor-section-height-default elementor-section-items-middle\" data-id=\"6948f2f\" data-element_type=\"section\" data-e-type=\"section\" data-settings=\"{&quot;stretch_section&quot;:&quot;section-stretched&quot;,&quot;jet_parallax_layout_list&quot;:[],&quot;background_background&quot;:&quot;classic&quot;}\">\n\t\t\t\t\t\t<div class=\"elementor-container elementor-column-gap-default\">\n\t\t\t\t\t<div class=\"elementor-column elementor-col-100 elementor-top-column elementor-element elementor-element-143d855\" data-id=\"143d855\" data-element_type=\"column\" data-e-type=\"column\">\n\t\t\t<div class=\"elementor-widget-wrap elementor-element-populated\">\n\t\t\t\t\t\t<div class=\"elementor-element elementor-element-9fdfb47 elementor-widget__width-initial elementor-widget elementor-widget-heading\" data-id=\"9fdfb47\" data-element_type=\"widget\" data-e-type=\"widget\" data-widget_type=\"heading.default\">\n\t\t\t\t<div class=\"elementor-widget-container\">\n\t\t\t\t\t<h2 class=\"elementor-heading-title elementor-size-default\">\"Aprender el M\u00e9todo de la Ovulaci\u00f3n Billings\u00ae cambi\u00f3 mi forma de practicar la ginecolog\u00eda\".\n<\/h2>\t\t\t\t<\/div>\n\t\t\t\t<\/div>\n\t\t\t\t<div class=\"elementor-element elementor-element-e0e0ec1 elementor-hidden-desktop elementor-hidden-tablet elementor-hidden-mobile elementor-widget elementor-widget-global elementor-global-10700 elementor-widget-eael-creative-button\" data-id=\"e0e0ec1\" data-element_type=\"widget\" data-e-type=\"widget\" data-widget_type=\"eael-creative-button.default\">\n\t\t\t\t<div class=\"elementor-widget-container\">\n\t\t\t\t\t        <div class=\"eael-creative-button-wrapper\">\n\n            <a class=\"eael-creative-button eael-creative-button--default\" href=\"https:\/\/boma-usa.org\/es\/donate\/\" data-text=\"Go!\">\n            \t    \n                <div class=\"creative-button-inner\">\n\n                    \n                    <span class=\"cretive-button-text\">Apoye a BOMA<\/span>\n\n                                    <\/div>\n\t                        <\/a>\n        <\/div>\n        \t\t\t\t<\/div>\n\t\t\t\t<\/div>\n\t\t\t\t\t<\/div>\n\t\t<\/div>\n\t\t\t\t\t<\/div>\n\t\t<\/section>\n\t\t\t\t<section class=\"elementor-section elementor-top-section elementor-element elementor-element-e5f112a elementor-section-boxed elementor-section-height-default elementor-section-height-default\" data-id=\"e5f112a\" data-element_type=\"section\" data-e-type=\"section\" data-settings=\"{&quot;jet_parallax_layout_list&quot;:[]}\">\n\t\t\t\t\t\t<div class=\"elementor-container elementor-column-gap-default\">\n\t\t\t\t\t<div class=\"elementor-column elementor-col-100 elementor-top-column elementor-element elementor-element-818c4dd\" data-id=\"818c4dd\" data-element_type=\"column\" data-e-type=\"column\">\n\t\t\t<div class=\"elementor-widget-wrap elementor-element-populated\">\n\t\t\t\t\t\t<div class=\"elementor-element elementor-element-0be1df6 elementor-widget elementor-widget-heading\" data-id=\"0be1df6\" data-element_type=\"widget\" data-e-type=\"widget\" data-widget_type=\"heading.default\">\n\t\t\t\t<div class=\"elementor-widget-container\">\n\t\t\t\t\t<h1 class=\"elementor-heading-title elementor-size-default\">Testimonios de m\u00e9dicos\n<\/h1>\t\t\t\t<\/div>\n\t\t\t\t<\/div>\n\t\t\t\t\t<\/div>\n\t\t<\/div>\n\t\t\t\t\t<\/div>\n\t\t<\/section>\n\t\t\t\t<section class=\"elementor-section elementor-top-section elementor-element elementor-element-6ab5475 elementor-section-boxed elementor-section-height-default elementor-section-height-default\" data-id=\"6ab5475\" data-element_type=\"section\" data-e-type=\"section\" data-settings=\"{&quot;jet_parallax_layout_list&quot;:[]}\">\n\t\t\t\t\t\t<div class=\"elementor-container elementor-column-gap-default\">\n\t\t\t\t\t<div class=\"elementor-column elementor-col-100 elementor-top-column elementor-element elementor-element-078ef1e\" data-id=\"078ef1e\" data-element_type=\"column\" data-e-type=\"column\">\n\t\t\t<div class=\"elementor-widget-wrap elementor-element-populated\">\n\t\t\t\t\t\t<div class=\"elementor-element elementor-element-c05fda1 elementor-widget elementor-widget-eael-testimonial\" data-id=\"c05fda1\" data-element_type=\"widget\" data-e-type=\"widget\" data-widget_type=\"eael-testimonial.default\">\n\t\t\t\t<div class=\"elementor-widget-container\">\n\t\t\t\t\t\n\t<div id=\"eael-testimonial-c05fda1\" class=\"eael-testimonial-item clearfix  default-style\">\n\t\t\t\t\n\t\t\n\t\t\t\t\t\t\t\t<div class=\"eael-testimonial-content\">\n\t\t\t\t<div class=\"eael-testimonial-text\"><p>\"Me cost\u00f3 mucho entender la endocrinolog\u00eda reproductiva en premedicina y en la facultad de medicina. La formaci\u00f3n que recib\u00ed para ser instructora de Billings me aport\u00f3 una comprensi\u00f3n y una claridad sobre este tema que antes no ten\u00eda.\"<\/p><\/div><p class=\"eael-testimonial-user\" style=\"display: block; float: none;\">Dr. Jason Peters, FAAFP <br><\/p><p class=\"eael-testimonial-user-company\"> Harlingen, Texas<\/p>\t\t\t<\/div>\n\t\t\n\t\t\n\t\t\n\t\t\n\t\t\n\t\t\n\t\t<span class=\"eael-testimonial-quote\"><\/span>\n\t<\/div>\n\n\t\t\t\t\t<\/div>\n\t\t\t\t<\/div>\n\t\t\t\t<div class=\"elementor-element elementor-element-3a1aa8a elementor-widget-divider--view-line elementor-widget elementor-widget-divider\" data-id=\"3a1aa8a\" data-element_type=\"widget\" data-e-type=\"widget\" data-widget_type=\"divider.default\">\n\t\t\t\t<div class=\"elementor-widget-container\">\n\t\t\t\t\t\t\t<div class=\"elementor-divider\">\n\t\t\t<span class=\"elementor-divider-separator\">\n\t\t\t\t\t\t<\/span>\n\t\t<\/div>\n\t\t\t\t\t\t<\/div>\n\t\t\t\t<\/div>\n\t\t\t\t<div class=\"elementor-element elementor-element-35db26a elementor-widget elementor-widget-eael-testimonial\" data-id=\"35db26a\" data-element_type=\"widget\" data-e-type=\"widget\" data-widget_type=\"eael-testimonial.default\">\n\t\t\t\t<div class=\"elementor-widget-container\">\n\t\t\t\t\t\n\t<div id=\"eael-testimonial-35db26a\" class=\"eael-testimonial-item clearfix  default-style\">\n\t\t\t\t\n\t\t\n\t\t\t\t\t\t\t\t<div class=\"eael-testimonial-content\">\n\t\t\t\t<div class=\"eael-testimonial-text\"><p>\"Cuando asist\u00ed al curso de Billings, ya hab\u00eda recibido formaci\u00f3n en otros m\u00e9todos.  Tambi\u00e9n era ginec\u00f3loga y obstetra titulada.  Supuse que ya lo sab\u00eda todo, lo cual fue un desafortunado error. Me sent\u00ed abrumada por las nuevas ideas sobre la planificaci\u00f3n familiar natural.  Me sorprendi\u00f3 la calidad cient\u00edfica del material.  Recomiendo encarecidamente este curso a cualquiera que quiera estar bien versado en los m\u00e9todos cient\u00edficos de la Planificaci\u00f3n Familiar Natural.<br \/>\u200b<br \/>Sugerir\u00eda a los colegas ginec\u00f3logos y obstetras que, hasta que no se haga un curso de Planificaci\u00f3n Familiar Natural, el conocimiento de la fisiolog\u00eda reproductiva y del ciclo menstrual es limitado.\"<\/p><\/div><p class=\"eael-testimonial-user\" style=\"display: block; float: none;\"> Patrick James Baggot M.D., Obstetra\/Ginec\u00f3logo <br><\/p><p class=\"eael-testimonial-user-company\"> Los Angeles, CA<\/p>\t\t\t<\/div>\n\t\t\n\t\t\n\t\t\n\t\t\n\t\t\n\t\t\n\t\t<span class=\"eael-testimonial-quote\"><\/span>\n\t<\/div>\n\n\t\t\t\t\t<\/div>\n\t\t\t\t<\/div>\n\t\t\t\t<div class=\"elementor-element elementor-element-c1ad0af elementor-widget-divider--view-line elementor-widget elementor-widget-divider\" data-id=\"c1ad0af\" data-element_type=\"widget\" data-e-type=\"widget\" data-widget_type=\"divider.default\">\n\t\t\t\t<div class=\"elementor-widget-container\">\n\t\t\t\t\t\t\t<div class=\"elementor-divider\">\n\t\t\t<span class=\"elementor-divider-separator\">\n\t\t\t\t\t\t<\/span>\n\t\t<\/div>\n\t\t\t\t\t\t<\/div>\n\t\t\t\t<\/div>\n\t\t\t\t<div class=\"elementor-element elementor-element-fc7d9b6 elementor-widget elementor-widget-eael-testimonial\" data-id=\"fc7d9b6\" data-element_type=\"widget\" data-e-type=\"widget\" data-widget_type=\"eael-testimonial.default\">\n\t\t\t\t<div class=\"elementor-widget-container\">\n\t\t\t\t\t\n\t<div id=\"eael-testimonial-fc7d9b6\" class=\"eael-testimonial-item clearfix  default-style\">\n\t\t\t\t\n\t\t\n\t\t\t\t\t\t\t\t<div class=\"eael-testimonial-content\">\n\t\t\t\t<div class=\"eael-testimonial-text\"><p>\"Ayud\u00e9 a una pareja que llevaba un a\u00f1o entero intentando concebir con un historial de ciclos irregulares a lograr un embarazo en su primer intento tras una breve instrucci\u00f3n. Este curso me ha permitido relacionar el estado fisiol\u00f3gico y endocrinol\u00f3gico de una mujer con una simple sensaci\u00f3n vulvar o un patr\u00f3n de mucosidad cambiante. Es tan comprensible, ya que s\u00f3lo Dios podr\u00eda crear una criatura tan compleja con m\u00faltiples e intrincadas interconexiones y, sin embargo, permitirnos comprenderlas de una manera tan sencilla y b\u00e1sica.\"\u00a0<\/p><\/div><p class=\"eael-testimonial-user\" style=\"display: block; float: none;\">Santiago Gutierrez, M.D., Ob\/Gyn  <br><\/p><p class=\"eael-testimonial-user-company\"> Laredo, Texas<\/p>\t\t\t<\/div>\n\t\t\n\t\t\n\t\t\n\t\t\n\t\t\n\t\t\n\t\t<span class=\"eael-testimonial-quote\"><\/span>\n\t<\/div>\n\n\t\t\t\t\t<\/div>\n\t\t\t\t<\/div>\n\t\t\t\t<div class=\"elementor-element elementor-element-098d4d9 elementor-widget-divider--view-line elementor-widget elementor-widget-divider\" data-id=\"098d4d9\" data-element_type=\"widget\" data-e-type=\"widget\" data-widget_type=\"divider.default\">\n\t\t\t\t<div class=\"elementor-widget-container\">\n\t\t\t\t\t\t\t<div class=\"elementor-divider\">\n\t\t\t<span class=\"elementor-divider-separator\">\n\t\t\t\t\t\t<\/span>\n\t\t<\/div>\n\t\t\t\t\t\t<\/div>\n\t\t\t\t<\/div>\n\t\t\t\t<div class=\"elementor-element elementor-element-a3b1ef4 elementor-widget elementor-widget-eael-testimonial\" data-id=\"a3b1ef4\" data-element_type=\"widget\" data-e-type=\"widget\" data-widget_type=\"eael-testimonial.default\">\n\t\t\t\t<div class=\"elementor-widget-container\">\n\t\t\t\t\t\n\t<div id=\"eael-testimonial-a3b1ef4\" class=\"eael-testimonial-item clearfix  default-style\">\n\t\t\t\t\n\t\t\n\t\t\t\t\t\t\t\t<div class=\"eael-testimonial-content\">\n\t\t\t\t<div class=\"eael-testimonial-text\"><p>\"Hemos utilizado el M\u00e9todo de la Ovulaci\u00f3n Billings\u00ae con una eficacia de 100% para la prevenci\u00f3n y de 100% para la consecuci\u00f3n, concibiendo siempre en el primer ciclo de utilizaci\u00f3n de los d\u00edas f\u00e9rtiles. \u00a1Estaremos eternamente agradecidos a nuestros cient\u00edficos! Estamos asombrados de la complejidad de la mujer en contraste con la simplicidad de este m\u00e9todo.\"\u00a0<\/p><\/div><p class=\"eael-testimonial-user\" style=\"display: block; float: none;\">Jan Hemstad, M.D. &amp; Darcy Hemstad, R.N. <br><\/p><p class=\"eael-testimonial-user-company\"> Yakima, Washington<\/p>\t\t\t<\/div>\n\t\t\n\t\t\n\t\t\n\t\t\n\t\t\n\t\t\n\t\t<span class=\"eael-testimonial-quote\"><\/span>\n\t<\/div>\n\n\t\t\t\t\t<\/div>\n\t\t\t\t<\/div>\n\t\t\t\t<div class=\"elementor-element elementor-element-d81825e elementor-widget-divider--view-line elementor-widget elementor-widget-divider\" data-id=\"d81825e\" data-element_type=\"widget\" data-e-type=\"widget\" data-widget_type=\"divider.default\">\n\t\t\t\t<div class=\"elementor-widget-container\">\n\t\t\t\t\t\t\t<div class=\"elementor-divider\">\n\t\t\t<span class=\"elementor-divider-separator\">\n\t\t\t\t\t\t<\/span>\n\t\t<\/div>\n\t\t\t\t\t\t<\/div>\n\t\t\t\t<\/div>\n\t\t\t\t<div class=\"elementor-element elementor-element-955fb96 elementor-widget elementor-widget-eael-testimonial\" data-id=\"955fb96\" data-element_type=\"widget\" data-e-type=\"widget\" data-widget_type=\"eael-testimonial.default\">\n\t\t\t\t<div class=\"elementor-widget-container\">\n\t\t\t\t\t\n\t<div id=\"eael-testimonial-955fb96\" class=\"eael-testimonial-item clearfix  default-style\">\n\t\t\t\t\n\t\t\n\t\t\t\t\t\t\t\t<div class=\"eael-testimonial-content\">\n\t\t\t\t<div class=\"eael-testimonial-text\"><p>\"El M\u00e9todo de la Ovulaci\u00f3n Billings\u00ae es una forma segura, sencilla y cient\u00edfica de entender y apreciar tu fertilidad.  Es de gran ayuda para mis pacientes, tanto si est\u00e1n intentando lograr o evitar un embarazo como si tratan de solucionar problemas hormonales.\"<\/p><\/div><p class=\"eael-testimonial-user\" style=\"display: block; float: none;\">Clint Leonard, MD , Obstetra\/Ginec\u00f3logo <br> www.morningstarobgyn.com<\/p><p class=\"eael-testimonial-user-company\">Gilbert, AZ<\/p>\t\t\t<\/div>\n\t\t\n\t\t\n\t\t\n\t\t\n\t\t\n\t\t\n\t\t<span class=\"eael-testimonial-quote\"><\/span>\n\t<\/div>\n\n\t\t\t\t\t<\/div>\n\t\t\t\t<\/div>\n\t\t\t\t<div class=\"elementor-element elementor-element-a16d559 elementor-widget-divider--view-line elementor-widget elementor-widget-divider\" data-id=\"a16d559\" data-element_type=\"widget\" data-e-type=\"widget\" data-widget_type=\"divider.default\">\n\t\t\t\t<div class=\"elementor-widget-container\">\n\t\t\t\t\t\t\t<div class=\"elementor-divider\">\n\t\t\t<span class=\"elementor-divider-separator\">\n\t\t\t\t\t\t<\/span>\n\t\t<\/div>\n\t\t\t\t\t\t<\/div>\n\t\t\t\t<\/div>\n\t\t\t\t<div class=\"elementor-element elementor-element-4cda8f7 elementor-widget elementor-widget-eael-testimonial\" data-id=\"4cda8f7\" data-element_type=\"widget\" data-e-type=\"widget\" data-widget_type=\"eael-testimonial.default\">\n\t\t\t\t<div class=\"elementor-widget-container\">\n\t\t\t\t\t\n\t<div id=\"eael-testimonial-4cda8f7\" class=\"eael-testimonial-item clearfix  default-style\">\n\t\t\t\t\n\t\t\n\t\t\t\t\t\t\t\t<div class=\"eael-testimonial-content\">\n\t\t\t\t<div class=\"eael-testimonial-text\"><p>\"Aprender el M\u00e9todo de la Ovulaci\u00f3n Billings\u00ae cambi\u00f3 mi forma de practicar la ginecolog\u00eda. Anteriormente hab\u00eda dejado de recetar \"La p\u00edldora\" por razones morales y \u00e9ticas, pero me hab\u00edan lavado el cerebro haci\u00e9ndome creer que los anticonceptivos orales son el pilar del tratamiento de los problemas ginecol\u00f3gicos. El M\u00e9todo de la Ovulaci\u00f3n Billings\u00ae aclar\u00f3 no s\u00f3lo los signos y s\u00edntomas de la fertilidad de una forma que mi formaci\u00f3n especializada no hab\u00eda podido, sino que tambi\u00e9n me proporcion\u00f3 una ventana sencilla a la endocrinolog\u00eda del ciclo menstrual que se correlaciona con 50 a\u00f1os de investigaci\u00f3n y m\u00e1s de 850.000 ciclos menstruales. Explico el m\u00e9todo a todas mis pacientes, ya sea hablando de infertilidad, de la transici\u00f3n a la menopausia o para diagnosticar un problema ginecol\u00f3gico, y encuentro que cinco minutos dedicados a explicar el M\u00e9todo de la Ovulaci\u00f3n Billings\u00ae reportan grandes dividendos a la hora de determinar primero si la paciente es ovulatoria o anovulatoria, al pasar por el diagn\u00f3stico diferencial.\"\u00a0<\/p><\/div><p class=\"eael-testimonial-user\" style=\"display: block; float: none;\">Mary Martin, M.D., F.A.C.O.G. <br> OB\/GYN Centro de Salud de la Mujer <\/p><p class=\"eael-testimonial-user-company\">Oklahoma City, Oklahoma<\/p>\t\t\t<\/div>\n\t\t\n\t\t\n\t\t\n\t\t\n\t\t\n\t\t\n\t\t<span class=\"eael-testimonial-quote\"><\/span>\n\t<\/div>\n\n\t\t\t\t\t<\/div>\n\t\t\t\t<\/div>\n\t\t\t\t<div class=\"elementor-element elementor-element-eadefdb elementor-widget-divider--view-line elementor-widget elementor-widget-divider\" data-id=\"eadefdb\" data-element_type=\"widget\" data-e-type=\"widget\" data-widget_type=\"divider.default\">\n\t\t\t\t<div class=\"elementor-widget-container\">\n\t\t\t\t\t\t\t<div class=\"elementor-divider\">\n\t\t\t<span class=\"elementor-divider-separator\">\n\t\t\t\t\t\t<\/span>\n\t\t<\/div>\n\t\t\t\t\t\t<\/div>\n\t\t\t\t<\/div>\n\t\t\t\t<div class=\"elementor-element elementor-element-f0a7a1f elementor-widget elementor-widget-eael-testimonial\" data-id=\"f0a7a1f\" data-element_type=\"widget\" data-e-type=\"widget\" data-widget_type=\"eael-testimonial.default\">\n\t\t\t\t<div class=\"elementor-widget-container\">\n\t\t\t\t\t\n\t<div id=\"eael-testimonial-f0a7a1f\" class=\"eael-testimonial-item clearfix  default-style\">\n\t\t\t\t\n\t\t\n\t\t\t\t\t\t\t\t<div class=\"eael-testimonial-content\">\n\t\t\t\t<div class=\"eael-testimonial-text\"><p>\"El M\u00e9todo Billings\u2122 es sencillo y f\u00e1cil de ense\u00f1ar y aprender.  El m\u00e9todo ha ayudado a mis pacientes a conseguir el embarazo y a corregir trastornos de la ovulaci\u00f3n.  Me encanta la ciencia que hay detr\u00e1s del M\u00e9todo Billings, y mis pacientes que no est\u00e1n familiarizadas con \u00e9l se sorprenden actualmente al aprender sobre sus cuerpos.\"<\/p><\/div><p class=\"eael-testimonial-user\" style=\"display: block; float: none;\">Dra. Kathy Wood M.D.,F.A.C.O.G <br> GINECOLOG\u00cdA Y OBSTETRICIA<\/p><p class=\"eael-testimonial-user-company\">Frisco, Texas <\/p>\t\t\t<\/div>\n\t\t\n\t\t\n\t\t\n\t\t\n\t\t\n\t\t\n\t\t<span class=\"eael-testimonial-quote\"><\/span>\n\t<\/div>\n\n\t\t\t\t\t<\/div>\n\t\t\t\t<\/div>\n\t\t\t\t<div class=\"elementor-element elementor-element-4af9532 elementor-widget-divider--view-line elementor-widget elementor-widget-divider\" data-id=\"4af9532\" data-element_type=\"widget\" data-e-type=\"widget\" data-widget_type=\"divider.default\">\n\t\t\t\t<div class=\"elementor-widget-container\">\n\t\t\t\t\t\t\t<div class=\"elementor-divider\">\n\t\t\t<span class=\"elementor-divider-separator\">\n\t\t\t\t\t\t<\/span>\n\t\t<\/div>\n\t\t\t\t\t\t<\/div>\n\t\t\t\t<\/div>\n\t\t\t\t<div class=\"elementor-element elementor-element-0ef3efa elementor-widget elementor-widget-eael-testimonial\" data-id=\"0ef3efa\" data-element_type=\"widget\" data-e-type=\"widget\" data-widget_type=\"eael-testimonial.default\">\n\t\t\t\t<div class=\"elementor-widget-container\">\n\t\t\t\t\t\n\t<div id=\"eael-testimonial-0ef3efa\" class=\"eael-testimonial-item clearfix  default-style\">\n\t\t\t\t\n\t\t\n\t\t\t\t\t\t\t\t<div class=\"eael-testimonial-content\">\n\t\t\t\t<div class=\"eael-testimonial-text\"><p>\"Soy m\u00e9dico de familia en la zona de Boston. El M\u00e9todo de la Ovulaci\u00f3n Billings\u00ae es un m\u00e9todo de planificaci\u00f3n familiar muy eficaz y f\u00e1cil de utilizar. Es relativamente f\u00e1cil de ense\u00f1ar y aprender. Ha sido \u00fatil para mis pacientes tanto para evitar el embarazo como para conseguirlo. Tambi\u00e9n ha sido \u00fatil para evaluar las irregularidades menstruales.\u00a0<br \/><br \/>Como m\u00e9dico, he ense\u00f1ado el m\u00e9todo a pacientes y he evaluado a pacientes bas\u00e1ndome en sus gr\u00e1ficos. Me ha resultado muy \u00fatil tanto en mi consulta como en mi propia vida de casado.\u00a0<br \/>\u200b<br \/>El M\u00e9todo de la Ovulaci\u00f3n Billings\u00ae de planificaci\u00f3n familiar natural es un m\u00e9todo altamente fiable y cient\u00edfico en el que conf\u00edo plenamente.\"<\/p><\/div><p class=\"eael-testimonial-user\" style=\"display: block; float: none;\">John Worden, IV, M.D., Miembro del Consejo de BOMA-USA <\/p><p class=\"eael-testimonial-user-company\">Gardner, Massachusetts<\/p>\t\t\t<\/div>\n\t\t\n\t\t\n\t\t\n\t\t\n\t\t\n\t\t\n\t\t<span class=\"eael-testimonial-quote\"><\/span>\n\t<\/div>\n\n\t\t\t\t\t<\/div>\n\t\t\t\t<\/div>\n\t\t\t\t\t<\/div>\n\t\t<\/div>\n\t\t\t\t\t<\/div>\n\t\t<\/section>\n\t\t\t\t<\/div>","protected":false},"excerpt":{"rendered":"<p>\"Aprender el M\u00e9todo de la Ovulaci\u00f3n Billings\u00ae cambi\u00f3 mi forma de practicar la ginecolog\u00eda\". Apoyar los testimonios de los m\u00e9dicos de BOMA \"Me cost\u00f3 mucho entender la endocrinolog\u00eda reproductiva en premedicina y en la facultad de medicina. La formaci\u00f3n que recib\u00ed para convertirme en instructora de Billings me aport\u00f3 una comprensi\u00f3n y claridad sobre este tema que antes no ten\u00eda.\" Jason Peters, M.D., FAAFP Harlingen, [...]<\/p>","protected":false},"author":197,"featured_media":0,"parent":0,"menu_order":0,"comment_status":"closed","ping_status":"closed","template":"","meta":{"_acf_changed":false,"footnotes":""},"class_list":["post-8644","page","type-page","status-publish","hentry"],"acf":[],"_links":{"self":[{"href":"https:\/\/boma-usa.org\/es\/wp-json\/wp\/v2\/pages\/8644","targetHints":{"allow":["GET"]}}],"collection":[{"href":"https:\/\/boma-usa.org\/es\/wp-json\/wp\/v2\/pages"}],"about":[{"href":"https:\/\/boma-usa.org\/es\/wp-json\/wp\/v2\/types\/page"}],"author":[{"embeddable":true,"href":"https:\/\/boma-usa.org\/es\/wp-json\/wp\/v2\/users\/197"}],"replies":[{"embeddable":true,"href":"https:\/\/boma-usa.org\/es\/wp-json\/wp\/v2\/comments?post=8644"}],"version-history":[{"count":0,"href":"https:\/\/boma-usa.org\/es\/wp-json\/wp\/v2\/pages\/8644\/revisions"}],"wp:attachment":[{"href":"https:\/\/boma-usa.org\/es\/wp-json\/wp\/v2\/media?parent=8644"}],"curies":[{"name":"wp","href":"https:\/\/api.w.org\/{rel}","templated":true}]}}