{"id":76,"date":"2021-01-19T10:13:14","date_gmt":"2021-01-19T16:13:14","guid":{"rendered":"https:\/\/live-power-tools-club.pantheonsite.io\/register\/"},"modified":"2025-11-25T10:31:55","modified_gmt":"2025-11-25T16:31:55","slug":"register","status":"publish","type":"page","link":"https:\/\/boma-usa.org\/es\/register\/","title":{"rendered":"Registro (nuevos miembros)"},"content":{"rendered":"<div data-elementor-type=\"wp-page\" data-elementor-id=\"76\" class=\"elementor elementor-76\" data-elementor-post-type=\"page\">\n\t\t\t\t\t\t<section class=\"elementor-section elementor-top-section elementor-element elementor-element-a606380 elementor-section-boxed elementor-section-height-default elementor-section-height-default\" data-id=\"a606380\" data-element_type=\"section\" data-e-type=\"section\" data-settings=\"{&quot;background_background&quot;:&quot;classic&quot;,&quot;jet_parallax_layout_list&quot;:[]}\">\n\t\t\t\t\t\t<div class=\"elementor-container elementor-column-gap-default\">\n\t\t\t\t\t<div class=\"elementor-column elementor-col-100 elementor-top-column elementor-element elementor-element-63a4ad44\" data-id=\"63a4ad44\" data-element_type=\"column\" data-e-type=\"column\">\n\t\t\t<div class=\"elementor-widget-wrap elementor-element-populated\">\n\t\t\t\t\t\t<div class=\"elementor-element elementor-element-24c2384 elementor-widget elementor-widget-text-editor\" data-id=\"24c2384\" data-element_type=\"widget\" data-e-type=\"widget\" data-widget_type=\"text-editor.default\">\n\t\t\t\t<div class=\"elementor-widget-container\">\n\t\t\t\t\t\t\t\t\t<h5><strong>Afiliaci\u00f3n est\u00e1ndar<\/strong><\/h5>\t\t\t\t\t\t\t\t<\/div>\n\t\t\t\t<\/div>\n\t\t<div class=\"elementor-element elementor-element-6fcacfa e-grid e-con-full e-con e-parent\" data-id=\"6fcacfa\" data-element_type=\"container\" data-e-type=\"container\" data-settings=\"{&quot;jet_parallax_layout_list&quot;:[{&quot;_id&quot;:&quot;cb78d66&quot;,&quot;jet_parallax_layout_image&quot;:{&quot;url&quot;:&quot;&quot;,&quot;id&quot;:&quot;&quot;,&quot;size&quot;:&quot;&quot;},&quot;jet_parallax_layout_image_laptop&quot;:{&quot;url&quot;:&quot;&quot;,&quot;id&quot;:&quot;&quot;,&quot;size&quot;:&quot;&quot;},&quot;jet_parallax_layout_image_tablet&quot;:{&quot;url&quot;:&quot;&quot;,&quot;id&quot;:&quot;&quot;,&quot;size&quot;:&quot;&quot;},&quot;jet_parallax_layout_image_mobile&quot;:{&quot;url&quot;:&quot;&quot;,&quot;id&quot;:&quot;&quot;,&quot;size&quot;:&quot;&quot;},&quot;jet_parallax_layout_speed&quot;:{&quot;unit&quot;:&quot;%&quot;,&quot;size&quot;:50,&quot;sizes&quot;:[]},&quot;jet_parallax_layout_type&quot;:&quot;scroll&quot;,&quot;jet_parallax_layout_direction&quot;:&quot;1&quot;,&quot;jet_parallax_layout_fx_direction&quot;:null,&quot;jet_parallax_layout_z_index&quot;:&quot;&quot;,&quot;jet_parallax_layout_bg_x&quot;:50,&quot;jet_parallax_layout_bg_x_laptop&quot;:&quot;&quot;,&quot;jet_parallax_layout_bg_x_tablet&quot;:&quot;&quot;,&quot;jet_parallax_layout_bg_x_mobile&quot;:&quot;&quot;,&quot;jet_parallax_layout_bg_y&quot;:50,&quot;jet_parallax_layout_bg_y_laptop&quot;:&quot;&quot;,&quot;jet_parallax_layout_bg_y_tablet&quot;:&quot;&quot;,&quot;jet_parallax_layout_bg_y_mobile&quot;:&quot;&quot;,&quot;jet_parallax_layout_bg_size&quot;:&quot;auto&quot;,&quot;jet_parallax_layout_bg_size_laptop&quot;:&quot;&quot;,&quot;jet_parallax_layout_bg_size_tablet&quot;:&quot;&quot;,&quot;jet_parallax_layout_bg_size_mobile&quot;:&quot;&quot;,&quot;jet_parallax_layout_animation_prop&quot;:&quot;transform&quot;,&quot;jet_parallax_layout_on&quot;:[&quot;desktop&quot;,&quot;tablet&quot;]}]}\">\n\t\t\t\t<div class=\"elementor-element elementor-element-2f0441e elementor-widget elementor-widget-text-editor\" data-id=\"2f0441e\" data-element_type=\"widget\" data-e-type=\"widget\" data-widget_type=\"text-editor.default\">\n\t\t\t\t<div class=\"elementor-widget-container\">\n\t\t\t\t\t\t\t\t\t<h6><strong>Para profesores<\/strong><\/h6><ul><li style=\"font-weight: 400;\" aria-level=\"2\"><span style=\"font-weight: 400;\">Necesario para <strong>certificaci\u00f3n<\/strong><\/span><\/li><li style=\"font-weight: 400;\" aria-level=\"2\"><span style=\"font-weight: 400;\">Directorio de profesores <strong>listado\u00a0<\/strong>en nuestro sitio<\/span><\/li><li style=\"font-weight: 400;\" aria-level=\"2\"><span style=\"font-weight: 400;\">Opcional <strong>remoto<\/strong> listado de profesores<\/span><\/li><li aria-level=\"2\">Virtual <strong>beca<\/strong> eventos<\/li><\/ul>\t\t\t\t\t\t\t\t<\/div>\n\t\t\t\t<\/div>\n\t\t\t\t<div class=\"elementor-element elementor-element-a81dcb1 elementor-widget elementor-widget-text-editor\" data-id=\"a81dcb1\" data-element_type=\"widget\" data-e-type=\"widget\" data-widget_type=\"text-editor.default\">\n\t\t\t\t<div class=\"elementor-widget-container\">\n\t\t\t\t\t\t\t\t\t<h6><strong>\u00c1rea reservada a los miembros<\/strong><\/h6><ul><li><span style=\"font-weight: 400;\">Acceda a los <strong>al d\u00eda<\/strong> PowerPoints did\u00e1cticos<\/span><\/li><li style=\"font-weight: 400;\" aria-level=\"2\"><span style=\"font-weight: 400;\">Materiales a <strong>promover<\/strong> y <strong>anunciar<\/strong> Facturaci\u00f3n (por ejemplo, plantilla de tarjeta de visita, <strong>adicional<\/strong> PowerPoints, etc.)<\/span><\/li><\/ul>\t\t\t\t\t\t\t\t<\/div>\n\t\t\t\t<\/div>\n\t\t\t\t<div class=\"elementor-element elementor-element-34d0af2 elementor-widget elementor-widget-text-editor\" data-id=\"34d0af2\" data-element_type=\"widget\" data-e-type=\"widget\" data-widget_type=\"text-editor.default\">\n\t\t\t\t<div class=\"elementor-widget-container\">\n\t\t\t\t\t\t\t\t\t<h6><strong>Descuentos<\/strong><\/h6><ul><li><strong>Gratis<\/strong> acceso a cuatro <strong>seminarios web<\/strong> al a\u00f1o (cumplen el requisito de formaci\u00f3n continua de los profesores)<\/li><li>Descuentos en art\u00edculos de la tienda (p. ej. <strong>folleto de revisi\u00f3n<\/strong> para los clientes)<\/li><\/ul>\t\t\t\t\t\t\t\t<\/div>\n\t\t\t\t<\/div>\n\t\t\t\t<\/div>\n\t\t\t\t<div class=\"elementor-element elementor-element-ffa2dae elementor-widget elementor-widget-text-editor\" data-id=\"ffa2dae\" data-element_type=\"widget\" data-e-type=\"widget\" data-widget_type=\"text-editor.default\">\n\t\t\t\t<div class=\"elementor-widget-container\">\n\t\t\t\t\t\t\t\t\t<h5><strong>Premium<\/strong><\/h5><ul><li>Acceso continuo a seminarios web anteriores <strong>grabaciones<\/strong> (incluida la conferencia de 2024)<\/li><li>Opcional personalizado @boma-usa.org <strong>direcci\u00f3n de correo electr\u00f3nico<\/strong><\/li><li>Incluye todos los <strong>est\u00e1ndar<\/strong> ventajas de afiliaci\u00f3n<\/li><\/ul>\t\t\t\t\t\t\t\t<\/div>\n\t\t\t\t<\/div>\n\t\t\t\t<div class=\"elementor-element elementor-element-894ebd9 elementor-widget elementor-widget-heading\" data-id=\"894ebd9\" data-element_type=\"widget\" data-e-type=\"widget\" data-widget_type=\"heading.default\">\n\t\t\t\t<div class=\"elementor-widget-container\">\n\t\t\t\t\t<h2 class=\"elementor-heading-title elementor-size-default\">Registrarse en BOMA-USA (Nueva Afiliaci\u00f3n)<\/h2>\t\t\t\t<\/div>\n\t\t\t\t<\/div>\n\t\t\t\t<div class=\"elementor-element elementor-element-7ff6b57 elementor-widget elementor-widget-spacer\" data-id=\"7ff6b57\" data-element_type=\"widget\" data-e-type=\"widget\" data-widget_type=\"spacer.default\">\n\t\t\t\t<div class=\"elementor-widget-container\">\n\t\t\t\t\t\t\t<div class=\"elementor-spacer\">\n\t\t\t<div class=\"elementor-spacer-inner\"><\/div>\n\t\t<\/div>\n\t\t\t\t\t\t<\/div>\n\t\t\t\t<\/div>\n\t\t\t\t<div class=\"elementor-element elementor-element-28f7e9a elementor-widget elementor-widget-text-editor\" data-id=\"28f7e9a\" data-element_type=\"widget\" data-e-type=\"widget\" data-widget_type=\"text-editor.default\">\n\t\t\t\t<div class=\"elementor-widget-container\">\n\t\t\t\t\t\t\t\t\t<p><b>Este es el formulario de inscripci\u00f3n de BOMA-USA para NUEVOS miembros.\u00a0<\/b><\/p>\t\t\t\t\t\t\t\t<\/div>\n\t\t\t\t<\/div>\n\t\t\t\t<div class=\"elementor-element elementor-element-eb24c81 elementor-widget elementor-widget-text-editor\" data-id=\"eb24c81\" data-element_type=\"widget\" data-e-type=\"widget\" data-widget_type=\"text-editor.default\">\n\t\t\t\t<div class=\"elementor-widget-container\">\n\t\t\t\t\t\t\t\t\t<p>Utiliza este formulario si actualmente no tienes un nombre de usuario y contrase\u00f1a para acceder a la p\u00e1gina web de BOMA-USA. Al registrarte y seleccionar un nivel de afiliaci\u00f3n, recibir\u00e1s un nombre de usuario y contrase\u00f1a por correo electr\u00f3nico. Si no lo ves, por favor revisa tu archivo de spam\/basura y aprueba los correos electr\u00f3nicos del dominio boma-usa.org<\/p><p>Si ya se ha registrado y dispone de este nombre de usuario\/contrase\u00f1a, entonces <a href=\"https:\/\/events.boma-usa.org\/login\"><span style=\"text-decoration: underline;\">por favor, con\u00e9ctese primero<\/span><\/a>.<\/p><p>Las actualizaciones y renovaciones de su afiliaci\u00f3n y de su informaci\u00f3n pueden autogestionarse en la secci\u00f3n <strong>\"Mi perfil\"<\/strong> zona.<\/p><p>RECUERDE: si es usted profesor, DEBE solicitar la suscripci\u00f3n de certificaci\u00f3n despu\u00e9s de completar su inscripci\u00f3n como miembro. .\u00a0<\/p>\t\t\t\t\t\t\t\t<\/div>\n\t\t\t\t<\/div>\n\t\t\t\t<div class=\"elementor-element elementor-element-6dafa39 elementor-widget elementor-widget-spacer\" data-id=\"6dafa39\" data-element_type=\"widget\" data-e-type=\"widget\" data-widget_type=\"spacer.default\">\n\t\t\t\t<div class=\"elementor-widget-container\">\n\t\t\t\t\t\t\t<div class=\"elementor-spacer\">\n\t\t\t<div class=\"elementor-spacer-inner\"><\/div>\n\t\t<\/div>\n\t\t\t\t\t\t<\/div>\n\t\t\t\t<\/div>\n\t\t\t\t<div class=\"elementor-element elementor-element-978f014 elementor-widget elementor-widget-button\" data-id=\"978f014\" data-element_type=\"widget\" data-e-type=\"widget\" data-widget_type=\"button.default\">\n\t\t\t\t<div class=\"elementor-widget-container\">\n\t\t\t\t\t\t\t\t\t<div class=\"elementor-button-wrapper\">\n\t\t\t\t\t<a class=\"elementor-button elementor-button-link elementor-size-sm\" href=\"https:\/\/boma-usa.org\/wp-content\/uploads\/2023\/08\/certification-process-back-up-file.-.pdf\">\n\t\t\t\t\t\t<span class=\"elementor-button-content-wrapper\">\n\t\t\t\t\t\t\t\t\t<span class=\"elementor-button-text\">Haga clic aqu\u00ed para obtener informaci\u00f3n detallada sobre la solicitud o renovaci\u00f3n de la certificaci\u00f3n<\/span>\n\t\t\t\t\t<\/span>\n\t\t\t\t\t<\/a>\n\t\t\t\t<\/div>\n\t\t\t\t\t\t\t\t<\/div>\n\t\t\t\t<\/div>\n\t\t\t\t<div class=\"elementor-element elementor-element-cc2fdb3 elementor-widget elementor-widget-button\" data-id=\"cc2fdb3\" data-element_type=\"widget\" data-e-type=\"widget\" data-widget_type=\"button.default\">\n\t\t\t\t<div class=\"elementor-widget-container\">\n\t\t\t\t\t\t\t\t\t<div class=\"elementor-button-wrapper\">\n\t\t\t\t\t<a class=\"elementor-button elementor-button-link elementor-size-sm\" href=\"https:\/\/boma-usa.org\/es\/register-step-1\/\">\n\t\t\t\t\t\t<span class=\"elementor-button-content-wrapper\">\n\t\t\t\t\t\t\t\t\t<span class=\"elementor-button-text\">Haga clic aqu\u00ed para inscribirse<\/span>\n\t\t\t\t\t<\/span>\n\t\t\t\t\t<\/a>\n\t\t\t\t<\/div>\n\t\t\t\t\t\t\t\t<\/div>\n\t\t\t\t<\/div>\n\t\t\t\t<div class=\"elementor-element elementor-element-42f6e0f elementor-widget elementor-widget-spacer\" data-id=\"42f6e0f\" data-element_type=\"widget\" data-e-type=\"widget\" data-widget_type=\"spacer.default\">\n\t\t\t\t<div class=\"elementor-widget-container\">\n\t\t\t\t\t\t\t<div class=\"elementor-spacer\">\n\t\t\t<div class=\"elementor-spacer-inner\"><\/div>\n\t\t<\/div>\n\t\t\t\t\t\t<\/div>\n\t\t\t\t<\/div>\n\t\t\t\t<div class=\"elementor-element elementor-element-9b2dee6 elementor-hidden-desktop elementor-hidden-tablet elementor-hidden-mobile elementor-widget elementor-widget-text-editor\" data-id=\"9b2dee6\" data-element_type=\"widget\" data-e-type=\"widget\" data-widget_type=\"text-editor.default\">\n\t\t\t\t<div class=\"elementor-widget-container\">\n\t\t\t\t\t\t\t\t\t\n<form id=\"pms_register-form\" class=\"pms-form  pms-register-form-top-plans pms-form-design-wrapper pms-form-style-1\" method=\"POST\" action=\"\">\n\n    \n    <input type=\"hidden\" id=\"pmstkn\" name=\"pmstkn\" value=\"70dfd3b423\" \/><input type=\"hidden\" name=\"_wp_http_referer\" value=\"\/es\/wp-json\/wp\/v2\/pages\/76\" \/>\n    <ul class=\"pms-form-fields-wrapper\">\n\n        <li class=\"pms-field pms-field-subscriptions\"><h3 class=\"pms-subscriptions-list-title\">Seleccione su plan de suscripci\u00f3n<\/h3><div class=\"pms-subscription-plan pms-subscription-plan-5588\"><label><input type=\"radio\" name=\"subscription_plans\" data-price=\"125\" data-duration=\"1\" data-fixed_membership=\"\" data-allow_renew=\"\" data-sign_up_fee=\"0\" data-trial=\"0\" data-recurring=\"1\"  value=\"5588\"  checked='checked'data-default-selected=\"true\" \/><span class=\"pms-subscription-plan-name\">Miembro Premium<\/span><span class=\"pms-subscription-plan-price\"><span class=\"pms-divider\"> &#8211; <\/span><span class=\"pms-subscription-plan-currency\">&#36;<\/span><span class=\"pms-subscription-plan-price-value\">125.00<\/span><span class=\"pms-divider pms-duration-divider\"> \/ <\/span><span class=\"pms-subscription-plan-duration\">1 a\u00f1o<\/span><\/span><span class=\"pms-subscription-plan-trial\"><\/span><span class=\"pms-subscription-plan-sign-up-fee\"><\/span><\/label><div class=\"pms-subscription-plan-description\">Todos los beneficios de un Miembro Est\u00e1ndar, m\u00e1s acceso a webinars pasados y otras grabaciones de plataformas de aprendizaje en l\u00ednea. Recibir\u00e1s referencias de clientes potenciales y tambi\u00e9n tu propia direcci\u00f3n de correo electr\u00f3nico personalizada de BOMA-USA. Tendr\u00e1s acceso gratuito a todos los webinars grabados. Participa plenamente y obt\u00e9n el m\u00e1ximo valor de tu membres\u00eda.<\/div><\/div><div class=\"pms-subscription-plan pms-subscription-plan-5589\"><label><input type=\"radio\" name=\"subscription_plans\" data-price=\"75\" data-duration=\"1\" data-fixed_membership=\"\" data-allow_renew=\"\" data-sign_up_fee=\"0\" data-trial=\"0\" data-recurring=\"1\"  value=\"5589\" data-default-checked=\"false\" \/><span class=\"pms-subscription-plan-name\">Miembro est\u00e1ndar<\/span><span class=\"pms-subscription-plan-price\"><span class=\"pms-divider\"> &#8211; <\/span><span class=\"pms-subscription-plan-currency\">&#36;<\/span><span class=\"pms-subscription-plan-price-value\">75.00<\/span><span class=\"pms-divider pms-duration-divider\"> \/ <\/span><span class=\"pms-subscription-plan-duration\">1 a\u00f1o<\/span><\/span><span class=\"pms-subscription-plan-trial\"><\/span><span class=\"pms-subscription-plan-sign-up-fee\"><\/span><\/label><div class=\"pms-subscription-plan-description\">Afiliaci\u00f3n est\u00e1ndar a BOMA-USA. El coste anual es de $75 y se renovar\u00e1 autom\u00e1ticamente cada a\u00f1o. Recibir\u00e1s un login personal en nuestra web, participaci\u00f3n gratuita en la hora de confraternidad, acceso gratuito a los webinars y descuentos s\u00f3lo disponibles para nuestros miembros. Adem\u00e1s, recibir\u00e1 sus enlaces de afiliaci\u00f3n personalizados que podr\u00e1 utilizar en sus propios env\u00edos y recibir\u00e1 bonificaciones de reconocimiento cuando promocione nuestra conferencia. <\/div><\/div><div class=\"pms-subscription-plan-auto-renew\"><label><input name=\"pms_recurring\" type=\"checkbox\" value=\"1\"  \/>Renovar autom\u00e1ticamente la suscripci\u00f3n<\/label><\/div><input type=\"hidden\" name=\"pms_default_recurring\" value=\"2\" \/><div id=\"pms-paygates-wrapper\"><input type=\"hidden\" class=\"pms_pay_gate\" name=\"pay_gate\" value=\"stripe_connect\" data-sign_up_fee=\"1\" data-trial=\"1\" data-recurring=\"1\"  data-type=\"extra_fields\" \/><\/div><input type=\"hidden\" id=\"pms-process-checkout-nonce\" name=\"pms_process_checkout_nonce\" value=\"bf1b7e3cdc\"\/><input type=\"hidden\" id=\"stripe-pk\" value=\"pk_live_51LVd4kLjKiKideFq7Qmsu1nApZv7rOHiFjoNRtLnJV6T6fNVHeKhblVmbuJ82di7clETgllhHsEXz27ev8Q25w6h00FIOeIf75\" \/><input type=\"hidden\" name=\"pms_stripe_connect_payment_intent\" value=\"\"\/><input type=\"hidden\" name=\"pms_stripe_connect_setup_intent\" value=\"\"\/><input type=\"hidden\" id=\"pms-stripe-ajax-update-payment-intent-nonce\" name=\"stripe_ajax_update_payment_intent_nonce\" value=\"97bb625d74\"\/><div id=\"pms-subscription-plans-discount\"><label for=\"pms-subscription-plans-discount\">C\u00f3digo de descuento: <\/label><input id=\"pms_subscription_plans_discount_code\" name=\"discount_code\" placeholder=\"Introduzca el descuento\" type=\"text\" value=\"\" \/><input id=\"pms-apply-discount\" class=\"pms-submit button\" type=\"submit\" value=\"Solicitar\"><\/span><\/div><div id=\"pms-subscription-plans-discount-messages-wrapper\"><div id=\"pms-subscription-plans-discount-messages\" ><\/div><div id=\"pms-subscription-plans-discount-messages-loading\">Aplicando c\u00f3digo de descuento. Por favor espere...<\/div><\/div><\/li>\n\n        \n        <ul  class=\"pms-field-section\"><li class=\"cozmoslabs-form-field-wrapper pms-field pms-field-type-text  beehive\"><label for=\"beehive\" class=\"cozmoslabs-form-field-label\">Campo personalizado<\/label><input type=\"text\" id=\"beehive\" name=\"beehive\" value=\"\" \/><\/li><\/ul><ul id=\"pms-stripe-connect\" class=\"pms-field-section pms-paygate-extra-fields pms-paygate-extra-fields-stripe_connect\"><li class=\"pms-field pms-field-type-heading\"><h3>Datos de pago<\/h3><\/li><div class=\"pms-spinner__holder\"><div class=\"pms-spinner\"><\/div><\/div><div id=\"pms-stripe-payment-elements\" style=\"display:none\"><\/div><\/ul><div class=\"pms-account-section-wrapper\"><h3 class=\"pms-account-details-title\">Detalles de la cuenta<\/h3>\n                <li class=\"pms-field pms-user-login-field\">\n            <label for=\"pms_user_login\">Nombre de usuario *<\/label>\n            <input id=\"pms_user_login\" name=\"user_login\" type=\"text\" value=\"\" \/>\n\n                    <\/li>\n\n                <li class=\"pms-field pms-user-email-field\">\n            <label for=\"pms_user_email\">Correo electr\u00f3nico *<\/label>\n            <input id=\"pms_user_email\" name=\"user_email\" type=\"text\" value=\"\" \/>\n\n                    <\/li>\n\n                <li class=\"pms-field pms-first-name-field\">\n            <label for=\"pms_first_name\">Nombre<\/label>\n            <input id=\"pms_first_name\" name=\"first_name\" type=\"text\" value=\"\" \/>\n\n                    <\/li>\n\n                <li class=\"pms-field pms-last-name-field\">\n            <label for=\"pms_last_name\">Apellido<\/label>\n            <input id=\"pms_last_name\" name=\"last_name\" type=\"text\" value=\"\" \/>\n\n                    <\/li>\n\n                <li class=\"pms-field pms-pass1-field\">\n            <label for=\"pms_pass1\">Contrase\u00f1a *<\/label>\n            <input id=\"pms_pass1\" name=\"pass1\" type=\"password\" \/>\n\n            \n            <p>Longitud m\u00ednima de 10 caracteres.<\/p><p>La contrase\u00f1a debe tener una fuerza m\u00ednima de Strong<\/p><span id=\"pms-pass-strength-result\">Indicador de resistencia<\/span>\n        <input type=\"hidden\" value=\"\" name=\"pms_password_strength\" id=\"pms_password_strength\"\/>        <\/li>\n\n\n\n                <li class=\"pms-field pms-pass2-field\">\n            <label for=\"pms_pass2\">Repetir Contrase\u00f1a *<\/label>\n            <input id=\"pms_pass2\" name=\"pass2\" type=\"password\" \/>\n\n                    <\/li>\n\n        <\/div>\n        \n        \n    <\/ul>\n\n    <span id=\"pms-submit-button-loading-placeholder-text\" style=\"display: none;\">Procesando. Por favor espere...<\/span><div id=\"pms-recaptcha-register-wrapper\" class=\"pms-field\"><div id=\"pms-recaptcha-register\" class=\"pms-recaptcha g-recaptcha\" data-sitekey=\"6Les4TcpAAAAAM77uy6YNe6CbpopaMWJDJC-21NO\" data-theme=\"light\" data-size=\"normal\"><\/div><\/div>\n    <input class=\"pms-form-submit\" name=\"pms_register\" type=\"submit\" value=\"Registro\" \/>\n\n<input type=\"hidden\" name=\"trp-form-language\" value=\"es\"\/><\/form>\n\t\t\t\t\t\t\t\t<\/div>\n\t\t\t\t<\/div>\n\t\t\t\t\t<\/div>\n\t\t<\/div>\n\t\t\t\t\t<\/div>\n\t\t<\/section>\n\t\t\t\t<\/div>","protected":false},"excerpt":{"rendered":"<p>Standard Membership For Teachers Required for certification Teacher directory listing\u00a0on our site Optional remote teacher listing Virtual fellowship events Member\u2019s Only Area Access the most up to date teaching PowerPoints Materials to promote and advertise Billings (e.g. business card template, additional PowerPoints, et al.) Discounts Free access to four webinars per year (these fulfill teachers&#8217; [&hellip;]<\/p>","protected":false},"author":197,"featured_media":0,"parent":0,"menu_order":0,"comment_status":"closed","ping_status":"closed","template":"","meta":{"_acf_changed":false,"footnotes":""},"class_list":["post-76","page","type-page","status-publish","hentry"],"acf":[],"_links":{"self":[{"href":"https:\/\/boma-usa.org\/es\/wp-json\/wp\/v2\/pages\/76","targetHints":{"allow":["GET"]}}],"collection":[{"href":"https:\/\/boma-usa.org\/es\/wp-json\/wp\/v2\/pages"}],"about":[{"href":"https:\/\/boma-usa.org\/es\/wp-json\/wp\/v2\/types\/page"}],"author":[{"embeddable":true,"href":"https:\/\/boma-usa.org\/es\/wp-json\/wp\/v2\/users\/197"}],"replies":[{"embeddable":true,"href":"https:\/\/boma-usa.org\/es\/wp-json\/wp\/v2\/comments?post=76"}],"version-history":[{"count":12,"href":"https:\/\/boma-usa.org\/es\/wp-json\/wp\/v2\/pages\/76\/revisions"}],"predecessor-version":[{"id":24177,"href":"https:\/\/boma-usa.org\/es\/wp-json\/wp\/v2\/pages\/76\/revisions\/24177"}],"wp:attachment":[{"href":"https:\/\/boma-usa.org\/es\/wp-json\/wp\/v2\/media?parent=76"}],"curies":[{"name":"wp","href":"https:\/\/api.w.org\/{rel}","templated":true}]}}