{"id":6859,"date":"2022-09-09T12:29:21","date_gmt":"2022-09-09T18:29:21","guid":{"rendered":"https:\/\/events.boma-usa.org\/?page_id=6859"},"modified":"2022-09-09T13:48:32","modified_gmt":"2022-09-09T19:48:32","slug":"bishop-joseph-strickland","status":"publish","type":"page","link":"https:\/\/boma-usa.org\/es\/bishop-joseph-strickland\/","title":{"rendered":"Obispo Joseph Strickland"},"content":{"rendered":"<div data-elementor-type=\"wp-page\" data-elementor-id=\"6859\" class=\"elementor elementor-6859\" data-elementor-post-type=\"page\">\n\t\t\t\t\t\t<section class=\"elementor-section elementor-top-section elementor-element elementor-element-52385a21 elementor-section-boxed elementor-section-height-default elementor-section-height-default\" data-id=\"52385a21\" data-element_type=\"section\" data-e-type=\"section\" data-settings=\"{&quot;jet_parallax_layout_list&quot;:[]}\">\n\t\t\t\t\t\t\t<div class=\"elementor-background-overlay\"><\/div>\n\t\t\t\t\t\t\t<div class=\"elementor-container elementor-column-gap-default\">\n\t\t\t\t\t<div class=\"elementor-column elementor-col-100 elementor-top-column elementor-element elementor-element-2a9deb43\" data-id=\"2a9deb43\" data-element_type=\"column\" data-e-type=\"column\">\n\t\t\t<div class=\"elementor-widget-wrap elementor-element-populated\">\n\t\t\t\t\t\t<div class=\"elementor-element elementor-element-f78931f elementor-icon-list--layout-traditional elementor-list-item-link-full_width elementor-widget elementor-widget-icon-list\" data-id=\"f78931f\" data-element_type=\"widget\" data-e-type=\"widget\" data-widget_type=\"icon-list.default\">\n\t\t\t\t<div class=\"elementor-widget-container\">\n\t\t\t\t\t\t\t<ul class=\"elementor-icon-list-items\">\n\t\t\t\t\t\t\t<li class=\"elementor-icon-list-item\">\n\t\t\t\t\t\t\t\t\t\t\t<a href=\"https:\/\/boma-usa.org\/es\/?page_id=5555\">\n\n\t\t\t\t\t\t\t\t\t\t\t\t<span class=\"elementor-icon-list-icon\">\n\t\t\t\t\t\t\t<i aria-hidden=\"true\" class=\"fas fa-arrow-left\"><\/i>\t\t\t\t\t\t<\/span>\n\t\t\t\t\t\t\t\t\t\t<span class=\"elementor-icon-list-text\">Volver a la p\u00e1gina de la Conferencia<\/span>\n\t\t\t\t\t\t\t\t\t\t\t<\/a>\n\t\t\t\t\t\t\t\t\t<\/li>\n\t\t\t\t\t\t<\/ul>\n\t\t\t\t\t\t<\/div>\n\t\t\t\t<\/div>\n\t\t\t\t<div class=\"elementor-element elementor-element-543a8961 elementor-widget elementor-widget-image\" data-id=\"543a8961\" data-element_type=\"widget\" data-e-type=\"widget\" data-widget_type=\"image.default\">\n\t\t\t\t<div class=\"elementor-widget-container\">\n\t\t\t\t\t\t\t\t\t\t\t\t\t\t\t<img decoding=\"async\" src=\"https:\/\/boma-usa.org\/wp-content\/uploads\/elementor\/thumbs\/BishopJosephStrickland_475x475-r3lgkhowkftn71lbsve43kgj45p53x7pi49fjpq9xs.png\" title=\"ObispoJosephStrickland_475x475\" alt=\"BishopJosephStrickland_475x475\" loading=\"lazy\" \/>\t\t\t\t\t\t\t\t\t\t\t\t\t\t\t<\/div>\n\t\t\t\t<\/div>\n\t\t\t\t<div class=\"elementor-element elementor-element-70d4973d elementor-widget elementor-widget-spacer\" data-id=\"70d4973d\" data-element_type=\"widget\" data-e-type=\"widget\" data-widget_type=\"spacer.default\">\n\t\t\t\t<div class=\"elementor-widget-container\">\n\t\t\t\t\t\t\t<div class=\"elementor-spacer\">\n\t\t\t<div class=\"elementor-spacer-inner\"><\/div>\n\t\t<\/div>\n\t\t\t\t\t\t<\/div>\n\t\t\t\t<\/div>\n\t\t\t\t<div class=\"elementor-element elementor-element-351d79b elementor-widget elementor-widget-heading\" data-id=\"351d79b\" data-element_type=\"widget\" data-e-type=\"widget\" data-widget_type=\"heading.default\">\n\t\t\t\t<div class=\"elementor-widget-container\">\n\t\t\t\t\t<h2 class=\"elementor-heading-title elementor-size-default\">T\u00edtulo de la ponencia: <\/h2>\t\t\t\t<\/div>\n\t\t\t\t<\/div>\n\t\t\t\t<div class=\"elementor-element elementor-element-3794c2c0 elementor-widget elementor-widget-text-editor\" data-id=\"3794c2c0\" data-element_type=\"widget\" data-e-type=\"widget\" data-widget_type=\"text-editor.default\">\n\t\t\t\t<div class=\"elementor-widget-container\">\n\t\t\t\t\t\t\t\t\t<p>\"Salud reproductiva cat\u00f3lica: Fomentar el matrimonio, los hijos y la castidad en tiempos revueltos\"<\/p>\t\t\t\t\t\t\t\t<\/div>\n\t\t\t\t<\/div>\n\t\t\t\t<div class=\"elementor-element elementor-element-3ca58164 elementor-widget elementor-widget-spacer\" data-id=\"3ca58164\" data-element_type=\"widget\" data-e-type=\"widget\" data-widget_type=\"spacer.default\">\n\t\t\t\t<div class=\"elementor-widget-container\">\n\t\t\t\t\t\t\t<div class=\"elementor-spacer\">\n\t\t\t<div class=\"elementor-spacer-inner\"><\/div>\n\t\t<\/div>\n\t\t\t\t\t\t<\/div>\n\t\t\t\t<\/div>\n\t\t\t\t<div class=\"elementor-element elementor-element-513168ac elementor-widget elementor-widget-heading\" data-id=\"513168ac\" data-element_type=\"widget\" data-e-type=\"widget\" data-widget_type=\"heading.default\">\n\t\t\t\t<div class=\"elementor-widget-container\">\n\t\t\t\t\t<h2 class=\"elementor-heading-title elementor-size-default\">Bio:<\/h2>\t\t\t\t<\/div>\n\t\t\t\t<\/div>\n\t\t\t\t<div class=\"elementor-element elementor-element-5ce38bef elementor-widget elementor-widget-text-editor\" data-id=\"5ce38bef\" data-element_type=\"widget\" data-e-type=\"widget\" data-widget_type=\"text-editor.default\">\n\t\t\t\t<div class=\"elementor-widget-container\">\n\t\t\t\t\t\t\t\t\t<p>Mons. Joseph Edward Strickland es el cuarto obispo de Tyler.<\/p><p>Naci\u00f3 en 1958, sexto hijo de Raymond y Monica Strickland. Creci\u00f3 cerca de Atlanta, Texas, donde los Strickland fueron miembros fundadores de la iglesia de Santa Catalina de Siena. Strickland se gradu\u00f3 en el instituto de Atlanta en 1977. Llamado al sacerdocio, ingres\u00f3 en el Seminario de la Sant\u00edsima Trinidad y en la Universidad de Dallas en agosto de 1977.<\/p><p>El 1 de junio de 1985, Strickland fue ordenado sacerdote para la di\u00f3cesis de Dallas por el obispo Thomas Tschoepe en la iglesia cat\u00f3lica de Santa M\u00f3nica. Fue asignado como sacerdote reci\u00e9n ordenado a la Parroquia de la Inmaculada Concepci\u00f3n en Tyler en junio de 1985 y sirvi\u00f3 como vicario parroquial hasta junio de 1989.<\/p><p>Tras la creaci\u00f3n de la di\u00f3cesis de Tyler en 1987, el padre Strickland se incorpor\u00f3 al presbiterio de la nueva di\u00f3cesis y fue nombrado primer director de vocaciones en marzo de 1987 por el obispo Charles Herzig. Fue asignado como vicario parroquial de la Parroquia del Sagrado Coraz\u00f3n en Nacogdoches en junio de 1989 y sirvi\u00f3 all\u00ed hasta octubre de ese mismo a\u00f1o, cuando fue asignado como p\u00e1rroco de la Parroquia de San Miguel en Mt. Pleasant. En agosto de 1992, fue destinado a estudiar Derecho Can\u00f3nico en la Universidad Cat\u00f3lica de Am\u00e9rica.<\/p><p>Tras completar su licenciatura (JCL) en derecho can\u00f3nico en mayo de 1994, el padre Strickland fue destinado por el obispo Edmond Carmody como p\u00e1rroco de la catedral de la Inmaculada Concepci\u00f3n de Tyler. En 1995 fue nombrado vicario judicial de la di\u00f3cesis y en 1996 fue nombrado Prelado de Honor con el t\u00edtulo de Monse\u00f1or por el Papa Juan Pablo II.<\/p><p>Cuando el obispo Carmody fue nombrado obispo de Corpus Christi en marzo de 2000, monse\u00f1or Strickland fue elegido administrador diocesano de Tyler y desempe\u00f1\u00f3 ese cargo hasta enero de 2001, cuando el obispo \u00c1lvaro Corrada fue nombrado tercer obispo de Tyler.<\/p><p>En 2010, monse\u00f1or Strickland fue nombrado vicario general de la di\u00f3cesis, y cuando el obispo Corrada fue trasladado a Mayag\u00fcez (Puerto Rico) en 2011, Strickland fue nombrado delegado del administrador apost\u00f3lico para Tyler.<\/p><p>En septiembre de 2012, el Papa Benedicto XVI nombr\u00f3 a monse\u00f1or Strickland cuarto obispo de Tyler. Fue consagrado obispo el 28 de noviembre de 2012 por el cardenal Daniel DiNardo de Galveston-Houston.<\/p>\t\t\t\t\t\t\t\t<\/div>\n\t\t\t\t<\/div>\n\t\t\t\t\t<\/div>\n\t\t<\/div>\n\t\t\t\t\t<\/div>\n\t\t<\/section>\n\t\t\t\t<\/div>","protected":false},"excerpt":{"rendered":"<p>Volver a la p\u00e1gina de la conferencia T\u00edtulo de la ponencia: \u201cSalud reproductiva cat\u00f3lica: Fomentar el matrimonio, los hijos y la castidad en tiempos de agitaci\u00f3n\u201d Bio: Monse\u00f1or Joseph Edward Strickland es el cuarto obispo de Tyler. Naci\u00f3 como sexto hijo de Raymond y Monica Strickland en 1958. Creci\u00f3 cerca de Atlanta, Texas, donde [...]<\/p>","protected":false},"author":2,"featured_media":0,"parent":0,"menu_order":0,"comment_status":"closed","ping_status":"closed","template":"","meta":{"_acf_changed":false,"footnotes":""},"class_list":["post-6859","page","type-page","status-publish","hentry"],"acf":[],"_links":{"self":[{"href":"https:\/\/boma-usa.org\/es\/wp-json\/wp\/v2\/pages\/6859","targetHints":{"allow":["GET"]}}],"collection":[{"href":"https:\/\/boma-usa.org\/es\/wp-json\/wp\/v2\/pages"}],"about":[{"href":"https:\/\/boma-usa.org\/es\/wp-json\/wp\/v2\/types\/page"}],"author":[{"embeddable":true,"href":"https:\/\/boma-usa.org\/es\/wp-json\/wp\/v2\/users\/2"}],"replies":[{"embeddable":true,"href":"https:\/\/boma-usa.org\/es\/wp-json\/wp\/v2\/comments?post=6859"}],"version-history":[{"count":0,"href":"https:\/\/boma-usa.org\/es\/wp-json\/wp\/v2\/pages\/6859\/revisions"}],"wp:attachment":[{"href":"https:\/\/boma-usa.org\/es\/wp-json\/wp\/v2\/media?parent=6859"}],"curies":[{"name":"wp","href":"https:\/\/api.w.org\/{rel}","templated":true}]}}