{"id":6857,"date":"2022-09-09T12:28:18","date_gmt":"2022-09-09T18:28:18","guid":{"rendered":"https:\/\/events.boma-usa.org\/?page_id=6857"},"modified":"2022-09-09T13:43:48","modified_gmt":"2022-09-09T19:43:48","slug":"danielle-and-kyle","status":"publish","type":"page","link":"https:\/\/boma-usa.org\/es\/danielle-and-kyle\/","title":{"rendered":"Danielle y Kyle"},"content":{"rendered":"<div data-elementor-type=\"wp-page\" data-elementor-id=\"6857\" class=\"elementor elementor-6857\" data-elementor-post-type=\"page\">\n\t\t\t\t\t\t<section class=\"elementor-section elementor-top-section elementor-element elementor-element-52385a21 elementor-section-boxed elementor-section-height-default elementor-section-height-default\" data-id=\"52385a21\" data-element_type=\"section\" data-e-type=\"section\" data-settings=\"{&quot;jet_parallax_layout_list&quot;:[]}\">\n\t\t\t\t\t\t\t<div class=\"elementor-background-overlay\"><\/div>\n\t\t\t\t\t\t\t<div class=\"elementor-container elementor-column-gap-default\">\n\t\t\t\t\t<div class=\"elementor-column elementor-col-100 elementor-top-column elementor-element elementor-element-2a9deb43\" data-id=\"2a9deb43\" data-element_type=\"column\" data-e-type=\"column\">\n\t\t\t<div class=\"elementor-widget-wrap elementor-element-populated\">\n\t\t\t\t\t\t<div class=\"elementor-element elementor-element-f78931f elementor-icon-list--layout-traditional elementor-list-item-link-full_width elementor-widget elementor-widget-icon-list\" data-id=\"f78931f\" data-element_type=\"widget\" data-e-type=\"widget\" data-widget_type=\"icon-list.default\">\n\t\t\t\t<div class=\"elementor-widget-container\">\n\t\t\t\t\t\t\t<ul class=\"elementor-icon-list-items\">\n\t\t\t\t\t\t\t<li class=\"elementor-icon-list-item\">\n\t\t\t\t\t\t\t\t\t\t\t<a href=\"https:\/\/boma-usa.org\/es\/?page_id=5555\">\n\n\t\t\t\t\t\t\t\t\t\t\t\t<span class=\"elementor-icon-list-icon\">\n\t\t\t\t\t\t\t<i aria-hidden=\"true\" class=\"fas fa-arrow-left\"><\/i>\t\t\t\t\t\t<\/span>\n\t\t\t\t\t\t\t\t\t\t<span class=\"elementor-icon-list-text\">Volver a la p\u00e1gina de la Conferencia<\/span>\n\t\t\t\t\t\t\t\t\t\t\t<\/a>\n\t\t\t\t\t\t\t\t\t<\/li>\n\t\t\t\t\t\t<\/ul>\n\t\t\t\t\t\t<\/div>\n\t\t\t\t<\/div>\n\t\t\t\t<div class=\"elementor-element elementor-element-543a8961 elementor-widget elementor-widget-image\" data-id=\"543a8961\" data-element_type=\"widget\" data-e-type=\"widget\" data-widget_type=\"image.default\">\n\t\t\t\t<div class=\"elementor-widget-container\">\n\t\t\t\t\t\t\t\t\t\t\t\t\t\t\t<img decoding=\"async\" src=\"https:\/\/boma-usa.org\/wp-content\/uploads\/elementor\/thumbs\/Danielle-and-Kyle-Koestner_500x500-r3lgkjkky3w7u9ilhw7d8jzgaxfvjbf66dkei9nhlc.png\" title=\"Danielle y Kyle Koestner_500x500\" alt=\"Danielle and Kyle Koestner_500x500\" loading=\"lazy\" \/>\t\t\t\t\t\t\t\t\t\t\t\t\t\t\t<\/div>\n\t\t\t\t<\/div>\n\t\t\t\t<div class=\"elementor-element elementor-element-518d036d elementor-widget elementor-widget-heading\" data-id=\"518d036d\" data-element_type=\"widget\" data-e-type=\"widget\" data-widget_type=\"heading.default\">\n\t\t\t\t<div class=\"elementor-widget-container\">\n\t\t\t\t\t<h2 class=\"elementor-heading-title elementor-size-default\">Dr. Danielle y Kyle Koestner<\/h2>\t\t\t\t<\/div>\n\t\t\t\t<\/div>\n\t\t\t\t<div class=\"elementor-element elementor-element-70d4973d elementor-widget elementor-widget-spacer\" data-id=\"70d4973d\" data-element_type=\"widget\" data-e-type=\"widget\" data-widget_type=\"spacer.default\">\n\t\t\t\t<div class=\"elementor-widget-container\">\n\t\t\t\t\t\t\t<div class=\"elementor-spacer\">\n\t\t\t<div class=\"elementor-spacer-inner\"><\/div>\n\t\t<\/div>\n\t\t\t\t\t\t<\/div>\n\t\t\t\t<\/div>\n\t\t\t\t<div class=\"elementor-element elementor-element-351d79b elementor-widget elementor-widget-heading\" data-id=\"351d79b\" data-element_type=\"widget\" data-e-type=\"widget\" data-widget_type=\"heading.default\">\n\t\t\t\t<div class=\"elementor-widget-container\">\n\t\t\t\t\t<h2 class=\"elementor-heading-title elementor-size-default\">T\u00edtulo de la ponencia: <\/h2>\t\t\t\t<\/div>\n\t\t\t\t<\/div>\n\t\t\t\t<div class=\"elementor-element elementor-element-06c8945 elementor-widget elementor-widget-text-editor\" data-id=\"06c8945\" data-element_type=\"widget\" data-e-type=\"widget\" data-widget_type=\"text-editor.default\">\n\t\t\t\t<div class=\"elementor-widget-container\">\n\t\t\t\t\t\t\t\t\t<p>Banquete: \"La labor misionera del PFN por mar en el Caribe y por tierra en Tanzania<\/p>\t\t\t\t\t\t\t\t<\/div>\n\t\t\t\t<\/div>\n\t\t\t\t<div class=\"elementor-element elementor-element-3ca58164 elementor-widget elementor-widget-spacer\" data-id=\"3ca58164\" data-element_type=\"widget\" data-e-type=\"widget\" data-widget_type=\"spacer.default\">\n\t\t\t\t<div class=\"elementor-widget-container\">\n\t\t\t\t\t\t\t<div class=\"elementor-spacer\">\n\t\t\t<div class=\"elementor-spacer-inner\"><\/div>\n\t\t<\/div>\n\t\t\t\t\t\t<\/div>\n\t\t\t\t<\/div>\n\t\t\t\t<div class=\"elementor-element elementor-element-513168ac elementor-widget elementor-widget-heading\" data-id=\"513168ac\" data-element_type=\"widget\" data-e-type=\"widget\" data-widget_type=\"heading.default\">\n\t\t\t\t<div class=\"elementor-widget-container\">\n\t\t\t\t\t<h2 class=\"elementor-heading-title elementor-size-default\">Biograf\u00eda - Dra. Danielle Koestner, DO<\/h2>\t\t\t\t<\/div>\n\t\t\t\t<\/div>\n\t\t\t\t<div class=\"elementor-element elementor-element-5ce38bef elementor-widget elementor-widget-text-editor\" data-id=\"5ce38bef\" data-element_type=\"widget\" data-e-type=\"widget\" data-widget_type=\"text-editor.default\">\n\t\t\t\t<div class=\"elementor-widget-container\">\n\t\t\t\t\t\t\t\t\t<p class=\"MsoNormal\" style=\"margin-bottom: .0001pt;\">La Dra. Koestner es m\u00e9dico de medicina familiar\/obstetricia y se dedica principalmente a la salud de la mujer a trav\u00e9s de la telemedicina. Es instructora certificada del M\u00e9todo de la Ovulaci\u00f3n Billings\u00ae y asesora m\u00e9dica del m\u00e9todo FEMM.<br \/><br \/><\/p><p class=\"MsoNormal\" style=\"margin-bottom: .0001pt;\">Recientemente ha regresado de su trabajo misionero en el mar navegando por el Caribe y en el continente africano en Tanzania con su marido y sus 6 hijos promoviendo los M\u00e9todos Basados en el Conocimiento de la Fertilidad y los protocolos m\u00e9dicos asociados del Instituto de Investigaci\u00f3n en Salud Reproductiva.<\/p><p class=\"MsoNormal\" style=\"margin-bottom: .0001pt;\"><br \/>Forma parte del equipo de formaci\u00f3n m\u00e9dica de la FEMM y le apasiona ayudar a los m\u00e9dicos y a los profesionales sanitarios de nivel medio a integrar estos protocolos m\u00e9dicos basados en pruebas en su pr\u00e1ctica de la forma m\u00e1s eficaz posible.<\/p><p class=\"MsoNormal\" style=\"margin-bottom: .0001pt;\"><br \/>\"A todos nos apasiona ayudar a los pacientes, pero queremos ayudarles a alcanzar sus objetivos personales de fertilidad y, lo que es m\u00e1s importante, \u00a1favorecer su salud general durante a\u00f1os!\".<\/p>\t\t\t\t\t\t\t\t<\/div>\n\t\t\t\t<\/div>\n\t\t\t\t<div class=\"elementor-element elementor-element-5e90135 elementor-widget elementor-widget-heading\" data-id=\"5e90135\" data-element_type=\"widget\" data-e-type=\"widget\" data-widget_type=\"heading.default\">\n\t\t\t\t<div class=\"elementor-widget-container\">\n\t\t\t\t\t<h2 class=\"elementor-heading-title elementor-size-default\">Biograf\u00eda - Kyle Koestner<\/h2>\t\t\t\t<\/div>\n\t\t\t\t<\/div>\n\t\t\t\t<div class=\"elementor-element elementor-element-896417d elementor-widget elementor-widget-text-editor\" data-id=\"896417d\" data-element_type=\"widget\" data-e-type=\"widget\" data-widget_type=\"text-editor.default\">\n\t\t\t\t<div class=\"elementor-widget-container\">\n\t\t\t\t\t\t\t\t\t<p>Kyle Koestner es consultor empresarial con formaci\u00f3n en ingenier\u00eda y m\u00e1ster en empresariales, ambos por la Universidad de Michigan.<\/p><p>Tambi\u00e9n es el CEO de NFP By Sea y el capit\u00e1n de un catamar\u00e1n de 50 pies llamado Stella Maris, en honor a Nuestra Se\u00f1ora, patrona de los marineros, donde llev\u00f3 a su esposa, la Dra. Danielle Koestner y a sus 6 hijos en un viaje misionero de su vida recorriendo el Caribe, ense\u00f1ando el M\u00e9todo de la Ovulaci\u00f3n Billings y promoviendo los protocolos m\u00e9dicos asociados.<\/p><p>Actualmente es tesorero de BOMA-USA y le apasiona centrar su labor de consultor\u00eda en el espacio de la Planificaci\u00f3n Familiar Natural.<\/p>\t\t\t\t\t\t\t\t<\/div>\n\t\t\t\t<\/div>\n\t\t\t\t\t<\/div>\n\t\t<\/div>\n\t\t\t\t\t<\/div>\n\t\t<\/section>\n\t\t\t\t<\/div>","protected":false},"excerpt":{"rendered":"<p>Volver a la p\u00e1gina de la conferencia Dra. Danielle y Kyle Koestner T\u00edtulo de la charla: Banquete: \"El trabajo misionero de la PFN por mar en el Caribe y por tierra en Tanzania Bio - Dra. Danielle Koestner, DO La Dra. Koestner es m\u00e9dico de familia\/OB y se dedica principalmente a la atenci\u00f3n de la salud de la mujer a trav\u00e9s de la telemedicina. Es instructora certificada del M\u00e9todo de la Ovulaci\u00f3n Billings [...]<\/p>","protected":false},"author":2,"featured_media":0,"parent":0,"menu_order":0,"comment_status":"closed","ping_status":"closed","template":"","meta":{"_acf_changed":false,"footnotes":""},"class_list":["post-6857","page","type-page","status-publish","hentry"],"acf":[],"_links":{"self":[{"href":"https:\/\/boma-usa.org\/es\/wp-json\/wp\/v2\/pages\/6857","targetHints":{"allow":["GET"]}}],"collection":[{"href":"https:\/\/boma-usa.org\/es\/wp-json\/wp\/v2\/pages"}],"about":[{"href":"https:\/\/boma-usa.org\/es\/wp-json\/wp\/v2\/types\/page"}],"author":[{"embeddable":true,"href":"https:\/\/boma-usa.org\/es\/wp-json\/wp\/v2\/users\/2"}],"replies":[{"embeddable":true,"href":"https:\/\/boma-usa.org\/es\/wp-json\/wp\/v2\/comments?post=6857"}],"version-history":[{"count":0,"href":"https:\/\/boma-usa.org\/es\/wp-json\/wp\/v2\/pages\/6857\/revisions"}],"wp:attachment":[{"href":"https:\/\/boma-usa.org\/es\/wp-json\/wp\/v2\/media?parent=6857"}],"curies":[{"name":"wp","href":"https:\/\/api.w.org\/{rel}","templated":true}]}}