{"id":6553,"date":"2022-09-05T19:23:40","date_gmt":"2022-09-06T01:23:40","guid":{"rendered":"https:\/\/events.boma-usa.org\/?page_id=6553"},"modified":"2022-09-05T19:28:42","modified_gmt":"2022-09-06T01:28:42","slug":"thank-you","status":"publish","type":"page","link":"https:\/\/boma-usa.org\/es\/thank-you\/","title":{"rendered":"Gracias por registrarse"},"content":{"rendered":"<div data-elementor-type=\"wp-page\" data-elementor-id=\"6553\" class=\"elementor elementor-6553\" data-elementor-post-type=\"page\">\n\t\t\t\t\t\t<section class=\"elementor-section elementor-top-section elementor-element elementor-element-c2cdb49 elementor-section-boxed elementor-section-height-default elementor-section-height-default\" data-id=\"c2cdb49\" data-element_type=\"section\" data-e-type=\"section\" data-settings=\"{&quot;jet_parallax_layout_list&quot;:[]}\">\n\t\t\t\t\t\t<div class=\"elementor-container elementor-column-gap-default\">\n\t\t\t\t\t<div class=\"elementor-column elementor-col-100 elementor-top-column elementor-element elementor-element-53ba967\" data-id=\"53ba967\" data-element_type=\"column\" data-e-type=\"column\">\n\t\t\t<div class=\"elementor-widget-wrap elementor-element-populated\">\n\t\t\t\t\t\t<section class=\"elementor-section elementor-inner-section elementor-element elementor-element-2c0ea44 elementor-section-boxed elementor-section-height-default elementor-section-height-default\" data-id=\"2c0ea44\" data-element_type=\"section\" data-e-type=\"section\" data-settings=\"{&quot;jet_parallax_layout_list&quot;:[]}\">\n\t\t\t\t\t\t<div class=\"elementor-container elementor-column-gap-default\">\n\t\t\t\t\t<div class=\"elementor-column elementor-col-100 elementor-inner-column elementor-element elementor-element-631dea2\" data-id=\"631dea2\" data-element_type=\"column\" data-e-type=\"column\">\n\t\t\t<div class=\"elementor-widget-wrap elementor-element-populated\">\n\t\t\t\t\t\t<div class=\"elementor-element elementor-element-a349783 elementor-widget elementor-widget-text-editor\" data-id=\"a349783\" data-element_type=\"widget\" data-e-type=\"widget\" data-widget_type=\"text-editor.default\">\n\t\t\t\t<div class=\"elementor-widget-container\">\n\t\t\t\t\t\t\t\t\t<p>Gracias por inscribirse en la Conferencia Virtual de BOMA-USA.<\/p><p>Compruebe su correo electr\u00f3nico para ver la confirmaci\u00f3n de la compra y confirmar que los datos que nos ha enviado son correctos.<\/p><p>Tambi\u00e9n le hemos a\u00f1adido a nuestro bolet\u00edn informativo. Por favor, espere comunicaciones ocasionales a medida que nos acercamos a la fecha de la conferencia.<\/p><p>Esperamos verle (en l\u00ednea) en la conferencia.<\/p><p>Si tiene alguna pregunta, p\u00f3ngase en contacto con nosotros. Tel\u00e9fono <a href=\"tel:6516998139\">1-651-699-8139<\/a> o por correo electr\u00f3nico a <a href=\"mailto:boma@boma-usa.org\">boma@boma-usa.org<\/a>.<\/p><p>\u00a0<\/p>\t\t\t\t\t\t\t\t<\/div>\n\t\t\t\t<\/div>\n\t\t\t\t\t<\/div>\n\t\t<\/div>\n\t\t\t\t\t<\/div>\n\t\t<\/section>\n\t\t\t\t\t<\/div>\n\t\t<\/div>\n\t\t\t\t\t<\/div>\n\t\t<\/section>\n\t\t\t\t<\/div>","protected":false},"excerpt":{"rendered":"<p>Gracias por inscribirte en la Conferencia Virtual de BOMA-USA. Por favor, revise su correo electr\u00f3nico para la confirmaci\u00f3n de compra y para confirmar que los datos que nos envi\u00f3 son correctos. Tambi\u00e9n te hemos a\u00f1adido a nuestro bolet\u00edn de noticias. Por favor, espere comunicaciones ocasionales a medida que nos acercamos a la fecha de la conferencia. Esperamos verle [...]<\/p>","protected":false},"author":2,"featured_media":0,"parent":0,"menu_order":0,"comment_status":"closed","ping_status":"closed","template":"","meta":{"_acf_changed":false,"footnotes":""},"class_list":["post-6553","page","type-page","status-publish","hentry"],"acf":[],"_links":{"self":[{"href":"https:\/\/boma-usa.org\/es\/wp-json\/wp\/v2\/pages\/6553","targetHints":{"allow":["GET"]}}],"collection":[{"href":"https:\/\/boma-usa.org\/es\/wp-json\/wp\/v2\/pages"}],"about":[{"href":"https:\/\/boma-usa.org\/es\/wp-json\/wp\/v2\/types\/page"}],"author":[{"embeddable":true,"href":"https:\/\/boma-usa.org\/es\/wp-json\/wp\/v2\/users\/2"}],"replies":[{"embeddable":true,"href":"https:\/\/boma-usa.org\/es\/wp-json\/wp\/v2\/comments?post=6553"}],"version-history":[{"count":0,"href":"https:\/\/boma-usa.org\/es\/wp-json\/wp\/v2\/pages\/6553\/revisions"}],"wp:attachment":[{"href":"https:\/\/boma-usa.org\/es\/wp-json\/wp\/v2\/media?parent=6553"}],"curies":[{"name":"wp","href":"https:\/\/api.w.org\/{rel}","templated":true}]}}