{"id":5917,"date":"2022-08-27T10:08:53","date_gmt":"2022-08-27T16:08:53","guid":{"rendered":"https:\/\/events.boma-usa.org\/?page_id=5917"},"modified":"2022-09-02T16:10:45","modified_gmt":"2022-09-02T22:10:45","slug":"woomb","status":"publish","type":"page","link":"https:\/\/boma-usa.org\/es\/woomb\/","title":{"rendered":"Woomb"},"content":{"rendered":"<div data-elementor-type=\"wp-page\" data-elementor-id=\"5917\" class=\"elementor elementor-5917\" data-elementor-post-type=\"page\">\n\t\t\t\t\t\t<section class=\"elementor-section elementor-top-section elementor-element elementor-element-52385a21 elementor-section-boxed elementor-section-height-default elementor-section-height-default\" data-id=\"52385a21\" data-element_type=\"section\" data-e-type=\"section\" data-settings=\"{&quot;jet_parallax_layout_list&quot;:[]}\">\n\t\t\t\t\t\t\t<div class=\"elementor-background-overlay\"><\/div>\n\t\t\t\t\t\t\t<div class=\"elementor-container elementor-column-gap-default\">\n\t\t\t\t\t<div class=\"elementor-column elementor-col-100 elementor-top-column elementor-element elementor-element-2a9deb43\" data-id=\"2a9deb43\" data-element_type=\"column\" data-e-type=\"column\">\n\t\t\t<div class=\"elementor-widget-wrap elementor-element-populated\">\n\t\t\t\t\t\t<div class=\"elementor-element elementor-element-f78931f elementor-icon-list--layout-traditional elementor-list-item-link-full_width elementor-widget elementor-widget-icon-list\" data-id=\"f78931f\" data-element_type=\"widget\" data-e-type=\"widget\" data-widget_type=\"icon-list.default\">\n\t\t\t\t<div class=\"elementor-widget-container\">\n\t\t\t\t\t\t\t<ul class=\"elementor-icon-list-items\">\n\t\t\t\t\t\t\t<li class=\"elementor-icon-list-item\">\n\t\t\t\t\t\t\t\t\t\t\t<a href=\"https:\/\/boma-usa.org\/es\/?page_id=5555\">\n\n\t\t\t\t\t\t\t\t\t\t\t\t<span class=\"elementor-icon-list-icon\">\n\t\t\t\t\t\t\t<i aria-hidden=\"true\" class=\"fas fa-arrow-left\"><\/i>\t\t\t\t\t\t<\/span>\n\t\t\t\t\t\t\t\t\t\t<span class=\"elementor-icon-list-text\">Volver a la p\u00e1gina de la Conferencia<\/span>\n\t\t\t\t\t\t\t\t\t\t\t<\/a>\n\t\t\t\t\t\t\t\t\t<\/li>\n\t\t\t\t\t\t<\/ul>\n\t\t\t\t\t\t<\/div>\n\t\t\t\t<\/div>\n\t\t\t\t<div class=\"elementor-element elementor-element-518d036d elementor-widget elementor-widget-heading\" data-id=\"518d036d\" data-element_type=\"widget\" data-e-type=\"widget\" data-widget_type=\"heading.default\">\n\t\t\t\t<div class=\"elementor-widget-container\">\n\t\t\t\t\t<h2 class=\"elementor-heading-title elementor-size-default\">WOOMB Internacional<\/h2>\t\t\t\t<\/div>\n\t\t\t\t<\/div>\n\t\t\t\t<section class=\"elementor-section elementor-inner-section elementor-element elementor-element-b247a56 elementor-section-boxed elementor-section-height-default elementor-section-height-default\" data-id=\"b247a56\" data-element_type=\"section\" data-e-type=\"section\" data-settings=\"{&quot;jet_parallax_layout_list&quot;:[]}\">\n\t\t\t\t\t\t<div class=\"elementor-container elementor-column-gap-default\">\n\t\t\t\t\t<div class=\"elementor-column elementor-col-20 elementor-inner-column elementor-element elementor-element-0499e1d\" data-id=\"0499e1d\" data-element_type=\"column\" data-e-type=\"column\">\n\t\t\t<div class=\"elementor-widget-wrap elementor-element-populated\">\n\t\t\t\t\t\t<div class=\"elementor-element elementor-element-543a8961 elementor-widget elementor-widget-image\" data-id=\"543a8961\" data-element_type=\"widget\" data-e-type=\"widget\" data-widget_type=\"image.default\">\n\t\t\t\t<div class=\"elementor-widget-container\">\n\t\t\t\t\t\t\t\t\t\t\t\t\t\t\t<img decoding=\"async\" src=\"https:\/\/boma-usa.org\/wp-content\/uploads\/elementor\/thumbs\/Gillian-Barker-r3lgjqfl28sbucox81lxl9c5vzfhwp7hqdccmouoy8.jpg\" title=\"Gillian Barker\" alt=\"Gillian Barker\" loading=\"lazy\" \/>\t\t\t\t\t\t\t\t\t\t\t\t\t\t\t<\/div>\n\t\t\t\t<\/div>\n\t\t\t\t<div class=\"elementor-element elementor-element-5cae7fc elementor-widget elementor-widget-heading\" data-id=\"5cae7fc\" data-element_type=\"widget\" data-e-type=\"widget\" data-widget_type=\"heading.default\">\n\t\t\t\t<div class=\"elementor-widget-container\">\n\t\t\t\t\t<h2 class=\"elementor-heading-title elementor-size-default\">Gillian Barker<\/h2>\t\t\t\t<\/div>\n\t\t\t\t<\/div>\n\t\t\t\t\t<\/div>\n\t\t<\/div>\n\t\t\t\t<div class=\"elementor-column elementor-col-20 elementor-inner-column elementor-element elementor-element-b9eed57\" data-id=\"b9eed57\" data-element_type=\"column\" data-e-type=\"column\">\n\t\t\t<div class=\"elementor-widget-wrap elementor-element-populated\">\n\t\t\t\t\t\t<div class=\"elementor-element elementor-element-8ccf01b elementor-widget elementor-widget-image\" data-id=\"8ccf01b\" data-element_type=\"widget\" data-e-type=\"widget\" data-widget_type=\"image.default\">\n\t\t\t\t<div class=\"elementor-widget-container\">\n\t\t\t\t\t\t\t\t\t\t\t\t\t\t\t<img decoding=\"async\" src=\"https:\/\/boma-usa.org\/wp-content\/uploads\/elementor\/thumbs\/Kerry-Bourke-r3lgjw2m7901s0gqb41p07wxganp6vtvr599icmbww.jpg\" title=\"Kerry Bourke\" alt=\"Kerry Bourke\" loading=\"lazy\" \/>\t\t\t\t\t\t\t\t\t\t\t\t\t\t\t<\/div>\n\t\t\t\t<\/div>\n\t\t\t\t<div class=\"elementor-element elementor-element-472026e elementor-widget elementor-widget-heading\" data-id=\"472026e\" data-element_type=\"widget\" data-e-type=\"widget\" data-widget_type=\"heading.default\">\n\t\t\t\t<div class=\"elementor-widget-container\">\n\t\t\t\t\t<h2 class=\"elementor-heading-title elementor-size-default\">Kerry Bourke<\/h2>\t\t\t\t<\/div>\n\t\t\t\t<\/div>\n\t\t\t\t\t<\/div>\n\t\t<\/div>\n\t\t\t\t<div class=\"elementor-column elementor-col-20 elementor-inner-column elementor-element elementor-element-33f75af\" data-id=\"33f75af\" data-element_type=\"column\" data-e-type=\"column\">\n\t\t\t<div class=\"elementor-widget-wrap elementor-element-populated\">\n\t\t\t\t\t\t<div class=\"elementor-element elementor-element-cbdb63e elementor-widget elementor-widget-image\" data-id=\"cbdb63e\" data-element_type=\"widget\" data-e-type=\"widget\" data-widget_type=\"image.default\">\n\t\t\t\t<div class=\"elementor-widget-container\">\n\t\t\t\t\t\t\t\t\t\t\t\t\t\t\t<img decoding=\"async\" src=\"https:\/\/boma-usa.org\/wp-content\/uploads\/elementor\/thumbs\/Marian-Corkill-r3lgjw2m7901s0gqb41p07wxganp6vtvr599icmbww.jpg\" title=\"Marian Corkill\" alt=\"Marian Corkill\" loading=\"lazy\" \/>\t\t\t\t\t\t\t\t\t\t\t\t\t\t\t<\/div>\n\t\t\t\t<\/div>\n\t\t\t\t<div class=\"elementor-element elementor-element-4a77596 elementor-widget elementor-widget-heading\" data-id=\"4a77596\" data-element_type=\"widget\" data-e-type=\"widget\" data-widget_type=\"heading.default\">\n\t\t\t\t<div class=\"elementor-widget-container\">\n\t\t\t\t\t<h2 class=\"elementor-heading-title elementor-size-default\">Marian Corkill<\/h2>\t\t\t\t<\/div>\n\t\t\t\t<\/div>\n\t\t\t\t\t<\/div>\n\t\t<\/div>\n\t\t\t\t<div class=\"elementor-column elementor-col-20 elementor-inner-column elementor-element elementor-element-95856af\" data-id=\"95856af\" data-element_type=\"column\" data-e-type=\"column\">\n\t\t\t<div class=\"elementor-widget-wrap elementor-element-populated\">\n\t\t\t\t\t\t<div class=\"elementor-element elementor-element-a9e4f53 elementor-widget elementor-widget-image\" data-id=\"a9e4f53\" data-element_type=\"widget\" data-e-type=\"widget\" data-widget_type=\"image.default\">\n\t\t\t\t<div class=\"elementor-widget-container\">\n\t\t\t\t\t\t\t\t\t\t\t\t\t\t\t<img decoding=\"async\" src=\"https:\/\/boma-usa.org\/wp-content\/uploads\/elementor\/thumbs\/Bernadette-Davies-r3lgjnm2hqogvit0oie1vs1s3tte9lwapzdw6uyvgw.jpg\" title=\"Bernadette Davies\" alt=\"Bernadette Davies\" loading=\"lazy\" \/>\t\t\t\t\t\t\t\t\t\t\t\t\t\t\t<\/div>\n\t\t\t\t<\/div>\n\t\t\t\t<div class=\"elementor-element elementor-element-e0942bb elementor-widget elementor-widget-heading\" data-id=\"e0942bb\" data-element_type=\"widget\" data-e-type=\"widget\" data-widget_type=\"heading.default\">\n\t\t\t\t<div class=\"elementor-widget-container\">\n\t\t\t\t\t<h2 class=\"elementor-heading-title elementor-size-default\">Bernadette Davies<\/h2>\t\t\t\t<\/div>\n\t\t\t\t<\/div>\n\t\t\t\t\t<\/div>\n\t\t<\/div>\n\t\t\t\t<div class=\"elementor-column elementor-col-20 elementor-inner-column elementor-element elementor-element-195d134\" data-id=\"195d134\" data-element_type=\"column\" data-e-type=\"column\">\n\t\t\t<div class=\"elementor-widget-wrap elementor-element-populated\">\n\t\t\t\t\t\t<div class=\"elementor-element elementor-element-aa2c15d elementor-widget elementor-widget-image\" data-id=\"aa2c15d\" data-element_type=\"widget\" data-e-type=\"widget\" data-widget_type=\"image.default\">\n\t\t\t\t<div class=\"elementor-widget-container\">\n\t\t\t\t\t\t\t\t\t\t\t\t\t\t\t<img decoding=\"async\" src=\"https:\/\/boma-usa.org\/wp-content\/uploads\/elementor\/thumbs\/Marie-Marshell-r3lgjw2m7901s0gqb41p07wxganp6vtvr599icmbww.jpg\" title=\"Marie Marshell\" alt=\"Marie Marshell\" loading=\"lazy\" \/>\t\t\t\t\t\t\t\t\t\t\t\t\t\t\t<\/div>\n\t\t\t\t<\/div>\n\t\t\t\t<div class=\"elementor-element elementor-element-cd7e9ef elementor-widget elementor-widget-heading\" data-id=\"cd7e9ef\" data-element_type=\"widget\" data-e-type=\"widget\" data-widget_type=\"heading.default\">\n\t\t\t\t<div class=\"elementor-widget-container\">\n\t\t\t\t\t<h2 class=\"elementor-heading-title elementor-size-default\">Marie Marshell<\/h2>\t\t\t\t<\/div>\n\t\t\t\t<\/div>\n\t\t\t\t\t<\/div>\n\t\t<\/div>\n\t\t\t\t\t<\/div>\n\t\t<\/section>\n\t\t\t\t<div class=\"elementor-element elementor-element-70d4973d elementor-widget elementor-widget-spacer\" data-id=\"70d4973d\" data-element_type=\"widget\" data-e-type=\"widget\" data-widget_type=\"spacer.default\">\n\t\t\t\t<div class=\"elementor-widget-container\">\n\t\t\t\t\t\t\t<div class=\"elementor-spacer\">\n\t\t\t<div class=\"elementor-spacer-inner\"><\/div>\n\t\t<\/div>\n\t\t\t\t\t\t<\/div>\n\t\t\t\t<\/div>\n\t\t\t\t<div class=\"elementor-element elementor-element-351d79b elementor-widget elementor-widget-heading\" data-id=\"351d79b\" data-element_type=\"widget\" data-e-type=\"widget\" data-widget_type=\"heading.default\">\n\t\t\t\t<div class=\"elementor-widget-container\">\n\t\t\t\t\t<h2 class=\"elementor-heading-title elementor-size-default\">T\u00edtulo de la ponencia: <\/h2>\t\t\t\t<\/div>\n\t\t\t\t<\/div>\n\t\t\t\t<div class=\"elementor-element elementor-element-3794c2c0 elementor-widget elementor-widget-text-editor\" data-id=\"3794c2c0\" data-element_type=\"widget\" data-e-type=\"widget\" data-widget_type=\"text-editor.default\">\n\t\t\t\t<div class=\"elementor-widget-container\">\n\t\t\t\t\t\t\t\t\t<p>Presentaci\u00f3n de WOOMB Internacional<\/p>\t\t\t\t\t\t\t\t<\/div>\n\t\t\t\t<\/div>\n\t\t\t\t<div class=\"elementor-element elementor-element-3ca58164 elementor-widget elementor-widget-spacer\" data-id=\"3ca58164\" data-element_type=\"widget\" data-e-type=\"widget\" data-widget_type=\"spacer.default\">\n\t\t\t\t<div class=\"elementor-widget-container\">\n\t\t\t\t\t\t\t<div class=\"elementor-spacer\">\n\t\t\t<div class=\"elementor-spacer-inner\"><\/div>\n\t\t<\/div>\n\t\t\t\t\t\t<\/div>\n\t\t\t\t<\/div>\n\t\t\t\t<div class=\"elementor-element elementor-element-513168ac elementor-widget elementor-widget-heading\" data-id=\"513168ac\" data-element_type=\"widget\" data-e-type=\"widget\" data-widget_type=\"heading.default\">\n\t\t\t\t<div class=\"elementor-widget-container\">\n\t\t\t\t\t<h2 class=\"elementor-heading-title elementor-size-default\">Bio: Gillian Barker - Directora de WOOMB<\/h2>\t\t\t\t<\/div>\n\t\t\t\t<\/div>\n\t\t\t\t<div class=\"elementor-element elementor-element-5ce38bef elementor-widget elementor-widget-text-editor\" data-id=\"5ce38bef\" data-element_type=\"widget\" data-e-type=\"widget\" data-widget_type=\"text-editor.default\">\n\t\t\t\t<div class=\"elementor-widget-container\">\n\t\t\t\t\t\t\t\t\t<p>Gillian trabaj\u00f3 en el laboratorio dirigido por el profesor James Brown, donde se complet\u00f3 la validaci\u00f3n hormonal del M\u00e9todo de la Ovulaci\u00f3n Billings\u00ae.<\/p><p>Particip\u00f3 en el desarrollo del Monitor de Hormonas Ov\u00e1ricas y fue a trav\u00e9s de este trabajo que se involucr\u00f3 en el M\u00e9todo de la Ovulaci\u00f3n Billings\u00ae y posteriormente se form\u00f3 como profesora.<\/p><p>Gillian participa en el desarrollo continuo de programas para la formaci\u00f3n tanto de profesores como de profesionales m\u00e9dicos, incluido el desarrollo de planes de estudios tanto para el Curso de Extensi\u00f3n como para el Curso Avanzado de Formaci\u00f3n Online de Profesores del M\u00e9todo de la Ovulaci\u00f3n Billings\u00ae.<\/p><p>Como cient\u00edfica y profesora del M\u00e9todo de la Ovulaci\u00f3n Billings\u00ae, a Gillian le apasiona desarrollar recursos visuales aut\u00e9nticos para la ense\u00f1anza a parejas, programas de formaci\u00f3n de profesores y conferencias.<\/p><p>Gillian form\u00f3 parte de un equipo de formaci\u00f3n de profesores en todo Vietnam, durante varios a\u00f1os y ahora a trav\u00e9s de la formaci\u00f3n en l\u00ednea. Ha viajado a China, Pakist\u00e1n y Estados Unidos para dirigir programas de formaci\u00f3n de profesores y dar conferencias.<\/p>\t\t\t\t\t\t\t\t<\/div>\n\t\t\t\t<\/div>\n\t\t\t\t<div class=\"elementor-element elementor-element-b8c7629 elementor-widget-divider--view-line elementor-widget elementor-widget-divider\" data-id=\"b8c7629\" data-element_type=\"widget\" data-e-type=\"widget\" data-widget_type=\"divider.default\">\n\t\t\t\t<div class=\"elementor-widget-container\">\n\t\t\t\t\t\t\t<div class=\"elementor-divider\">\n\t\t\t<span class=\"elementor-divider-separator\">\n\t\t\t\t\t\t<\/span>\n\t\t<\/div>\n\t\t\t\t\t\t<\/div>\n\t\t\t\t<\/div>\n\t\t\t\t<div class=\"elementor-element elementor-element-1415d72 elementor-widget elementor-widget-heading\" data-id=\"1415d72\" data-element_type=\"widget\" data-e-type=\"widget\" data-widget_type=\"heading.default\">\n\t\t\t\t<div class=\"elementor-widget-container\">\n\t\t\t\t\t<h2 class=\"elementor-heading-title elementor-size-default\">Bio: Kerry Bourke - Directora de WOOMB<\/h2>\t\t\t\t<\/div>\n\t\t\t\t<\/div>\n\t\t\t\t<div class=\"elementor-element elementor-element-1531530 elementor-widget elementor-widget-text-editor\" data-id=\"1531530\" data-element_type=\"widget\" data-e-type=\"widget\" data-widget_type=\"text-editor.default\">\n\t\t\t\t<div class=\"elementor-widget-container\">\n\t\t\t\t\t\t\t\t\t<p>Kerry aprendi\u00f3 por primera vez el M\u00e9todo de la Ovulaci\u00f3n Billings\u00ae con la Dra. Lyn Billings como profesora. Fue acreditada por primera vez como profesora del M\u00e9todo de la Ovulaci\u00f3n Billings\u00ae en 1980 y se convirti\u00f3 en Directora de WOOMB International en 2006.<\/p><p>Fue Presidenta de OMR&amp;RCA Ltd, la filial australiana de WOOMB International, y sigue siendo miembro de su Junta Directiva. Tambi\u00e9n es miembro del Comit\u00e9 de Educaci\u00f3n de la OMR&amp;RCA.<\/p><p>Kerry tiene una amplia experiencia como profesora del M\u00e9todo, especialmente con mujeres y parejas que desean aprender el M\u00e9todo accediendo a los gr\u00e1ficos online a trav\u00e9s de Fertility Pinpoint\u2122, uno de los recursos de gr\u00e1ficos online aprobados por WOOMB International.<\/p><p>Ha viajado a muchos pa\u00edses ayudando a impartir cursos de formaci\u00f3n de profesores del M\u00e9todo de la Ovulaci\u00f3n Billings\u00ae.<\/p>\t\t\t\t\t\t\t\t<\/div>\n\t\t\t\t<\/div>\n\t\t\t\t<div class=\"elementor-element elementor-element-350bf5f elementor-widget-divider--view-line elementor-widget elementor-widget-divider\" data-id=\"350bf5f\" data-element_type=\"widget\" data-e-type=\"widget\" data-widget_type=\"divider.default\">\n\t\t\t\t<div class=\"elementor-widget-container\">\n\t\t\t\t\t\t\t<div class=\"elementor-divider\">\n\t\t\t<span class=\"elementor-divider-separator\">\n\t\t\t\t\t\t<\/span>\n\t\t<\/div>\n\t\t\t\t\t\t<\/div>\n\t\t\t\t<\/div>\n\t\t\t\t<div class=\"elementor-element elementor-element-6c81c79 elementor-widget elementor-widget-heading\" data-id=\"6c81c79\" data-element_type=\"widget\" data-e-type=\"widget\" data-widget_type=\"heading.default\">\n\t\t\t\t<div class=\"elementor-widget-container\">\n\t\t\t\t\t<h2 class=\"elementor-heading-title elementor-size-default\">Bio: Marian Corkill - Directora de WOOMB y Coordinadora de Formaci\u00f3n de Profesores<\/h2>\t\t\t\t<\/div>\n\t\t\t\t<\/div>\n\t\t\t\t<div class=\"elementor-element elementor-element-766650a elementor-widget elementor-widget-text-editor\" data-id=\"766650a\" data-element_type=\"widget\" data-e-type=\"widget\" data-widget_type=\"text-editor.default\">\n\t\t\t\t<div class=\"elementor-widget-container\">\n\t\t\t\t\t\t\t\t\t<p>Marian se convirti\u00f3 en una de las primeras profesoras australianas tras escuchar al Dr. Lyn Billings hablar sobre el M\u00e9todo.<\/p><p>Le apasiona asegurarse de que todos los profesores del M\u00e9todo de la Ovulaci\u00f3n Billings\u00ae puedan ampliar sus conocimientos y habilidades para garantizar que el aut\u00e9ntico M\u00e9todo de la Ovulaci\u00f3n Billings\u00ae se ofrezca a todos.<\/p><p>Ha participado en el desarrollo de todos los planes de estudios para la formaci\u00f3n de profesores utilizados en el mundo y participa activamente en la formaci\u00f3n de profesores en \u00c1frica a trav\u00e9s del TTCC.<\/p><p>Ha viajado mucho con Marie Marshell para dirigir programas de formaci\u00f3n de profesores en 6 continentes y desde 1996 ha estado en EE.UU. en muchas ocasiones, invitada por BOMA, para actualizar y formar a profesores.<\/p><p>Fue la persona que lider\u00f3 originalmente para OMR&amp;RCA la aprobaci\u00f3n de los cursos de formaci\u00f3n y seminarios del M\u00e9todo de la Ovulaci\u00f3n Billings para obtener puntos de calidad con el Real Colegio Australiano de M\u00e9dicos Generales.<\/p>\t\t\t\t\t\t\t\t<\/div>\n\t\t\t\t<\/div>\n\t\t\t\t<div class=\"elementor-element elementor-element-e8c0170 elementor-widget-divider--view-line elementor-widget elementor-widget-divider\" data-id=\"e8c0170\" data-element_type=\"widget\" data-e-type=\"widget\" data-widget_type=\"divider.default\">\n\t\t\t\t<div class=\"elementor-widget-container\">\n\t\t\t\t\t\t\t<div class=\"elementor-divider\">\n\t\t\t<span class=\"elementor-divider-separator\">\n\t\t\t\t\t\t<\/span>\n\t\t<\/div>\n\t\t\t\t\t\t<\/div>\n\t\t\t\t<\/div>\n\t\t\t\t<div class=\"elementor-element elementor-element-40551f2 elementor-widget elementor-widget-heading\" data-id=\"40551f2\" data-element_type=\"widget\" data-e-type=\"widget\" data-widget_type=\"heading.default\">\n\t\t\t\t<div class=\"elementor-widget-container\">\n\t\t\t\t\t<h2 class=\"elementor-heading-title elementor-size-default\">Bio: Bernadette Davies - Directora de WOOMB y Coordinadora de TTCC<\/h2>\t\t\t\t<\/div>\n\t\t\t\t<\/div>\n\t\t\t\t<div class=\"elementor-element elementor-element-8535677 elementor-widget elementor-widget-text-editor\" data-id=\"8535677\" data-element_type=\"widget\" data-e-type=\"widget\" data-widget_type=\"text-editor.default\">\n\t\t\t\t<div class=\"elementor-widget-container\">\n\t\t\t\t\t\t\t\t\t<p>Bernadette fue una de las primeras alumnas australianas en acreditarse a trav\u00e9s del Curso por Correspondencia de Formaci\u00f3n de Profesores del M\u00e9todo de la Ovulaci\u00f3n Billings\u00ae (TTCC), lo que le llev\u00f3 a su pasi\u00f3n por trabajar como tutora del TTCC para formar a profesores de todo el mundo.<\/p><p>Ha sido Tutora y Supervisora del TTCC y asumi\u00f3 el cargo de Coordinadora del TTCC en 2018.<\/p><p>Tambi\u00e9n ha tenido la oportunidad de formar a profesores en Australia y otros pa\u00edses.<\/p><p>Como profesora del M\u00e9todo de la Ovulaci\u00f3n Billings\u00ae, Bernadette form\u00f3 parte del equipo que cre\u00f3 la cl\u00ednica Fertility Fundamentals, la primera cl\u00ednica australiana de fertilidad natural que incorporaba la educaci\u00f3n sobre fertilidad y el tratamiento m\u00e9dico como alternativa a la FIV.<\/p>\t\t\t\t\t\t\t\t<\/div>\n\t\t\t\t<\/div>\n\t\t\t\t<div class=\"elementor-element elementor-element-e2bf210 elementor-widget-divider--view-line elementor-widget elementor-widget-divider\" data-id=\"e2bf210\" data-element_type=\"widget\" data-e-type=\"widget\" data-widget_type=\"divider.default\">\n\t\t\t\t<div class=\"elementor-widget-container\">\n\t\t\t\t\t\t\t<div class=\"elementor-divider\">\n\t\t\t<span class=\"elementor-divider-separator\">\n\t\t\t\t\t\t<\/span>\n\t\t<\/div>\n\t\t\t\t\t\t<\/div>\n\t\t\t\t<\/div>\n\t\t\t\t<div class=\"elementor-element elementor-element-6b8f782 elementor-widget elementor-widget-heading\" data-id=\"6b8f782\" data-element_type=\"widget\" data-e-type=\"widget\" data-widget_type=\"heading.default\">\n\t\t\t\t<div class=\"elementor-widget-container\">\n\t\t\t\t\t<h2 class=\"elementor-heading-title elementor-size-default\">Bio: Marie Marshell - Directora de WOOMB<\/h2>\t\t\t\t<\/div>\n\t\t\t\t<\/div>\n\t\t\t\t<div class=\"elementor-element elementor-element-5d23b33 elementor-widget elementor-widget-text-editor\" data-id=\"5d23b33\" data-element_type=\"widget\" data-e-type=\"widget\" data-widget_type=\"text-editor.default\">\n\t\t\t\t<div class=\"elementor-widget-container\">\n\t\t\t\t\t\t\t\t\t<p>Marie tambi\u00e9n oy\u00f3 hablar del M\u00e9todo de la Ovulaci\u00f3n Billings\u00ae en la charla que dio la Dra. Lyn Billings y se convirti\u00f3 en profesora del M\u00e9todo.<\/p><p>Acompa\u00f1\u00f3 a los doctores John y Lyn Billings en m\u00e1s de 20 visitas a China como principal formadora de profesores chinos.<\/p><p>Esta experiencia dio lugar a un sistema de ense\u00f1anza enriquecido y ampliado y constituy\u00f3 la base de los programas de formaci\u00f3n que se utilizan actualmente a escala internacional.<\/p><p>Con Marian Corkill ha viajado mucho formando y actualizando a profesores por todo el mundo, incluidos los EE.UU., para formar y actualizar a los profesores de BOMA.<\/p><p>Ha sido Coordinadora del Comit\u00e9 de Educaci\u00f3n de la OMR&amp;RCA y Directora del Estudio sobre el M\u00e9todo de la Ovulaci\u00f3n Billings\u00ae y la consecuci\u00f3n del embarazo.<\/p>\t\t\t\t\t\t\t\t<\/div>\n\t\t\t\t<\/div>\n\t\t\t\t\t<\/div>\n\t\t<\/div>\n\t\t\t\t\t<\/div>\n\t\t<\/section>\n\t\t\t\t<\/div>","protected":false},"excerpt":{"rendered":"<p>Volver a la p\u00e1gina de la conferencia WOOMB International Gillian Barker Kerry Bourke Marian Corkill Bernadette Davies Marie Marshell T\u00edtulo de la ponencia: Presentaci\u00f3n de WOOMB Internacional Bio: Gillian Barker - Directora de WOOMB Gillian trabaj\u00f3 en el laboratorio dirigido por el Profesor James Brown donde se complet\u00f3 la validaci\u00f3n hormonal del M\u00e9todo de la Ovulaci\u00f3n Billings\u00ae. Particip\u00f3 en la [...]<\/p>","protected":false},"author":197,"featured_media":0,"parent":0,"menu_order":0,"comment_status":"closed","ping_status":"closed","template":"","meta":{"_acf_changed":false,"footnotes":""},"class_list":["post-5917","page","type-page","status-publish","hentry"],"acf":[],"_links":{"self":[{"href":"https:\/\/boma-usa.org\/es\/wp-json\/wp\/v2\/pages\/5917","targetHints":{"allow":["GET"]}}],"collection":[{"href":"https:\/\/boma-usa.org\/es\/wp-json\/wp\/v2\/pages"}],"about":[{"href":"https:\/\/boma-usa.org\/es\/wp-json\/wp\/v2\/types\/page"}],"author":[{"embeddable":true,"href":"https:\/\/boma-usa.org\/es\/wp-json\/wp\/v2\/users\/197"}],"replies":[{"embeddable":true,"href":"https:\/\/boma-usa.org\/es\/wp-json\/wp\/v2\/comments?post=5917"}],"version-history":[{"count":0,"href":"https:\/\/boma-usa.org\/es\/wp-json\/wp\/v2\/pages\/5917\/revisions"}],"wp:attachment":[{"href":"https:\/\/boma-usa.org\/es\/wp-json\/wp\/v2\/media?parent=5917"}],"curies":[{"name":"wp","href":"https:\/\/api.w.org\/{rel}","templated":true}]}}