{"id":5911,"date":"2022-08-27T10:06:12","date_gmt":"2022-08-27T16:06:12","guid":{"rendered":"https:\/\/events.boma-usa.org\/?page_id=5911"},"modified":"2022-09-09T09:29:03","modified_gmt":"2022-09-09T15:29:03","slug":"anna-saucier","status":"publish","type":"page","link":"https:\/\/boma-usa.org\/es\/anna-saucier\/","title":{"rendered":"Anna Saucier"},"content":{"rendered":"<div data-elementor-type=\"wp-page\" data-elementor-id=\"5911\" class=\"elementor elementor-5911\" data-elementor-post-type=\"page\">\n\t\t\t\t\t\t<section class=\"elementor-section elementor-top-section elementor-element elementor-element-52385a21 elementor-section-boxed elementor-section-height-default elementor-section-height-default\" data-id=\"52385a21\" data-element_type=\"section\" data-e-type=\"section\" data-settings=\"{&quot;jet_parallax_layout_list&quot;:[]}\">\n\t\t\t\t\t\t\t<div class=\"elementor-background-overlay\"><\/div>\n\t\t\t\t\t\t\t<div class=\"elementor-container elementor-column-gap-default\">\n\t\t\t\t\t<div class=\"elementor-column elementor-col-100 elementor-top-column elementor-element elementor-element-2a9deb43\" data-id=\"2a9deb43\" data-element_type=\"column\" data-e-type=\"column\">\n\t\t\t<div class=\"elementor-widget-wrap elementor-element-populated\">\n\t\t\t\t\t\t<div class=\"elementor-element elementor-element-f78931f elementor-icon-list--layout-traditional elementor-list-item-link-full_width elementor-widget elementor-widget-icon-list\" data-id=\"f78931f\" data-element_type=\"widget\" data-e-type=\"widget\" data-widget_type=\"icon-list.default\">\n\t\t\t\t<div class=\"elementor-widget-container\">\n\t\t\t\t\t\t\t<ul class=\"elementor-icon-list-items\">\n\t\t\t\t\t\t\t<li class=\"elementor-icon-list-item\">\n\t\t\t\t\t\t\t\t\t\t\t<a href=\"https:\/\/boma-usa.org\/es\/?page_id=5555\">\n\n\t\t\t\t\t\t\t\t\t\t\t\t<span class=\"elementor-icon-list-icon\">\n\t\t\t\t\t\t\t<i aria-hidden=\"true\" class=\"fas fa-arrow-left\"><\/i>\t\t\t\t\t\t<\/span>\n\t\t\t\t\t\t\t\t\t\t<span class=\"elementor-icon-list-text\">Volver a la p\u00e1gina de la Conferencia<\/span>\n\t\t\t\t\t\t\t\t\t\t\t<\/a>\n\t\t\t\t\t\t\t\t\t<\/li>\n\t\t\t\t\t\t<\/ul>\n\t\t\t\t\t\t<\/div>\n\t\t\t\t<\/div>\n\t\t\t\t<section class=\"elementor-section elementor-inner-section elementor-element elementor-element-fa1369d elementor-section-boxed elementor-section-height-default elementor-section-height-default\" data-id=\"fa1369d\" data-element_type=\"section\" data-e-type=\"section\" data-settings=\"{&quot;jet_parallax_layout_list&quot;:[]}\">\n\t\t\t\t\t\t<div class=\"elementor-container elementor-column-gap-default\">\n\t\t\t\t\t<div class=\"elementor-column elementor-col-33 elementor-inner-column elementor-element elementor-element-882e867\" data-id=\"882e867\" data-element_type=\"column\" data-e-type=\"column\">\n\t\t\t<div class=\"elementor-widget-wrap elementor-element-populated\">\n\t\t\t\t\t\t<div class=\"elementor-element elementor-element-543a8961 elementor-widget elementor-widget-image\" data-id=\"543a8961\" data-element_type=\"widget\" data-e-type=\"widget\" data-widget_type=\"image.default\">\n\t\t\t\t<div class=\"elementor-widget-container\">\n\t\t\t\t\t\t\t\t\t\t\t\t\t\t\t<img decoding=\"async\" src=\"https:\/\/boma-usa.org\/wp-content\/uploads\/elementor\/thumbs\/Anna-Saucier-r3lgkgr2dlscvfmoyczhj2p2irtrw83z5zly2fro40.jpg\" title=\"Anna-Saucier\" alt=\"Anna-Saucier\" loading=\"lazy\" \/>\t\t\t\t\t\t\t\t\t\t\t\t\t\t\t<\/div>\n\t\t\t\t<\/div>\n\t\t\t\t<div class=\"elementor-element elementor-element-518d036d elementor-widget elementor-widget-heading\" data-id=\"518d036d\" data-element_type=\"widget\" data-e-type=\"widget\" data-widget_type=\"heading.default\">\n\t\t\t\t<div class=\"elementor-widget-container\">\n\t\t\t\t\t<h2 class=\"elementor-heading-title elementor-size-default\">Anna Saucier<\/h2>\t\t\t\t<\/div>\n\t\t\t\t<\/div>\n\t\t\t\t\t<\/div>\n\t\t<\/div>\n\t\t\t\t<div class=\"elementor-column elementor-col-33 elementor-inner-column elementor-element elementor-element-37d5f4d\" data-id=\"37d5f4d\" data-element_type=\"column\" data-e-type=\"column\">\n\t\t\t<div class=\"elementor-widget-wrap elementor-element-populated\">\n\t\t\t\t\t\t<div class=\"elementor-element elementor-element-4ccd710 elementor-widget elementor-widget-image\" data-id=\"4ccd710\" data-element_type=\"widget\" data-e-type=\"widget\" data-widget_type=\"image.default\">\n\t\t\t\t<div class=\"elementor-widget-container\">\n\t\t\t\t\t\t\t\t\t\t\t\t\t\t\t<img decoding=\"async\" src=\"https:\/\/boma-usa.org\/wp-content\/uploads\/elementor\/thumbs\/ChristyBrown-r3lgkhowkftn71lbsve43kgj45p53x7pi49fjpq9xs.png\" title=\"ChristyBrown\" alt=\"ChristyBrown\" loading=\"lazy\" \/>\t\t\t\t\t\t\t\t\t\t\t\t\t\t\t<\/div>\n\t\t\t\t<\/div>\n\t\t\t\t<div class=\"elementor-element elementor-element-5aec580 elementor-widget elementor-widget-heading\" data-id=\"5aec580\" data-element_type=\"widget\" data-e-type=\"widget\" data-widget_type=\"heading.default\">\n\t\t\t\t<div class=\"elementor-widget-container\">\n\t\t\t\t\t<h2 class=\"elementor-heading-title elementor-size-default\">Christy Brown<\/h2>\t\t\t\t<\/div>\n\t\t\t\t<\/div>\n\t\t\t\t\t<\/div>\n\t\t<\/div>\n\t\t\t\t<div class=\"elementor-column elementor-col-33 elementor-inner-column elementor-element elementor-element-626c74d\" data-id=\"626c74d\" data-element_type=\"column\" data-e-type=\"column\">\n\t\t\t<div class=\"elementor-widget-wrap elementor-element-populated\">\n\t\t\t\t\t\t<div class=\"elementor-element elementor-element-6d9e815 elementor-widget elementor-widget-image\" data-id=\"6d9e815\" data-element_type=\"widget\" data-e-type=\"widget\" data-widget_type=\"image.default\">\n\t\t\t\t<div class=\"elementor-widget-container\">\n\t\t\t\t\t\t\t\t\t\t\t\t\t\t\t<img decoding=\"async\" src=\"https:\/\/boma-usa.org\/wp-content\/uploads\/elementor\/thumbs\/BriannaWillison-r3lgkhowkftn71lbsve43kgj45p53x7pi49fjpq9xs.jpg\" title=\"BriannaWillison\" alt=\"BriannaWillison\" loading=\"lazy\" \/>\t\t\t\t\t\t\t\t\t\t\t\t\t\t\t<\/div>\n\t\t\t\t<\/div>\n\t\t\t\t<div class=\"elementor-element elementor-element-57590c4 elementor-widget elementor-widget-heading\" data-id=\"57590c4\" data-element_type=\"widget\" data-e-type=\"widget\" data-widget_type=\"heading.default\">\n\t\t\t\t<div class=\"elementor-widget-container\">\n\t\t\t\t\t<h2 class=\"elementor-heading-title elementor-size-default\">Brianna Willison<\/h2>\t\t\t\t<\/div>\n\t\t\t\t<\/div>\n\t\t\t\t\t<\/div>\n\t\t<\/div>\n\t\t\t\t\t<\/div>\n\t\t<\/section>\n\t\t\t\t<div class=\"elementor-element elementor-element-70d4973d elementor-widget elementor-widget-spacer\" data-id=\"70d4973d\" data-element_type=\"widget\" data-e-type=\"widget\" data-widget_type=\"spacer.default\">\n\t\t\t\t<div class=\"elementor-widget-container\">\n\t\t\t\t\t\t\t<div class=\"elementor-spacer\">\n\t\t\t<div class=\"elementor-spacer-inner\"><\/div>\n\t\t<\/div>\n\t\t\t\t\t\t<\/div>\n\t\t\t\t<\/div>\n\t\t\t\t<div class=\"elementor-element elementor-element-351d79b elementor-widget elementor-widget-heading\" data-id=\"351d79b\" data-element_type=\"widget\" data-e-type=\"widget\" data-widget_type=\"heading.default\">\n\t\t\t\t<div class=\"elementor-widget-container\">\n\t\t\t\t\t<h2 class=\"elementor-heading-title elementor-size-default\">T\u00edtulo de la ponencia: <\/h2>\t\t\t\t<\/div>\n\t\t\t\t<\/div>\n\t\t\t\t<div class=\"elementor-element elementor-element-3794c2c0 elementor-widget elementor-widget-text-editor\" data-id=\"3794c2c0\" data-element_type=\"widget\" data-e-type=\"widget\" data-widget_type=\"text-editor.default\">\n\t\t\t\t<div class=\"elementor-widget-container\">\n\t\t\t\t\t\t\t\t\t<p>Mesa redonda sobre marketing: Puro y simple<\/p>\t\t\t\t\t\t\t\t<\/div>\n\t\t\t\t<\/div>\n\t\t\t\t<div class=\"elementor-element elementor-element-3ca58164 elementor-widget elementor-widget-spacer\" data-id=\"3ca58164\" data-element_type=\"widget\" data-e-type=\"widget\" data-widget_type=\"spacer.default\">\n\t\t\t\t<div class=\"elementor-widget-container\">\n\t\t\t\t\t\t\t<div class=\"elementor-spacer\">\n\t\t\t<div class=\"elementor-spacer-inner\"><\/div>\n\t\t<\/div>\n\t\t\t\t\t\t<\/div>\n\t\t\t\t<\/div>\n\t\t\t\t<div class=\"elementor-element elementor-element-513168ac elementor-widget elementor-widget-heading\" data-id=\"513168ac\" data-element_type=\"widget\" data-e-type=\"widget\" data-widget_type=\"heading.default\">\n\t\t\t\t<div class=\"elementor-widget-container\">\n\t\t\t\t\t<h2 class=\"elementor-heading-title elementor-size-default\">Biograf\u00eda: Anna Saucier<\/h2>\t\t\t\t<\/div>\n\t\t\t\t<\/div>\n\t\t\t\t<div class=\"elementor-element elementor-element-5ce38bef elementor-widget elementor-widget-text-editor\" data-id=\"5ce38bef\" data-element_type=\"widget\" data-e-type=\"widget\" data-widget_type=\"text-editor.default\">\n\t\t\t\t<div class=\"elementor-widget-container\">\n\t\t\t\t\t\t\t\t\t<p><span style=\"letter-spacing: 0px; background-color: var( --e-global-color-c696dce );\">Anna es Consultora Certificada de Negocios Online y Coach de Mindset + Procesamiento Emocional. Junto con sus m\u00e1s de 20 a\u00f1os de experiencia en tecnolog\u00eda y dise\u00f1o de sistemas de negocio, ella es la \u00fanica capaz de capacitar a otros entrenadores y profesionales para crear un impacto simple, \u00e9tico y sostenible + crecimiento de los ingresos.<\/span><\/p><p><span style=\"font-weight: 400;\">Tambi\u00e9n ha recibido formaci\u00f3n como FertilityCare Practitioner y le apasiona fomentar la concienciaci\u00f3n sobre la salud restaurativa de la mujer, empezando por apoyar a quienes trabajan sobre el terreno en esta labor cada d\u00eda.<\/span><\/p><p><span style=\"font-weight: 400;\">Personalmente, Anna es una minimalista californiana\/rizonense amante del capuchino que vive en M\u00e9xico con su marido y sus dos hijos.<\/span><\/p>\t\t\t\t\t\t\t\t<\/div>\n\t\t\t\t<\/div>\n\t\t\t\t<div class=\"elementor-element elementor-element-aa79ba0 elementor-widget elementor-widget-heading\" data-id=\"aa79ba0\" data-element_type=\"widget\" data-e-type=\"widget\" data-widget_type=\"heading.default\">\n\t\t\t\t<div class=\"elementor-widget-container\">\n\t\t\t\t\t<h2 class=\"elementor-heading-title elementor-size-default\">Biograf\u00eda: Christina Brown<\/h2>\t\t\t\t<\/div>\n\t\t\t\t<\/div>\n\t\t\t\t<div class=\"elementor-element elementor-element-8dca189 elementor-widget elementor-widget-text-editor\" data-id=\"8dca189\" data-element_type=\"widget\" data-e-type=\"widget\" data-widget_type=\"text-editor.default\">\n\t\t\t\t<div class=\"elementor-widget-container\">\n\t\t\t\t\t\t\t\t\t<p>Christina Brown es coach de vida cat\u00f3lica, podcaster y conferenciante. Ha estado casada con su marido, Paul, durante 23 a\u00f1os. Viven en Grand Rapids, Michigan, con sus 6 hijos, de edades comprendidas entre los 22 y los 4 a\u00f1os.<\/p><p>Christina es licenciada en Comunicaci\u00f3n por la Universidad Estatal de Michigan. Es Instructora Certificada del M\u00e9todo de la Ovulaci\u00f3n Billings y lleva 12 a\u00f1os ense\u00f1ando el m\u00e9todo.<\/p><p>En la actualidad, Christina es Vicepresidenta de la Junta Directiva de BOMA-USA.<\/p>\t\t\t\t\t\t\t\t<\/div>\n\t\t\t\t<\/div>\n\t\t\t\t<div class=\"elementor-element elementor-element-78b65eb elementor-widget elementor-widget-heading\" data-id=\"78b65eb\" data-element_type=\"widget\" data-e-type=\"widget\" data-widget_type=\"heading.default\">\n\t\t\t\t<div class=\"elementor-widget-container\">\n\t\t\t\t\t<h2 class=\"elementor-heading-title elementor-size-default\">Biograf\u00eda: Brianna Willison<\/h2>\t\t\t\t<\/div>\n\t\t\t\t<\/div>\n\t\t\t\t<div class=\"elementor-element elementor-element-b7cf5f7 elementor-widget elementor-widget-text-editor\" data-id=\"b7cf5f7\" data-element_type=\"widget\" data-e-type=\"widget\" data-widget_type=\"text-editor.default\">\n\t\t\t\t<div class=\"elementor-widget-container\">\n\t\t\t\t\t\t\t\t\t<p>Annie est\u00e1 cursando el \u00faltimo a\u00f1o de la carrera de Comunicaci\u00f3n y se especializa en Relaciones P\u00fablicas\/Publicidad y Psicolog\u00eda.<\/p><p>Investiga activamente el impacto de la Planificaci\u00f3n Familiar Natural en los matrimonios y trabaja para convertirse en instructora de BOMA. Sus pasiones incluyen trabajar con las mujeres para abrazar su Genio Femenino y educar a las mujeres en todas las etapas de la vida sobre la salud de la fertilidad.<\/p><p><br \/>Es miembro activo de la Iglesia y dirige una comunidad de mujeres cat\u00f3licas en su campus.<\/p>\t\t\t\t\t\t\t\t<\/div>\n\t\t\t\t<\/div>\n\t\t\t\t\t<\/div>\n\t\t<\/div>\n\t\t\t\t\t<\/div>\n\t\t<\/section>\n\t\t\t\t<\/div>","protected":false},"excerpt":{"rendered":"<p>Volver a la p\u00e1gina de la conferencia Anna Saucier Christy Brown Brianna Willison T\u00edtulo de la ponencia: Panel de presentaci\u00f3n sobre Marketing: Pure and Simple Bio: Anna Saucier Anna es Consultora Certificada de Negocios Online y Coach de Mindset + Procesamiento Emocional. Junto con sus m\u00e1s de 20 a\u00f1os de experiencia en tecnolog\u00eda y dise\u00f1o de sistemas de negocios, ella es la \u00fanica capaz de empoderar a otros [...]<\/p>","protected":false},"author":197,"featured_media":0,"parent":0,"menu_order":0,"comment_status":"closed","ping_status":"closed","template":"","meta":{"_acf_changed":false,"footnotes":""},"class_list":["post-5911","page","type-page","status-publish","hentry"],"acf":[],"_links":{"self":[{"href":"https:\/\/boma-usa.org\/es\/wp-json\/wp\/v2\/pages\/5911","targetHints":{"allow":["GET"]}}],"collection":[{"href":"https:\/\/boma-usa.org\/es\/wp-json\/wp\/v2\/pages"}],"about":[{"href":"https:\/\/boma-usa.org\/es\/wp-json\/wp\/v2\/types\/page"}],"author":[{"embeddable":true,"href":"https:\/\/boma-usa.org\/es\/wp-json\/wp\/v2\/users\/197"}],"replies":[{"embeddable":true,"href":"https:\/\/boma-usa.org\/es\/wp-json\/wp\/v2\/comments?post=5911"}],"version-history":[{"count":0,"href":"https:\/\/boma-usa.org\/es\/wp-json\/wp\/v2\/pages\/5911\/revisions"}],"wp:attachment":[{"href":"https:\/\/boma-usa.org\/es\/wp-json\/wp\/v2\/media?parent=5911"}],"curies":[{"name":"wp","href":"https:\/\/api.w.org\/{rel}","templated":true}]}}