{"id":5894,"date":"2022-08-27T09:55:33","date_gmt":"2022-08-27T15:55:33","guid":{"rendered":"https:\/\/events.boma-usa.org\/?page_id=5894"},"modified":"2022-09-09T09:20:53","modified_gmt":"2022-09-09T15:20:53","slug":"mary-martin-md","status":"publish","type":"page","link":"https:\/\/boma-usa.org\/es\/mary-martin-md\/","title":{"rendered":"Dra. Mary Martin"},"content":{"rendered":"<div data-elementor-type=\"wp-page\" data-elementor-id=\"5894\" class=\"elementor elementor-5894\" data-elementor-post-type=\"page\">\n\t\t\t\t\t\t<section class=\"elementor-section elementor-top-section elementor-element elementor-element-52385a21 elementor-section-boxed elementor-section-height-default elementor-section-height-default\" data-id=\"52385a21\" data-element_type=\"section\" data-e-type=\"section\" data-settings=\"{&quot;jet_parallax_layout_list&quot;:[]}\">\n\t\t\t\t\t\t\t<div class=\"elementor-background-overlay\"><\/div>\n\t\t\t\t\t\t\t<div class=\"elementor-container elementor-column-gap-default\">\n\t\t\t\t\t<div class=\"elementor-column elementor-col-100 elementor-top-column elementor-element elementor-element-2a9deb43\" data-id=\"2a9deb43\" data-element_type=\"column\" data-e-type=\"column\">\n\t\t\t<div class=\"elementor-widget-wrap elementor-element-populated\">\n\t\t\t\t\t\t<div class=\"elementor-element elementor-element-f78931f elementor-icon-list--layout-traditional elementor-list-item-link-full_width elementor-widget elementor-widget-icon-list\" data-id=\"f78931f\" data-element_type=\"widget\" data-e-type=\"widget\" data-widget_type=\"icon-list.default\">\n\t\t\t\t<div class=\"elementor-widget-container\">\n\t\t\t\t\t\t\t<ul class=\"elementor-icon-list-items\">\n\t\t\t\t\t\t\t<li class=\"elementor-icon-list-item\">\n\t\t\t\t\t\t\t\t\t\t\t<a href=\"https:\/\/boma-usa.org\/es\/?page_id=5555\">\n\n\t\t\t\t\t\t\t\t\t\t\t\t<span class=\"elementor-icon-list-icon\">\n\t\t\t\t\t\t\t<i aria-hidden=\"true\" class=\"fas fa-arrow-left\"><\/i>\t\t\t\t\t\t<\/span>\n\t\t\t\t\t\t\t\t\t\t<span class=\"elementor-icon-list-text\">Volver a la p\u00e1gina de la Conferencia<\/span>\n\t\t\t\t\t\t\t\t\t\t\t<\/a>\n\t\t\t\t\t\t\t\t\t<\/li>\n\t\t\t\t\t\t<\/ul>\n\t\t\t\t\t\t<\/div>\n\t\t\t\t<\/div>\n\t\t\t\t<div class=\"elementor-element elementor-element-543a8961 elementor-widget elementor-widget-image\" data-id=\"543a8961\" data-element_type=\"widget\" data-e-type=\"widget\" data-widget_type=\"image.default\">\n\t\t\t\t<div class=\"elementor-widget-container\">\n\t\t\t\t\t\t\t\t\t\t\t\t\t\t\t<img decoding=\"async\" src=\"https:\/\/boma-usa.org\/wp-content\/uploads\/elementor\/thumbs\/marymartin-430x430-1-r3lgkdxjt3ohwlqsetrltleoqm7o94ss5lnhmlvumo.jpg\" title=\"marymartin-430\u00d7430\" alt=\"marymartin-430x430\" loading=\"lazy\" \/>\t\t\t\t\t\t\t\t\t\t\t\t\t\t\t<\/div>\n\t\t\t\t<\/div>\n\t\t\t\t<div class=\"elementor-element elementor-element-70d4973d elementor-widget elementor-widget-spacer\" data-id=\"70d4973d\" data-element_type=\"widget\" data-e-type=\"widget\" data-widget_type=\"spacer.default\">\n\t\t\t\t<div class=\"elementor-widget-container\">\n\t\t\t\t\t\t\t<div class=\"elementor-spacer\">\n\t\t\t<div class=\"elementor-spacer-inner\"><\/div>\n\t\t<\/div>\n\t\t\t\t\t\t<\/div>\n\t\t\t\t<\/div>\n\t\t\t\t<div class=\"elementor-element elementor-element-351d79b elementor-widget elementor-widget-heading\" data-id=\"351d79b\" data-element_type=\"widget\" data-e-type=\"widget\" data-widget_type=\"heading.default\">\n\t\t\t\t<div class=\"elementor-widget-container\">\n\t\t\t\t\t<h2 class=\"elementor-heading-title elementor-size-default\">T\u00edtulo de la ponencia: <\/h2>\t\t\t\t<\/div>\n\t\t\t\t<\/div>\n\t\t\t\t<div class=\"elementor-element elementor-element-3794c2c0 elementor-widget elementor-widget-text-editor\" data-id=\"3794c2c0\" data-element_type=\"widget\" data-e-type=\"widget\" data-widget_type=\"text-editor.default\">\n\t\t\t\t<div class=\"elementor-widget-container\">\n\t\t\t\t\t\t\t\t\t<p>Lo que no nos ense\u00f1aron en la formaci\u00f3n sobre fertilidad<\/p>\t\t\t\t\t\t\t\t<\/div>\n\t\t\t\t<\/div>\n\t\t\t\t<div class=\"elementor-element elementor-element-3ca58164 elementor-widget elementor-widget-spacer\" data-id=\"3ca58164\" data-element_type=\"widget\" data-e-type=\"widget\" data-widget_type=\"spacer.default\">\n\t\t\t\t<div class=\"elementor-widget-container\">\n\t\t\t\t\t\t\t<div class=\"elementor-spacer\">\n\t\t\t<div class=\"elementor-spacer-inner\"><\/div>\n\t\t<\/div>\n\t\t\t\t\t\t<\/div>\n\t\t\t\t<\/div>\n\t\t\t\t<div class=\"elementor-element elementor-element-513168ac elementor-widget elementor-widget-heading\" data-id=\"513168ac\" data-element_type=\"widget\" data-e-type=\"widget\" data-widget_type=\"heading.default\">\n\t\t\t\t<div class=\"elementor-widget-container\">\n\t\t\t\t\t<h2 class=\"elementor-heading-title elementor-size-default\">Bio:<\/h2>\t\t\t\t<\/div>\n\t\t\t\t<\/div>\n\t\t\t\t<div class=\"elementor-element elementor-element-5ce38bef elementor-widget elementor-widget-text-editor\" data-id=\"5ce38bef\" data-element_type=\"widget\" data-e-type=\"widget\" data-widget_type=\"text-editor.default\">\n\t\t\t\t<div class=\"elementor-widget-container\">\n\t\t\t\t\t\t\t\t\t<p class=\"MsoNormal\" style=\"margin-bottom: .0001pt;\">La Dra. Martin comenz\u00f3 sus estudios de medicina en la Facultad de Medicina de la Universidad de Illinois en 1987, despu\u00e9s de impartir clases de Ciencia Animal. Graduada en 1991, complet\u00f3 una residencia en Obstetricia y Ginecolog\u00eda en el Carilion Center For Women &amp; Children afiliado a la Universidad de Virginia en Roanoke, Virginia. Oportunidades de pr\u00e1ctica en Virginia, y Hammond, Indiana precedieron su pr\u00e1ctica en Oklahoma City desde 2004 hasta 2018. Dos a\u00f1os adicionales fueron pasados en Tulsa, Oklahoma en el cuidado de la salud de los hombres y la atenci\u00f3n primaria.<br \/><br \/><\/p><p class=\"MsoNormal\" style=\"margin-bottom: .0001pt;\">Ahora en una nueva pr\u00e1ctica en Beaumont, Texas, la Dra. Martin se especializa en hormonas bioid\u00e9nticas, infertilidad, aborto involuntario recurrente, y la terapia Axonics para la incontinencia de vejiga e intestino. Est\u00e1 certificada en Obstetricia y Ginecolog\u00eda y es miembro del Congreso Americano de Obstetras y Ginec\u00f3logos.<br \/><br \/><\/p><p class=\"MsoNormal\" style=\"margin-bottom: .0001pt;\">El Dr. Martin es un experto internacionalmente conocido en el m\u00e9todo de ovulaci\u00f3n Billings de planificaci\u00f3n familiar natural y es miembro del Instituto de Investigaci\u00f3n en Salud Reproductiva de Santiago de Chile, la rama de investigaci\u00f3n de FEMM (Fertility Education and Medical Management). Los profesionales de la FEMM diagnostican y tratan los trastornos endocrinos que subyacen a los problemas ginecol\u00f3gicos y de fertilidad utilizando protocolos y algoritmos basados en la evidencia. Su experiencia docente tambi\u00e9n es valorada por los programas de formaci\u00f3n de enfermeras especializadas, facultades de medicina y residencias, as\u00ed como por sus socios del Texas Center for Health, con oficinas en Beaumont y Houston.<br \/><br \/><\/p><p class=\"MsoNormal\" style=\"margin-bottom: .0001pt;\">El Dr. Martin es Director M\u00e9dico y trabaja con 2 enfermeras especializadas certificadas, as\u00ed como con otros 6 m\u00e9dicos obstetras y ginec\u00f3logos.<br \/>Los novedosos enfoques de la Dra. Martin para tratar la infertilidad y la endometriosis atraen a pacientes de todo el continente. Defensora desde hace tiempo de la terapia de sustituci\u00f3n hormonal bioid\u00e9ntica, aprecia la \"dosificaci\u00f3n personalizada\" y los aspectos de seguridad de la terapia hormonal subcut\u00e1nea y es la directora m\u00e9dica de EvolveTelehealth.com, un servicio de optimizaci\u00f3n hormonal en l\u00ednea para hombres y mujeres.<br \/><br \/><\/p><p class=\"MsoNormal\" style=\"margin-bottom: .0001pt;\">Certificado en 2005, el Dr. Martin se encuentra entre los 1% mejores implantadores de Axonics de todo el pa\u00eds, con una tasa de \u00e9xito de 93% en la mejora de la calidad de vida de hombres y mujeres que sufren incontinencia cr\u00f3nica de vejiga e intestino.<br \/>La Dra. Martin es Directora M\u00e9dica de Birth Choice of Oklahoma, un centro de embarazos en crisis con 3 sedes y 49 a\u00f1os salvando vidas, y de Gateway Express Testing, donde lee ecograf\u00edas para ambos desde 2004. Ella est\u00e1 entre los m\u00e9dicos que prestan asistencia a las mujeres que cambian de opini\u00f3n durante los abortos m\u00e9dicos a trav\u00e9s de AbortionPillReversal.com.<br \/><br \/><\/p><p class=\"MsoNormal\" style=\"margin-bottom: .0001pt;\">La Dra. Martin tiene hijos adultos, un nieto adolescente y dos nietas peque\u00f1as. Es la orgullosa madre de un oficial del ej\u00e9rcito, una fiel cat\u00f3lica y dedica su tiempo libre a criar y exhibir sus caballos de corte.<\/p>\t\t\t\t\t\t\t\t<\/div>\n\t\t\t\t<\/div>\n\t\t\t\t\t<\/div>\n\t\t<\/div>\n\t\t\t\t\t<\/div>\n\t\t<\/section>\n\t\t\t\t<\/div>","protected":false},"excerpt":{"rendered":"<p>Volver a la p\u00e1gina de la conferencia T\u00edtulo de la charla: Lo que no nos ense\u00f1aron en la formaci\u00f3n sobre Fertilidad Bio: La Dra. Martin comenz\u00f3 sus estudios de medicina en la Facultad de Medicina de la Universidad de Illinois en 1987, despu\u00e9s de dar clases de Ciencia Animal. Graduada en 1991, complet\u00f3 una residencia en Obstetricia y Ginecolog\u00eda en el Carilion Center For [...]<\/p>","protected":false},"author":197,"featured_media":0,"parent":0,"menu_order":0,"comment_status":"closed","ping_status":"closed","template":"","meta":{"_acf_changed":false,"footnotes":""},"class_list":["post-5894","page","type-page","status-publish","hentry"],"acf":[],"_links":{"self":[{"href":"https:\/\/boma-usa.org\/es\/wp-json\/wp\/v2\/pages\/5894","targetHints":{"allow":["GET"]}}],"collection":[{"href":"https:\/\/boma-usa.org\/es\/wp-json\/wp\/v2\/pages"}],"about":[{"href":"https:\/\/boma-usa.org\/es\/wp-json\/wp\/v2\/types\/page"}],"author":[{"embeddable":true,"href":"https:\/\/boma-usa.org\/es\/wp-json\/wp\/v2\/users\/197"}],"replies":[{"embeddable":true,"href":"https:\/\/boma-usa.org\/es\/wp-json\/wp\/v2\/comments?post=5894"}],"version-history":[{"count":0,"href":"https:\/\/boma-usa.org\/es\/wp-json\/wp\/v2\/pages\/5894\/revisions"}],"wp:attachment":[{"href":"https:\/\/boma-usa.org\/es\/wp-json\/wp\/v2\/media?parent=5894"}],"curies":[{"name":"wp","href":"https:\/\/api.w.org\/{rel}","templated":true}]}}