{"id":5868,"date":"2022-08-27T09:29:45","date_gmt":"2022-08-27T15:29:45","guid":{"rendered":"https:\/\/events.boma-usa.org\/?page_id=5868"},"modified":"2022-09-10T10:12:10","modified_gmt":"2022-09-10T16:12:10","slug":"sharon-pearce","status":"publish","type":"page","link":"https:\/\/boma-usa.org\/es\/sharon-pearce\/","title":{"rendered":"Sharon Pearce"},"content":{"rendered":"<div data-elementor-type=\"wp-page\" data-elementor-id=\"5868\" class=\"elementor elementor-5868\" data-elementor-post-type=\"page\">\n\t\t\t\t\t\t<section class=\"elementor-section elementor-top-section elementor-element elementor-element-52385a21 elementor-section-boxed elementor-section-height-default elementor-section-height-default\" data-id=\"52385a21\" data-element_type=\"section\" data-e-type=\"section\" data-settings=\"{&quot;jet_parallax_layout_list&quot;:[]}\">\n\t\t\t\t\t\t\t<div class=\"elementor-background-overlay\"><\/div>\n\t\t\t\t\t\t\t<div class=\"elementor-container elementor-column-gap-default\">\n\t\t\t\t\t<div class=\"elementor-column elementor-col-100 elementor-top-column elementor-element elementor-element-2a9deb43\" data-id=\"2a9deb43\" data-element_type=\"column\" data-e-type=\"column\">\n\t\t\t<div class=\"elementor-widget-wrap elementor-element-populated\">\n\t\t\t\t\t\t<div class=\"elementor-element elementor-element-f78931f elementor-icon-list--layout-traditional elementor-list-item-link-full_width elementor-widget elementor-widget-icon-list\" data-id=\"f78931f\" data-element_type=\"widget\" data-e-type=\"widget\" data-widget_type=\"icon-list.default\">\n\t\t\t\t<div class=\"elementor-widget-container\">\n\t\t\t\t\t\t\t<ul class=\"elementor-icon-list-items\">\n\t\t\t\t\t\t\t<li class=\"elementor-icon-list-item\">\n\t\t\t\t\t\t\t\t\t\t\t<a href=\"https:\/\/boma-usa.org\/es\/?page_id=5555\">\n\n\t\t\t\t\t\t\t\t\t\t\t\t<span class=\"elementor-icon-list-icon\">\n\t\t\t\t\t\t\t<i aria-hidden=\"true\" class=\"fas fa-arrow-left\"><\/i>\t\t\t\t\t\t<\/span>\n\t\t\t\t\t\t\t\t\t\t<span class=\"elementor-icon-list-text\">Volver a la p\u00e1gina de la Conferencia<\/span>\n\t\t\t\t\t\t\t\t\t\t\t<\/a>\n\t\t\t\t\t\t\t\t\t<\/li>\n\t\t\t\t\t\t<\/ul>\n\t\t\t\t\t\t<\/div>\n\t\t\t\t<\/div>\n\t\t\t\t<div class=\"elementor-element elementor-element-543a8961 elementor-widget elementor-widget-image\" data-id=\"543a8961\" data-element_type=\"widget\" data-e-type=\"widget\" data-widget_type=\"image.default\">\n\t\t\t\t<div class=\"elementor-widget-container\">\n\t\t\t\t\t\t\t\t\t\t\t\t\t\t\t<img decoding=\"async\" src=\"https:\/\/boma-usa.org\/wp-content\/uploads\/elementor\/thumbs\/Sharon-Pearce-1140x1140-1-r3lgknbxpg1d4pd4vxtvij1aogxce3u3iw6cfdhwwg.jpg\" title=\"Sharon Pearce 1140\u00d71140\" alt=\"Sharon Pearce 1140x1140\" loading=\"lazy\" \/>\t\t\t\t\t\t\t\t\t\t\t\t\t\t\t<\/div>\n\t\t\t\t<\/div>\n\t\t\t\t<div class=\"elementor-element elementor-element-70d4973d elementor-widget elementor-widget-spacer\" data-id=\"70d4973d\" data-element_type=\"widget\" data-e-type=\"widget\" data-widget_type=\"spacer.default\">\n\t\t\t\t<div class=\"elementor-widget-container\">\n\t\t\t\t\t\t\t<div class=\"elementor-spacer\">\n\t\t\t<div class=\"elementor-spacer-inner\"><\/div>\n\t\t<\/div>\n\t\t\t\t\t\t<\/div>\n\t\t\t\t<\/div>\n\t\t\t\t<div class=\"elementor-element elementor-element-351d79b elementor-widget elementor-widget-heading\" data-id=\"351d79b\" data-element_type=\"widget\" data-e-type=\"widget\" data-widget_type=\"heading.default\">\n\t\t\t\t<div class=\"elementor-widget-container\">\n\t\t\t\t\t<h2 class=\"elementor-heading-title elementor-size-default\">T\u00edtulo de la ponencia: <\/h2>\t\t\t\t<\/div>\n\t\t\t\t<\/div>\n\t\t\t\t<div class=\"elementor-element elementor-element-3794c2c0 elementor-widget elementor-widget-text-editor\" data-id=\"3794c2c0\" data-element_type=\"widget\" data-e-type=\"widget\" data-widget_type=\"text-editor.default\">\n\t\t\t\t<div class=\"elementor-widget-container\">\n\t\t\t\t\t\t\t\t\t<p>Compartir la belleza de la PFN con los evang\u00e9licos provida<\/p>\t\t\t\t\t\t\t\t<\/div>\n\t\t\t\t<\/div>\n\t\t\t\t<div class=\"elementor-element elementor-element-3ca58164 elementor-widget elementor-widget-spacer\" data-id=\"3ca58164\" data-element_type=\"widget\" data-e-type=\"widget\" data-widget_type=\"spacer.default\">\n\t\t\t\t<div class=\"elementor-widget-container\">\n\t\t\t\t\t\t\t<div class=\"elementor-spacer\">\n\t\t\t<div class=\"elementor-spacer-inner\"><\/div>\n\t\t<\/div>\n\t\t\t\t\t\t<\/div>\n\t\t\t\t<\/div>\n\t\t\t\t<div class=\"elementor-element elementor-element-513168ac elementor-widget elementor-widget-heading\" data-id=\"513168ac\" data-element_type=\"widget\" data-e-type=\"widget\" data-widget_type=\"heading.default\">\n\t\t\t\t<div class=\"elementor-widget-container\">\n\t\t\t\t\t<h2 class=\"elementor-heading-title elementor-size-default\">Bio:<\/h2>\t\t\t\t<\/div>\n\t\t\t\t<\/div>\n\t\t\t\t<div class=\"elementor-element elementor-element-5ce38bef elementor-widget elementor-widget-text-editor\" data-id=\"5ce38bef\" data-element_type=\"widget\" data-e-type=\"widget\" data-widget_type=\"text-editor.default\">\n\t\t\t\t<div class=\"elementor-widget-container\">\n\t\t\t\t\t\t\t\t\t<p>Sharon Pearce, natural de San Diego\/CA, se comprometi\u00f3 con Cristo a los diecinueve a\u00f1os mientras asist\u00eda a una Conferencia de Billy Graham sobre Discipulado y Evangelizaci\u00f3n. Sin embargo, fue su historial laboral lo que Dios utiliz\u00f3 para prepararla para el trabajo que realiza hoy como Directora de Silent Voices - un ministerio alternativo al aborto.<\/p><p>Antes de entregar su vida a Cristo, Sharon trabaj\u00f3 en un laboratorio m\u00e9dico ayudando a un pat\u00f3logo a examinar beb\u00e9s abortados. Despu\u00e9s de siete a\u00f1os realizando entre 20 y 30 abortos al d\u00eda, el estr\u00e9s de esta espantosa tarea se hizo insoportable. Incapaz de soportar la pena y el dolor, Sharon se vio obligada a dejar su trabajo.<\/p><p>Poco a poco, a lo largo de cuatro a\u00f1os, Dios cur\u00f3 las heridas de la angustia y la culpa y le dio a Sharon el deseo de implicarse en cuestiones provida.<\/p><p>\"Creo que Dios quiere que utilice los conocimientos que tengo para exponer la cuesti\u00f3n del aborto y motivar a los cristianos para que se impliquen en ayudar a las mujeres que sienten que el aborto es su \u00fanica opci\u00f3n\", dice Sharon.<\/p><p>El deseo de Sharon es que los cristianos defiendan a los no nacidos (en todas las etapas de su desarrollo) y compartan el amor y el perd\u00f3n de Cristo con las mujeres que luchan contra un aborto pasado. Sharon cree que mostr\u00e1ndole que es perdonada, podremos liberarla de su pasado para que pueda experimentar la vida abundante que Dios le ha prometido.<\/p><p>Involucrarse en la Planificaci\u00f3n Familiar Natural surgi\u00f3 como una extensi\u00f3n natural de su trabajo a favor de la vida. Su mayor reto en esta \u00e1rea ha sido educar a los cristianos evang\u00e9licos sobre la naturaleza abortiva de muchos m\u00e9todos populares de \"control de la natalidad\", anim\u00e1ndoles a usar la PFN como una forma de honrar a Dios al renunciar a intentar \"controlar\" su sexualidad, as\u00ed como compartir con ellos las bendiciones que llegan a un matrimonio cuando se practica la PFN.<\/p><p>Sharon es actualmente miembro del Consejo de Administraci\u00f3n de BOMA-USA.<\/p>\t\t\t\t\t\t\t\t<\/div>\n\t\t\t\t<\/div>\n\t\t\t\t\t<\/div>\n\t\t<\/div>\n\t\t\t\t\t<\/div>\n\t\t<\/section>\n\t\t\t\t<\/div>","protected":false},"excerpt":{"rendered":"<p>Volver a la p\u00e1gina de la conferencia T\u00edtulo de la ponencia: Compartiendo la belleza de la PFN con los evang\u00e9licos pro-vida Bio: Sharon Pearce, nativa de San Diego\/CA, se comprometi\u00f3 con Cristo a los diecinueve a\u00f1os mientras asist\u00eda a una Conferencia de Billy Graham sobre Discipulado y Evangelizaci\u00f3n. Sin embargo, fue su historia laboral la que Dios utiliz\u00f3 para prepararla para el trabajo [...]<\/p>","protected":false},"author":197,"featured_media":0,"parent":0,"menu_order":0,"comment_status":"closed","ping_status":"closed","template":"","meta":{"_acf_changed":false,"footnotes":""},"class_list":["post-5868","page","type-page","status-publish","hentry"],"acf":[],"_links":{"self":[{"href":"https:\/\/boma-usa.org\/es\/wp-json\/wp\/v2\/pages\/5868","targetHints":{"allow":["GET"]}}],"collection":[{"href":"https:\/\/boma-usa.org\/es\/wp-json\/wp\/v2\/pages"}],"about":[{"href":"https:\/\/boma-usa.org\/es\/wp-json\/wp\/v2\/types\/page"}],"author":[{"embeddable":true,"href":"https:\/\/boma-usa.org\/es\/wp-json\/wp\/v2\/users\/197"}],"replies":[{"embeddable":true,"href":"https:\/\/boma-usa.org\/es\/wp-json\/wp\/v2\/comments?post=5868"}],"version-history":[{"count":0,"href":"https:\/\/boma-usa.org\/es\/wp-json\/wp\/v2\/pages\/5868\/revisions"}],"wp:attachment":[{"href":"https:\/\/boma-usa.org\/es\/wp-json\/wp\/v2\/media?parent=5868"}],"curies":[{"name":"wp","href":"https:\/\/api.w.org\/{rel}","templated":true}]}}