{"id":5038,"date":"2022-08-08T11:44:05","date_gmt":"2022-08-08T17:44:05","guid":{"rendered":"https:\/\/events.boma-usa.org\/?page_id=5038"},"modified":"2022-08-19T19:58:07","modified_gmt":"2022-08-20T01:58:07","slug":"registration","status":"publish","type":"page","link":"https:\/\/boma-usa.org\/es\/registration\/","title":{"rendered":"Inscripci\u00f3n"},"content":{"rendered":"<div data-elementor-type=\"wp-page\" data-elementor-id=\"5038\" class=\"elementor elementor-5038\" data-elementor-post-type=\"page\">\n\t\t\t\t\t\t<section class=\"elementor-section elementor-top-section elementor-element elementor-element-2cdc451 elementor-section-boxed elementor-section-height-default elementor-section-height-default\" data-id=\"2cdc451\" data-element_type=\"section\" data-e-type=\"section\" data-settings=\"{&quot;jet_parallax_layout_list&quot;:[]}\">\n\t\t\t\t\t\t<div class=\"elementor-container elementor-column-gap-default\">\n\t\t\t\t\t<div class=\"elementor-column elementor-col-100 elementor-top-column elementor-element elementor-element-6e02090\" data-id=\"6e02090\" data-element_type=\"column\" data-e-type=\"column\">\n\t\t\t<div class=\"elementor-widget-wrap elementor-element-populated\">\n\t\t\t\t\t\t<div class=\"elementor-element elementor-element-d4634a5 elementor-widget elementor-widget-heading\" data-id=\"d4634a5\" data-element_type=\"widget\" data-e-type=\"widget\" data-widget_type=\"heading.default\">\n\t\t\t\t<div class=\"elementor-widget-container\">\n\t\t\t\t\t<h2 class=\"elementor-heading-title elementor-size-default\">Formulario de adhesi\u00f3n\n<\/h2>\t\t\t\t<\/div>\n\t\t\t\t<\/div>\n\t\t\t\t<div class=\"elementor-element elementor-element-76fc930 elementor-widget elementor-widget-text-editor\" data-id=\"76fc930\" data-element_type=\"widget\" data-e-type=\"widget\" data-widget_type=\"text-editor.default\">\n\t\t\t\t<div class=\"elementor-widget-container\">\n\t\t\t\t\t\t\t\t\t<p>Este formulario debe rellenarse por cada afiliaci\u00f3n de pago.<br \/>(<strong>Por ejemplo:<\/strong>\u00a0Si son un matrimonio, deben rellenar dos formularios).<\/p>\t\t\t\t\t\t\t\t<\/div>\n\t\t\t\t<\/div>\n\t\t\t\t<div class=\"elementor-element elementor-element-30131e9 elementor-widget elementor-widget-spacer\" data-id=\"30131e9\" data-element_type=\"widget\" data-e-type=\"widget\" data-widget_type=\"spacer.default\">\n\t\t\t\t<div class=\"elementor-widget-container\">\n\t\t\t\t\t\t\t<div class=\"elementor-spacer\">\n\t\t\t<div class=\"elementor-spacer-inner\"><\/div>\n\t\t<\/div>\n\t\t\t\t\t\t<\/div>\n\t\t\t\t<\/div>\n\t\t\t\t<div class=\"elementor-element elementor-element-89e38cb elementor-widget elementor-widget-text-editor\" data-id=\"89e38cb\" data-element_type=\"widget\" data-e-type=\"widget\" data-widget_type=\"text-editor.default\">\n\t\t\t\t<div class=\"elementor-widget-container\">\n\t\t\t\t\t\t\t\t\t<p>BOMA-USA se compromete a proporcionar la atenci\u00f3n m\u00e1s sencilla y personalizada en educaci\u00f3n sobre fertilidad. Ay\u00fadenos a continuar nuestro legado de ayudar a mujeres y parejas a utilizar Billings con \u00e9xito para lograr o evitar el embarazo. La formaci\u00f3n de Profesores certificados hace que esto sea posible. Sus generosas donaciones nos permiten seguir ofreciendo formaci\u00f3n a bajo coste, desarrollar nuevos programas y mejorar nuestra plataforma tecnol\u00f3gica para garantizar el acceso al mayor n\u00famero posible de mujeres. Ay\u00fadenos a difundir la conciencia sobre la fertilidad.<\/p>\t\t\t\t\t\t\t\t<\/div>\n\t\t\t\t<\/div>\n\t\t\t\t<div class=\"elementor-element elementor-element-74ce901 elementor-widget elementor-widget-heading\" data-id=\"74ce901\" data-element_type=\"widget\" data-e-type=\"widget\" data-widget_type=\"heading.default\">\n\t\t\t\t<div class=\"elementor-widget-container\">\n\t\t\t\t\t<h2 class=\"elementor-heading-title elementor-size-default\">Formulario de afiliaci\u00f3n a BOMA-USA\n<\/h2>\t\t\t\t<\/div>\n\t\t\t\t<\/div>\n\t\t\t\t<div class=\"elementor-element elementor-element-188db2e elementor-widget-divider--view-line elementor-widget elementor-widget-divider\" data-id=\"188db2e\" data-element_type=\"widget\" data-e-type=\"widget\" data-widget_type=\"divider.default\">\n\t\t\t\t<div class=\"elementor-widget-container\">\n\t\t\t\t\t\t\t<div class=\"elementor-divider\">\n\t\t\t<span class=\"elementor-divider-separator\">\n\t\t\t\t\t\t<\/span>\n\t\t<\/div>\n\t\t\t\t\t\t<\/div>\n\t\t\t\t<\/div>\n\t\t\t\t<div class=\"elementor-element elementor-element-0f780f9 elementor-widget elementor-widget-wppb-register\" data-id=\"0f780f9\" data-element_type=\"widget\" data-e-type=\"widget\" data-widget_type=\"wppb-register.default\">\n\t\t\t\t<div class=\"elementor-widget-container\">\n\t\t\t\t\t<div class=\"wppb-register-form-widget\">        <form enctype=\"multipart\/form-data\" method=\"post\" id=\"wppb-register-user\" class=\"wppb-user-forms wppb-register-user wppb-user-logged-out\" action=\"https:\/\/boma-usa.org\/es\/wp-json\/wp\/v2\/pages\/5038\" data-trp-original-action=\"https:\/\/boma-usa.org\/es\/wp-json\/wp\/v2\/pages\/5038\">\n\t\t\t<ul><li class=\"wppb-form-field wppb-default-name-heading\" id=\"wppb-form-element-1\"><h4>Nombre<\/h4><span class=\"wppb-description-delimiter\"><\/span><\/li><li class=\"wppb-form-field wppb-default-username\" id=\"wppb-form-element-2\">\n\t\t\t<label for=\"username\">Nombre de usuario<span class=\"wppb-required\" title=\"Este campo es obligatorio\">*<\/span><\/label>\n\t\t\t<input class=\"text-input default_field_username\" name=\"username\" maxlength=\"70\" type=\"text\" id=\"username\" value=\"\"  \/><\/li><li class=\"wppb-form-field wppb-default-first-name\" id=\"wppb-form-element-3\">\n\t\t\t<label for=\"first_name\">Nombre<span class=\"wppb-required\" title=\"Este campo es obligatorio\">*<\/span><\/label>\n\t\t\t<input class=\"text-input default_field_firstname\" name=\"first_name\" maxlength=\"70\" type=\"text\" id=\"first_name\" value=\"\"  \/><\/li><li class=\"wppb-form-field wppb-default-last-name\" id=\"wppb-form-element-4\">\n\t\t\t<label for=\"last_name\">Apellido<span class=\"wppb-required\" title=\"Este campo es obligatorio\">*<\/span><\/label>\n\t\t\t<input class=\"text-input default_field_lastname\" name=\"last_name\" maxlength=\"70\" type=\"text\" id=\"last_name\" value=\"\" \/><\/li><li class=\"wppb-form-field wppb-input\" id=\"wppb-form-element-22\">\n\t\t\t\t<label for=\"custom_field_8\">Organizaci\u00f3n<\/label>\n\t\t\t\t<input class=\"extra_field_input\" name=\"custom_field_8\" maxlength=\"250\" type=\"text\" id=\"custom_field_8\" value=\"\" \/><\/li><li class=\"wppb-form-field wppb-default-e-mail\" id=\"wppb-form-element-8\">\n\t\t\t<label for=\"email\">Correo electr\u00f3nico<span class=\"wppb-required\" title=\"Este campo es obligatorio\">*<\/span><\/label>\n\t\t\t<input class=\"text-input default_field_email\" name=\"email\" maxlength=\"70\" type=\"email\" id=\"email\" value=\"\"   \/><\/li><li class=\"wppb-form-field wppb-default-password\" id=\"wppb-form-element-12\">\n\t\t\t<label for=\"passw1\">Contrase\u00f1a<span class=\"wppb-required\" title=\"Este campo es obligatorio\">*<\/span><\/label>\n            <span class=\"wppb-password-field-container\">\n\t\t\t    <input class=\"text-input\" name=\"passw1\" maxlength=\"70\" type=\"password\" id=\"passw1\" value=\"\" autocomplete=\"off\" \/>\n\t\t\t     <!-- add the HTML for the visibility toggle -->\n\t\t\t<\/span><span class=\"wppb-description-delimiter\">Longitud m\u00ednima de 10 caracteres. <br>La contrase\u00f1a debe tener una fuerza m\u00ednima de Strong<\/span><span id=\"pass-strength-result\">Indicador de resistencia<\/span>\n        <input type=\"hidden\" value=\"\" name=\"wppb_password_strength\" id=\"wppb_password_strength\"\/><\/li><li class=\"wppb-form-field wppb-default-repeat-password\" id=\"wppb-form-element-13\">\n\t\t\t<label for=\"passw2\">Repetir contrase\u00f1a<span class=\"wppb-required\" title=\"Este campo es obligatorio\">*<\/span><\/label>\n\t\t\t<span class=\"wppb-password-field-container\">\n\t\t\t    <input class=\"text-input\" name=\"passw2\" maxlength=\"70\" type=\"password\" id=\"passw2\" value=\"\" autocomplete=\"off\" \/>\n\t\t\t     <!-- add the HTML for the visibility toggle -->\n\t\t\t<\/span><\/li><li class=\"wppb-form-field wppb-default-contact-info-heading\" id=\"wppb-form-element-7\"><h4>Informaci\u00f3n de facturaci\u00f3n<\/h4><span class=\"wppb-description-delimiter\"><\/span><\/li><li class=\"wppb-form-field wppb-phone\" id=\"wppb-form-element-15\">\n\t\t\t\t<label for=\"custom_field_1\">Tel\u00e9fono m\u00f3vil<span class=\"wppb-required\" title=\"Este campo es obligatorio\">*<\/span><\/label>\n\t\t\t\t<input data-phone-format=\"{&quot;phone_data&quot;:[&quot;(&quot;,&quot;#&quot;,&quot;#&quot;,&quot;#&quot;,&quot;)&quot;,&quot; &quot;,&quot;#&quot;,&quot;#&quot;,&quot;#&quot;,&quot;-&quot;,&quot;#&quot;,&quot;#&quot;,&quot;#&quot;,&quot;#&quot;]}\" class=\"extra_field_phone\" name=\"custom_field_1\" maxlength=\"70\" type=\"text\" id=\"custom_field_1\" value=\"\" \/><span class=\"wppb-description-delimiter\">Formato obligatorio del n\u00famero de tel\u00e9fono: (###) ###-#####)<br><\/span><\/li><li class=\"wppb-form-field wppb-input\" id=\"wppb-form-element-17\">\n\t\t\t\t<label for=\"custom_field_3\">Direcci\u00f3n<span class=\"wppb-required\" title=\"Este campo es obligatorio\">*<\/span><\/label>\n\t\t\t\t<input class=\"extra_field_input\" name=\"custom_field_3\" maxlength=\"250\" type=\"text\" id=\"custom_field_3\" value=\"\" \/><\/li><li class=\"wppb-form-field wppb-input\" id=\"wppb-form-element-18\">\n\t\t\t\t<label for=\"custom_field_4\">Ciudad<span class=\"wppb-required\" title=\"Este campo es obligatorio\">*<\/span><\/label>\n\t\t\t\t<input class=\"extra_field_input\" name=\"custom_field_4\" maxlength=\"250\" type=\"text\" id=\"custom_field_4\" value=\"\" \/><\/li><li class=\"wppb-form-field wppb-input\" id=\"wppb-form-element-19\">\n\t\t\t\t<label for=\"custom_field_5\">Estado<span class=\"wppb-required\" title=\"Este campo es obligatorio\">*<\/span><\/label>\n\t\t\t\t<input class=\"extra_field_input\" name=\"custom_field_5\" maxlength=\"250\" type=\"text\" id=\"custom_field_5\" value=\"\" \/><\/li><li class=\"wppb-form-field wppb-input\" id=\"wppb-form-element-20\">\n\t\t\t\t<label for=\"custom_field_6\">C\u00f3digo postal<span class=\"wppb-required\" title=\"Este campo es obligatorio\">*<\/span><\/label>\n\t\t\t\t<input class=\"extra_field_input\" name=\"custom_field_6\" maxlength=\"250\" type=\"text\" id=\"custom_field_6\" value=\"\" \/><\/li><li class=\"wppb-form-field wppb-checkbox\" id=\"wppb-form-element-21\">\n\t\t\t\t<label for=\"custom_field_7\">H\u00e1blenos de usted. <br> (Marque todo lo que corresponda.)<\/label><ul class=\"wppb-checkboxes\"><li class=\"wppb-hidden\"><input type=\"hidden\" value=\"\" name=\"custom_field_7\"><\/li><li><input value=\"Option 1\" class=\"custom_field_checkbox\" name=\"custom_field_7[]\" id=\"option-1_21\" type=\"checkbox\"   \/><label for=\"option-1_21\" class=\"wppb-rc-value\">Soy profesor o becario de Billings<\/label><\/li><li><input value=\"Option 2\" class=\"custom_field_checkbox\" name=\"custom_field_7[]\" id=\"option-2_21\" type=\"checkbox\"   \/><label for=\"option-2_21\" class=\"wppb-rc-value\">Soy embajador<\/label><\/li><li><input value=\"Option 3\" class=\"custom_field_checkbox\" name=\"custom_field_7[]\" id=\"option-3_21\" type=\"checkbox\"   \/><label for=\"option-3_21\" class=\"wppb-rc-value\">Soy un profesor jubilado de Billings que quiere seguir en contacto<\/label><\/li><li><input value=\"Option 4\" class=\"custom_field_checkbox\" name=\"custom_field_7[]\" id=\"option-4_21\" type=\"checkbox\"   \/><label for=\"option-4_21\" class=\"wppb-rc-value\">Ense\u00f1o otro m\u00e9todo de PFN<\/label><\/li><li><input value=\"Option 5\" class=\"custom_field_checkbox\" name=\"custom_field_7[]\" id=\"option-5_21\" type=\"checkbox\"   \/><label for=\"option-5_21\" class=\"wppb-rc-value\">Soy profesional sanitario (o estudiante sanitario)<\/label><\/li><li><input value=\"Option 6\" class=\"custom_field_checkbox\" name=\"custom_field_7[]\" id=\"option-6_21\" type=\"checkbox\"   \/><label for=\"option-6_21\" class=\"wppb-rc-value\">Soy miembro del clero<\/label><\/li><li><input value=\"Option 7\" class=\"custom_field_checkbox\" name=\"custom_field_7[]\" id=\"option-7_21\" type=\"checkbox\"   \/><label for=\"option-7_21\" class=\"wppb-rc-value\">Soy amigo de BOMA-USA<\/label><\/li><li><input value=\"Option 8\" class=\"custom_field_checkbox\" name=\"custom_field_7[]\" id=\"option-8_21\" type=\"checkbox\"   \/><label for=\"option-8_21\" class=\"wppb-rc-value\">No me dedico a la ense\u00f1anza de la PFN<\/label><\/li><\/ul><\/li><li class=\"wppb-1website-url\" id=\"wppb-form-element-24\">\n            <label for=\"1_website_url1\" style=\"position: absolute; left: -9999px;\">Honeypot<\/label>\n            <input class=\"\" name=\"1_website_url1\" maxlength=\"250\" type=\"text\" id=\"1_website_url\" tabindex=\"-1\" autocomplete=\"nope\" style=\"position: absolute; left: -9999px;\" value=\"\" \/><\/li><li class=\"wppb-form-field wppb-recaptcha wppb-recaptcha-v2\" id=\"wppb-form-element-23\"><label for=\"recaptcha_response_field\">Captcha<span class=\"wppb-required\" title=\"Este campo es obligatorio\">*<\/span><\/label><div id=\"wppb-recaptcha-element-pb_register1\" class=\"wppb-recaptcha-element\"><\/div><\/li><li class=\"wppb-form-field wppb-subscription-plans\" id=\"wppb-form-element-14\"><h4>Afiliaciones<\/h4><div class=\"pms-subscription-plan pms-subscription-plan-5588\"><label><input type=\"radio\" name=\"subscription_plans\" data-price=\"125\" data-duration=\"1\" data-fixed_membership=\"\" data-allow_renew=\"\" data-sign_up_fee=\"0\" data-trial=\"0\" data-recurring=\"1\"  value=\"5588\"  checked='checked'data-default-selected=\"true\" \/><span class=\"pms-subscription-plan-name\">Miembro Premium<\/span><span class=\"pms-subscription-plan-price\"><span class=\"pms-divider\"> - <\/span><span class=\"pms-subscription-plan-currency\">&#36;<\/span><span class=\"pms-subscription-plan-price-value\">125.00<\/span><span class=\"pms-divider pms-duration-divider\"> \/ <\/span><span class=\"pms-subscription-plan-duration\">1 a\u00f1o<\/span><\/span><span class=\"pms-subscription-plan-trial\"><\/span><span class=\"pms-subscription-plan-sign-up-fee\"><\/span><\/label><div class=\"pms-subscription-plan-description\">Todos los beneficios de un Miembro Est\u00e1ndar, m\u00e1s acceso a webinars pasados y otras grabaciones de plataformas de aprendizaje en l\u00ednea. Recibir\u00e1s referencias de clientes potenciales y tambi\u00e9n tu propia direcci\u00f3n de correo electr\u00f3nico personalizada de BOMA-USA. Tendr\u00e1s acceso gratuito a todos los webinars grabados. Participa plenamente y obt\u00e9n el m\u00e1ximo valor de tu membres\u00eda.<\/div><\/div><div class=\"pms-subscription-plan pms-subscription-plan-5589\"><label><input type=\"radio\" name=\"subscription_plans\" data-price=\"75\" data-duration=\"1\" data-fixed_membership=\"\" data-allow_renew=\"\" data-sign_up_fee=\"0\" data-trial=\"0\" data-recurring=\"1\"  value=\"5589\" data-default-checked=\"false\" \/><span class=\"pms-subscription-plan-name\">Miembro est\u00e1ndar<\/span><span class=\"pms-subscription-plan-price\"><span class=\"pms-divider\"> - <\/span><span class=\"pms-subscription-plan-currency\">&#36;<\/span><span class=\"pms-subscription-plan-price-value\">75.00<\/span><span class=\"pms-divider pms-duration-divider\"> \/ <\/span><span class=\"pms-subscription-plan-duration\">1 a\u00f1o<\/span><\/span><span class=\"pms-subscription-plan-trial\"><\/span><span class=\"pms-subscription-plan-sign-up-fee\"><\/span><\/label><div class=\"pms-subscription-plan-description\">Afiliaci\u00f3n est\u00e1ndar a BOMA-USA. El coste anual es de $75 y se renovar\u00e1 autom\u00e1ticamente cada a\u00f1o. Recibir\u00e1s un login personal en nuestra web, participaci\u00f3n gratuita en la hora de confraternidad, acceso gratuito a los webinars y descuentos s\u00f3lo disponibles para nuestros miembros. Adem\u00e1s, recibir\u00e1 sus enlaces de afiliaci\u00f3n personalizados que podr\u00e1 utilizar en sus propios env\u00edos y recibir\u00e1 bonificaciones de reconocimiento cuando promocione nuestra conferencia. <\/div><\/div><div class=\"pms-subscription-plan-auto-renew\"><label><input name=\"pms_recurring\" type=\"checkbox\" value=\"1\"  \/>Renovar autom\u00e1ticamente la suscripci\u00f3n<\/label><\/div><input type=\"hidden\" name=\"pms_default_recurring\" value=\"2\" \/><p class=\"pms-email-confirmation-payment-message wppb-success\">Podr\u00e1 completar el pago una vez que haya confirmado su direcci\u00f3n de correo electr\u00f3nico.<\/p><\/li><span id=\"pms-submit-button-loading-placeholder-text\" style=\"display: none;\">Procesando. Por favor, espere...<\/span><\/ul><ul><\/ul>\t\t\t<p class=\"form-submit\"  >\n\t\t\t\t                \t\t\t\t<input name=\"register\" type=\"submit\" id=\"register\" class=\"submit button\" value=\"Reg\u00edstrese en\" \/>\n                <input name=\"redirect_to\" type=\"hidden\" value=\"\" \/>\n                \t\t\t\t<input name=\"action\" type=\"hidden\" id=\"action\" value=\"register\" \/>\n\t\t\t\t<input name=\"form_name\" type=\"hidden\" id=\"form_name\" value=\"unspecified\" \/>\n\t\t\t\t<input name=\"form_id\" type=\"hidden\" id=\"form_id\" value=\"\" \/>\n\t\t\t\t\t\t\t<\/p><!-- .form-submit -->\n\t\t\t<input type=\"hidden\" id=\"register_unspecified_nonce_field\" name=\"register_unspecified_nonce_field\" value=\"c31faa8b70\" \/><input type=\"hidden\" name=\"_wp_http_referer\" value=\"\/es\/wp-json\/wp\/v2\/pages\/5038\" \/>\t\t<input type=\"hidden\" name=\"trp-form-language\" value=\"es\"\/><\/form>\n\t\t<\/div>\t\t\t\t<\/div>\n\t\t\t\t<\/div>\n\t\t\t\t\t<\/div>\n\t\t<\/div>\n\t\t\t\t\t<\/div>\n\t\t<\/section>\n\t\t\t\t<\/div>","protected":false},"excerpt":{"rendered":"<p>Formulario de Membres\u00eda Este formulario debe ser llenado por cada membres\u00eda pagada.(Por ejemplo: Si usted es una pareja casada, debe llenar dos formularios.) BOMA-USA est\u00e1 comprometida a proveer la atenci\u00f3n m\u00e1s sencilla y personalizada en educaci\u00f3n sobre fertilidad. Ay\u00fadenos a continuar nuestro legado de ayudar a mujeres y parejas a utilizar con \u00e9xito Billings para lograr o evitar [...]<\/p>","protected":false},"author":197,"featured_media":0,"parent":0,"menu_order":0,"comment_status":"closed","ping_status":"closed","template":"","meta":{"_acf_changed":false,"footnotes":""},"class_list":["post-5038","page","type-page","status-publish","hentry"],"acf":[],"_links":{"self":[{"href":"https:\/\/boma-usa.org\/es\/wp-json\/wp\/v2\/pages\/5038","targetHints":{"allow":["GET"]}}],"collection":[{"href":"https:\/\/boma-usa.org\/es\/wp-json\/wp\/v2\/pages"}],"about":[{"href":"https:\/\/boma-usa.org\/es\/wp-json\/wp\/v2\/types\/page"}],"author":[{"embeddable":true,"href":"https:\/\/boma-usa.org\/es\/wp-json\/wp\/v2\/users\/197"}],"replies":[{"embeddable":true,"href":"https:\/\/boma-usa.org\/es\/wp-json\/wp\/v2\/comments?post=5038"}],"version-history":[{"count":0,"href":"https:\/\/boma-usa.org\/es\/wp-json\/wp\/v2\/pages\/5038\/revisions"}],"wp:attachment":[{"href":"https:\/\/boma-usa.org\/es\/wp-json\/wp\/v2\/media?parent=5038"}],"curies":[{"name":"wp","href":"https:\/\/api.w.org\/{rel}","templated":true}]}}