{"id":2149,"date":"2022-09-04T10:43:06","date_gmt":"2022-09-04T16:43:06","guid":{"rendered":"https:\/\/live-power-tools-club.pantheonsite.io\/?page_id=2149"},"modified":"2022-09-05T11:16:47","modified_gmt":"2022-09-05T17:16:47","slug":"newsletter-opt-in","status":"publish","type":"page","link":"https:\/\/boma-usa.org\/es\/newsletter-opt-in\/","title":{"rendered":"Suscripci\u00f3n al bolet\u00edn de noticias"},"content":{"rendered":"<div data-elementor-type=\"wp-page\" data-elementor-id=\"2149\" class=\"elementor elementor-2149\" data-elementor-post-type=\"page\">\n\t\t\t\t\t\t<section class=\"elementor-section elementor-top-section elementor-element elementor-element-8a6b7be elementor-section-boxed elementor-section-height-default elementor-section-height-default\" data-id=\"8a6b7be\" data-element_type=\"section\" data-e-type=\"section\" data-settings=\"{&quot;jet_parallax_layout_list&quot;:[]}\">\n\t\t\t\t\t\t<div class=\"elementor-container elementor-column-gap-default\">\n\t\t\t\t\t<div class=\"elementor-column elementor-col-100 elementor-top-column elementor-element elementor-element-a755656\" data-id=\"a755656\" data-element_type=\"column\" data-e-type=\"column\">\n\t\t\t<div class=\"elementor-widget-wrap elementor-element-populated\">\n\t\t\t\t\t\t<section class=\"elementor-section elementor-inner-section elementor-element elementor-element-ac4a520 elementor-section-boxed elementor-section-height-default elementor-section-height-default\" data-id=\"ac4a520\" data-element_type=\"section\" data-e-type=\"section\" data-settings=\"{&quot;jet_parallax_layout_list&quot;:[]}\">\n\t\t\t\t\t\t<div class=\"elementor-container elementor-column-gap-default\">\n\t\t\t\t\t<div class=\"elementor-column elementor-col-100 elementor-inner-column elementor-element elementor-element-1ba3c97\" data-id=\"1ba3c97\" data-element_type=\"column\" data-e-type=\"column\">\n\t\t\t<div class=\"elementor-widget-wrap elementor-element-populated\">\n\t\t\t\t\t\t<div class=\"elementor-element elementor-element-8b27b19 elementor-widget elementor-widget-text-editor\" data-id=\"8b27b19\" data-element_type=\"widget\" data-e-type=\"widget\" data-widget_type=\"text-editor.default\">\n\t\t\t\t<div class=\"elementor-widget-container\">\n\t\t\t\t\t\t\t\t\t<p>IMPORTANTE<\/p>\t\t\t\t\t\t\t\t<\/div>\n\t\t\t\t<\/div>\n\t\t\t\t<div class=\"elementor-element elementor-element-4bb26f9 elementor-widget elementor-widget-text-editor\" data-id=\"4bb26f9\" data-element_type=\"widget\" data-e-type=\"widget\" data-widget_type=\"text-editor.default\">\n\t\t\t\t<div class=\"elementor-widget-container\">\n\t\t\t\t\t\t\t\t\t<p>Se requiere un \u00faltimo paso antes de que podamos completar su suscripci\u00f3n a nuestro bolet\u00edn.<\/p><p><strong>Compruebe la bandeja de entrada de su correo electr\u00f3nico.<\/strong><\/p><p>Utilizamos Mailchimp, y acabamos de enviarle un correo electr\u00f3nico para confirmar su Opt-In para recibir nuestros correos regulares.<\/p><p>Abra este correo electr\u00f3nico, haga clic en el enlace y confirme su solicitud de suscripci\u00f3n.\u00a0<\/p><p><strong>Gracias.<\/strong><\/p><p>Si no ha recibido este enlace de correo electr\u00f3nico de Mailchimp, p\u00f3ngase en contacto con nosotros en <a href=\"mailto:boma@boma-usa.org\">boma@boma-usa.org<\/a>\u00a0<\/p>\t\t\t\t\t\t\t\t<\/div>\n\t\t\t\t<\/div>\n\t\t\t\t<div class=\"elementor-element elementor-element-f46354f elementor-widget elementor-widget-spacer\" data-id=\"f46354f\" data-element_type=\"widget\" data-e-type=\"widget\" data-widget_type=\"spacer.default\">\n\t\t\t\t<div class=\"elementor-widget-container\">\n\t\t\t\t\t\t\t<div class=\"elementor-spacer\">\n\t\t\t<div class=\"elementor-spacer-inner\"><\/div>\n\t\t<\/div>\n\t\t\t\t\t\t<\/div>\n\t\t\t\t<\/div>\n\t\t\t\t\t<\/div>\n\t\t<\/div>\n\t\t\t\t\t<\/div>\n\t\t<\/section>\n\t\t\t\t\t<\/div>\n\t\t<\/div>\n\t\t\t\t\t<\/div>\n\t\t<\/section>\n\t\t\t\t<\/div>","protected":false},"excerpt":{"rendered":"<p>IMPORTANTE Un \u00faltimo paso es necesario antes de que podamos completar su suscripci\u00f3n a nuestro bolet\u00edn de noticias. Compruebe su bandeja de entrada de correo electr\u00f3nico. Utilizamos Mailchimp, y acabamos de enviarle un correo electr\u00f3nico para confirmar su Opt-In para recibir nuestros env\u00edos regulares. Por favor, abra este correo electr\u00f3nico, haga clic en el enlace y confirme su solicitud de suscripci\u00f3n.  Gracias. Si [...]<\/p>","protected":false},"author":197,"featured_media":0,"parent":0,"menu_order":0,"comment_status":"closed","ping_status":"closed","template":"","meta":{"_acf_changed":false,"footnotes":""},"class_list":["post-2149","page","type-page","status-publish","hentry"],"acf":[],"_links":{"self":[{"href":"https:\/\/boma-usa.org\/es\/wp-json\/wp\/v2\/pages\/2149","targetHints":{"allow":["GET"]}}],"collection":[{"href":"https:\/\/boma-usa.org\/es\/wp-json\/wp\/v2\/pages"}],"about":[{"href":"https:\/\/boma-usa.org\/es\/wp-json\/wp\/v2\/types\/page"}],"author":[{"embeddable":true,"href":"https:\/\/boma-usa.org\/es\/wp-json\/wp\/v2\/users\/197"}],"replies":[{"embeddable":true,"href":"https:\/\/boma-usa.org\/es\/wp-json\/wp\/v2\/comments?post=2149"}],"version-history":[{"count":0,"href":"https:\/\/boma-usa.org\/es\/wp-json\/wp\/v2\/pages\/2149\/revisions"}],"wp:attachment":[{"href":"https:\/\/boma-usa.org\/es\/wp-json\/wp\/v2\/media?parent=2149"}],"curies":[{"name":"wp","href":"https:\/\/api.w.org\/{rel}","templated":true}]}}