{"id":21151,"date":"2024-04-04T10:07:48","date_gmt":"2024-04-04T16:07:48","guid":{"rendered":"https:\/\/boma-usa.org\/?page_id=21151"},"modified":"2024-04-14T09:26:03","modified_gmt":"2024-04-14T15:26:03","slug":"courses-male-fertility-bundle","status":"publish","type":"page","link":"https:\/\/boma-usa.org\/es\/courses-webinars-for-the-billings-ovulation-method-teacher\/courses-male-fertility-bundle\/","title":{"rendered":"Cursos - Paquete de fertilidad masculina"},"content":{"rendered":"<div data-elementor-type=\"wp-page\" data-elementor-id=\"21151\" class=\"elementor elementor-21151\" data-elementor-post-type=\"page\">\n\t\t\t\t\t\t<section class=\"elementor-section elementor-top-section elementor-element elementor-element-425bb40 elementor-section-boxed elementor-section-height-default elementor-section-height-default\" data-id=\"425bb40\" data-element_type=\"section\" data-e-type=\"section\" data-settings=\"{&quot;jet_parallax_layout_list&quot;:[],&quot;background_background&quot;:&quot;classic&quot;}\">\n\t\t\t\t\t\t<div class=\"elementor-container elementor-column-gap-default\">\n\t\t\t\t\t<div class=\"elementor-column elementor-col-100 elementor-top-column elementor-element elementor-element-eafb699\" data-id=\"eafb699\" data-element_type=\"column\" data-e-type=\"column\">\n\t\t\t<div class=\"elementor-widget-wrap elementor-element-populated\">\n\t\t\t\t\t\t\t<\/div>\n\t\t<\/div>\n\t\t\t\t\t<\/div>\n\t\t<\/section>\n\t\t\t\t<section class=\"elementor-section elementor-top-section elementor-element elementor-element-dc6b064 elementor-section-full_width elementor-section-height-default elementor-section-height-default\" data-id=\"dc6b064\" data-element_type=\"section\" data-e-type=\"section\" data-settings=\"{&quot;jet_parallax_layout_list&quot;:[]}\">\n\t\t\t\t\t\t<div class=\"elementor-container elementor-column-gap-default\">\n\t\t\t\t\t<div class=\"elementor-column elementor-col-100 elementor-top-column elementor-element elementor-element-69f8df2\" data-id=\"69f8df2\" data-element_type=\"column\" data-e-type=\"column\">\n\t\t\t<div class=\"elementor-widget-wrap elementor-element-populated\">\n\t\t\t\t\t\t<div class=\"elementor-element elementor-element-eae05ab eael-product-grid-column-4 elementor-widget elementor-widget-eicon-woocommerce\" data-id=\"eae05ab\" data-element_type=\"widget\" data-e-type=\"widget\" data-widget_type=\"eicon-woocommerce.default\">\n\t\t\t\t<div class=\"elementor-widget-container\">\n\t\t\t\t\t\n        <div class=\"eael-product-grid eael-product-preset-5 grid\" id=\"eael-product-grid\" data-widget-id=\"eae05ab\" data-page-id=\"21151\" data-nonce=\"44ef17197e\" >\n            <div class=\"woocommerce\">\n                <ul class=\"products eael-post-appender eael-post-appender-eae05ab\" data-ssi-desktop=\"no\" data-ssi-tablet=\"no\" data-ssi-mobile=\"no\" data-layout-mode=\"grid\">    <li class=\"product  post-21373 type-product status-publish has-post-thumbnail product_cat-bundles product_cat-male-fertility-bundle first instock sale virtual sold-individually purchasable product-type-course\">\n                <div class=\"eael-product-wrap\" data-src=\"\" data-src-hover=\"\">\n            <div class=\"product-image-wrap\">\n                <div class=\"image-wrap\">\n                    <span class=\"eael-onsale sale-preset-1\">\u00a1Oferta!<\/span><a href=\"https:\/\/boma-usa.org\/es\/producto\/male-fertility-bundle\/\" class=\"woocommerce-LoopProduct-link woocommerce-loop-product__link\"><img fetchpriority=\"high\" decoding=\"async\" width=\"300\" height=\"204\" src=\"https:\/\/boma-usa.org\/wp-content\/uploads\/2024\/04\/MaleFertilityBundle-300x204.png\" class=\"attachment-medium size-medium\" alt=\"*Male Fertility Bundle\" loading=\"eager\" srcset=\"https:\/\/boma-usa.org\/wp-content\/uploads\/2024\/04\/MaleFertilityBundle-300x204.png 300w, https:\/\/boma-usa.org\/wp-content\/uploads\/2024\/04\/MaleFertilityBundle-1024x697.png 1024w, https:\/\/boma-usa.org\/wp-content\/uploads\/2024\/04\/MaleFertilityBundle-768x522.png 768w, https:\/\/boma-usa.org\/wp-content\/uploads\/2024\/04\/MaleFertilityBundle-1536x1045.png 1536w, https:\/\/boma-usa.org\/wp-content\/uploads\/2024\/04\/MaleFertilityBundle-18x12.png 18w, https:\/\/boma-usa.org\/wp-content\/uploads\/2024\/04\/MaleFertilityBundle-600x408.png 600w, https:\/\/boma-usa.org\/wp-content\/uploads\/2024\/04\/MaleFertilityBundle.png 1920w\" sizes=\"(max-width: 300px) 100vw, 300px\" \/><\/a>                <\/div>\n                <div class=\"image-hover-wrap\">\n                    <ul class=\"icons-wrap block-style\">\n                                                    <li class=\"eael-product-quick-view\">\n                                <a id=\"eael_quick_view_69d257608563c\" data-quickview-setting=\"{&quot;widget_id&quot;:&quot;eae05ab&quot;,&quot;product_id&quot;:21373,&quot;page_id&quot;:21151}\"\n                                    class=\"eael-product-grid-open-popup open-popup-link\">\n                                    <i class=\"fas fa-eye\"><\/i>\n                                <\/a>\n                            <\/li>\n                                                                                                <li class=\"view-details\"><a href=\"https:\/\/boma-usa.org\/es\/producto\/male-fertility-bundle\/\"><i class=\"fas fa-link\"><\/i><\/a><\/li>\n                        <li class=\"add-to-cart\"><a href=\"\/es\/wp-json\/wp\/v2\/pages\/21151?add-to-cart=21373\" aria-describedby=\"woocommerce_loop_add_to_cart_link_describedby_21373\" data-quantity=\"1\" class=\"button product_type_course add_to_cart_button ajax_add_to_cart\" data-product_id=\"21373\" data-product_sku=\"\" aria-label=\"M\u00e1s informaci\u00f3n sobre &quot;*Male Fertility Bundle\" rel=\"nofollow\" role=\"button\" data-no-translation-aria-label=\"\">A\u00f1adir a la cesta<\/a>\t<span id=\"woocommerce_loop_add_to_cart_link_describedby_21373\" class=\"screen-reader-text\">\n\t\t\t<\/span>\n<\/li>\n                    <\/ul>\n                <\/div>\n            <\/div>\n            <div class=\"product-details-wrap\">\n                                <div class=\"eael-product-title\">\n                    <a href=\"https:\/\/boma-usa.org\/es\/producto\/male-fertility-bundle\/\" class=\"woocommerce-LoopProduct-link woocommerce-loop-product__link\"><h2>*Male Fertility Bundle<\/h2><\/a>                                    <\/div>\n                <div class=\"eael-product-price\"><del aria-hidden=\"true\"><span class=\"woocommerce-Price-amount amount\"><bdi><span class=\"woocommerce-Price-currencySymbol\">&#36;<\/span>75.00<\/bdi><\/span><\/del> <span class=\"screen-reader-text\" data-no-translation=\"\" data-trp-gettext=\"\">El precio original era: &#036;75.00.<\/span><ins aria-hidden=\"true\"><span class=\"woocommerce-Price-amount amount\"><bdi><span class=\"woocommerce-Price-currencySymbol\">&#36;<\/span>50.00<\/bdi><\/span><\/ins><span class=\"screen-reader-text\" data-no-translation=\"\" data-trp-gettext=\"\">El precio actual es: &#036;50.00.<\/span><\/div>            <\/div>\n        <\/div>\n            <\/li>\n        <li class=\"product  post-20869 type-product status-publish has-post-thumbnail product_cat-male-fertility-bundle product_cat-webinars-for-the-billings-ovulation-method-teacher instock virtual sold-individually purchasable product-type-course\">\n                <div class=\"eael-product-wrap\" data-src=\"\" data-src-hover=\"\">\n            <div class=\"product-image-wrap\">\n                <div class=\"image-wrap\">\n                    <a href=\"https:\/\/boma-usa.org\/es\/producto\/the-male-factor\/\" class=\"woocommerce-LoopProduct-link woocommerce-loop-product__link\"><img decoding=\"async\" width=\"300\" height=\"169\" src=\"https:\/\/boma-usa.org\/wp-content\/uploads\/2023\/12\/BOMA_AdditionalResources-TheMaleFactor-300x169.png\" class=\"attachment-medium size-medium\" alt=\"2.04 The Male Factor\" loading=\"eager\" srcset=\"https:\/\/boma-usa.org\/wp-content\/uploads\/2023\/12\/BOMA_AdditionalResources-TheMaleFactor-300x169.png 300w, https:\/\/boma-usa.org\/wp-content\/uploads\/2023\/12\/BOMA_AdditionalResources-TheMaleFactor-1024x576.png 1024w, https:\/\/boma-usa.org\/wp-content\/uploads\/2023\/12\/BOMA_AdditionalResources-TheMaleFactor-768x432.png 768w, https:\/\/boma-usa.org\/wp-content\/uploads\/2023\/12\/BOMA_AdditionalResources-TheMaleFactor-1536x864.png 1536w, https:\/\/boma-usa.org\/wp-content\/uploads\/2023\/12\/BOMA_AdditionalResources-TheMaleFactor-18x10.png 18w, https:\/\/boma-usa.org\/wp-content\/uploads\/2023\/12\/BOMA_AdditionalResources-TheMaleFactor-600x338.png 600w, https:\/\/boma-usa.org\/wp-content\/uploads\/2023\/12\/BOMA_AdditionalResources-TheMaleFactor.png 1920w\" sizes=\"(max-width: 300px) 100vw, 300px\" \/><\/a>                <\/div>\n                <div class=\"image-hover-wrap\">\n                    <ul class=\"icons-wrap block-style\">\n                                                    <li class=\"eael-product-quick-view\">\n                                <a id=\"eael_quick_view_69d2576089cdf\" data-quickview-setting=\"{&quot;widget_id&quot;:&quot;eae05ab&quot;,&quot;product_id&quot;:20869,&quot;page_id&quot;:21151}\"\n                                    class=\"eael-product-grid-open-popup open-popup-link\">\n                                    <i class=\"fas fa-eye\"><\/i>\n                                <\/a>\n                            <\/li>\n                                                                                                <li class=\"view-details\"><a href=\"https:\/\/boma-usa.org\/es\/producto\/the-male-factor\/\"><i class=\"fas fa-link\"><\/i><\/a><\/li>\n                        <li class=\"add-to-cart\"><a href=\"\/es\/wp-json\/wp\/v2\/pages\/21151?add-to-cart=20869\" aria-describedby=\"woocommerce_loop_add_to_cart_link_describedby_20869\" data-quantity=\"1\" class=\"button product_type_course add_to_cart_button ajax_add_to_cart\" data-product_id=\"20869\" data-product_sku=\"\" aria-label=\"M\u00e1s informaci\u00f3n sobre &quot;2.04 The Male Factor\" rel=\"nofollow\" role=\"button\" data-no-translation-aria-label=\"\">A\u00f1adir a la cesta<\/a>\t<span id=\"woocommerce_loop_add_to_cart_link_describedby_20869\" class=\"screen-reader-text\">\n\t\t\t<\/span>\n<\/li>\n                    <\/ul>\n                <\/div>\n            <\/div>\n            <div class=\"product-details-wrap\">\n                                <div class=\"eael-product-title\">\n                    <a href=\"https:\/\/boma-usa.org\/es\/producto\/the-male-factor\/\" class=\"woocommerce-LoopProduct-link woocommerce-loop-product__link\"><h2>2.04 El factor masculino<\/h2><\/a>                                    <\/div>\n                <div class=\"eael-product-price\"><span class=\"woocommerce-Price-amount amount\"><bdi><span class=\"woocommerce-Price-currencySymbol\">&#36;<\/span>25.00<\/bdi><\/span><\/div>            <\/div>\n        <\/div>\n            <\/li>\n        <li class=\"product  post-20886 type-product status-publish has-post-thumbnail product_cat-health-professional-series product_cat-male-fertility-bundle instock virtual sold-individually purchasable product-type-course\">\n                <div class=\"eael-product-wrap\" data-src=\"\" data-src-hover=\"\">\n            <div class=\"product-image-wrap\">\n                <div class=\"image-wrap\">\n                    <a href=\"https:\/\/boma-usa.org\/es\/producto\/male-infertility-workup-a-proactive-approach\/\" class=\"woocommerce-LoopProduct-link woocommerce-loop-product__link\"><img decoding=\"async\" width=\"300\" height=\"200\" src=\"https:\/\/boma-usa.org\/wp-content\/uploads\/2024\/01\/owen-300x200.png\" class=\"attachment-medium size-medium\" alt=\"3.08 Male Infertility Workup, a Proactive Approach\" loading=\"eager\" srcset=\"https:\/\/boma-usa.org\/wp-content\/uploads\/2024\/01\/owen-300x200.png 300w, https:\/\/boma-usa.org\/wp-content\/uploads\/2024\/01\/owen-1024x682.png 1024w, https:\/\/boma-usa.org\/wp-content\/uploads\/2024\/01\/owen-768x512.png 768w, https:\/\/boma-usa.org\/wp-content\/uploads\/2024\/01\/owen-1536x1023.png 1536w, https:\/\/boma-usa.org\/wp-content\/uploads\/2024\/01\/owen-18x12.png 18w, https:\/\/boma-usa.org\/wp-content\/uploads\/2024\/01\/owen-600x400.png 600w, https:\/\/boma-usa.org\/wp-content\/uploads\/2024\/01\/owen.png 1834w\" sizes=\"(max-width: 300px) 100vw, 300px\" \/><\/a>                <\/div>\n                <div class=\"image-hover-wrap\">\n                    <ul class=\"icons-wrap block-style\">\n                                                    <li class=\"eael-product-quick-view\">\n                                <a id=\"eael_quick_view_69d257608dc48\" data-quickview-setting=\"{&quot;widget_id&quot;:&quot;eae05ab&quot;,&quot;product_id&quot;:20886,&quot;page_id&quot;:21151}\"\n                                    class=\"eael-product-grid-open-popup open-popup-link\">\n                                    <i class=\"fas fa-eye\"><\/i>\n                                <\/a>\n                            <\/li>\n                                                                                                <li class=\"view-details\"><a href=\"https:\/\/boma-usa.org\/es\/producto\/male-infertility-workup-a-proactive-approach\/\"><i class=\"fas fa-link\"><\/i><\/a><\/li>\n                        <li class=\"add-to-cart\"><a href=\"\/es\/wp-json\/wp\/v2\/pages\/21151?add-to-cart=20886\" aria-describedby=\"woocommerce_loop_add_to_cart_link_describedby_20886\" data-quantity=\"1\" class=\"button product_type_course add_to_cart_button ajax_add_to_cart\" data-product_id=\"20886\" data-product_sku=\"\" aria-label=\"M\u00e1s informaci\u00f3n sobre &quot;3.08 Male Infertility Workup, a Proactive Approach\" rel=\"nofollow\" role=\"button\" data-no-translation-aria-label=\"\">A\u00f1adir a la cesta<\/a>\t<span id=\"woocommerce_loop_add_to_cart_link_describedby_20886\" class=\"screen-reader-text\">\n\t\t\t<\/span>\n<\/li>\n                    <\/ul>\n                <\/div>\n            <\/div>\n            <div class=\"product-details-wrap\">\n                                <div class=\"eael-product-title\">\n                    <a href=\"https:\/\/boma-usa.org\/es\/producto\/male-infertility-workup-a-proactive-approach\/\" class=\"woocommerce-LoopProduct-link woocommerce-loop-product__link\"><h2>3.08 Evaluaci\u00f3n de la infertilidad masculina: un enfoque proactivo<\/h2><\/a>                                    <\/div>\n                <div class=\"eael-product-price\"><span class=\"woocommerce-Price-amount amount\"><bdi><span class=\"woocommerce-Price-currencySymbol\">&#36;<\/span>25.00<\/bdi><\/span><\/div>            <\/div>\n        <\/div>\n            <\/li>\n        <li class=\"product  post-20895 type-product status-publish has-post-thumbnail product_cat-health-professional-series product_cat-male-fertility-bundle last instock virtual sold-individually purchasable product-type-course\">\n                <div class=\"eael-product-wrap\" data-src=\"\" data-src-hover=\"\">\n            <div class=\"product-image-wrap\">\n                <div class=\"image-wrap\">\n                    <a href=\"https:\/\/boma-usa.org\/es\/producto\/the-use-and-significance-of-semen-analysis-for-restorative-reproductive-medicine\/\" class=\"woocommerce-LoopProduct-link woocommerce-loop-product__link\"><img decoding=\"async\" width=\"300\" height=\"169\" src=\"https:\/\/boma-usa.org\/wp-content\/uploads\/2023\/12\/CraigTurczynski_titleslide-300x169.png\" class=\"attachment-medium size-medium\" alt=\"3.17 The Use and Significance of Semen Analysis for Restorative Reproductive Medicine\" loading=\"eager\" srcset=\"https:\/\/boma-usa.org\/wp-content\/uploads\/2023\/12\/CraigTurczynski_titleslide-300x169.png 300w, https:\/\/boma-usa.org\/wp-content\/uploads\/2023\/12\/CraigTurczynski_titleslide-1024x576.png 1024w, https:\/\/boma-usa.org\/wp-content\/uploads\/2023\/12\/CraigTurczynski_titleslide-768x432.png 768w, https:\/\/boma-usa.org\/wp-content\/uploads\/2023\/12\/CraigTurczynski_titleslide-1536x864.png 1536w, https:\/\/boma-usa.org\/wp-content\/uploads\/2023\/12\/CraigTurczynski_titleslide-18x10.png 18w, https:\/\/boma-usa.org\/wp-content\/uploads\/2023\/12\/CraigTurczynski_titleslide-600x338.png 600w, https:\/\/boma-usa.org\/wp-content\/uploads\/2023\/12\/CraigTurczynski_titleslide.png 1920w\" sizes=\"(max-width: 300px) 100vw, 300px\" \/><\/a>                <\/div>\n                <div class=\"image-hover-wrap\">\n                    <ul class=\"icons-wrap block-style\">\n                                                    <li class=\"eael-product-quick-view\">\n                                <a id=\"eael_quick_view_69d2576091e3a\" data-quickview-setting=\"{&quot;widget_id&quot;:&quot;eae05ab&quot;,&quot;product_id&quot;:20895,&quot;page_id&quot;:21151}\"\n                                    class=\"eael-product-grid-open-popup open-popup-link\">\n                                    <i class=\"fas fa-eye\"><\/i>\n                                <\/a>\n                            <\/li>\n                                                                                                <li class=\"view-details\"><a href=\"https:\/\/boma-usa.org\/es\/producto\/the-use-and-significance-of-semen-analysis-for-restorative-reproductive-medicine\/\"><i class=\"fas fa-link\"><\/i><\/a><\/li>\n                        <li class=\"add-to-cart\"><a href=\"\/es\/wp-json\/wp\/v2\/pages\/21151?add-to-cart=20895\" aria-describedby=\"woocommerce_loop_add_to_cart_link_describedby_20895\" data-quantity=\"1\" class=\"button product_type_course add_to_cart_button ajax_add_to_cart\" data-product_id=\"20895\" data-product_sku=\"\" aria-label=\"M\u00e1s informaci\u00f3n sobre &quot;3.17 The Use and Significance of Semen Analysis for Restorative Reproductive Medicine\" rel=\"nofollow\" role=\"button\" data-no-translation-aria-label=\"\">A\u00f1adir a la cesta<\/a>\t<span id=\"woocommerce_loop_add_to_cart_link_describedby_20895\" class=\"screen-reader-text\">\n\t\t\t<\/span>\n<\/li>\n                    <\/ul>\n                <\/div>\n            <\/div>\n            <div class=\"product-details-wrap\">\n                                <div class=\"eael-product-title\">\n                    <a href=\"https:\/\/boma-usa.org\/es\/producto\/the-use-and-significance-of-semen-analysis-for-restorative-reproductive-medicine\/\" class=\"woocommerce-LoopProduct-link woocommerce-loop-product__link\"><h2>3.17 Utilizaci\u00f3n e importancia del an\u00e1lisis de semen en la medicina reproductiva reparadora<\/h2><\/a>                                    <\/div>\n                <div class=\"eael-product-price\"><span class=\"woocommerce-Price-amount amount\"><bdi><span class=\"woocommerce-Price-currencySymbol\">&#36;<\/span>25.00<\/bdi><\/span><\/div>            <\/div>\n        <\/div>\n            <\/li>\n    <\/ul>            <\/div>\n        <\/div>\n\n        <script type=\"text\/javascript\">\n            jQuery(document).ready(function($) {\n                var $scope = jQuery(\".elementor-element-eae05ab\");\n                var $products = $('.products', $scope);\n                var $layout_mode = $products.data('layout-mode');\n                \n                if ( $layout_mode === 'masonry' ) {\n                    \/\/ init isotope\n                    var $isotope_products = $products.isotope({\n                        itemSelector: \"li.product\",\n                        layoutMode: $layout_mode,\n                        percentPosition: true\n                    });\n\n                    $isotope_products.imagesLoaded().progress( function() {\n                        $isotope_products.isotope('layout');\n                    })\n                    \n                }\n            });\n        <\/script>\n        \t\t\t\t<\/div>\n\t\t\t\t<\/div>\n\t\t\t\t\t<\/div>\n\t\t<\/div>\n\t\t\t\t\t<\/div>\n\t\t<\/section>\n\t\t\t\t<\/div>","protected":false},"excerpt":{"rendered":"<p>Oferta A\u00f1adir a la cesta *Male Fertility Bundle $75.00 $50.00 A\u00f1adir a la cesta 2.04 The Male Factor $25.00 A\u00f1adir a la cesta 3.08 Male Infertility Workup, a Proactive Approach $25.00 A\u00f1adir a la cesta 3.17 The Use and Significance of Semen Analysis for Restorative Reproductive Medicine $25.00<\/p>","protected":false},"author":2,"featured_media":0,"parent":21138,"menu_order":0,"comment_status":"closed","ping_status":"closed","template":"","meta":{"_acf_changed":false,"footnotes":""},"class_list":["post-21151","page","type-page","status-publish","hentry"],"acf":[],"_links":{"self":[{"href":"https:\/\/boma-usa.org\/es\/wp-json\/wp\/v2\/pages\/21151","targetHints":{"allow":["GET"]}}],"collection":[{"href":"https:\/\/boma-usa.org\/es\/wp-json\/wp\/v2\/pages"}],"about":[{"href":"https:\/\/boma-usa.org\/es\/wp-json\/wp\/v2\/types\/page"}],"author":[{"embeddable":true,"href":"https:\/\/boma-usa.org\/es\/wp-json\/wp\/v2\/users\/2"}],"replies":[{"embeddable":true,"href":"https:\/\/boma-usa.org\/es\/wp-json\/wp\/v2\/comments?post=21151"}],"version-history":[{"count":7,"href":"https:\/\/boma-usa.org\/es\/wp-json\/wp\/v2\/pages\/21151\/revisions"}],"predecessor-version":[{"id":21413,"href":"https:\/\/boma-usa.org\/es\/wp-json\/wp\/v2\/pages\/21151\/revisions\/21413"}],"up":[{"embeddable":true,"href":"https:\/\/boma-usa.org\/es\/wp-json\/wp\/v2\/pages\/21138"}],"wp:attachment":[{"href":"https:\/\/boma-usa.org\/es\/wp-json\/wp\/v2\/media?parent=21151"}],"curies":[{"name":"wp","href":"https:\/\/api.w.org\/{rel}","templated":true}]}}