{"id":18989,"date":"2024-01-05T16:23:59","date_gmt":"2024-01-05T22:23:59","guid":{"rendered":"https:\/\/boma-usa.org\/?page_id=18989"},"modified":"2024-01-11T10:20:45","modified_gmt":"2024-01-11T16:20:45","slug":"board-of-directors","status":"publish","type":"page","link":"https:\/\/boma-usa.org\/es\/board-of-directors\/","title":{"rendered":"Consejo de Administraci\u00f3n"},"content":{"rendered":"<div data-elementor-type=\"wp-page\" data-elementor-id=\"18989\" class=\"elementor elementor-18989\" data-elementor-post-type=\"page\">\n\t\t\t\t\t\t<section class=\"elementor-section elementor-top-section elementor-element elementor-element-223ca27 elementor-section-boxed elementor-section-height-default elementor-section-height-default\" data-id=\"223ca27\" data-element_type=\"section\" data-e-type=\"section\" data-settings=\"{&quot;jet_parallax_layout_list&quot;:[]}\">\n\t\t\t\t\t\t<div class=\"elementor-container elementor-column-gap-default\">\n\t\t\t\t\t<div class=\"elementor-column elementor-col-100 elementor-top-column elementor-element elementor-element-9520c0b\" data-id=\"9520c0b\" data-element_type=\"column\" data-e-type=\"column\">\n\t\t\t<div class=\"elementor-widget-wrap elementor-element-populated\">\n\t\t\t\t\t\t<div class=\"elementor-element elementor-element-1229c7d elementor-widget elementor-widget-heading\" data-id=\"1229c7d\" data-element_type=\"widget\" data-e-type=\"widget\" data-widget_type=\"heading.default\">\n\t\t\t\t<div class=\"elementor-widget-container\">\n\t\t\t\t\t<h2 class=\"elementor-heading-title elementor-size-default\">Junta Directiva de BOMA-USA<\/h2>\t\t\t\t<\/div>\n\t\t\t\t<\/div>\n\t\t\t\t\t<\/div>\n\t\t<\/div>\n\t\t\t\t\t<\/div>\n\t\t<\/section>\n\t\t\t\t<section class=\"elementor-section elementor-top-section elementor-element elementor-element-c7fd82e elementor-section-boxed elementor-section-height-default elementor-section-height-default\" data-id=\"c7fd82e\" data-element_type=\"section\" data-e-type=\"section\" data-settings=\"{&quot;jet_parallax_layout_list&quot;:[]}\">\n\t\t\t\t\t\t<div class=\"elementor-container elementor-column-gap-default\">\n\t\t\t\t\t<div class=\"elementor-column elementor-col-33 elementor-top-column elementor-element elementor-element-659a305\" data-id=\"659a305\" data-element_type=\"column\" data-e-type=\"column\">\n\t\t\t<div class=\"elementor-widget-wrap elementor-element-populated\">\n\t\t\t\t\t\t<div class=\"elementor-element elementor-element-59e3415 eael-team-align-eael-team-align-default elementor-widget elementor-widget-eael-team-member\" data-id=\"59e3415\" data-element_type=\"widget\" data-e-type=\"widget\" data-widget_type=\"eael-team-member.default\">\n\t\t\t\t<div class=\"elementor-widget-container\">\n\t\t\t\t\t\n\n\t<div id=\"eael-team-member-59e3415\" class=\"eael-team-item eael-team-members-simple\">\n\t\t<div class=\"eael-team-item-inner\">\n\t\t\t<div class=\"eael-team-image\">\n\t\t\t\t<figure>\n\t\t\t\t\t\t\t\t\t\t<img decoding=\"async\" src=\"https:\/\/boma-usa.org\/wp-content\/uploads\/2024\/01\/T02KHBP0N3W-U068Z1YCGCW-c8992f8bb74f-512.png\" alt=\"\">\n\t\t\t\t\t\t\t\t\t<\/figure>\n\t\t\t\t\n\t\t\t\t\n\t\t\t<\/div>\n\n\t\t\t<div class=\"eael-team-content\">\n\t\t\t\t<h2 class=\"eael-team-member-name\">Annie Willison<\/h2><h3 class=\"eael-team-member-position\">Miembro del Consejo desde 2022<\/h3>\n\t\t\t\t\t\t\t\t\t\t\t\t\t\t<p class=\"eael-team-text\">Soy una estudiante universitaria de \u00faltimo curso de una familia de nueve hijos que trabaja para ayudar a las mujeres a abrazar y encarnar la belleza que es la feminidad.\n\nBillings me ha ayudado a m\u00ed y a las mujeres con las que he trabajado a ganar confianza y aprecio ense\u00f1\u00e1ndoles a entenderse mejor a s\u00ed mismas y a sus cuerpos.<\/p>\n\t\t\t\t\t\t\t<\/div>\n\t\t<\/div>\n\t<\/div>\n\t\t\t\t\t<\/div>\n\t\t\t\t<\/div>\n\t\t\t\t\t<\/div>\n\t\t<\/div>\n\t\t\t\t<div class=\"elementor-column elementor-col-33 elementor-top-column elementor-element elementor-element-6879d23\" data-id=\"6879d23\" data-element_type=\"column\" data-e-type=\"column\">\n\t\t\t<div class=\"elementor-widget-wrap elementor-element-populated\">\n\t\t\t\t\t\t<div class=\"elementor-element elementor-element-6cbca49 eael-team-align-eael-team-align-default elementor-widget elementor-widget-eael-team-member\" data-id=\"6cbca49\" data-element_type=\"widget\" data-e-type=\"widget\" data-widget_type=\"eael-team-member.default\">\n\t\t\t\t<div class=\"elementor-widget-container\">\n\t\t\t\t\t\n\n\t<div id=\"eael-team-member-6cbca49\" class=\"eael-team-item eael-team-members-simple\">\n\t\t<div class=\"eael-team-item-inner\">\n\t\t\t<div class=\"eael-team-image\">\n\t\t\t\t<figure>\n\t\t\t\t\t\t\t\t\t\t<img decoding=\"async\" src=\"https:\/\/boma-usa.org\/wp-content\/uploads\/2024\/01\/T02KHBP0N3W-U048KNWUW8P-b08be03c739f-512.jpeg\" alt=\"\">\n\t\t\t\t\t\t\t\t\t<\/figure>\n\t\t\t\t\n\t\t\t\t\n\t\t\t<\/div>\n\n\t\t\t<div class=\"eael-team-content\">\n\t\t\t\t<h2 class=\"eael-team-member-name\">Christy Brown<\/h2><h3 class=\"eael-team-member-position\">Miembro de la Junta Directiva desde 2019<\/h3>\n\t\t\t\t\t\t\t\t\t\t\t\t\t\t<p class=\"eael-team-text\">Soy una esposa de 22 a\u00f1os y madre de 6, comenzando una nueva temporada como Coach de Vida, podcaster y oradora.\n\n\u00a1He estado ense\u00f1ando Billings durante 12 a\u00f1os, y me encanta ense\u00f1ar a las mujeres y las parejas c\u00f3mo funcionan sus cuerpos en el dise\u00f1o de Dios!<\/p>\n\t\t\t\t\t\t\t<\/div>\n\t\t<\/div>\n\t<\/div>\n\t\t\t\t\t<\/div>\n\t\t\t\t<\/div>\n\t\t\t\t\t<\/div>\n\t\t<\/div>\n\t\t\t\t<div class=\"elementor-column elementor-col-33 elementor-top-column elementor-element elementor-element-2494a7b\" data-id=\"2494a7b\" data-element_type=\"column\" data-e-type=\"column\">\n\t\t\t<div class=\"elementor-widget-wrap elementor-element-populated\">\n\t\t\t\t\t\t<div class=\"elementor-element elementor-element-36a232c eael-team-align-eael-team-align-default elementor-widget elementor-widget-eael-team-member\" data-id=\"36a232c\" data-element_type=\"widget\" data-e-type=\"widget\" data-widget_type=\"eael-team-member.default\">\n\t\t\t\t<div class=\"elementor-widget-container\">\n\t\t\t\t\t\n\n\t<div id=\"eael-team-member-36a232c\" class=\"eael-team-item eael-team-members-simple\">\n\t\t<div class=\"eael-team-item-inner\">\n\t\t\t<div class=\"eael-team-image\">\n\t\t\t\t<figure>\n\t\t\t\t\t\t\t\t\t\t<img decoding=\"async\" src=\"https:\/\/boma-usa.org\/wp-content\/uploads\/2024\/01\/David-Vavasseur-e1704493665523-1024x1024.jpg\" alt=\"\">\n\t\t\t\t\t\t\t\t\t<\/figure>\n\t\t\t\t\n\t\t\t\t\n\t\t\t<\/div>\n\n\t\t\t<div class=\"eael-team-content\">\n\t\t\t\t<h2 class=\"eael-team-member-name\">David Vavasseur<\/h2><h3 class=\"eael-team-member-position\">Miembro de la Junta Directiva desde 2019<\/h3>\n\t\t\t\t\t\t\t\t\t\t\t\t\t\t<p class=\"eael-team-text\">Soy marido, c\u00f3nyuge de militar, padre de seis hijos y un gran extrovertido. Me siento honrado de difundir la asombrosa informaci\u00f3n de la PFN y el milagro que es el genio creador de Dios. <\/p>\n\t\t\t\t\t\t\t<\/div>\n\t\t<\/div>\n\t<\/div>\n\t\t\t\t\t<\/div>\n\t\t\t\t<\/div>\n\t\t\t\t\t<\/div>\n\t\t<\/div>\n\t\t\t\t\t<\/div>\n\t\t<\/section>\n\t\t\t\t<section class=\"elementor-section elementor-top-section elementor-element elementor-element-86e301f elementor-section-boxed elementor-section-height-default elementor-section-height-default\" data-id=\"86e301f\" data-element_type=\"section\" data-e-type=\"section\" data-settings=\"{&quot;jet_parallax_layout_list&quot;:[]}\">\n\t\t\t\t\t\t<div class=\"elementor-container elementor-column-gap-default\">\n\t\t\t\t\t<div class=\"elementor-column elementor-col-33 elementor-top-column elementor-element elementor-element-31370d6\" data-id=\"31370d6\" data-element_type=\"column\" data-e-type=\"column\">\n\t\t\t<div class=\"elementor-widget-wrap elementor-element-populated\">\n\t\t\t\t\t\t<div class=\"elementor-element elementor-element-4c9329f eael-team-align-eael-team-align-default elementor-widget elementor-widget-eael-team-member\" data-id=\"4c9329f\" data-element_type=\"widget\" data-e-type=\"widget\" data-widget_type=\"eael-team-member.default\">\n\t\t\t\t<div class=\"elementor-widget-container\">\n\t\t\t\t\t\n\n\t<div id=\"eael-team-member-4c9329f\" class=\"eael-team-item eael-team-members-simple\">\n\t\t<div class=\"eael-team-item-inner\">\n\t\t\t<div class=\"eael-team-image\">\n\t\t\t\t<figure>\n\t\t\t\t\t\t\t\t\t\t<img decoding=\"async\" src=\"https:\/\/boma-usa.org\/wp-content\/uploads\/2022\/08\/Emily-Kennedy-LO5-1-e1704494290698.webp\" alt=\"\">\n\t\t\t\t\t\t\t\t\t<\/figure>\n\t\t\t\t\n\t\t\t\t\n\t\t\t<\/div>\n\n\t\t\t<div class=\"eael-team-content\">\n\t\t\t\t<h2 class=\"eael-team-member-name\">Emily Kennedy<\/h2><h3 class=\"eael-team-member-position\">Miembro del Consejo desde 2021<\/h3>\n\t\t\t\t\t\t\t\t\t\t\t\t\t\t<p class=\"eael-team-text\">Soy una esposa de 18 a\u00f1os con dos hijos, que trabaja a tiempo parcial como educadora de fertilidad y entrenadora de salud. Me certifiqu\u00e9 en MOB en 2018 despu\u00e9s de usar y formarme en otros m\u00e9todos, y descubr\u00ed que puro y simple es lo que las mujeres y las parejas necesitan. <\/p>\n\t\t\t\t\t\t\t<\/div>\n\t\t<\/div>\n\t<\/div>\n\t\t\t\t\t<\/div>\n\t\t\t\t<\/div>\n\t\t\t\t\t<\/div>\n\t\t<\/div>\n\t\t\t\t<div class=\"elementor-column elementor-col-33 elementor-top-column elementor-element elementor-element-8165fbf\" data-id=\"8165fbf\" data-element_type=\"column\" data-e-type=\"column\">\n\t\t\t<div class=\"elementor-widget-wrap elementor-element-populated\">\n\t\t\t\t\t\t<div class=\"elementor-element elementor-element-0ed8218 eael-team-align-eael-team-align-default elementor-widget elementor-widget-eael-team-member\" data-id=\"0ed8218\" data-element_type=\"widget\" data-e-type=\"widget\" data-widget_type=\"eael-team-member.default\">\n\t\t\t\t<div class=\"elementor-widget-container\">\n\t\t\t\t\t\n\n\t<div id=\"eael-team-member-0ed8218\" class=\"eael-team-item eael-team-members-simple\">\n\t\t<div class=\"eael-team-item-inner\">\n\t\t\t<div class=\"eael-team-image\">\n\t\t\t\t<figure>\n\t\t\t\t\t\t\t\t\t\t<img decoding=\"async\" src=\"https:\/\/boma-usa.org\/wp-content\/uploads\/2024\/01\/Erica-Jacobi-e1704493784420.jpg\" alt=\"\">\n\t\t\t\t\t\t\t\t\t<\/figure>\n\t\t\t\t\n\t\t\t\t\n\t\t\t<\/div>\n\n\t\t\t<div class=\"eael-team-content\">\n\t\t\t\t<h2 class=\"eael-team-member-name\">Erica Jacobi<\/h2><h3 class=\"eael-team-member-position\">Miembro del consejo de administraci\u00f3n desde 2018<\/h3>\n\t\t\t\t\t\t\t\t\t\t\t\t\t\t<p class=\"eael-team-text\">Soy una madre casada de 4 hijos que ama conectar a la gente hacia una misi\u00f3n mayor. La ense\u00f1anza de Billings ha dado lugar a algunas de las conversaciones m\u00e1s significativas y relaciones encantadoras de mi vida. <\/p>\n\t\t\t\t\t\t\t<\/div>\n\t\t<\/div>\n\t<\/div>\n\t\t\t\t\t<\/div>\n\t\t\t\t<\/div>\n\t\t\t\t\t<\/div>\n\t\t<\/div>\n\t\t\t\t<div class=\"elementor-column elementor-col-33 elementor-top-column elementor-element elementor-element-6ea6c5c\" data-id=\"6ea6c5c\" data-element_type=\"column\" data-e-type=\"column\">\n\t\t\t<div class=\"elementor-widget-wrap elementor-element-populated\">\n\t\t\t\t\t\t<div class=\"elementor-element elementor-element-806b19c eael-team-align-eael-team-align-default elementor-widget elementor-widget-eael-team-member\" data-id=\"806b19c\" data-element_type=\"widget\" data-e-type=\"widget\" data-widget_type=\"eael-team-member.default\">\n\t\t\t\t<div class=\"elementor-widget-container\">\n\t\t\t\t\t\n\n\t<div id=\"eael-team-member-806b19c\" class=\"eael-team-item eael-team-members-simple\">\n\t\t<div class=\"eael-team-item-inner\">\n\t\t\t<div class=\"eael-team-image\">\n\t\t\t\t<figure>\n\t\t\t\t\t\t\t\t\t\t<img decoding=\"async\" src=\"https:\/\/boma-usa.org\/wp-content\/uploads\/2024\/01\/106457432_10223431179315583_7407997844259454691_n.jpeg\" alt=\"\">\n\t\t\t\t\t\t\t\t\t<\/figure>\n\t\t\t\t\n\t\t\t\t\n\t\t\t<\/div>\n\n\t\t\t<div class=\"eael-team-content\">\n\t\t\t\t<h2 class=\"eael-team-member-name\">Jennifer McManus<\/h2><h3 class=\"eael-team-member-position\">Miembro de la Junta Directiva desde 2019<\/h3>\n\t\t\t\t\t\t\t\t\t\t\t\t\t\t<p class=\"eael-team-text\">Soy una esposa hogare\u00f1a y madre de 5 hijos que educa en casa en la tierra tratando de hacer lo que Dios me pide. Lo que me mantiene en esta misi\u00f3n es la posibilidad de que la sencillez de la lista de materiales acerque a las parejas entre s\u00ed y, por tanto, a la voluntad de Dios para ellas. <\/p>\n\t\t\t\t\t\t\t<\/div>\n\t\t<\/div>\n\t<\/div>\n\t\t\t\t\t<\/div>\n\t\t\t\t<\/div>\n\t\t\t\t\t<\/div>\n\t\t<\/div>\n\t\t\t\t\t<\/div>\n\t\t<\/section>\n\t\t\t\t<section class=\"elementor-section elementor-top-section elementor-element elementor-element-4a836ac elementor-section-boxed elementor-section-height-default elementor-section-height-default\" data-id=\"4a836ac\" data-element_type=\"section\" data-e-type=\"section\" data-settings=\"{&quot;jet_parallax_layout_list&quot;:[]}\">\n\t\t\t\t\t\t<div class=\"elementor-container elementor-column-gap-default\">\n\t\t\t\t\t<div class=\"elementor-column elementor-col-33 elementor-top-column elementor-element elementor-element-e4342c0\" data-id=\"e4342c0\" data-element_type=\"column\" data-e-type=\"column\">\n\t\t\t<div class=\"elementor-widget-wrap elementor-element-populated\">\n\t\t\t\t\t\t<div class=\"elementor-element elementor-element-be02ee2 eael-team-align-eael-team-align-default elementor-widget elementor-widget-eael-team-member\" data-id=\"be02ee2\" data-element_type=\"widget\" data-e-type=\"widget\" data-widget_type=\"eael-team-member.default\">\n\t\t\t\t<div class=\"elementor-widget-container\">\n\t\t\t\t\t\n\n\t<div id=\"eael-team-member-be02ee2\" class=\"eael-team-item eael-team-members-simple\">\n\t\t<div class=\"eael-team-item-inner\">\n\t\t\t<div class=\"eael-team-image\">\n\t\t\t\t<figure>\n\t\t\t\t\t\t\t\t\t\t<img decoding=\"async\" src=\"https:\/\/boma-usa.org\/wp-content\/uploads\/2024\/01\/Jill-e1704493982647.jpg\" alt=\"\">\n\t\t\t\t\t\t\t\t\t<\/figure>\n\t\t\t\t\n\t\t\t\t\n\t\t\t<\/div>\n\n\t\t\t<div class=\"eael-team-content\">\n\t\t\t\t<h2 class=\"eael-team-member-name\">Jill Uphus<\/h2><h3 class=\"eael-team-member-position\">Miembro del Consejo desde 2021<\/h3>\n\t\t\t\t\t\t\t\t\t\t\t\t\t\t<p class=\"eael-team-text\">Soy una esposa y madre de 4 hijos que disfruta de todas las cosas al aire libre y busca \"hacer peque\u00f1as cosas con gran amor\", inspirada por la amada Santa Teresa de Calcuta. Aprender, usar y ense\u00f1ar el M\u00e9todo de la Ovulaci\u00f3n Billings me ha ayudado a comprender mejor el plan de Dios para el matrimonio y me ha dado la pasi\u00f3n de acompa\u00f1ar a parejas y familias en sus propios viajes espirituales, \u00a1que a menudo surgen al aprender el m\u00e9todo! <\/p>\n\t\t\t\t\t\t\t<\/div>\n\t\t<\/div>\n\t<\/div>\n\t\t\t\t\t<\/div>\n\t\t\t\t<\/div>\n\t\t\t\t\t<\/div>\n\t\t<\/div>\n\t\t\t\t<div class=\"elementor-column elementor-col-33 elementor-top-column elementor-element elementor-element-64a1b07\" data-id=\"64a1b07\" data-element_type=\"column\" data-e-type=\"column\">\n\t\t\t<div class=\"elementor-widget-wrap elementor-element-populated\">\n\t\t\t\t\t\t<div class=\"elementor-element elementor-element-bc3f60c eael-team-align-eael-team-align-default elementor-widget elementor-widget-eael-team-member\" data-id=\"bc3f60c\" data-element_type=\"widget\" data-e-type=\"widget\" data-widget_type=\"eael-team-member.default\">\n\t\t\t\t<div class=\"elementor-widget-container\">\n\t\t\t\t\t\n\n\t<div id=\"eael-team-member-bc3f60c\" class=\"eael-team-item eael-team-members-simple\">\n\t\t<div class=\"eael-team-item-inner\">\n\t\t\t<div class=\"eael-team-image\">\n\t\t\t\t<figure>\n\t\t\t\t\t\t\t\t\t\t<img decoding=\"async\" src=\"https:\/\/boma-usa.org\/wp-content\/uploads\/2024\/01\/IMG_9382-e1704494186746.jpg\" alt=\"\">\n\t\t\t\t\t\t\t\t\t<\/figure>\n\t\t\t\t\n\t\t\t\t\n\t\t\t<\/div>\n\n\t\t\t<div class=\"eael-team-content\">\n\t\t\t\t<h2 class=\"eael-team-member-name\">Kyle Koestner, Tesorero<\/h2><h3 class=\"eael-team-member-position\">Miembro de la Junta Directiva desde 2019<\/h3>\n\t\t\t\t\t\t\t\t\t\t\t\t\t\t<p class=\"eael-team-text\">Kyle ha servido en la junta de BOMA-USA y como Tesorero desde enero de 2020, cuando \u00e9l y su familia comenzaron una aventura en el Caribe que llamaron NFP by Sea.  Mientras navegaban de Granada a los EE.UU. educando a sus seis hijos en casa, se reunieron con m\u00e9dicos y l\u00edderes comunitarios para ense\u00f1ar la PFN y compartir la ciencia y la evidencia m\u00e9dica.  \u00c9l y su esposa Danielle aprendieron varios m\u00e9todos de conocimiento de la fertilidad (FAM), pero prefieren la sencillez y eficacia del M\u00e9todo de la Ovulaci\u00f3n Billings.  Su formaci\u00f3n es en ingenier\u00eda y negocios, y ha sido consultor de organizaciones sanitarias como FEMM Health.  Danielle es m\u00e9dico de familia y asesora m\u00e9dica de BOMA-USA.  <\/p>\n\t\t\t\t\t\t\t<\/div>\n\t\t<\/div>\n\t<\/div>\n\t\t\t\t\t<\/div>\n\t\t\t\t<\/div>\n\t\t\t\t\t<\/div>\n\t\t<\/div>\n\t\t\t\t<div class=\"elementor-column elementor-col-33 elementor-top-column elementor-element elementor-element-e875a86\" data-id=\"e875a86\" data-element_type=\"column\" data-e-type=\"column\">\n\t\t\t<div class=\"elementor-widget-wrap elementor-element-populated\">\n\t\t\t\t\t\t<div class=\"elementor-element elementor-element-4fefbc3 eael-team-align-eael-team-align-default elementor-widget elementor-widget-eael-team-member\" data-id=\"4fefbc3\" data-element_type=\"widget\" data-e-type=\"widget\" data-widget_type=\"eael-team-member.default\">\n\t\t\t\t<div class=\"elementor-widget-container\">\n\t\t\t\t\t\n\n\t<div id=\"eael-team-member-4fefbc3\" class=\"eael-team-item eael-team-members-simple\">\n\t\t<div class=\"eael-team-item-inner\">\n\t\t\t<div class=\"eael-team-image\">\n\t\t\t\t<figure>\n\t\t\t\t\t\t\t\t\t\t<img decoding=\"async\" src=\"https:\/\/boma-usa.org\/wp-content\/uploads\/2024\/01\/Sharon-Pearce-e1704494249448.jpg\" alt=\"\">\n\t\t\t\t\t\t\t\t\t<\/figure>\n\t\t\t\t\n\t\t\t\t\n\t\t\t<\/div>\n\n\t\t\t<div class=\"eael-team-content\">\n\t\t\t\t<h2 class=\"eael-team-member-name\">Sharon Pearce<\/h2><h3 class=\"eael-team-member-position\">Miembro del Consejo desde 2020<\/h3>\n\t\t\t\t\t\t\t\t\t\t\t\t\t\t<p class=\"eael-team-text\">Soy directora general de una cl\u00ednica de atenci\u00f3n a embarazadas y vivo con 11 gatos. Algunos d\u00edas es dif\u00edcil saber qui\u00e9n es el due\u00f1o de qui\u00e9n. Empec\u00e9 a ense\u00f1ar la PFN cuando descubr\u00ed que la p\u00edldora puede actuar como abortivo - \u00a1y me ENCANTA ense\u00f1ar a las mujeres\/parejas a abrazar el dise\u00f1o de Dios!<\/p>\n\t\t\t\t\t\t\t<\/div>\n\t\t<\/div>\n\t<\/div>\n\t\t\t\t\t<\/div>\n\t\t\t\t<\/div>\n\t\t\t\t\t<\/div>\n\t\t<\/div>\n\t\t\t\t\t<\/div>\n\t\t<\/section>\n\t\t\t\t<\/div>","protected":false},"excerpt":{"rendered":"<p>Junta Directiva de BOMA-USA Annie Willison Miembro de la Junta desde 2022 Soy una estudiante universitaria de \u00faltimo a\u00f1o de una familia de nueve hijos que trabaja para ayudar a las mujeres a abrazar y encarnar la belleza que es la feminidad. Billings me ha ayudado a m\u00ed y a las mujeres con las que he trabajado a ganar confianza y aprecio ense\u00f1\u00e1ndoles a comprenderse mejor a s\u00ed mismas [...].<\/p>","protected":false},"author":278,"featured_media":0,"parent":0,"menu_order":0,"comment_status":"closed","ping_status":"closed","template":"","meta":{"_acf_changed":false,"footnotes":""},"class_list":["post-18989","page","type-page","status-publish","hentry"],"acf":[],"_links":{"self":[{"href":"https:\/\/boma-usa.org\/es\/wp-json\/wp\/v2\/pages\/18989","targetHints":{"allow":["GET"]}}],"collection":[{"href":"https:\/\/boma-usa.org\/es\/wp-json\/wp\/v2\/pages"}],"about":[{"href":"https:\/\/boma-usa.org\/es\/wp-json\/wp\/v2\/types\/page"}],"author":[{"embeddable":true,"href":"https:\/\/boma-usa.org\/es\/wp-json\/wp\/v2\/users\/278"}],"replies":[{"embeddable":true,"href":"https:\/\/boma-usa.org\/es\/wp-json\/wp\/v2\/comments?post=18989"}],"version-history":[{"count":0,"href":"https:\/\/boma-usa.org\/es\/wp-json\/wp\/v2\/pages\/18989\/revisions"}],"wp:attachment":[{"href":"https:\/\/boma-usa.org\/es\/wp-json\/wp\/v2\/media?parent=18989"}],"curies":[{"name":"wp","href":"https:\/\/api.w.org\/{rel}","templated":true}]}}