{"id":17128,"date":"2023-08-07T14:02:55","date_gmt":"2023-08-07T20:02:55","guid":{"rendered":"https:\/\/boma-usa.org\/?page_id=17128"},"modified":"2023-08-07T15:43:12","modified_gmt":"2023-08-07T21:43:12","slug":"a-review-billings-ovulation-method-ebook","status":"publish","type":"page","link":"https:\/\/boma-usa.org\/es\/a-review-billings-ovulation-method-ebook\/","title":{"rendered":"Una revisi\u00f3n: M\u00e9todo de la Ovulaci\u00f3n Billings \u00ae EBook"},"content":{"rendered":"","protected":true},"excerpt":{"rendered":"","protected":true},"author":278,"featured_media":0,"parent":0,"menu_order":0,"comment_status":"closed","ping_status":"closed","template":"","meta":{"_acf_changed":false,"footnotes":""},"class_list":["post-17128","page","type-page","status-publish","post-password-required","hentry"],"acf":[],"_links":{"self":[{"href":"https:\/\/boma-usa.org\/es\/wp-json\/wp\/v2\/pages\/17128","targetHints":{"allow":["GET"]}}],"collection":[{"href":"https:\/\/boma-usa.org\/es\/wp-json\/wp\/v2\/pages"}],"about":[{"href":"https:\/\/boma-usa.org\/es\/wp-json\/wp\/v2\/types\/page"}],"author":[{"embeddable":true,"href":"https:\/\/boma-usa.org\/es\/wp-json\/wp\/v2\/users\/278"}],"replies":[{"embeddable":true,"href":"https:\/\/boma-usa.org\/es\/wp-json\/wp\/v2\/comments?post=17128"}],"version-history":[{"count":0,"href":"https:\/\/boma-usa.org\/es\/wp-json\/wp\/v2\/pages\/17128\/revisions"}],"wp:attachment":[{"href":"https:\/\/boma-usa.org\/es\/wp-json\/wp\/v2\/media?parent=17128"}],"curies":[{"name":"wp","href":"https:\/\/api.w.org\/{rel}","templated":true}]}}