{"id":10397,"date":"2023-03-21T13:02:57","date_gmt":"2023-03-21T19:02:57","guid":{"rendered":"https:\/\/boma-usa.org\/?page_id=10397"},"modified":"2025-11-04T21:53:46","modified_gmt":"2025-11-05T03:53:46","slug":"events-calendar","status":"publish","type":"page","link":"https:\/\/boma-usa.org\/es\/events-calendar\/","title":{"rendered":"Calendario de actos"},"content":{"rendered":"<div data-elementor-type=\"wp-page\" data-elementor-id=\"10397\" class=\"elementor elementor-10397\" data-elementor-post-type=\"page\">\n\t\t\t\t\t\t<section class=\"elementor-section elementor-top-section elementor-element elementor-element-1a915dc elementor-section-boxed elementor-section-height-default elementor-section-height-default\" data-id=\"1a915dc\" data-element_type=\"section\" data-e-type=\"section\" data-settings=\"{&quot;jet_parallax_layout_list&quot;:[]}\">\n\t\t\t\t\t\t<div class=\"elementor-container elementor-column-gap-default\">\n\t\t\t\t\t<div class=\"elementor-column elementor-col-100 elementor-top-column elementor-element elementor-element-4958aab\" data-id=\"4958aab\" data-element_type=\"column\" data-e-type=\"column\">\n\t\t\t<div class=\"elementor-widget-wrap elementor-element-populated\">\n\t\t\t\t\t\t<div class=\"elementor-element elementor-element-14d0401 elementor-widget elementor-widget-heading\" data-id=\"14d0401\" data-element_type=\"widget\" data-e-type=\"widget\" data-widget_type=\"heading.default\">\n\t\t\t\t<div class=\"elementor-widget-container\">\n\t\t\t\t\t<h2 class=\"elementor-heading-title elementor-size-default\">Eventos 2025\/2026<\/h2>\t\t\t\t<\/div>\n\t\t\t\t<\/div>\n\t\t\t\t<div class=\"elementor-element elementor-element-27361dd elementor-widget elementor-widget-text-editor\" data-id=\"27361dd\" data-element_type=\"widget\" data-e-type=\"widget\" data-widget_type=\"text-editor.default\">\n\t\t\t\t<div class=\"elementor-widget-container\">\n\t\t\t\t\t\t\t\t\t<ul><li><strong>Seminario en l\u00ednea: \u201c<u>Intervenci\u00f3n m\u00e9dica para la infertilidad y los ciclos irregulares<\/u>\u201d<\/strong><ul><li><p>Martes, 11 de noviembre de 2023, 7<span style=\"font-weight: 400;\">:30 PM hora central (8:30 PM hora del este)<\/span><\/p><\/li><li><p>Reg\u00edstrese en <span style=\"text-decoration: underline;\"><strong>AQU\u00cd<\/strong><\/span><\/p><\/li><\/ul><\/li><li><strong>Formaci\u00f3n a distancia de profesores 2026<\/strong><ul><li><p>22 de enero<\/p><\/li><li>Reg\u00edstrese en <a href=\"https:\/\/boma-usa.org\/es\/remote-teacher-training\/\">AQU\u00cd<\/a><\/li><\/ul><\/li><li><p><strong>Formaci\u00f3n a distancia de profesores 2026<\/strong><\/p><ul><li>11 de junio de 2026<\/li><li>Reg\u00edstrese en <a href=\"https:\/\/boma-usa.org\/es\/producto\/billings-ovulation-method-teacher-training-nashville\/\"><span style=\"text-decoration: underline;\"><strong>AQU\u00cd<\/strong><\/span><\/a><\/li><\/ul><\/li><li><p><strong>Curso de extensi\u00f3n 2026<\/strong><\/p><ul><li>Fecha por determinar<\/li><li>Reg\u00edstrese en <span style=\"text-decoration: underline;\"><strong>AQU\u00cd<\/strong><\/span><\/li><\/ul><\/li><\/ul>\t\t\t\t\t\t\t\t<\/div>\n\t\t\t\t<\/div>\n\t\t\t\t\t<\/div>\n\t\t<\/div>\n\t\t\t\t\t<\/div>\n\t\t<\/section>\n\t\t\t\t<\/div>","protected":false},"excerpt":{"rendered":"<p>2025\/2026 Eventos Webinar: \u201cBuscando Intervenci\u00f3n M\u00e9dica para Infertilidad y Ciclos Irregulares\u201d Martes, 11 de noviembre de 2023, 7:30 PM Hora Central (8:30 PM Hora del Este) Inscr\u00edbase AQU\u00cd Entrenamiento Remoto de Maestros 2026 22 de enero Inscr\u00edbase AQU\u00cd Entrenamiento Remoto de Maestros 2026 11 de junio de 2026 Inscr\u00edbase AQU\u00cd Curso de Extensi\u00f3n 2026 Fecha por definir Inscr\u00edbase AQU\u00cd<\/p>","protected":false},"author":197,"featured_media":0,"parent":0,"menu_order":0,"comment_status":"closed","ping_status":"closed","template":"","meta":{"_acf_changed":false,"footnotes":""},"class_list":["post-10397","page","type-page","status-publish","hentry"],"acf":[],"_links":{"self":[{"href":"https:\/\/boma-usa.org\/es\/wp-json\/wp\/v2\/pages\/10397","targetHints":{"allow":["GET"]}}],"collection":[{"href":"https:\/\/boma-usa.org\/es\/wp-json\/wp\/v2\/pages"}],"about":[{"href":"https:\/\/boma-usa.org\/es\/wp-json\/wp\/v2\/types\/page"}],"author":[{"embeddable":true,"href":"https:\/\/boma-usa.org\/es\/wp-json\/wp\/v2\/users\/197"}],"replies":[{"embeddable":true,"href":"https:\/\/boma-usa.org\/es\/wp-json\/wp\/v2\/comments?post=10397"}],"version-history":[{"count":3,"href":"https:\/\/boma-usa.org\/es\/wp-json\/wp\/v2\/pages\/10397\/revisions"}],"predecessor-version":[{"id":23973,"href":"https:\/\/boma-usa.org\/es\/wp-json\/wp\/v2\/pages\/10397\/revisions\/23973"}],"wp:attachment":[{"href":"https:\/\/boma-usa.org\/es\/wp-json\/wp\/v2\/media?parent=10397"}],"curies":[{"name":"wp","href":"https:\/\/api.w.org\/{rel}","templated":true}]}}