{"id":8897,"date":"2023-02-01T12:29:25","date_gmt":"2023-02-01T18:29:25","guid":{"rendered":"https:\/\/events.boma-usa.org\/?page_id=8897"},"modified":"2023-04-01T10:27:16","modified_gmt":"2023-04-01T16:27:16","slug":"spanish-extension-course","status":"publish","type":"page","link":"https:\/\/boma-usa.org\/en\/spanish-extension-course\/","title":{"rendered":"Spanish Extension Course"},"content":{"rendered":"\t\t<div data-elementor-type=\"wp-page\" data-elementor-id=\"8897\" class=\"elementor elementor-8897\" data-elementor-post-type=\"page\">\n\t\t\t\t\t\t<section class=\"elementor-section elementor-top-section elementor-element elementor-element-5c1fef9 elementor-section-height-min-height elementor-section-stretched elementor-section-boxed elementor-section-height-default elementor-section-items-middle\" data-id=\"5c1fef9\" data-element_type=\"section\" data-e-type=\"section\" data-settings=\"{&quot;stretch_section&quot;:&quot;section-stretched&quot;,&quot;jet_parallax_layout_list&quot;:[],&quot;background_background&quot;:&quot;classic&quot;}\">\n\t\t\t\t\t\t<div class=\"elementor-container elementor-column-gap-default\">\n\t\t\t\t\t<div class=\"elementor-column elementor-col-100 elementor-top-column elementor-element elementor-element-c549b3f\" data-id=\"c549b3f\" data-element_type=\"column\" data-e-type=\"column\">\n\t\t\t<div class=\"elementor-widget-wrap elementor-element-populated\">\n\t\t\t\t\t\t<div class=\"elementor-element elementor-element-94555b9 elementor-hidden-desktop elementor-hidden-tablet elementor-hidden-mobile elementor-widget elementor-widget-global elementor-global-10700 elementor-widget-eael-creative-button\" data-id=\"94555b9\" data-element_type=\"widget\" data-e-type=\"widget\" data-widget_type=\"eael-creative-button.default\">\n\t\t\t\t<div class=\"elementor-widget-container\">\n\t\t\t\t\t        <div class=\"eael-creative-button-wrapper\">\n\n            <a class=\"eael-creative-button eael-creative-button--default\" href=\"https:\/\/boma-usa.org\/en\/donate\/\" data-text=\"Go!\">\n            \t    \n                <div class=\"creative-button-inner\">\n\n                    \n                    <span class=\"cretive-button-text\">Support BOMA<\/span>\n\n                                    <\/div>\n\t                        <\/a>\n        <\/div>\n        \t\t\t\t<\/div>\n\t\t\t\t<\/div>\n\t\t\t\t\t<\/div>\n\t\t<\/div>\n\t\t\t\t\t<\/div>\n\t\t<\/section>\n\t\t\t\t<section class=\"elementor-section elementor-top-section elementor-element elementor-element-3f274d1a elementor-section-boxed elementor-section-height-default elementor-section-height-default\" data-id=\"3f274d1a\" data-element_type=\"section\" data-e-type=\"section\" data-settings=\"{&quot;jet_parallax_layout_list&quot;:[]}\">\n\t\t\t\t\t\t<div class=\"elementor-container elementor-column-gap-default\">\n\t\t\t\t\t<div class=\"elementor-column elementor-col-100 elementor-top-column elementor-element elementor-element-23685dd1\" data-id=\"23685dd1\" data-element_type=\"column\" data-e-type=\"column\">\n\t\t\t<div class=\"elementor-widget-wrap elementor-element-populated\">\n\t\t\t\t\t\t<div class=\"elementor-element elementor-element-36397960 elementor-widget elementor-widget-heading\" data-id=\"36397960\" data-element_type=\"widget\" data-e-type=\"widget\" data-widget_type=\"heading.default\">\n\t\t\t\t<div class=\"elementor-widget-container\">\n\t\t\t\t\t<h1 class=\"elementor-heading-title elementor-size-default\">\u200bCurso de Extension\n<\/h1>\t\t\t\t<\/div>\n\t\t\t\t<\/div>\n\t\t\t\t<div class=\"elementor-element elementor-element-65e3612b elementor-widget elementor-widget-heading\" data-id=\"65e3612b\" data-element_type=\"widget\" data-e-type=\"widget\" data-widget_type=\"heading.default\">\n\t\t\t\t<div class=\"elementor-widget-container\">\n\t\t\t\t\t<h1 class=\"elementor-heading-title elementor-size-default\">Le ofrece a los instructores la oportunidad de expandir sus conocimientos bas\u00e1ndose\n\u200ben su experiencia previa para identificar lo que cada grafica est\u00e1 revelando.<\/h1>\t\t\t\t<\/div>\n\t\t\t\t<\/div>\n\t\t\t\t<section class=\"elementor-section elementor-inner-section elementor-element elementor-element-1f1cce58 elementor-section-boxed elementor-section-height-default elementor-section-height-default\" data-id=\"1f1cce58\" data-element_type=\"section\" data-e-type=\"section\" data-settings=\"{&quot;jet_parallax_layout_list&quot;:[]}\">\n\t\t\t\t\t\t<div class=\"elementor-container elementor-column-gap-default\">\n\t\t\t\t\t<div class=\"elementor-column elementor-col-50 elementor-inner-column elementor-element elementor-element-3345217\" data-id=\"3345217\" data-element_type=\"column\" data-e-type=\"column\">\n\t\t\t<div class=\"elementor-widget-wrap elementor-element-populated\">\n\t\t\t\t\t\t<div class=\"elementor-element elementor-element-7d83a51 elementor-widget-mobile__width-inherit elementor-widget elementor-widget-eael-creative-button\" data-id=\"7d83a51\" data-element_type=\"widget\" data-e-type=\"widget\" data-widget_type=\"eael-creative-button.default\">\n\t\t\t\t<div class=\"elementor-widget-container\">\n\t\t\t\t\t        <div class=\"eael-creative-button-wrapper\">\n\n            <a class=\"eael-creative-button eael-creative-button--default\" href=\"https:\/\/boma-usa.org\/en\/boma-usabo-in-person-trainings-november-2022-conference\/\" target=\"_blank\" data-text=\"Go!\">\n            \t    \n                <div class=\"creative-button-inner\">\n\n                    \n                    <span class=\"cretive-button-text\">PR\u00d3XIMOS CURSOS DE EXTENSI\u00d3N<\/span>\n\n                                    <\/div>\n\t                        <\/a>\n        <\/div>\n        \t\t\t\t<\/div>\n\t\t\t\t<\/div>\n\t\t\t\t\t<\/div>\n\t\t<\/div>\n\t\t\t\t<div class=\"elementor-column elementor-col-50 elementor-inner-column elementor-element elementor-element-58e4096c\" data-id=\"58e4096c\" data-element_type=\"column\" data-e-type=\"column\">\n\t\t\t<div class=\"elementor-widget-wrap elementor-element-populated\">\n\t\t\t\t\t\t<div class=\"elementor-element elementor-element-48654be3 elementor-widget-mobile__width-inherit elementor-widget elementor-widget-eael-creative-button\" data-id=\"48654be3\" data-element_type=\"widget\" data-e-type=\"widget\" data-widget_type=\"eael-creative-button.default\">\n\t\t\t\t<div class=\"elementor-widget-container\">\n\t\t\t\t\t        <div class=\"eael-creative-button-wrapper\">\n\n            <a class=\"eael-creative-button eael-creative-button--default\" href=\"\/spanish-extension-course-registration\/\" target=\"_blank\" data-text=\"Go!\">\n            \t    \n                <div class=\"creative-button-inner\">\n\n                    \n                    <span class=\"cretive-button-text\">EXTENSION COURSE REGISTRATION IN SPANISH<\/span>\n\n                                    <\/div>\n\t                        <\/a>\n        <\/div>\n        \t\t\t\t<\/div>\n\t\t\t\t<\/div>\n\t\t\t\t\t<\/div>\n\t\t<\/div>\n\t\t\t\t\t<\/div>\n\t\t<\/section>\n\t\t\t\t\t<\/div>\n\t\t<\/div>\n\t\t\t\t\t<\/div>\n\t\t<\/section>\n\t\t\t\t<section class=\"elementor-section elementor-top-section elementor-element elementor-element-847df7d elementor-section-boxed elementor-section-height-default elementor-section-height-default\" data-id=\"847df7d\" data-element_type=\"section\" data-e-type=\"section\" data-settings=\"{&quot;jet_parallax_layout_list&quot;:[]}\">\n\t\t\t\t\t\t<div class=\"elementor-container elementor-column-gap-default\">\n\t\t\t\t\t<div class=\"elementor-column elementor-col-100 elementor-top-column elementor-element elementor-element-20c2869b\" data-id=\"20c2869b\" data-element_type=\"column\" data-e-type=\"column\">\n\t\t\t<div class=\"elementor-widget-wrap elementor-element-populated\">\n\t\t\t\t\t\t<div class=\"elementor-element elementor-element-7d80e6cc elementor-widget elementor-widget-text-editor\" data-id=\"7d80e6cc\" data-element_type=\"widget\" data-e-type=\"widget\" data-widget_type=\"text-editor.default\">\n\t\t\t\t<div class=\"elementor-widget-container\">\n\t\t\t\t\t\t\t\t\t<div><p><b>Requisitos previos:<\/b><\/p><div>\u00a0<\/div><p>Haber completado el curso inicial como maestro y finalizaci\u00f3n de curso de formaci\u00f3n del profesorado y certificaci\u00f3n o,\u00a0 haber completado una gran parte de la pr\u00e1ctica supervisada. Este curso cumple el requisito de educaci\u00f3n continua para la re-certificaci\u00f3n (requerida cada 3 a\u00f1os).<\/p><p>\u00a0<\/p><p><b>Objetivos:<br \/><\/b><span style=\"background-color: transparent; color: var( --e-global-color-text ); font-family: var( --e-global-typography-text-font-family ), Sans-serif; font-style: var( --e-global-typography-text-font-style ); font-weight: var( --e-global-typography-text-font-weight ); letter-spacing: var( --e-global-typography-text-letter-spacing ); text-transform: var( --e-global-typography-text-text-transform );\">Los instructores aprender\u00e1n a:<\/span><\/p><ul><li><span style=\"background-color: transparent; color: var( --e-global-color-text ); font-family: var( --e-global-typography-text-font-family ), Sans-serif; font-style: var( --e-global-typography-text-font-style ); font-weight: var( --e-global-typography-text-font-weight ); letter-spacing: var( --e-global-typography-text-letter-spacing ); text-transform: var( --e-global-typography-text-text-transform );\">Nunca hacer suposiciones<\/span><\/li><li>Hacer las preguntas correctas durante la revisi\u00f3n de gr\u00e1ficas<\/li><li>Identificar los posibles niveles hormonales y las respuestas cervicales cuando se hace revisi\u00f3n de gr\u00e1ficas<\/li><li>Identificar un PBI en las gr\u00e1ficas, especialmente cuando la ovulaci\u00f3n se ha retrasado y cuando no hay respuesta cervical al aumento de niveles hormonales<\/li><li>Identificar una C\u00faspide solamente cuando el criterio necesario est\u00e9 presente<\/li><li>Entender el Continuum de la Actividad\u00a0 Ov\u00e1rica<\/li><li>Identificar la necesidad de recomendar investigaci\u00f3n m\u00e9dica cuando se observen anormalidades en la gr\u00e1fica del M\u00e9todo de la Ovulaci\u00f3n Billings\u2122<br \/><br \/><\/li><\/ul><p><b>Este programa se divide en cuatro \u00e1reas espec\u00edficas.<\/b><\/p><p>Comienza con una revisi\u00f3n de la ciencia y la metodolog\u00eda para asegurar que haya un entendimiento claro de las bases de el M\u00e9todo de Ovulacion\u00a0 Billings\u2122.Todos los instructores experimentados se han enfrentado con gr\u00e1ficas que presentan desaf\u00edos; este programa tiene como objetivo identificar las razones por las que esto puede estas sucediendo:<\/p><ul><li>\u00bfEst\u00e1 la grafica reflejando lo que\u00a0 realmente sucede con la fertilidad e infertilidad?<\/li><li>\u00bfEst\u00e1 la grafica reflejando la etapa reproductiva de la mujer?<\/li><li>\u00bfEst\u00e1 la gr\u00e1fica reflejando algunos problemas m\u00e9dicos subyacentes?<\/li><\/ul><\/div>\t\t\t\t\t\t\t\t<\/div>\n\t\t\t\t<\/div>\n\t\t\t\t\t<\/div>\n\t\t<\/div>\n\t\t\t\t\t<\/div>\n\t\t<\/section>\n\t\t\t\t<section class=\"elementor-section elementor-top-section elementor-element elementor-element-42fbc7d5 elementor-section-boxed elementor-section-height-default elementor-section-height-default\" data-id=\"42fbc7d5\" data-element_type=\"section\" data-e-type=\"section\" data-settings=\"{&quot;jet_parallax_layout_list&quot;:[]}\">\n\t\t\t\t\t\t<div class=\"elementor-container elementor-column-gap-default\">\n\t\t\t\t\t<div class=\"elementor-column elementor-col-100 elementor-top-column elementor-element elementor-element-3511d91c\" data-id=\"3511d91c\" data-element_type=\"column\" data-e-type=\"column\">\n\t\t\t<div class=\"elementor-widget-wrap elementor-element-populated\">\n\t\t\t\t\t\t<div class=\"elementor-element elementor-element-60f85784 elementor-widget-divider--view-line elementor-widget elementor-widget-divider\" data-id=\"60f85784\" data-element_type=\"widget\" data-e-type=\"widget\" data-widget_type=\"divider.default\">\n\t\t\t\t<div class=\"elementor-widget-container\">\n\t\t\t\t\t\t\t<div class=\"elementor-divider\">\n\t\t\t<span class=\"elementor-divider-separator\">\n\t\t\t\t\t\t<\/span>\n\t\t<\/div>\n\t\t\t\t\t\t<\/div>\n\t\t\t\t<\/div>\n\t\t\t\t<div class=\"elementor-element elementor-element-13b6600d elementor-widget elementor-widget-heading\" data-id=\"13b6600d\" data-element_type=\"widget\" data-e-type=\"widget\" data-widget_type=\"heading.default\">\n\t\t\t\t<div class=\"elementor-widget-container\">\n\t\t\t\t\t<h1 class=\"elementor-heading-title elementor-size-default\">La base de este curso es la Continuidad de la Actividad Ov\u00e1rica de la Menarqu\u00eda a la Menopausia;\nel trabajo de toda una vida por el profesor em\u00e9rito James B. Brown<\/h1>\t\t\t\t<\/div>\n\t\t\t\t<\/div>\n\t\t\t\t<div class=\"elementor-element elementor-element-46149547 elementor-widget-mobile__width-inherit elementor-widget elementor-widget-eael-creative-button\" data-id=\"46149547\" data-element_type=\"widget\" data-e-type=\"widget\" data-widget_type=\"eael-creative-button.default\">\n\t\t\t\t<div class=\"elementor-widget-container\">\n\t\t\t\t\t        <div class=\"eael-creative-button-wrapper\">\n\n            <a class=\"eael-creative-button eael-creative-button--default\" href=\"http:\/\/humupd.oxfordjournals.org\/content\/early\/2010\/10\/05\/humupd.dmq040.full\" target=\"_blank\" data-text=\"Go!\">\n            \t    \n                <div class=\"creative-button-inner\">\n\n                    \n                    <span class=\"cretive-button-text\">LEE MAS.....<\/span>\n\n                                    <\/div>\n\t                        <\/a>\n        <\/div>\n        \t\t\t\t<\/div>\n\t\t\t\t<\/div>\n\t\t\t\t\t<\/div>\n\t\t<\/div>\n\t\t\t\t\t<\/div>\n\t\t<\/section>\n\t\t\t\t<\/div>\n\t\t","protected":false},"excerpt":{"rendered":"<p>Support BOMA \u200bCurso de Extension Le ofrece a los instructores la oportunidad de expandir sus conocimientos bas\u00e1ndose \u200ben su experiencia previa para identificar lo que cada grafica est\u00e1 revelando. PR\u00d3XIMOS CURSOS DE EXTENSI\u00d3N EXTENSION COURSE REGISTRATION IN SPANISH Requisitos previos: \u00a0 Haber completado el curso inicial como maestro y finalizaci\u00f3n de curso de formaci\u00f3n del [&hellip;]<\/p>\n","protected":false},"author":197,"featured_media":0,"parent":0,"menu_order":0,"comment_status":"closed","ping_status":"closed","template":"","meta":{"_acf_changed":false,"footnotes":""},"class_list":["post-8897","page","type-page","status-publish","hentry"],"acf":[],"_links":{"self":[{"href":"https:\/\/boma-usa.org\/en\/wp-json\/wp\/v2\/pages\/8897","targetHints":{"allow":["GET"]}}],"collection":[{"href":"https:\/\/boma-usa.org\/en\/wp-json\/wp\/v2\/pages"}],"about":[{"href":"https:\/\/boma-usa.org\/en\/wp-json\/wp\/v2\/types\/page"}],"author":[{"embeddable":true,"href":"https:\/\/boma-usa.org\/en\/wp-json\/wp\/v2\/users\/197"}],"replies":[{"embeddable":true,"href":"https:\/\/boma-usa.org\/en\/wp-json\/wp\/v2\/comments?post=8897"}],"version-history":[{"count":0,"href":"https:\/\/boma-usa.org\/en\/wp-json\/wp\/v2\/pages\/8897\/revisions"}],"wp:attachment":[{"href":"https:\/\/boma-usa.org\/en\/wp-json\/wp\/v2\/media?parent=8897"}],"curies":[{"name":"wp","href":"https:\/\/api.w.org\/{rel}","templated":true}]}}